{"id":4047,"date":"2022-11-03T19:34:15","date_gmt":"2022-11-03T17:34:15","guid":{"rendered":"https:\/\/blogsaverroes.juntadeandalucia.es\/iesvirgendelcollado\/?page_id=4047"},"modified":"2022-11-06T12:04:59","modified_gmt":"2022-11-06T10:04:59","slug":"herramientas-digitales-utiles","status":"publish","type":"page","link":"https:\/\/blogsaverroes.juntadeandalucia.es\/iesvirgendelcollado\/herramientas-digitales-utiles\/","title":{"rendered":"Otras herramientas digitales \u00fatiles"},"content":{"rendered":"<p><strong>\u00bfQuieres mejorar tu orden en el trabajo?&nbsp;<\/strong>Entonces, \u00a1necesitas aprender qu\u00e9 es <a href=\"https:\/\/www.notion.so\/\" target=\"_blank\" rel=\"noopener noreferrer\">Notion<\/a>! De forma breve, podemos decir que Notion es una de las mejores aplicaciones de organizaci\u00f3n para tablet, app. m\u00f3vil y ordenadores. \u00bfNo te gusta tomar apuntes f\u00edsicos? \u00bfNo te pones horarios, porque nunca los cumples? <a href=\"https:\/\/www.crehana.com\/blog\/negocios\/que-es-notion\/\" target=\"_blank\" rel=\"noopener noreferrer\">Cuando aprendas qu\u00e9 es Notion, eso llegar\u00e1 a su fin<\/a>.<\/p>\n<p>&nbsp;<\/p>\n<p>&nbsp;<\/p>\n<p>&nbsp;<\/p>\n","protected":false},"excerpt":{"rendered":"<p>\u00bfQuieres mejorar tu orden en el trabajo?&nbsp;Entonces, \u00a1necesitas aprender qu\u00e9 es Notion! De forma breve, podemos decir que Notion es una de las mejores aplicaciones de organizaci\u00f3n para tablet, app. m\u00f3vil y ordenadores. \u00bfNo te gusta tomar apuntes f\u00edsicos? \u00bfNo te pones horarios, porque nunca los cumples? Cuando aprendas qu\u00e9 es Notion, eso llegar\u00e1 a &hellip; <a href=\"https:\/\/blogsaverroes.juntadeandalucia.es\/iesvirgendelcollado\/herramientas-digitales-utiles\/\" class=\"more-link\">Seguir leyendo <span class=\"screen-reader-text\">Otras herramientas digitales \u00fatiles<\/span> <span class=\"meta-nav\">&rarr;<\/span><\/a><\/p>\n","protected":false},"author":10578,"featured_media":0,"parent":0,"menu_order":0,"comment_status":"closed","ping_status":"closed","template":"","meta":{"ngg_post_thumbnail":0,"footnotes":"","_mc_calendar":[]},"aioseo_notices":[],"_links":{"self":[{"href":"https:\/\/blogsaverroes.juntadeandalucia.es\/iesvirgendelcollado\/wp-json\/wp\/v2\/pages\/4047"}],"collection":[{"href":"https:\/\/blogsaverroes.juntadeandalucia.es\/iesvirgendelcollado\/wp-json\/wp\/v2\/pages"}],"about":[{"href":"https:\/\/blogsaverroes.juntadeandalucia.es\/iesvirgendelcollado\/wp-json\/wp\/v2\/types\/page"}],"author":[{"embeddable":true,"href":"https:\/\/blogsaverroes.juntadeandalucia.es\/iesvirgendelcollado\/wp-json\/wp\/v2\/users\/10578"}],"replies":[{"embeddable":true,"href":"https:\/\/blogsaverroes.juntadeandalucia.es\/iesvirgendelcollado\/wp-json\/wp\/v2\/comments?post=4047"}],"version-history":[{"count":4,"href":"https:\/\/blogsaverroes.juntadeandalucia.es\/iesvirgendelcollado\/wp-json\/wp\/v2\/pages\/4047\/revisions"}],"predecessor-version":[{"id":4066,"href":"https:\/\/blogsaverroes.juntadeandalucia.es\/iesvirgendelcollado\/wp-json\/wp\/v2\/pages\/4047\/revisions\/4066"}],"wp:attachment":[{"href":"https:\/\/blogsaverroes.juntadeandalucia.es\/iesvirgendelcollado\/wp-json\/wp\/v2\/media?parent=4047"}],"curies":[{"name":"wp","href":"https:\/\/api.w.org\/{rel}","templated":true}]}}