{"id":4078,"date":"2022-11-13T01:56:36","date_gmt":"2022-11-12T23:56:36","guid":{"rendered":"https:\/\/blogsaverroes.juntadeandalucia.es\/iesvirgendelcollado\/?page_id=4078"},"modified":"2025-11-09T21:21:59","modified_gmt":"2025-11-09T19:21:59","slug":"departamentos-y-programaciones","status":"publish","type":"page","link":"https:\/\/blogsaverroes.juntadeandalucia.es\/iesvirgendelcollado\/departamentos-y-programaciones\/","title":{"rendered":"Departamentos did\u00e1cticos y programaciones"},"content":{"rendered":"<h2><em><span style=\"text-decoration: underline\"><span style=\"color: #0000ff\"><a style=\"color: #0000ff\" title=\"Enlace web a carpeta Drive de programaciones did\u00e1cticas\" href=\"https:\/\/drive.google.com\/drive\/folders\/14q4XVgEba52s702GN9AyYx1zXGHMGLKZ?usp=sharing\" target=\"_blank\" rel=\"noopener\"><strong>ENLACE A LA CARPETA CON LAS PROGRAMACIONES DID\u00c1CTICAS DE LOS DEPARTAMENTOS 2025\/2026.<\/strong><\/a><\/span><\/span><\/em><\/h2>\n<hr>\n<p><a href=\"https:\/\/www.youtube.com\/@direccioniesnuevoscala5567\/videos\" target=\"_blank\" rel=\"noopener noreferrer\">Ayuda Youtube video tutoriales Direcci\u00f3n IES Nuevo Scala M\u00f3dulo Curr\u00edculo por Competencias LOMLOE y Cuaderno de S\u00e9neca.<\/a><\/p>\n<hr>\n<ul>\n<li><strong><a href=\"https:\/\/drive.google.com\/drive\/folders\/19Nu1K356XSe9WKl-RktTr04WNkd6rG1A?usp=sharing\">Documentos de Planificaci\u00f3n Planning Departamentos did\u00e1cticos.<\/a><\/strong><\/li>\n<li><a title=\"Instrumentos y Criterios de Evaluaci\u00f3n\" href=\"https:\/\/blogsaverroes.juntadeandalucia.es\/iesvirgendelcollado\/instrumentos-y-criterios-de-evaluacion\/\" target=\"_blank\" rel=\"noopener noreferrer\">INSTRUMENTOS Y CRITERIOS DE EVALUACI\u00d3N<\/a>\n<ul style=\"list-style-type: circle\">\n<li><a href=\"https:\/\/docs.google.com\/document\/d\/1wrCUP480G6NJUcGMQc6R0e3sc39QYsPB\/edit?usp=drive_link\">DOCUMENTO_UNIFICADO_CRITERIOS_DE_EVALUACION<\/a><\/li>\n<li><a title=\"Copia Instrucciones subida documento externo al punto de recogida\" href=\"https:\/\/drive.google.com\/file\/d\/1RY4Rb-WhFa2MJtd7vL70OYXfuGlPOtl0\/view?usp=sharing\" target=\"_blank\" rel=\"noopener noreferrer\">Instrucciones subida documento externo al punto de recogida<\/a><\/li>\n<\/ul>\n<\/li>\n<li><a href=\"https:\/\/educacionadistancia.juntadeandalucia.es\/centros\/jaen\/pluginfile.php\/318412\/mod_resource\/content\/1\/Copia%20de%20SECUNDARIA%20PROGRAMACIONES%20DID%C3%81CTICAS.pdf\" target=\"_blank\" rel=\"noopener noreferrer\">GU\u00cdA PARA EL ASESORAMIENTO SOBRE LA ELABORACI\u00d3N DE PROGRAMACIONES DID\u00c1CTICAS EN INSTITUTOS DE EDUCACI\u00d3N SECUNDARIA OBLIGATORIA<\/a>.<\/li>\n<li><a href=\"https:\/\/educacionadistancia.juntadeandalucia.es\/centros\/jaen\/pluginfile.php\/318414\/mod_resource\/content\/1\/DOCUMENTO%20DE%20ASESORAMIENTO%20NUEVO%20CURR%C3%8DCULO.pdf\" target=\"_blank\" rel=\"noopener noreferrer\">Documento de Asesoramiento a los Centros e Informaci\u00f3n a la Comunidad Educativa<\/a>.<\/li>\n<\/ul>\n<hr>\n<ul>\n<li><a href=\"https:\/\/blogsaverroes.juntadeandalucia.es\/iesvirgendelcollado\/programaciones-atencion-educativa-para-alumnado-que-no-curse-religion\/\">Programaciones Atenci\u00f3n Educativa para alumnado que no curse Religi\u00f3n.<\/a><\/li>\n<li><a title=\"Departamento de Biolog\u00eda y Geolog\u00eda\" href=\"https:\/\/blogsaverroes.juntadeandalucia.es\/iesvirgendelcollado\/biologia-y-geologia-2\/\" target=\"_blank\" rel=\"noopener\">Departamento de Biolog\u00eda y Geolog\u00eda.<\/a><\/li>\n<li><a title=\"Departamento de Econom\u00eda.\" href=\"https:\/\/blogsaverroes.juntadeandalucia.es\/iesvirgendelcollado\/clasicas\/\" target=\"_blank\" rel=\"noopener\">Departamento de Econom\u00eda.<\/a><\/li>\n<li><a title=\"Departamento de Educaci\u00f3n F\u00edsica, Cultural y Art\u00edstica\" href=\"https:\/\/blogsaverroes.juntadeandalucia.es\/iesvirgendelcollado\/educacion-fisica\/\" target=\"_blank\" rel=\"noopener noreferrer\">Departamento de Educaci\u00f3n F\u00edsica, Cultural y Art\u00edstica.<\/a><\/li>\n<li><a title=\"Departamento de F\u00edsica y Qu\u00edmica\" href=\"https:\/\/blogsaverroes.juntadeandalucia.es\/iesvirgendelcollado\/fisica-y-quimica\/\" target=\"_blank\" rel=\"noopener noreferrer\">Departamento de F\u00edsica y Qu\u00edmica.<\/a><\/li>\n<li><a title=\"Departamento de Filosof\u00eda y Religi\u00f3n\" href=\"https:\/\/blogsaverroes.juntadeandalucia.es\/iesvirgendelcollado\/filosofia-2\/\" target=\"_blank\" rel=\"noopener\">Departamento de Filosof\u00eda y Religi\u00f3n (adscrito a Ciencias Sociales y Filosof\u00eda).<\/a><\/li>\n<li><a title=\"Departamento de Ciencias Sociales y Filosof\u00eda\" href=\"https:\/\/blogsaverroes.juntadeandalucia.es\/iesvirgendelcollado\/geografia-e-historia\/\" target=\"_blank\" rel=\"noopener\">Departamento de Ciencias Sociales y Filosof\u00eda.<\/a><\/li>\n<li><a title=\"Departamento de Idiomas Extranjeros\" href=\"https:\/\/blogsaverroes.juntadeandalucia.es\/iesvirgendelcollado\/ingles-2\/\" target=\"_blank\" rel=\"noopener noreferrer\">Departamento de Idiomas Extranjeros.<\/a><\/li>\n<li><a title=\"Departamento de Lengua Castellana y Literatura y Lenguas Cl\u00e1sicas\" href=\"https:\/\/blogsaverroes.juntadeandalucia.es\/iesvirgendelcollado\/ingles\/\" target=\"_blank\" rel=\"noopener noreferrer\">Departamento de Lengua Castellana y Literatura y Lenguas Cl\u00e1sicas.<\/a><\/li>\n<li><a title=\"Departamento de Matem\u00e1ticas\" href=\"https:\/\/blogsaverroes.juntadeandalucia.es\/iesvirgendelcollado\/biologia-y-geologia\/\" target=\"_blank\" rel=\"noopener noreferrer\">Departamento de Matem\u00e1ticas.<\/a><\/li>\n<li><a title=\"Departamento de Orientaci\u00f3n\" href=\"https:\/\/blogsaverroes.juntadeandalucia.es\/iesvirgendelcollado\/orientacion-2\/\" target=\"_blank\" rel=\"noopener noreferrer\">Departamento de Orientaci\u00f3n.<\/a><\/li>\n<li><a title=\"Departamento de Tecnolog\u00eda e Inform\u00e1tica.\" href=\"https:\/\/blogsaverroes.juntadeandalucia.es\/iesvirgendelcollado\/tecnologia\/\" target=\"_blank\" rel=\"noopener noreferrer\">Departamento de Tecnolog\u00eda e Inform\u00e1tica.<\/a><\/li>\n<li><a title=\"Familia Profesional de Servicios a la Comunidad\" href=\"https:\/\/blogsaverroes.juntadeandalucia.es\/iesvirgendelcollado\/religion\/\" target=\"_blank\" rel=\"noopener noreferrer\">Familia Profesional de Servicios a la Comunidad<\/a>.<\/li>\n<\/ul>\n<p><strong>Otros departamentos:<\/strong><\/p>\n<ul>\n<li><a title=\"Departamento de Apoyo y Refuerzo Acad\u00e9mico (DARA).\" href=\"https:\/\/blogsaverroes.juntadeandalucia.es\/iesvirgendelcollado\/departamento-de-apoyo-y-refuerzo-educativo-dara\/\" target=\"_blank\" rel=\"noopener\">Departamento de Apoyo y Refuerzo Acad\u00e9mico (DARA).&nbsp;<\/a><\/li>\n<li>Departamento de Convivencia y Mediaci\u00f3n.<\/li>\n<\/ul>\n","protected":false},"excerpt":{"rendered":"<p>ENLACE A LA CARPETA CON LAS PROGRAMACIONES DID\u00c1CTICAS DE LOS DEPARTAMENTOS 2025\/2026. Ayuda Youtube video tutoriales Direcci\u00f3n IES Nuevo Scala M\u00f3dulo Curr\u00edculo por Competencias LOMLOE y Cuaderno de S\u00e9neca. Documentos de Planificaci\u00f3n Planning Departamentos did\u00e1cticos. INSTRUMENTOS Y CRITERIOS DE EVALUACI\u00d3N DOCUMENTO_UNIFICADO_CRITERIOS_DE_EVALUACION Instrucciones subida documento externo al punto de recogida GU\u00cdA PARA EL ASESORAMIENTO SOBRE LA &hellip; <a href=\"https:\/\/blogsaverroes.juntadeandalucia.es\/iesvirgendelcollado\/departamentos-y-programaciones\/\" class=\"more-link\">Seguir leyendo <span class=\"screen-reader-text\">Departamentos did\u00e1cticos y programaciones<\/span> <span class=\"meta-nav\">&rarr;<\/span><\/a><\/p>\n","protected":false},"author":10578,"featured_media":0,"parent":0,"menu_order":0,"comment_status":"closed","ping_status":"closed","template":"","meta":{"ngg_post_thumbnail":0,"footnotes":"","_mc_calendar":[]},"aioseo_notices":[],"_links":{"self":[{"href":"https:\/\/blogsaverroes.juntadeandalucia.es\/iesvirgendelcollado\/wp-json\/wp\/v2\/pages\/4078"}],"collection":[{"href":"https:\/\/blogsaverroes.juntadeandalucia.es\/iesvirgendelcollado\/wp-json\/wp\/v2\/pages"}],"about":[{"href":"https:\/\/blogsaverroes.juntadeandalucia.es\/iesvirgendelcollado\/wp-json\/wp\/v2\/types\/page"}],"author":[{"embeddable":true,"href":"https:\/\/blogsaverroes.juntadeandalucia.es\/iesvirgendelcollado\/wp-json\/wp\/v2\/users\/10578"}],"replies":[{"embeddable":true,"href":"https:\/\/blogsaverroes.juntadeandalucia.es\/iesvirgendelcollado\/wp-json\/wp\/v2\/comments?post=4078"}],"version-history":[{"count":34,"href":"https:\/\/blogsaverroes.juntadeandalucia.es\/iesvirgendelcollado\/wp-json\/wp\/v2\/pages\/4078\/revisions"}],"predecessor-version":[{"id":6167,"href":"https:\/\/blogsaverroes.juntadeandalucia.es\/iesvirgendelcollado\/wp-json\/wp\/v2\/pages\/4078\/revisions\/6167"}],"wp:attachment":[{"href":"https:\/\/blogsaverroes.juntadeandalucia.es\/iesvirgendelcollado\/wp-json\/wp\/v2\/media?parent=4078"}],"curies":[{"name":"wp","href":"https:\/\/api.w.org\/{rel}","templated":true}]}}