{"id":4259,"date":"2022-12-15T15:01:52","date_gmt":"2022-12-15T13:01:52","guid":{"rendered":"https:\/\/blogsaverroes.juntadeandalucia.es\/iesvirgendelcollado\/?page_id=4259"},"modified":"2025-05-19T09:56:35","modified_gmt":"2025-05-19T07:56:35","slug":"becas-2","status":"publish","type":"page","link":"https:\/\/blogsaverroes.juntadeandalucia.es\/iesvirgendelcollado\/curso-escolar\/becas-2\/","title":{"rendered":"Becas"},"content":{"rendered":"<p><strong>CONVOCATORIA AYUDAS NEAE 2025\/2026<\/strong><\/p>\n<p><a href=\"https:\/\/drive.google.com\/file\/d\/1nxItjMNu732ZkmD7h61DrdDlyEbbGvHD\/view?usp=sharing\">Mensaje informativo ayudas NEAE 2025\/2026<\/a><\/p>\n<p><strong>Enero 2025:<\/strong><\/p>\n<p><span style=\"color: #000000\"><span style=\"font-family: Verdana, Arial, Helvetica, sans-serif\"><span style=\"font-size: small\">Con fecha 28 de enero de 2025 se ha abierto el plazo de presentaci\u00f3n de solicitudes de la beca Adriano. Este plazo finaliza el 27 de febrero de 2025.<\/span><\/span><\/span><\/p>\n<p><a href=\"https:\/\/blogsaverroes.juntadeandalucia.es\/iesvirgendelcollado\/files\/2025\/01\/Informe-beca-Adriano.jpg\"><img loading=\"lazy\" decoding=\"async\" class=\"alignnone wp-image-5817\" src=\"https:\/\/blogsaverroes.juntadeandalucia.es\/iesvirgendelcollado\/files\/2025\/01\/Informe-beca-Adriano-300x169.jpg\" alt=\"\" width=\"547\" height=\"308\" srcset=\"https:\/\/blogsaverroes.juntadeandalucia.es\/iesvirgendelcollado\/files\/2025\/01\/Informe-beca-Adriano-300x169.jpg 300w, https:\/\/blogsaverroes.juntadeandalucia.es\/iesvirgendelcollado\/files\/2025\/01\/Informe-beca-Adriano-1024x576.jpg 1024w, https:\/\/blogsaverroes.juntadeandalucia.es\/iesvirgendelcollado\/files\/2025\/01\/Informe-beca-Adriano-768x432.jpg 768w, https:\/\/blogsaverroes.juntadeandalucia.es\/iesvirgendelcollado\/files\/2025\/01\/Informe-beca-Adriano.jpg 1280w\" sizes=\"(max-width: 547px) 100vw, 547px\" \/><\/a><\/p>\n<p><a href=\"https:\/\/drive.google.com\/file\/d\/1NweWhCTBmzzaxW7ScaQgiDcKAAn9Mf05\/view?usp=sharing\" target=\"_blank\" rel=\"noopener\">20250127 Extracto Resoluci\u00f3n Beca Adriano.<\/a><\/p>\n<hr>\n<p><a title=\"Sede electr\u00f3nica del Ministerio de Educaci\u00f3n. Becas de car\u00e1cter general para el curso acad\u00e9mico 2023-2024, para estudiantes que cursen estudios postobligatorios.\" href=\"https:\/\/sede.educacion.gob.es\/sede\/login\/inicio.jjsp?idConvocatoria=1880\">Sede electr\u00f3nica del Ministerio de Educaci\u00f3n. Becas de car\u00e1cter general para el curso acad\u00e9mico 2023-2024, para estudiantes que cursen estudios postobligatorios.<\/a><\/p>\n<p><a href=\"https:\/\/blogsaverroes.juntadeandalucia.es\/iesvirgendelcollado\/becas\/\">Becas de car\u00e1cter general para estudios postobligatorios<\/a><\/p>\n<hr>\n<p><a title=\"Becas y ayudas disponibles desde 14 dic. 2023\" href=\"https:\/\/drive.google.com\/drive\/folders\/1OtVKuilvi5ciEop6PqQCdPUgex3lZLKu?usp=sharing\" target=\"_blank\" rel=\"noopener noreferrer\">Becas y ayudas disponibles desde 14 dic. 2023<\/a><\/p>\n<p>Resoluciones y extractos de las convocatorias de Becas 6000, Adriano y Segunda Oportunidad, publicadas a fecha de 14 de diciembre de 2023.<\/p>\n<p>El plazo de solicitud en los 3 casos, ser\u00e1 hasta el 5 de enero de 2024 y la beca de transporte escolar hasta el 8 de enero.&nbsp;<\/p>\n<ul>\n<li><span style=\"text-decoration: underline\"><strong><a href=\"https:\/\/www.juntadeandalucia.es\/educacion\/portals\/web\/becas-y-ayudas\/beca-adriano\/solicitud-e-impresos\">Beca Adriano<\/a>:<\/strong><\/span>&nbsp;alumnado, que curse en la modalidad presencial alguna de las siguientes ense\u00f1anzas oficiales en los centros docentes no universitarios de la Comunidad Aut\u00f3noma de Andaluc\u00eda:\n<ul>\n<li>Ense\u00f1anzas de Bachillerato.<\/li>\n<li>Ense\u00f1anzas de segundo curso de Grado Medio de Formaci\u00f3n Profesional, de las Ense\u00f1anzas Profesionales de M\u00fasica y Danza, de las Ense\u00f1anzas Profesionales de Artes Pl\u00e1sticas y Dise\u00f1o y de las Ense\u00f1anzas Deportivas.<\/li>\n<li>Ense\u00f1anzas de Grado Superior de Formaci\u00f3n Profesional, de Artes Pl\u00e1sticas y Dise\u00f1o y de Ense\u00f1anzas Deportivas.<\/li>\n<li>Ense\u00f1anzas Art\u00edsticas Superiores.<\/li>\n<li>Queda excluido del \u00e1mbito de aplicaci\u00f3n de esta orden el alumnado que curse ense\u00f1anzas en la modalidad de educaci\u00f3n de personas adultas.<\/li>\n<\/ul>\n<\/li>\n<li><strong><span style=\"text-decoration: underline\"><a href=\"https:\/\/www.juntadeandalucia.es\/educacion\/portals\/web\/becas-y-ayudas\/beca-6000\/impresos\">Beca 6000<\/a><\/span>:<\/strong>&nbsp;alumnado que curse estudios oficiales de&nbsp;<strong>Bachillerato o de Ciclos Formativos de Grado Medio<\/strong>&nbsp;de Formaci\u00f3n Profesional Inicial en los centros docentes de la Comunidad Aut\u00f3noma de Andaluc\u00eda.<\/li>\n<li><span style=\"text-decoration: underline\"><strong><a href=\"https:\/\/www.juntadeandalucia.es\/educacion\/portals\/web\/becas-y-ayudas\/segunda-oportunidad\/impresos\">Beca Andaluc\u00eda Segunda Oportunidad:<\/a>&nbsp;<\/strong><\/span>personas con edades comprendidas entre los 18 y los 24 a\u00f1os de la Comunidad Aut\u00f3noma de Andaluc\u00eda que hayan abandonado el Sistema Educativo sin haber obtenido alguna titulaci\u00f3n de Educaci\u00f3n Secundaria Obligatoria o Educaci\u00f3n Secundaria Postobligatoria.<\/li>\n<li><a href=\"https:\/\/www.juntadeandalucia.es\/educacion\/portals\/web\/becas-y-ayudas\/ayudas-al-transporte\/impresos\"><span style=\"text-decoration: underline\"><strong>Beca Ayuda transporte escolar<\/strong><\/span><\/a>. Plazo hasta el 8 de Enero.&nbsp;<\/li>\n<\/ul>\n<p>Para m\u00e1s informaci\u00f3n se puede consultar el siguiente enlace:<\/p>\n<p><span style=\"text-decoration: underline\"><strong><a href=\"https:\/\/portals.ced.junta-andalucia.es\/educacion\/portals\/web\/becas-y-ayudas\" target=\"_blank\" rel=\"noopener noreferrer\">https:\/\/portals.ced.junta-andalucia.es\/educacion\/portals\/web\/becas-y-ayudas<\/a><\/strong><\/span><\/p>\n<p>&nbsp;<\/p>\n<p>&nbsp;<\/p>\n","protected":false},"excerpt":{"rendered":"<p>CONVOCATORIA AYUDAS NEAE 2025\/2026 Mensaje informativo ayudas NEAE 2025\/2026 Enero 2025: Con fecha 28 de enero de 2025 se ha abierto el plazo de presentaci\u00f3n de solicitudes de la beca Adriano. Este plazo finaliza el 27 de febrero de 2025. 20250127 Extracto Resoluci\u00f3n Beca Adriano. Sede electr\u00f3nica del Ministerio de Educaci\u00f3n. Becas de car\u00e1cter general &hellip; <a href=\"https:\/\/blogsaverroes.juntadeandalucia.es\/iesvirgendelcollado\/curso-escolar\/becas-2\/\" class=\"more-link\">Seguir leyendo <span class=\"screen-reader-text\">Becas<\/span> <span class=\"meta-nav\">&rarr;<\/span><\/a><\/p>\n","protected":false},"author":10578,"featured_media":0,"parent":80,"menu_order":0,"comment_status":"closed","ping_status":"closed","template":"","meta":{"ngg_post_thumbnail":0,"footnotes":"","_mc_calendar":[]},"aioseo_notices":[],"_links":{"self":[{"href":"https:\/\/blogsaverroes.juntadeandalucia.es\/iesvirgendelcollado\/wp-json\/wp\/v2\/pages\/4259"}],"collection":[{"href":"https:\/\/blogsaverroes.juntadeandalucia.es\/iesvirgendelcollado\/wp-json\/wp\/v2\/pages"}],"about":[{"href":"https:\/\/blogsaverroes.juntadeandalucia.es\/iesvirgendelcollado\/wp-json\/wp\/v2\/types\/page"}],"author":[{"embeddable":true,"href":"https:\/\/blogsaverroes.juntadeandalucia.es\/iesvirgendelcollado\/wp-json\/wp\/v2\/users\/10578"}],"replies":[{"embeddable":true,"href":"https:\/\/blogsaverroes.juntadeandalucia.es\/iesvirgendelcollado\/wp-json\/wp\/v2\/comments?post=4259"}],"version-history":[{"count":10,"href":"https:\/\/blogsaverroes.juntadeandalucia.es\/iesvirgendelcollado\/wp-json\/wp\/v2\/pages\/4259\/revisions"}],"predecessor-version":[{"id":5922,"href":"https:\/\/blogsaverroes.juntadeandalucia.es\/iesvirgendelcollado\/wp-json\/wp\/v2\/pages\/4259\/revisions\/5922"}],"up":[{"embeddable":true,"href":"https:\/\/blogsaverroes.juntadeandalucia.es\/iesvirgendelcollado\/wp-json\/wp\/v2\/pages\/80"}],"wp:attachment":[{"href":"https:\/\/blogsaverroes.juntadeandalucia.es\/iesvirgendelcollado\/wp-json\/wp\/v2\/media?parent=4259"}],"curies":[{"name":"wp","href":"https:\/\/api.w.org\/{rel}","templated":true}]}}