{"id":44,"date":"2015-03-13T08:42:15","date_gmt":"2015-03-13T08:42:15","guid":{"rendered":"http:\/\/blogsaverroes.juntadeandalucia.es\/pre\/ceip\/?page_id=44"},"modified":"2026-01-22T12:29:21","modified_gmt":"2026-01-22T10:29:21","slug":"planes-y-proyectos","status":"publish","type":"page","link":"https:\/\/blogsaverroes.juntadeandalucia.es\/iesvirgendelcollado\/planes-y-proyectos\/","title":{"rendered":"Planes y Programas"},"content":{"rendered":"<p><a title=\"Blog Comunicate\" href=\"https:\/\/mercadogascon.wixsite.com\/my-site-1\/blog\" target=\"_blank\" rel=\"noopener\">Blog Comunicate<\/a><\/p>\n<p><strong>\u22c5<a href=\"https:\/\/www.juntadeandalucia.es\/educacion\/eaprendizaje\">Programas CIMA eAprendizaje<\/a><\/strong><\/p>\n<p style=\"text-align: center\"><iframe loading=\"lazy\" src=\"https:\/\/drive.google.com\/file\/d\/18vpHr-bAsn9qdYCjDqeaZHFEvN7s00An\/preview\" width=\"640\" height=\"480\"><\/iframe><\/p>\n<p><strong>PROGRAMAS EDUCATIVOS AUTOFINANCIADOS PARA EL IMPULSO, COMPLEMENTO Y MEJORA DE LA ACTIVIDAD DE LOS CENTROS PARA EL CURSO ACAD\u00c9MICO 2024\/2025.<\/strong><\/p>\n<p><span style=\"text-decoration: underline\"><a title=\"Enlace a la relaci\u00f3n de los programas con las instrucciones y resoluciones.\" href=\"https:\/\/drive.google.com\/drive\/folders\/1Ho5NFwxcUltJhwJXZNBflTT7Pe3udRbK?usp=sharing\" target=\"_blank\" rel=\"noopener\">Enlace a la relaci\u00f3n de los programas con las instrucciones y resoluciones.<\/a><\/span><\/p>\n<ul>\n<li><span style=\"text-decoration: underline\"><a href=\"https:\/\/drive.google.com\/file\/d\/1I5hkgbQ-Mvqo8z2k12BhQKbV1rTCVxvb\/view?usp=sharing\" target=\"_blank\" rel=\"noopener\">Programa ADA (Alumnado Ayudante Digital Andaluz) 2024\/2025.<\/a><\/span><\/li>\n<li><a href=\"https:\/\/drive.google.com\/file\/d\/1HvpRK5h5kMquiL5ob9uuqiLDRD1-KZ51\/view?usp=sharing\" target=\"_blank\" rel=\"noopener\"><span style=\"text-decoration: underline\">Proyectos de Aprendizaje y Servicio (ApS) 2025\/2026.<\/span><\/a><\/li>\n<li><a href=\"https:\/\/drive.google.com\/file\/d\/1IDzDTFT_li0x0aRQIGl6w8VDUta--CzS\/view?usp=sharing\" target=\"_blank\" rel=\"noopener\"><span style=\"text-decoration: underline\">Programa M\u00e1s Deporte 2024\/2025.<\/span><\/a><\/li>\n<li><a href=\"https:\/\/drive.google.com\/file\/d\/1IBFG53Dw3BOOXKIKCvTPCOAo-G_GqO1S\/view?usp=sharing\" target=\"_blank\" rel=\"noopener\"><span style=\"text-decoration: underline\">Programa para ampliaci\u00f3n de conocimientos \u00abInvestiga y Descubre\u00bb 2024\/2025.<\/span><\/a><\/li>\n<li><a href=\"https:\/\/drive.google.com\/file\/d\/1IA0iaZUb8RQM7pnIZ9PLQx49JRLLZttO\/view?usp=sharing\" target=\"_blank\" rel=\"noopener\"><span style=\"text-decoration: underline\">Programa M\u00e1s Equidad 2024\/2025.<\/span><\/a><\/li>\n<li><a href=\"https:\/\/drive.google.com\/file\/d\/1I5wVfSfJteBgmp1RI108YNCx9ScMfbv2\/view?usp=sharing\" target=\"_blank\" rel=\"noopener\"><span style=\"text-decoration: underline\">PROA Andaluc\u00eda 2024\/2025.<\/span><\/a><\/li>\n<\/ul>\n<hr \/>\n<p><strong>PLANES Y PROGRAMAS PARA 2024\/2025.<\/strong><\/p>\n<ul style=\"direction: ltr;margin-top: 0in;margin-bottom: 0in\" type=\"circle\">\n<li style=\"margin-top: 0;margin-bottom: 0;vertical-align: middle\"><span style=\"font-family: Calibri;font-size: 14.0pt\">Planes permanentes:<\/span><\/li>\n<\/ul>\n<p style=\"margin: 0in;margin-left: 1.875in;font-family: Calibri;font-size: 14.0pt\">Plan de igualdad de g\u00e9nero en educaci\u00f3n<\/p>\n<p style=\"margin: 0in;margin-left: 1.875in;font-family: Calibri;font-size: 14.0pt\">Plan de apertura de centros docentes<\/p>\n<p style=\"margin: 0in;margin-left: 1.875in;font-family: Calibri;font-size: 14.0pt\">Plan de Salud Laboral y P.R.L.<\/p>\n<p style=\"margin: 0in;margin-left: 1.875in;font-family: Calibri;font-size: 14.0pt\">Organizaci\u00f3n y Funcionamiento de las Bibliotecas Escolares<\/p>\n<p style=\"margin: 0in;margin-left: 1.875in;font-family: Calibri;font-size: 14.0pt\">Programa de centro biling\u00fce &#8211; Ingl\u00e9s<\/p>\n<p style=\"margin: 0in;margin-left: 1.875in;font-family: Calibri;font-size: 14.0pt\">\n<ul style=\"direction: ltr;margin-top: 0in;margin-bottom: 0in\" type=\"circle\">\n<li style=\"margin-top: 0;margin-bottom: 0;vertical-align: middle\"><span style=\"font-family: Calibri;font-size: 14.0pt\">Renovar la Participaci\u00f3n en Planes y Proyectos Educativos desarrollados en 2023\/2024 para el curso 2024\/2025:<\/span><\/li>\n<\/ul>\n<p style=\"margin: 0in;margin-left: 1.875in;font-family: Calibri;font-size: 14.0pt\">Aulas de Emprendimiento<\/p>\n<p style=\"margin: 0in;margin-left: 1.875in;font-family: Calibri;font-size: 14.0pt\">Convivencia Escolar<\/p>\n<p style=\"margin: 0in;margin-left: 1.875in;font-family: Calibri;font-size: 14.0pt\">Erasmus+<\/p>\n<p style=\"margin: 0in;margin-left: 1.875in;font-family: Calibri;font-size: 14.0pt\">Pr\u00e1cticas CC.E. y Psicolog\u00eda<\/p>\n<p style=\"margin: 0in;margin-left: 1.875in;font-family: Calibri;font-size: 14.0pt\">Pr\u00e1cticum M\u00e1ster Secundaria<\/p>\n<p style=\"margin: 0in;margin-left: 1.875in;font-family: Calibri;font-size: 14.0pt\">Prevenci\u00f3n de la Violencia de G\u00e9nero<\/p>\n<p style=\"margin: 0in;margin-left: 1.875in;font-family: Calibri;font-size: 14.0pt\">Proyectos destinados a fomentar el esp\u00edritu emprendedor y el autoempleo en el alumnado de FP<\/p>\n<p style=\"margin: 0in;margin-left: 1.875in;font-family: Calibri;font-size: 14.0pt\">Red Andaluza Escuela: \u00abEspacio de Paz\u00bb<\/p>\n<p style=\"margin: 0in;margin-left: 1.875in;font-family: Calibri;font-size: 14.0pt\">Transformaci\u00f3n Digital Educativa<\/p>\n<p>&nbsp;<\/p>\n<ul>\n<li style=\"margin-top: 0;margin-bottom: 0;vertical-align: middle\"><span style=\"font-family: Calibri;font-size: 14.0pt\">Programas CIMA 2023\/2024 para renovar en 2024\/2025:<\/span>\n<ul>\n<li style=\"list-style-type: none\">\n<ul>\n<li style=\"list-style-type: none\">\n<ul style=\"list-style-type: circle\">\n<li>PROMOCI\u00d3N DE H\u00c1BITOS DE VIDA SALUDABLE.<\/li>\n<li><span style=\"font-family: Calibri;font-size: 14.0pt\">ALDEA, EDUCACI\u00d3N AMBIENTAL PARA LA SOSTENIBILIDAD. Huertos Escolares.<\/span><\/li>\n<li><span style=\"font-family: Calibri;font-size: 14.0pt\">STEAM. Ajedrez en el Aula.<\/span><\/li>\n<li><span style=\"font-family: Calibri;font-size: 14.0pt\">ARTE Y CULTURA. Cultura emprendedora; Patrimonio material, inmaterial y natural.<\/span><\/li>\n<li><span style=\"font-family: Calibri;font-size: 14.0pt\">PLC, COMUNICACI\u00d3N Y ALFABETIZACI\u00d3N MEDI\u00c1TICA E INFORMACIONAL. Alfabetizaci\u00f3n audiovisual. Ver y hacer cine; Teatro en el aula.<\/span><\/li>\n<\/ul>\n<\/li>\n<\/ul>\n<\/li>\n<\/ul>\n<\/li>\n<\/ul>\n<p>&nbsp;<\/p>\n<ul>\n<li style=\"margin-top: 0;margin-bottom: 0;vertical-align: middle\"><span style=\"font-family: Calibri;font-size: 14.0pt\">Programa de intercambios escolares para el curso 2024\/2025, <\/span><a href=\"https:\/\/drive.google.com\/file\/d\/1dZGm6oxk_QIyJUyHhw3URW39-nVfowo1\/view?usp=sharing\"><span style=\"font-family: Calibri;font-size: 14.0pt\">resoluci\u00f3n de 14 de junio de 2024<\/span><\/a><span style=\"font-family: Calibri;font-size: 14.0pt\">.<\/span><\/li>\n<li>Programa Estival 2024.<\/li>\n<li>Programas Educativos Autofinanciados para el Impulso, Complemento y Mejora de la actividad de los Centros para el Curso Acad\u00e9mico 2024\/2025:\n<ul>\n<li style=\"list-style-type: none\">\n<ul>\n<li style=\"list-style-type: none\">\n<ul>\n<li style=\"list-style-type: none\">\n<ul style=\"direction: ltr;margin-top: 0in;margin-bottom: 0in;list-style-type: circle\" type=\"circle\">\n<li style=\"margin-top: 0;margin-bottom: 0;vertical-align: middle\"><span style=\"font-family: Calibri;font-size: 14.0pt\">\u00abMas Deporte\u00bb<\/span><\/li>\n<li style=\"margin-top: 0;margin-bottom: 0;vertical-align: middle\"><span style=\"font-family: Calibri;font-size: 14.0pt\">\u00abM\u00e1s Equidad Inclusi\u00f3n\u00bb<\/span><\/li>\n<li style=\"margin-top: 0;margin-bottom: 0;vertical-align: middle\"><span style=\"font-family: Calibri;font-size: 14.0pt\">\u00abInvestiga y Descubre\u00bb<\/span><\/li>\n<li style=\"margin-top: 0;margin-bottom: 0;vertical-align: middle\"><span style=\"font-family: Calibri;font-size: 14.0pt\">\u00abCon Red\u00bb<\/span><\/li>\n<li style=\"margin-top: 0;margin-bottom: 0;vertical-align: middle\"><span style=\"font-family: Calibri;font-size: 14.0pt\">\u00abAlumnado Ayudante Digital\u00bb.<\/span><\/li>\n<li style=\"margin-top: 0;margin-bottom: 0;vertical-align: middle\"><span style=\"font-family: Calibri;font-size: 14.0pt\">\u00abProyectos de Aprendizaje y Servicio\u00bb.\u00a0<a title=\"Resoluci\u00f3n provisional de 24 de junio de 2024 autorizado para 2024\/2025\" href=\"https:\/\/drive.google.com\/file\/d\/143_f9rGiBUQsS1s-cDMF7v_cN-GiyM8C\/view?usp=sharing\" target=\"_blank\" rel=\"noopener\">Resoluci\u00f3n provisional de 24 de junio de 2024 autorizado para 2024\/2025<\/a><\/span><\/li>\n<li style=\"margin-top: 0;margin-bottom: 0;vertical-align: middle\"><span style=\"font-family: Calibri;font-size: 14.0pt\">\u00abPROA Andaluc\u00eda\u00bb<\/span><\/li>\n<\/ul>\n<\/li>\n<\/ul>\n<\/li>\n<\/ul>\n<\/li>\n<\/ul>\n<\/li>\n<\/ul>\n<hr \/>\n<p><strong>PLANES Y PROGRAMAS PARA 2023\/2024.<\/strong><\/p>\n<p><a title=\"Memorias e informes anuales de Planes y Programas llevados a cabo durante 2023\/2024\" href=\"https:\/\/drive.google.com\/drive\/folders\/17Zwd8PyX5vgFQN1l4UxSdA6tm3MwnvOf?usp=sharing\" target=\"_blank\" rel=\"noopener\"><strong>Memorias e informes anuales de Planes y Proyectos realizados durante el curso 2023\/2024.<\/strong><\/a><\/p>\n<p><a title=\"Genially con la informaci\u00f3n de las responsables de los Planes y Programas Educativos de este curso 2023 - 2024\" href=\"https:\/\/view.genial.ly\/5f6c9161be23070d182dd00f\/horizontal-infographic-lists-planes-y-programas-educativos\" target=\"_blank\" rel=\"noopener noreferrer\">Genially con la informaci\u00f3n de las responsables de los Planes y Programas Educativos de este curso 2023 &#8211; 2024<\/a><\/p>\n<p><span style=\"text-decoration: underline\"><span style=\"color: #808080;text-decoration: underline\"><em><a style=\"color: #808080;text-decoration: underline\" title=\"En septiembre, inscripci\u00f3n en los Programas para la Innovaci\u00f3n Educativa.\" href=\"https:\/\/www.juntadeandalucia.es\/educacion\/portals\/web\/ced\/planesyprogramas\/gestion-en-seneca\/contenidos\/-\/contenidos\/detalle\/como-inscribirse-en-los-programas-a-traves-de-seneca\" target=\"_blank\" rel=\"noopener noreferrer\">En septiembre, inscripci\u00f3n en los Programas para la Innovaci\u00f3n Educativa.<\/a><\/em><\/span><\/span><\/p>\n<p><a title=\"Certificaci\u00f3n de Participaci\u00f3n en los Programas Educativos.\" href=\"https:\/\/www.juntadeandalucia.es\/educacion\/portals\/web\/ced\/planesyprogramas\/gestion-en-seneca\/contenidos\/-\/contenidos\/detalle\/instrucciones-para-la-certificacion-de-la-participacion-paso-a-paso\" target=\"_blank\" rel=\"noopener noreferrer\">Certificaci\u00f3n de Participaci\u00f3n en los Programas Educativos.<\/a><\/p>\n<p><a title=\"Relaci\u00f3n definitiva de centros participantes en la convocatoria de Programas para la Innovaci\u00f3n Educativa 2022-2023\" href=\"https:\/\/portals.ced.junta-andalucia.es\/educacion\/portals\/web\/ced\/novedades\/-\/contenidos\/detalle\/relacion-definitiva-de-centros-participantes-en-la-convocatoria-de-programas-para-la-innovacion-educativa-2022-1tl1kg3k5kqfh\" target=\"_blank\" rel=\"noopener noreferrer\">Relaci\u00f3n definitiva de centros participantes en la convocatoria de Programas para la Innovaci\u00f3n Educativa 2022-2023<\/a><\/p>\n<p style=\"text-align: center\"><a href=\"https:\/\/blogsaverroes.juntadeandalucia.es\/iesvirgendelcollado\/files\/2022\/07\/industry-g6d31bbb0a_1920.jpg\"><img loading=\"lazy\" decoding=\"async\" class=\"alignnone wp-image-3586\" src=\"https:\/\/blogsaverroes.juntadeandalucia.es\/iesvirgendelcollado\/files\/2022\/07\/industry-g6d31bbb0a_1920-300x125.jpg\" alt=\"\" width=\"526\" height=\"219\" srcset=\"https:\/\/blogsaverroes.juntadeandalucia.es\/iesvirgendelcollado\/files\/2022\/07\/industry-g6d31bbb0a_1920-300x125.jpg 300w, https:\/\/blogsaverroes.juntadeandalucia.es\/iesvirgendelcollado\/files\/2022\/07\/industry-g6d31bbb0a_1920-1024x427.jpg 1024w, https:\/\/blogsaverroes.juntadeandalucia.es\/iesvirgendelcollado\/files\/2022\/07\/industry-g6d31bbb0a_1920-768x320.jpg 768w, https:\/\/blogsaverroes.juntadeandalucia.es\/iesvirgendelcollado\/files\/2022\/07\/industry-g6d31bbb0a_1920-1536x640.jpg 1536w, https:\/\/blogsaverroes.juntadeandalucia.es\/iesvirgendelcollado\/files\/2022\/07\/industry-g6d31bbb0a_1920.jpg 1600w\" sizes=\"(max-width: 526px) 100vw, 526px\" \/><\/a><\/p>\n<ul>\n<li><a href=\"https:\/\/www.juntadeandalucia.es\/educacion\/portals\/web\/ced\/plan-apertura\">Plan de apertura de centros docentes.<\/a><\/li>\n<li><a href=\"https:\/\/www.juntadeandalucia.es\/educacion\/portals\/web\/lecturas-bibliotecas-escolares\/organizacion-y-funcionamiento-de-las-bibliotecas-escolares\">Organizaci\u00f3n y funcionamiento de las bibliotecas escolares.<\/a><\/li>\n<li><a href=\"https:\/\/www.juntadeandalucia.es\/educacion\/portals\/web\/igualdad\/plan-igualdad\">Plan de igualdad de G\u00e9nero en Educaci\u00f3n.<\/a><\/li>\n<li><a href=\"https:\/\/www.juntadeandalucia.es\/averroes\/centros-tic\/41701377\/helvia\/sitio\/upload\/0404Practicum.pdf\">Pr\u00e1cticum M\u00e1ster Secundaria.<\/a><\/li>\n<li><a href=\"https:\/\/www.juntadeandalucia.es\/educacion\/portals\/web\/inspeccion-educativa\/normativa-d\/-\/contenidos\/detalle\/instrucciones-de-1-de-julio-de-2022-de-la-direccion-general-de-atencion-a-la-diversidad-participacion-y-convivencia-1sr91dmcmphw2\">Plan Convivencia Escolar. Bienestar infantil y adolescencia.<\/a><\/li>\n<li><a href=\"https:\/\/www.juntadeandalucia.es\/educacion\/portals\/web\/ced\/plan-de-prevencion-de-riesgos-laborales\">Plan de Salud Laboral y P.R.L. \u00a0 \u00a0 \u00a0 \u00a0 \u00a0 \u00a0 \u00a0<\/a>(<a href=\"https:\/\/educacionadistancia.juntadeandalucia.es\/profesorado\/course\/view.php?id=1545\">Aula virtual Salud Laboral y Prevenci\u00f3n de Riesgos<\/a>).<\/li>\n<li><a href=\"https:\/\/www.juntadeandalucia.es\/educacion\/eaprendizaje\/tde\/\">Programa de Transformaci\u00f3n Digital Educativa (TDE).<\/a><\/li>\n<li><a title=\"Escuela Espacio de Paz.\" href=\"https:\/\/www.juntadeandalucia.es\/educacion\/portals\/web\/convivencia-escolar\/red-escuela-espacio-de-paz\/memoria-de-participacion\" target=\"_blank\" rel=\"noopener noreferrer\">Escuela Espacio de Paz.<\/a><\/li>\n<\/ul>\n<p><strong>Programas de Innovaci\u00f3n Educativa:<\/strong><\/p>\n<ul>\n<li><a href=\"https:\/\/www.juntadeandalucia.es\/educacion\/portals\/web\/aldea\/programa-aldea\">Programa Aldea, Educaci\u00f3n Ambiental para la Comunidad Educativa.<\/a><\/li>\n<li><a href=\"https:\/\/www1.ccul.junta-andalucia.es\/cultura\/aaiicc\/aula-de-cine\/el-programa\">Programa Aula de Cine.<\/a><\/li>\n<li><a href=\"https:\/\/colaboraeducacion30.juntadeandalucia.es\/educacion\/colabora\/web\/auladjaque\">Programa Aula de Jaque.<\/a><\/li>\n<li><a href=\"https:\/\/www.formajoven.org\/forma-joven-ambito-educativo\/\">HHVS: Forma Joven en el \u00e1mbito educativo.<\/a><\/li>\n<li><a href=\"https:\/\/colaboraeducacion30.juntadeandalucia.es\/educacion\/colabora\/web\/innicia\">Innicia. Cultura Emprendedora.<\/a><\/li>\n<li><a href=\"https:\/\/www.juntadeandalucia.es\/educacion\/portals\/web\/ced\/innovacion-educativa\/investigacion\/proyectos\/proyecto-steam\/investigacion-aeroespacial\">Proyecto STEAM: Investigaci\u00f3n Aeroespacial aplicada al aula.<\/a><\/li>\n<li><a href=\"https:\/\/blogsaverroes.juntadeandalucia.es\/tde\/proyecto-steam-robotica-aplicada-al-aula-2021-2022\/\">Programa STEAM: Pensamiento Computacional.<\/a><\/li>\n<li><a href=\"https:\/\/blogsaverroes.juntadeandalucia.es\/tde\/proyecto-steam-robotica-aplicada-al-aula-2021-2022\/\">Programa STEAM: Rob\u00f3tica aplicada al aula.<\/a><\/li>\n<li><a href=\"https:\/\/colaboraeducacion30.juntadeandalucia.es\/educacion\/colabora\/web\/vivir-y-sentir-el-patrimonio\">Vivir y sentir el patrimonio.<\/a><\/li>\n<\/ul>\n<p style=\"text-align: center\"><a href=\"https:\/\/www.juntadeandalucia.es\/educacion\/portals\/web\/ced\/novedades\/-\/contenidos\/detalle\/resolucion-de-31-de-agosto-de-2022-de-la-direccion-general-de-tecnologias-avanzadas-y-transformacion-educativa-por-la\">Convocatoria de los Programas para la Innovaci\u00f3n Educativa. Resoluci\u00f3n agosto 2022.<\/a><\/p>\n<p style=\"text-align: center\"><a href=\"https:\/\/www.juntadeandalucia.es\/educacion\/portals\/delegate\/content\/423e0714-bf50-4b2f-9c4b-956ee1084798\/Resoluci%C3%B3n%20de%2031%20de%20agosto%20de%202022\">Resoluci\u00f3n 31 agosto 2022<\/a><\/p>\n<p style=\"text-align: center\">\n<div style=\"width: 474px;\" class=\"wp-video\"><!--[if lt IE 9]><script>document.createElement('video');<\/script><![endif]-->\n<video class=\"wp-video-shortcode\" id=\"video-44-1\" width=\"474\" height=\"267\" preload=\"metadata\" controls=\"controls\"><source type=\"video\/mp4\" src=\"https:\/\/blogsaverroes.juntadeandalucia.es\/iesvirgendelcollado\/files\/2022\/09\/S\u00e9neca-Inscripci\u00f3n-en-programas-educativos-.mp4?_=1\" \/><a href=\"https:\/\/blogsaverroes.juntadeandalucia.es\/iesvirgendelcollado\/files\/2022\/09\/S\u00e9neca-Inscripci\u00f3n-en-programas-educativos-.mp4\">https:\/\/blogsaverroes.juntadeandalucia.es\/iesvirgendelcollado\/files\/2022\/09\/S\u00e9neca-Inscripci\u00f3n-en-programas-educativos-.mp4<\/a><\/video><\/div>\n<p style=\"text-align: center\">V\u00eddeo tutorial S\u00e9neca Inscripci\u00f3n en Programas para la Innovaci\u00f3n Educativa<\/p>\n<p><a href=\"https:\/\/view.genial.ly\/5f21d0b62bae010cf05774e2\/presentation-tutorial-inscripcion-seneca\">Tutorial Genially de inscripci\u00f3n en el Programa para la Innovaci\u00f3n Educativa H\u00e1bitos de Vida Saludable.<\/a><\/p>\n<hr \/>\n<p><strong>Programa de Refuerzo Estival.<\/strong><\/p>\n<p><a title=\"Programa de Refuerzo Estival en Centros Docentes P\u00fablicos.\" href=\"https:\/\/portales.ced.junta-andalucia.es\/educacion\/portales\/web\/inspeccion-educativa\/w\/resolucion-de-18-de-junio-de-2025-de-la-direccion-general-de-participacion-e-inclusion-educativa-por-la-que-se-aprueba-y-se-hace-publica-la-relacion-de-centros-docentes-publicos-para-impartir-el-programa-de-refuerzo-educativo-en-periodo-estival-cofinancia?redirect=%2Feducacion%2Fportales%2Fweb%2Fplanes-y-programas%2Fprogramas-desarrollo-educativo%2Fprograma-de-refuerzo-educativo-en-periodo-estival%2Fpresentacion\" target=\"_blank\" rel=\"noopener noreferrer\">Programa de Refuerzo Estival en Centros Docentes P\u00fablicos.<\/a><\/p>\n<p>El periodo de solicitud del Programa de Refuerzo Educativo en periodo estival para alumnado y profesorado est\u00e1 abierto hasta el 30 de mayo.<\/p>\n<ul>\n<li>El profesorado interesado debe realizar el tr\u00e1mite a trav\u00e9s del\u00a0<a href=\"https:\/\/www.juntadeandalucia.es\/educacion\/portaldocente\/\" target=\"_blank\" rel=\"noopener noreferrer\">Portal docente<\/a>.<\/li>\n<li>Los padres, madres o personas que ejerzan la tutela legal del alumnado (de 1\u00ba a 6\u00ba de Primaria y de 1\u00ba y 2\u00ba ESO) y que est\u00e9n interesados en solicitar la participaci\u00f3n en el Programa deber\u00e1n hacerlo a trav\u00e9s de\u00a0<a href=\"https:\/\/www.juntadeandalucia.es\/educacion\/secretariavirtual\/solicitudes\/\" target=\"_blank\" rel=\"noopener noreferrer\">Secretaria Virtual<\/a>\u00a0o bien directamente en el centro docente solicitado en primer lugar.<\/li>\n<\/ul>\n<p>Para m\u00e1s informaci\u00f3n, consulte el\u00a0<a href=\"https:\/\/www.juntadeandalucia.es\/educacion\/portals\/web\/ced\/familias\/programa-refuerzo-estival-2023\" target=\"_blank\" rel=\"noopener noreferrer\">portal web del Programa<\/a>.<\/p>\n","protected":false},"excerpt":{"rendered":"<p>Blog Comunicate \u22c5Programas CIMA eAprendizaje PROGRAMAS EDUCATIVOS AUTOFINANCIADOS PARA EL IMPULSO, COMPLEMENTO Y MEJORA DE LA ACTIVIDAD DE LOS CENTROS PARA EL CURSO ACAD\u00c9MICO 2024\/2025. Enlace a la relaci\u00f3n de los programas con las instrucciones y resoluciones. Programa ADA (Alumnado Ayudante Digital Andaluz) 2024\/2025. Proyectos de Aprendizaje y Servicio (ApS) 2025\/2026. Programa M\u00e1s Deporte 2024\/2025. &hellip; <a href=\"https:\/\/blogsaverroes.juntadeandalucia.es\/iesvirgendelcollado\/planes-y-proyectos\/\" class=\"more-link\">Seguir leyendo <span class=\"screen-reader-text\">Planes y Programas<\/span> <span class=\"meta-nav\">&rarr;<\/span><\/a><\/p>\n","protected":false},"author":1,"featured_media":0,"parent":0,"menu_order":0,"comment_status":"closed","ping_status":"closed","template":"","meta":{"ngg_post_thumbnail":0,"footnotes":"","_mc_calendar":[]},"aioseo_notices":[],"_links":{"self":[{"href":"https:\/\/blogsaverroes.juntadeandalucia.es\/iesvirgendelcollado\/wp-json\/wp\/v2\/pages\/44"}],"collection":[{"href":"https:\/\/blogsaverroes.juntadeandalucia.es\/iesvirgendelcollado\/wp-json\/wp\/v2\/pages"}],"about":[{"href":"https:\/\/blogsaverroes.juntadeandalucia.es\/iesvirgendelcollado\/wp-json\/wp\/v2\/types\/page"}],"author":[{"embeddable":true,"href":"https:\/\/blogsaverroes.juntadeandalucia.es\/iesvirgendelcollado\/wp-json\/wp\/v2\/users\/1"}],"replies":[{"embeddable":true,"href":"https:\/\/blogsaverroes.juntadeandalucia.es\/iesvirgendelcollado\/wp-json\/wp\/v2\/comments?post=44"}],"version-history":[{"count":43,"href":"https:\/\/blogsaverroes.juntadeandalucia.es\/iesvirgendelcollado\/wp-json\/wp\/v2\/pages\/44\/revisions"}],"predecessor-version":[{"id":6248,"href":"https:\/\/blogsaverroes.juntadeandalucia.es\/iesvirgendelcollado\/wp-json\/wp\/v2\/pages\/44\/revisions\/6248"}],"wp:attachment":[{"href":"https:\/\/blogsaverroes.juntadeandalucia.es\/iesvirgendelcollado\/wp-json\/wp\/v2\/media?parent=44"}],"curies":[{"name":"wp","href":"https:\/\/api.w.org\/{rel}","templated":true}]}}