{"id":4490,"date":"2023-03-07T23:16:05","date_gmt":"2023-03-07T21:16:05","guid":{"rendered":"https:\/\/blogsaverroes.juntadeandalucia.es\/iesvirgendelcollado\/?page_id=4490"},"modified":"2024-10-09T17:57:59","modified_gmt":"2024-10-09T15:57:59","slug":"proteccion-de-datos","status":"publish","type":"page","link":"https:\/\/blogsaverroes.juntadeandalucia.es\/iesvirgendelcollado\/proteccion-de-datos\/","title":{"rendered":"Protecci\u00f3n de datos"},"content":{"rendered":"<p><a title=\"DEC\u00c1LOGO SOBRE BUENAS PR\u00c1CTICAS TRATAMIENTO Y GESTI\u00d3N DE DATOS\" href=\"https:\/\/drive.google.com\/file\/d\/1Yv_K4MhUKqtICjvJJwkoNVnTvZSX_SCe\/view?usp=share_link\" target=\"_blank\" rel=\"noopener noreferrer\">DEC\u00c1LOGO SOBRE BUENAS PR\u00c1CTICAS TRATAMIENTO Y GESTI\u00d3N DE DATOS<\/a><\/p>\n<p><a title=\"Ley Org\u00e1nica 3\/2018, de 5 de diciembre, de Protecci\u00f3n de Datos Personales y garant\u00eda de los derechos digitales.\" href=\"https:\/\/www.boe.es\/buscar\/doc.php?id=BOE-A-2018-16673\" target=\"_blank\" rel=\"noopener noreferrer\">Ley Org\u00e1nica 3\/2018, de 5 de diciembre, de Protecci\u00f3n de Datos Personales y garant\u00eda de los derechos digitales.<\/a><\/p>\n<p><a title=\"Gu\u00eda de protecci\u00f3n de datos de car\u00e1cter personal para los centros de ense\u00f1anza.\" href=\"https:\/\/drive.google.com\/file\/d\/1bvGFyDq20wNHsAUllUuCec3JCiAQBbEL\/view?usp=drivesdk\" target=\"_blank\" rel=\"noopener\">Gu\u00eda de protecci\u00f3n de datos de car\u00e1cter personal para los centros de ense\u00f1anza.<\/a><\/p>\n<p><a title=\"Gu\u00eda para centros educativos. Agencia Espa\u00f1ola de Protecci\u00f3n de Datos.\" href=\"https:\/\/drive.google.com\/file\/d\/1Y_x9Fj9PQxetA9l8dzYPOsRsC1SMtdAX\/view?usp=share_link\" target=\"_blank\" rel=\"noopener noreferrer\">Gu\u00eda para centros educativos. Agencia Espa\u00f1ola de Protecci\u00f3n de Datos.<\/a><\/p>\n<p><a title=\"Publicaci\u00f3n de contenido audiovisual Consejer\u00eda de Educaci\u00f3n y FP\" href=\"https:\/\/www.juntadeandalucia.es\/educacion\/portals\/web\/ced\/centros\/seguridad-y-proteccion-de-datos\/proteccion-de-datos\/-\/novedades\/detalle\/NEMEN06dlVTF\/proteccion-de-datos-publicacion-de-contenido-audiovisual\" target=\"_blank\" rel=\"noopener noreferrer\">Publicaci\u00f3n de contenido audiovisual Consejer\u00eda de Educaci\u00f3n y FP<\/a><\/p>\n","protected":false},"excerpt":{"rendered":"<p>DEC\u00c1LOGO SOBRE BUENAS PR\u00c1CTICAS TRATAMIENTO Y GESTI\u00d3N DE DATOS Ley Org\u00e1nica 3\/2018, de 5 de diciembre, de Protecci\u00f3n de Datos Personales y garant\u00eda de los derechos digitales. Gu\u00eda de protecci\u00f3n de datos de car\u00e1cter personal para los centros de ense\u00f1anza. Gu\u00eda para centros educativos. Agencia Espa\u00f1ola de Protecci\u00f3n de Datos. Publicaci\u00f3n de contenido audiovisual Consejer\u00eda &hellip; <a href=\"https:\/\/blogsaverroes.juntadeandalucia.es\/iesvirgendelcollado\/proteccion-de-datos\/\" class=\"more-link\">Seguir leyendo <span class=\"screen-reader-text\">Protecci\u00f3n de datos<\/span> <span class=\"meta-nav\">&rarr;<\/span><\/a><\/p>\n","protected":false},"author":10578,"featured_media":0,"parent":0,"menu_order":0,"comment_status":"closed","ping_status":"closed","template":"","meta":{"ngg_post_thumbnail":0,"footnotes":"","_mc_calendar":[]},"aioseo_notices":[],"_links":{"self":[{"href":"https:\/\/blogsaverroes.juntadeandalucia.es\/iesvirgendelcollado\/wp-json\/wp\/v2\/pages\/4490"}],"collection":[{"href":"https:\/\/blogsaverroes.juntadeandalucia.es\/iesvirgendelcollado\/wp-json\/wp\/v2\/pages"}],"about":[{"href":"https:\/\/blogsaverroes.juntadeandalucia.es\/iesvirgendelcollado\/wp-json\/wp\/v2\/types\/page"}],"author":[{"embeddable":true,"href":"https:\/\/blogsaverroes.juntadeandalucia.es\/iesvirgendelcollado\/wp-json\/wp\/v2\/users\/10578"}],"replies":[{"embeddable":true,"href":"https:\/\/blogsaverroes.juntadeandalucia.es\/iesvirgendelcollado\/wp-json\/wp\/v2\/comments?post=4490"}],"version-history":[{"count":6,"href":"https:\/\/blogsaverroes.juntadeandalucia.es\/iesvirgendelcollado\/wp-json\/wp\/v2\/pages\/4490\/revisions"}],"predecessor-version":[{"id":5681,"href":"https:\/\/blogsaverroes.juntadeandalucia.es\/iesvirgendelcollado\/wp-json\/wp\/v2\/pages\/4490\/revisions\/5681"}],"wp:attachment":[{"href":"https:\/\/blogsaverroes.juntadeandalucia.es\/iesvirgendelcollado\/wp-json\/wp\/v2\/media?parent=4490"}],"curies":[{"name":"wp","href":"https:\/\/api.w.org\/{rel}","templated":true}]}}