{"id":4592,"date":"2023-04-26T20:31:16","date_gmt":"2023-04-26T18:31:16","guid":{"rendered":"https:\/\/blogsaverroes.juntadeandalucia.es\/iesvirgendelcollado\/?page_id=4592"},"modified":"2023-04-26T20:31:16","modified_gmt":"2023-04-26T18:31:16","slug":"seguridad-tic","status":"publish","type":"page","link":"https:\/\/blogsaverroes.juntadeandalucia.es\/iesvirgendelcollado\/seguridad-tic\/","title":{"rendered":"Seguridad TIC"},"content":{"rendered":"<p><a title=\"Bolet\u00edn de seguridad para docentes Abril - Junio. 2023\" href=\"https:\/\/www.juntadeandalucia.es\/educacion\/portals\/delegate\/content\/ed3e9411-ffaf-4bf9-963f-71ddaece804d\/Bolet%C3%ADn%20de%20seguridad%20para%20docentes%20Abril%20-%20Junio%202023\">Bolet\u00edn de seguridad para docentes Abril &#8211; Junio. 2023<\/a><\/p>\n<p><a title=\"Bolet\u00edn de seguridad para docentes Enero - Marzo 2023.\" href=\"https:\/\/www.juntadeandalucia.es\/educacion\/portals\/delegate\/content\/e7dad19d-366b-4841-8fdd-6ba04b903146\/Bolet%C3%ADn\">Bolet\u00edn de seguridad para docentes Enero &#8211; Marzo 2023.<\/a><\/p>\n<p><a title=\"Bolet\u00edn de seguridad para docentes Octubre - Diciembre 2022.\" href=\"https:\/\/www.juntadeandalucia.es\/educacion\/portals\/delegate\/content\/d5ed44b9-175d-4334-85c6-536719dc41fa\/Bolet%C3%ADn%20de%20seguridad%20para%20docentes%20octubre-diciembre%202022\">Bolet\u00edn de seguridad para docentes Octubre &#8211; Diciembre 2022.<\/a><\/p>\n","protected":false},"excerpt":{"rendered":"<p>Bolet\u00edn de seguridad para docentes Abril &#8211; Junio. 2023 Bolet\u00edn de seguridad para docentes Enero &#8211; Marzo 2023. Bolet\u00edn de seguridad para docentes Octubre &#8211; Diciembre 2022.<\/p>\n","protected":false},"author":10578,"featured_media":0,"parent":0,"menu_order":0,"comment_status":"closed","ping_status":"closed","template":"","meta":{"ngg_post_thumbnail":0,"footnotes":"","_mc_calendar":[]},"aioseo_notices":[],"_links":{"self":[{"href":"https:\/\/blogsaverroes.juntadeandalucia.es\/iesvirgendelcollado\/wp-json\/wp\/v2\/pages\/4592"}],"collection":[{"href":"https:\/\/blogsaverroes.juntadeandalucia.es\/iesvirgendelcollado\/wp-json\/wp\/v2\/pages"}],"about":[{"href":"https:\/\/blogsaverroes.juntadeandalucia.es\/iesvirgendelcollado\/wp-json\/wp\/v2\/types\/page"}],"author":[{"embeddable":true,"href":"https:\/\/blogsaverroes.juntadeandalucia.es\/iesvirgendelcollado\/wp-json\/wp\/v2\/users\/10578"}],"replies":[{"embeddable":true,"href":"https:\/\/blogsaverroes.juntadeandalucia.es\/iesvirgendelcollado\/wp-json\/wp\/v2\/comments?post=4592"}],"version-history":[{"count":1,"href":"https:\/\/blogsaverroes.juntadeandalucia.es\/iesvirgendelcollado\/wp-json\/wp\/v2\/pages\/4592\/revisions"}],"predecessor-version":[{"id":4594,"href":"https:\/\/blogsaverroes.juntadeandalucia.es\/iesvirgendelcollado\/wp-json\/wp\/v2\/pages\/4592\/revisions\/4594"}],"wp:attachment":[{"href":"https:\/\/blogsaverroes.juntadeandalucia.es\/iesvirgendelcollado\/wp-json\/wp\/v2\/media?parent=4592"}],"curies":[{"name":"wp","href":"https:\/\/api.w.org\/{rel}","templated":true}]}}