{"id":4596,"date":"2023-04-27T13:08:32","date_gmt":"2023-04-27T11:08:32","guid":{"rendered":"https:\/\/blogsaverroes.juntadeandalucia.es\/iesvirgendelcollado\/?page_id=4596"},"modified":"2025-12-01T14:37:19","modified_gmt":"2025-12-01T12:37:19","slug":"autoproteccion","status":"publish","type":"page","link":"https:\/\/blogsaverroes.juntadeandalucia.es\/iesvirgendelcollado\/autoproteccion\/","title":{"rendered":"Autoprotecci\u00f3n"},"content":{"rendered":"<p><a title=\"MANUAL DE SEGURIDAD EN LOS CENTROS EDUCATIVOS\" href=\"https:\/\/www.agenciaandaluzaeducacion.es\/sites\/default\/files\/2020-01\/manual_de_seguridad.pdf\" target=\"_blank\" rel=\"noopener noreferrer\">MANUAL DE SEGURIDAD EN LOS CENTROS EDUCATIVOS<\/a><\/p>\n<p><strong>ACCIDENTES ESCOLARES<\/strong><\/p>\n<p><a title=\"Protocolo Accidentes Escolares.\" href=\"https:\/\/drive.google.com\/file\/d\/1AnjkHdnxSjxWunwir4hYbJlJfziVPoA1\/view?usp=share_link\" target=\"_blank\" rel=\"noopener noreferrer\">Protocolo Accidentes Escolares.<\/a><\/p>\n<p><a title=\"Organigrama de actuaci\u00f3n ante un accidente escolar.\" href=\"https:\/\/drive.google.com\/file\/d\/1BM1b6fCm9exrzQLWSCMEp5P3HN5QBijj\/view?usp=share_link\" target=\"_blank\" rel=\"noopener noreferrer\">Organigrama de actuaci\u00f3n ante un accidente escolar.<\/a><\/p>\n<p><a href=\"https:\/\/view.genial.ly\/64cbd1eec34a0f00111a4a1c\/presentation-gestion-prl-seneca\">Gu\u00eda b\u00e1sica para la gesti\u00f3n del PRL en S\u00e9neca.<\/a><\/p>\n<hr>\n<p><strong>SIMULACROS DE EVACUACI\u00d3N.<\/strong><\/p>\n<p><a href=\"https:\/\/drive.google.com\/file\/d\/13MlWaCKbePXF6KxUby6SfUSLWOsrwXus\/view?usp=sharing\" target=\"_blank\" rel=\"noopener\">Simulacro de evacuaci\u00f3n. Informaci\u00f3n al profesorado<\/a>.<\/p>\n<p><a href=\"https:\/\/drive.google.com\/file\/d\/1DUlXB33unNfzs7J2vQxkjP7YI0ecIEIJ\/view?usp=sharing\" target=\"_blank\" rel=\"noopener\">Simulacro de evacuaci\u00f3n. Informaci\u00f3n al alumnado<\/a>.<\/p>\n<p><a href=\"https:\/\/drive.google.com\/file\/d\/1NKCs9ZRF3fzb8PqHthhNoXBmMem_ptVd\/view?usp=sharing\" target=\"_blank\" rel=\"noopener noreferrer\">Documento de preparaci\u00f3n de la evacuaci\u00f3n en las tutor\u00edas<\/a>.<\/p>\n<hr>\n<p>&nbsp;<\/p>\n<p><strong>ALTAS TEMPERATURAS<\/strong><\/p>\n<p><a title=\"INSTRUCCIONES DE 5 DE MAYO DE 2023 DE LA VICECONSEJER\u00cdA DE DESARROLLO EDUCATIVO Y FORMACI\u00d3N PROFESIONAL PARA LA ADOPCI\u00d3N DE MEDIDAS ORGANIZATIVAS ANTE OLAS DE CALOR O ALTAS TEMPERATURAS EXCEPCIONALES.\" href=\"https:\/\/www.juntadeandalucia.es\/educacion\/portals\/delegate\/content\/c69c6b81-4597-4d56-91fc-dd9ef1990ee5\/Instrucciones%20de%205%20de%20mayo%20de%202023%20de%20la%20Viceconsejer%C3%ADa%20de%20Desarrollo%20Educativo%20y%20Formaci%C3%B3n%20Profesional%20para%20la%20adopci%C3%B3n%20de%20medidas%20organizativas%20ante%20olas%20de%20calor%20o%20altas%20temperaturas%20excepcionales\" target=\"_blank\" rel=\"noopener noreferrer\">INSTRUCCIONES DE 5 DE MAYO DE 2023 DE LA VICECONSEJER\u00cdA DE DESARROLLO EDUCATIVO Y FORMACI\u00d3N PROFESIONAL PARA LA ADOPCI\u00d3N DE MEDIDAS ORGANIZATIVAS ANTE OLAS DE CALOR O ALTAS TEMPERATURAS EXCEPCIONALES.<\/a><\/p>\n<p><a title=\"Protocolo general de actuaci\u00f3n en el \u00e1mbito educativo ante olas de calor o altas temperaturas excepcionales. 2023\" href=\"https:\/\/www.juntadeandalucia.es\/educacion\/portals\/delegate\/content\/881c4fde-9c8b-40b2-bf89-676baacca735\" target=\"_blank\" rel=\"noopener noreferrer\">Protocolo general de actuaci\u00f3n en el \u00e1mbito educativo ante olas de calor o altas temperaturas excepcionales. 2023<\/a><\/p>\n<p><a title=\"Protocolo altas temperaturas ola de calor Plan de Autoprotecci\u00f3n mayo 2023 IESVC.\" href=\"https:\/\/drive.google.com\/file\/d\/1O3F_yavlx3cB8Ng3BcozpJCqUia5USfj\/view?usp=share_link\" target=\"_blank\" rel=\"noopener noreferrer\">Protocolo altas temperaturas ola de calor Plan de Autoprotecci\u00f3n mayo 2023 IESVC.<\/a><\/p>\n<p><a title=\"Plan de Prevenci\u00f3n de las Altas Temperaturas para reforzar la asistencia sanitaria durante el verano.\" href=\"https:\/\/www.juntadeandalucia.es\/presidencia\/portavoz\/salud\/172627\/ConsejodeGobierno\/Salud\/Calor\/Altastemperaturas\/Recomendaciones\/Verano\" target=\"_blank\" rel=\"noopener noreferrer\">Plan de Prevenci\u00f3n de las Altas Temperaturas para reforzar la asistencia sanitaria durante el verano.<\/a><\/p>\n<p><a title=\"PLAN ANDALUZ PARA LA PREVENCI\u00d3N DE LOS EFECTOS DE LAS TEMPERATURAS EXCESIVAS SOBRE LA SALUD 2022.\" href=\"https:\/\/www.sspa.juntadeandalucia.es\/servicioandaluzdesalud\/sites\/default\/files\/sincfiles\/wsas-media-sas_normativa_mediafile\/2022\/Plan%20Andaluz%20Temperaturas%20Excesivas%202022.pdf\" target=\"_blank\" rel=\"noopener noreferrer\">PLAN ANDALUZ PARA LA PREVENCI\u00d3N DE LOS EFECTOS DE LAS TEMPERATURAS EXCESIVAS SOBRE LA SALUD 2022.<\/a><\/p>\n<hr>\n<p><strong>Informaci\u00f3n meteorol\u00f3gica<\/strong><\/p>\n<p>Con los datos que ofrece la Agencia Estatal de Meteorolog\u00eda (Aemet) todos los d\u00edas, la Consejer\u00eda de Salud y Familias determinar\u00e1 la previsi\u00f3n de las temperaturas m\u00e1ximas y m\u00ednimas para los cinco d\u00edas siguientes, de forma que definir\u00e1 los niveles de alerta en cada provincia, que son <strong>amarillos (si los umbrales m\u00e1ximos y m\u00ednimos se van a superar uno o dos d\u00edas), naranjas (si se van a sobrepasar en tres o cuatro d\u00edas) o rojos (si las altas temperaturas se prev\u00e9n para cinco d\u00edas<\/strong>).<\/p>\n<hr>\n<p>&nbsp;<\/p>\n","protected":false},"excerpt":{"rendered":"<p>MANUAL DE SEGURIDAD EN LOS CENTROS EDUCATIVOS ACCIDENTES ESCOLARES Protocolo Accidentes Escolares. Organigrama de actuaci\u00f3n ante un accidente escolar. Gu\u00eda b\u00e1sica para la gesti\u00f3n del PRL en S\u00e9neca. SIMULACROS DE EVACUACI\u00d3N. Simulacro de evacuaci\u00f3n. Informaci\u00f3n al profesorado. Simulacro de evacuaci\u00f3n. Informaci\u00f3n al alumnado. Documento de preparaci\u00f3n de la evacuaci\u00f3n en las tutor\u00edas. &nbsp; ALTAS TEMPERATURAS &hellip; <a href=\"https:\/\/blogsaverroes.juntadeandalucia.es\/iesvirgendelcollado\/autoproteccion\/\" class=\"more-link\">Seguir leyendo <span class=\"screen-reader-text\">Autoprotecci\u00f3n<\/span> <span class=\"meta-nav\">&rarr;<\/span><\/a><\/p>\n","protected":false},"author":10578,"featured_media":0,"parent":0,"menu_order":0,"comment_status":"closed","ping_status":"closed","template":"","meta":{"ngg_post_thumbnail":0,"footnotes":"","_mc_calendar":[]},"aioseo_notices":[],"_links":{"self":[{"href":"https:\/\/blogsaverroes.juntadeandalucia.es\/iesvirgendelcollado\/wp-json\/wp\/v2\/pages\/4596"}],"collection":[{"href":"https:\/\/blogsaverroes.juntadeandalucia.es\/iesvirgendelcollado\/wp-json\/wp\/v2\/pages"}],"about":[{"href":"https:\/\/blogsaverroes.juntadeandalucia.es\/iesvirgendelcollado\/wp-json\/wp\/v2\/types\/page"}],"author":[{"embeddable":true,"href":"https:\/\/blogsaverroes.juntadeandalucia.es\/iesvirgendelcollado\/wp-json\/wp\/v2\/users\/10578"}],"replies":[{"embeddable":true,"href":"https:\/\/blogsaverroes.juntadeandalucia.es\/iesvirgendelcollado\/wp-json\/wp\/v2\/comments?post=4596"}],"version-history":[{"count":17,"href":"https:\/\/blogsaverroes.juntadeandalucia.es\/iesvirgendelcollado\/wp-json\/wp\/v2\/pages\/4596\/revisions"}],"predecessor-version":[{"id":6198,"href":"https:\/\/blogsaverroes.juntadeandalucia.es\/iesvirgendelcollado\/wp-json\/wp\/v2\/pages\/4596\/revisions\/6198"}],"wp:attachment":[{"href":"https:\/\/blogsaverroes.juntadeandalucia.es\/iesvirgendelcollado\/wp-json\/wp\/v2\/media?parent=4596"}],"curies":[{"name":"wp","href":"https:\/\/api.w.org\/{rel}","templated":true}]}}