{"id":4803,"date":"2023-06-30T10:30:06","date_gmt":"2023-06-30T08:30:06","guid":{"rendered":"https:\/\/blogsaverroes.juntadeandalucia.es\/iesvirgendelcollado\/?page_id=4803"},"modified":"2025-06-30T20:10:58","modified_gmt":"2025-06-30T18:10:58","slug":"plan-de-igualdad","status":"publish","type":"page","link":"https:\/\/blogsaverroes.juntadeandalucia.es\/iesvirgendelcollado\/plan-de-igualdad\/","title":{"rendered":"Plan de Igualdad"},"content":{"rendered":"<p>Coordinaci\u00f3n responsable en el Consejo Escolar: D\u00aa. Rosario Bl\u00e1zquez C\u00e1tedra.<\/p>\n<p>Coordinadora curso 2024\/2025: Marina Dom\u00ednguez Aceituno<\/p>\n<p><a href=\"https:\/\/drive.google.com\/drive\/folders\/1cIm2wcQiiaFjAiqwrkEeV9Mfrl_CXVdj?usp=sharing\">Enlace a im\u00e1genes 25-N 2024.<\/a><\/p>\n<p style=\"text-align: center\"><a href=\"https:\/\/drive.google.com\/drive\/folders\/1cIm2wcQiiaFjAiqwrkEeV9Mfrl_CXVdj?usp=sharing\"><img loading=\"lazy\" decoding=\"async\" class=\"alignnone wp-image-6027 size-medium\" src=\"https:\/\/blogsaverroes.juntadeandalucia.es\/iesvirgendelcollado\/files\/2025\/06\/cartel-25N-3-212x300.jpg\" alt=\"\" width=\"212\" height=\"300\" srcset=\"https:\/\/blogsaverroes.juntadeandalucia.es\/iesvirgendelcollado\/files\/2025\/06\/cartel-25N-3-212x300.jpg 212w, https:\/\/blogsaverroes.juntadeandalucia.es\/iesvirgendelcollado\/files\/2025\/06\/cartel-25N-3-724x1024.jpg 724w, https:\/\/blogsaverroes.juntadeandalucia.es\/iesvirgendelcollado\/files\/2025\/06\/cartel-25N-3-768x1086.jpg 768w, https:\/\/blogsaverroes.juntadeandalucia.es\/iesvirgendelcollado\/files\/2025\/06\/cartel-25N-3-1086x1536.jpg 1086w, https:\/\/blogsaverroes.juntadeandalucia.es\/iesvirgendelcollado\/files\/2025\/06\/cartel-25N-3-1448x2048.jpg 1448w, https:\/\/blogsaverroes.juntadeandalucia.es\/iesvirgendelcollado\/files\/2025\/06\/cartel-25N-3.jpg 1587w\" sizes=\"(max-width: 212px) 100vw, 212px\" \/><\/a><\/p>\n<p><a href=\"https:\/\/drive.google.com\/drive\/folders\/10xVuScFrTqSTmKs5w579-K0U1ZgbpDak?usp=sharing\">20241125 D\u00eda contra la violencia a mujeres.<\/a><\/p>\n<p><a href=\"https:\/\/drive.google.com\/drive\/folders\/1-oXXYIucTJqHB9MQoNWQ3c-yU_BDbeXR?usp=sharing\" target=\"_blank\" rel=\"noopener\">Enlace a las im\u00e1genes de la conmemoraci\u00f3n del d\u00eda contra la violencia hacia las mujeres 2023.<\/a>.<\/p>\n<p><a title=\"III Plan de Igualdad 2024_2028\" href=\"https:\/\/drive.google.com\/file\/d\/1hwS3_TYCAWo5J8PEK6VTZJnUZE62HAsJ\/view?usp=sharing\" target=\"_blank\" rel=\"noopener\">III Plan de Igualdad 2024_2028<\/a><\/p>\n<p><a href=\"https:\/\/drive.google.com\/file\/d\/1Msur0pnnTuok9MUMoCFOvX01FrHaZseF\/view?usp=sharing\" target=\"_blank\" rel=\"noopener\">L\u00ednea 1 Plan de Centro.<\/a><\/p>\n<p><a href=\"https:\/\/drive.google.com\/file\/d\/17Ox_gX2l3KBwV2pIDZYj3-Ypd3dDuUbJ\/view?usp=sharing\" target=\"_blank\" rel=\"noopener\">L\u00ednea 2 Formaci\u00f3n.<\/a><\/p>\n<p><a href=\"https:\/\/drive.google.com\/file\/d\/1cs9HJ9RF4UaR4Kk1WG980LRc8fxIiGY1\/view?usp=sharing\" target=\"_blank\" rel=\"noopener\">L\u00ednea 3 Violencia de G\u00e9nero.<\/a><\/p>\n<p><a href=\"https:\/\/drive.google.com\/file\/d\/1mMVKm9hVaX-UMUmfkcqc-550sk4rr-qF\/view?usp=sharing\" target=\"_blank\" rel=\"noopener\">L\u00ednea 5 Tecnolog\u00edas de la Informaci\u00f3n.<\/a><\/p>\n<p><a href=\"https:\/\/drive.google.com\/file\/d\/1yhYSPvOCBaE4xTsxEep_x9cWCyYakdT2\/view?usp=sharing\" target=\"_blank\" rel=\"noopener\">L\u00ednea 6 Autoestima y Emprendimiento.<\/a><\/p>\n<p><iframe loading=\"lazy\" src=\"https:\/\/drive.google.com\/file\/d\/1hwS3_TYCAWo5J8PEK6VTZJnUZE62HAsJ\/preview\" width=\"640\" height=\"480\"><\/iframe><\/p>\n<p><a title=\"PORTAL DE IGUALDAD.\" href=\"https:\/\/portals.ced.junta-andalucia.es\/educacion\/portals\/web\/igualdad\/inicio\" target=\"_blank\" rel=\"noopener noreferrer\">PORTAL DE IGUALDAD.<\/a><\/p>\n<p><a title=\"Responsable en materia de coeducaci\u00f3n en los centros.\" href=\"https:\/\/portals.ced.junta-andalucia.es\/educacion\/portals\/web\/igualdad\/coordinacion-plan-igualdad-centros\" target=\"_blank\" rel=\"noopener noreferrer\">Responsable en materia de coeducaci\u00f3n en los centros.<\/a><\/p>\n<p><a title=\"Reconocimiento participaci\u00f3n Plan de Igualdad.\" href=\"https:\/\/portals.ced.junta-andalucia.es\/educacion\/portals\/web\/igualdad\/reconocimiento\" target=\"_blank\" rel=\"noopener noreferrer\">Reconocimiento participaci\u00f3n Plan de Igualdad.<\/a><\/p>\n<hr>\n<p style=\"text-align: center\"><iframe loading=\"lazy\" src=\"https:\/\/drive.google.com\/file\/d\/1jj7GUOVFMiR1LMRtP9Vv38qvYWCLGzeh\/preview\" width=\"640\" height=\"480\"><\/iframe><\/p>\n<p>&nbsp;<\/p>\n","protected":false},"excerpt":{"rendered":"<p>Coordinaci\u00f3n responsable en el Consejo Escolar: D\u00aa. Rosario Bl\u00e1zquez C\u00e1tedra. Coordinadora curso 2024\/2025: Marina Dom\u00ednguez Aceituno Enlace a im\u00e1genes 25-N 2024. 20241125 D\u00eda contra la violencia a mujeres. Enlace a las im\u00e1genes de la conmemoraci\u00f3n del d\u00eda contra la violencia hacia las mujeres 2023.. III Plan de Igualdad 2024_2028 L\u00ednea 1 Plan de Centro. L\u00ednea &hellip; <a href=\"https:\/\/blogsaverroes.juntadeandalucia.es\/iesvirgendelcollado\/plan-de-igualdad\/\" class=\"more-link\">Seguir leyendo <span class=\"screen-reader-text\">Plan de Igualdad<\/span> <span class=\"meta-nav\">&rarr;<\/span><\/a><\/p>\n","protected":false},"author":10578,"featured_media":0,"parent":0,"menu_order":0,"comment_status":"closed","ping_status":"closed","template":"","meta":{"ngg_post_thumbnail":0,"footnotes":"","_mc_calendar":[]},"aioseo_notices":[],"_links":{"self":[{"href":"https:\/\/blogsaverroes.juntadeandalucia.es\/iesvirgendelcollado\/wp-json\/wp\/v2\/pages\/4803"}],"collection":[{"href":"https:\/\/blogsaverroes.juntadeandalucia.es\/iesvirgendelcollado\/wp-json\/wp\/v2\/pages"}],"about":[{"href":"https:\/\/blogsaverroes.juntadeandalucia.es\/iesvirgendelcollado\/wp-json\/wp\/v2\/types\/page"}],"author":[{"embeddable":true,"href":"https:\/\/blogsaverroes.juntadeandalucia.es\/iesvirgendelcollado\/wp-json\/wp\/v2\/users\/10578"}],"replies":[{"embeddable":true,"href":"https:\/\/blogsaverroes.juntadeandalucia.es\/iesvirgendelcollado\/wp-json\/wp\/v2\/comments?post=4803"}],"version-history":[{"count":10,"href":"https:\/\/blogsaverroes.juntadeandalucia.es\/iesvirgendelcollado\/wp-json\/wp\/v2\/pages\/4803\/revisions"}],"predecessor-version":[{"id":6030,"href":"https:\/\/blogsaverroes.juntadeandalucia.es\/iesvirgendelcollado\/wp-json\/wp\/v2\/pages\/4803\/revisions\/6030"}],"wp:attachment":[{"href":"https:\/\/blogsaverroes.juntadeandalucia.es\/iesvirgendelcollado\/wp-json\/wp\/v2\/media?parent=4803"}],"curies":[{"name":"wp","href":"https:\/\/api.w.org\/{rel}","templated":true}]}}