{"id":4810,"date":"2023-07-04T10:31:02","date_gmt":"2023-07-04T08:31:02","guid":{"rendered":"https:\/\/blogsaverroes.juntadeandalucia.es\/iesvirgendelcollado\/?page_id=4810"},"modified":"2025-09-08T12:30:30","modified_gmt":"2025-09-08T10:30:30","slug":"libros-de-texto","status":"publish","type":"page","link":"https:\/\/blogsaverroes.juntadeandalucia.es\/iesvirgendelcollado\/libros-de-texto\/","title":{"rendered":"Libros de texto"},"content":{"rendered":"<p><span style=\"text-decoration: underline\"><a href=\"https:\/\/juntadeandalucia.es\/sites\/default\/files\/2025-06\/Instrucciones%20del%20Programa%20de%20Gratuidad%20de%20Libros%20de%20Texto%202025-2026.pdf\" target=\"_blank\" rel=\"noopener\">INSTRUCCIONES DE 6 DE JUNIO DE 2025 DE LA DIRECCI\u00d3N GENERAL DE PARTICIPACI\u00d3N E INCLUSI\u00d3N EDUCATIVA SOBRE EL PROGRAMA DE GRATUIDAD DE LOS LIBROS DE TEXTO PARA EL CURSO ESCOLAR 2025\/2026<\/a><\/span><\/p>\n<p><span style=\"color: #0000ff\"><strong>Curso &nbsp;acad\u00e9mico 2025\/2026<\/strong><\/span><\/p>\n<p>LIBROS DE TEXTO PARA BACHILLERATO 2025\/2026<\/p>\n<p>Lista de libros para Bachillerato para el pr\u00f3ximo curso&nbsp; por asignaturas, editorial, ISBN y vigencia. Los libros coloreados es conveniente hablar primero con el profesor antes de comprarlo.<\/p>\n<p><a title=\"Libros de texto Bachillerato 2025\/2026.\" href=\"https:\/\/drive.google.com\/file\/d\/1LmZKsoqAF0OAv78xgnVihOPqPhaZ4zYT\/view?usp=sharing\" target=\"_blank\" rel=\"noopener\"><span style=\"color: #0000ff\">\u00bfQu\u00e9 LIBROS DE TEXTO vamos a tener en el curso 2025\/2026 en Bachillerato?<\/span><\/a><\/p>\n<p><iframe loading=\"lazy\" src=\"https:\/\/drive.google.com\/file\/d\/1LmZKsoqAF0OAv78xgnVihOPqPhaZ4zYT\/preview\" width=\"640\" height=\"480\"><\/iframe><\/p>\n<hr>\n<p>&nbsp;<\/p>\n","protected":false},"excerpt":{"rendered":"<p>INSTRUCCIONES DE 6 DE JUNIO DE 2025 DE LA DIRECCI\u00d3N GENERAL DE PARTICIPACI\u00d3N E INCLUSI\u00d3N EDUCATIVA SOBRE EL PROGRAMA DE GRATUIDAD DE LOS LIBROS DE TEXTO PARA EL CURSO ESCOLAR 2025\/2026 Curso &nbsp;acad\u00e9mico 2025\/2026 LIBROS DE TEXTO PARA BACHILLERATO 2025\/2026 Lista de libros para Bachillerato para el pr\u00f3ximo curso&nbsp; por asignaturas, editorial, ISBN y vigencia. &hellip; <a href=\"https:\/\/blogsaverroes.juntadeandalucia.es\/iesvirgendelcollado\/libros-de-texto\/\" class=\"more-link\">Seguir leyendo <span class=\"screen-reader-text\">Libros de texto<\/span> <span class=\"meta-nav\">&rarr;<\/span><\/a><\/p>\n","protected":false},"author":10578,"featured_media":0,"parent":0,"menu_order":0,"comment_status":"closed","ping_status":"closed","template":"","meta":{"ngg_post_thumbnail":0,"footnotes":"","_mc_calendar":[]},"aioseo_notices":[],"_links":{"self":[{"href":"https:\/\/blogsaverroes.juntadeandalucia.es\/iesvirgendelcollado\/wp-json\/wp\/v2\/pages\/4810"}],"collection":[{"href":"https:\/\/blogsaverroes.juntadeandalucia.es\/iesvirgendelcollado\/wp-json\/wp\/v2\/pages"}],"about":[{"href":"https:\/\/blogsaverroes.juntadeandalucia.es\/iesvirgendelcollado\/wp-json\/wp\/v2\/types\/page"}],"author":[{"embeddable":true,"href":"https:\/\/blogsaverroes.juntadeandalucia.es\/iesvirgendelcollado\/wp-json\/wp\/v2\/users\/10578"}],"replies":[{"embeddable":true,"href":"https:\/\/blogsaverroes.juntadeandalucia.es\/iesvirgendelcollado\/wp-json\/wp\/v2\/comments?post=4810"}],"version-history":[{"count":8,"href":"https:\/\/blogsaverroes.juntadeandalucia.es\/iesvirgendelcollado\/wp-json\/wp\/v2\/pages\/4810\/revisions"}],"predecessor-version":[{"id":6109,"href":"https:\/\/blogsaverroes.juntadeandalucia.es\/iesvirgendelcollado\/wp-json\/wp\/v2\/pages\/4810\/revisions\/6109"}],"wp:attachment":[{"href":"https:\/\/blogsaverroes.juntadeandalucia.es\/iesvirgendelcollado\/wp-json\/wp\/v2\/media?parent=4810"}],"curies":[{"name":"wp","href":"https:\/\/api.w.org\/{rel}","templated":true}]}}