{"id":4990,"date":"2023-10-03T21:26:16","date_gmt":"2023-10-03T19:26:16","guid":{"rendered":"https:\/\/blogsaverroes.juntadeandalucia.es\/iesvirgendelcollado\/?page_id=4990"},"modified":"2024-04-02T10:01:07","modified_gmt":"2024-04-02T08:01:07","slug":"erasmus","status":"publish","type":"page","link":"https:\/\/blogsaverroes.juntadeandalucia.es\/iesvirgendelcollado\/erasmus\/","title":{"rendered":"Erasmus+"},"content":{"rendered":"<p>Erasmus+ es el programa de la UE para apoyar la educaci\u00f3n, la formaci\u00f3n, la juventud y el deporte en Europa.<\/p>\n<p><strong><a href=\"http:\/\/sepie.es\/comunicacion\/index.html\" target=\"_blank\" rel=\"noopener noreferrer\">SEPIE<\/a><\/strong> Servicio Espa\u00f1ol Para la Internacionalizaci\u00f3n de la Educaci\u00f3n.<\/p>\n<p>El IES Virgen del Collado ha sido seleccionado en la convocatoria de 2023 para \u00abProyectos de corta duraci\u00f3n para la movilidad de alumnado y personal de Educaci\u00f3n Escolar (KA122-SCH)\u00bb.<\/p>\n<p>Responsable: <strong>Elias Requena Iglesias<\/strong>.<\/p>\n<p>Proyecto de movilidad:<strong> Mucho m\u00e1s all\u00e1<\/strong>.<\/p>\n<p>N\u00famero de proyecto: <strong>2023-1-ES01-KA122-SCH-000142992<\/strong><\/p>\n<p>Presupuesto asignado: <strong>24.850,00 \u20ac<\/strong><\/p>\n<p><a href=\"https:\/\/blogsaverroes.juntadeandalucia.es\/iesvirgendelcollado\/erasmus\/erasmus2023-mucho-mas-alla\/\" rel=\"attachment wp-att-4991\"><img loading=\"lazy\" decoding=\"async\" class=\"alignnone wp-image-4991\" src=\"https:\/\/blogsaverroes.juntadeandalucia.es\/iesvirgendelcollado\/files\/2023\/10\/Erasmus2023-Mucho-m\u00e1s-all\u00e1-300x169.jpg\" alt=\"\" width=\"495\" height=\"279\" srcset=\"https:\/\/blogsaverroes.juntadeandalucia.es\/iesvirgendelcollado\/files\/2023\/10\/Erasmus2023-Mucho-m\u00e1s-all\u00e1-300x169.jpg 300w, https:\/\/blogsaverroes.juntadeandalucia.es\/iesvirgendelcollado\/files\/2023\/10\/Erasmus2023-Mucho-m\u00e1s-all\u00e1-1024x576.jpg 1024w, https:\/\/blogsaverroes.juntadeandalucia.es\/iesvirgendelcollado\/files\/2023\/10\/Erasmus2023-Mucho-m\u00e1s-all\u00e1-768x432.jpg 768w, https:\/\/blogsaverroes.juntadeandalucia.es\/iesvirgendelcollado\/files\/2023\/10\/Erasmus2023-Mucho-m\u00e1s-all\u00e1.jpg 1280w\" sizes=\"(max-width: 495px) 100vw, 495px\" \/><\/a><\/p>\n<p><a title=\"Presentaci\u00f3n para la reuni\u00f3n con las familias sobre el intercambio con Leg\u00e9\" href=\"https:\/\/drive.google.com\/file\/d\/1gYw6PkX7mFzKeB7s9kIg47hTBpeTjLeo\/view?usp=sharing\" target=\"_blank\" rel=\"noopener noreferrer\">Presentaci\u00f3n para la reuni\u00f3n con las familias sobre el intercambio con Leg\u00e9<\/a><\/p>\n","protected":false},"excerpt":{"rendered":"<p>Erasmus+ es el programa de la UE para apoyar la educaci\u00f3n, la formaci\u00f3n, la juventud y el deporte en Europa. SEPIE Servicio Espa\u00f1ol Para la Internacionalizaci\u00f3n de la Educaci\u00f3n. El IES Virgen del Collado ha sido seleccionado en la convocatoria de 2023 para \u00abProyectos de corta duraci\u00f3n para la movilidad de alumnado y personal de &hellip; <a href=\"https:\/\/blogsaverroes.juntadeandalucia.es\/iesvirgendelcollado\/erasmus\/\" class=\"more-link\">Seguir leyendo <span class=\"screen-reader-text\">Erasmus+<\/span> <span class=\"meta-nav\">&rarr;<\/span><\/a><\/p>\n","protected":false},"author":10578,"featured_media":0,"parent":0,"menu_order":0,"comment_status":"closed","ping_status":"closed","template":"","meta":{"ngg_post_thumbnail":0,"footnotes":"","_mc_calendar":[]},"aioseo_notices":[],"_links":{"self":[{"href":"https:\/\/blogsaverroes.juntadeandalucia.es\/iesvirgendelcollado\/wp-json\/wp\/v2\/pages\/4990"}],"collection":[{"href":"https:\/\/blogsaverroes.juntadeandalucia.es\/iesvirgendelcollado\/wp-json\/wp\/v2\/pages"}],"about":[{"href":"https:\/\/blogsaverroes.juntadeandalucia.es\/iesvirgendelcollado\/wp-json\/wp\/v2\/types\/page"}],"author":[{"embeddable":true,"href":"https:\/\/blogsaverroes.juntadeandalucia.es\/iesvirgendelcollado\/wp-json\/wp\/v2\/users\/10578"}],"replies":[{"embeddable":true,"href":"https:\/\/blogsaverroes.juntadeandalucia.es\/iesvirgendelcollado\/wp-json\/wp\/v2\/comments?post=4990"}],"version-history":[{"count":6,"href":"https:\/\/blogsaverroes.juntadeandalucia.es\/iesvirgendelcollado\/wp-json\/wp\/v2\/pages\/4990\/revisions"}],"predecessor-version":[{"id":5345,"href":"https:\/\/blogsaverroes.juntadeandalucia.es\/iesvirgendelcollado\/wp-json\/wp\/v2\/pages\/4990\/revisions\/5345"}],"wp:attachment":[{"href":"https:\/\/blogsaverroes.juntadeandalucia.es\/iesvirgendelcollado\/wp-json\/wp\/v2\/media?parent=4990"}],"curies":[{"name":"wp","href":"https:\/\/api.w.org\/{rel}","templated":true}]}}