{"id":4995,"date":"2023-10-03T21:38:27","date_gmt":"2023-10-03T19:38:27","guid":{"rendered":"https:\/\/blogsaverroes.juntadeandalucia.es\/iesvirgendelcollado\/?page_id=4995"},"modified":"2024-05-01T13:56:41","modified_gmt":"2024-05-01T11:56:41","slug":"programa-de-intercambios-escolares","status":"publish","type":"page","link":"https:\/\/blogsaverroes.juntadeandalucia.es\/iesvirgendelcollado\/programa-de-intercambios-escolares\/","title":{"rendered":"Programa de Intercambios Escolares"},"content":{"rendered":"<p><span style=\"color: #000080\"><a style=\"color: #000080\" href=\"https:\/\/drive.google.com\/drive\/folders\/10QZ07joK-hq-_XAUMsdTElksNr_TZR43?usp=sharing\"><strong>Enlace a im\u00e1genes del intercambio con alumnado de Leg\u00e9 en Francia abril 2024.<\/strong><\/a><\/span><\/p>\n<p><a href=\"https:\/\/www.juntadeandalucia.es\/educacion\/portals\/delegate\/content\/b08b0b86-1e9a-4487-a333-c26f5552f3e4\/Resoluci%C3%B3n%20de%20concesos%20de%20intercambios\">RESOLUCI\u00d3N DE LA DIRECCI\u00d3N GENERAL DE TECNOLOG\u00cdAS AVANZADAS Y TRANSFORMACI\u00d3N EDUCATIVA DE 4 DE JULIO DE 2023 POR LA QUE SE PUBLICA LA CONCESI\u00d3N DEL PROGRAMA DE INTERCAMBIOS ESCOLARES DE LOS INSTITUTOS DE ENSE\u00d1ANZA SECUNDARIA DEPENDIENTES DE LA JUNTA DE ANDALUC\u00cdA CON CENTROS EDUCATIVOS DE PA\u00cdSES DE HABLA ALEMANA, CHINA (MANDAR\u00cdN), FRANCESA, INGLESA, ITALIANA Y PORTUGUESA PARA EL CURSO 2023\/2024<\/a><\/p>\n<p>Concedido al<strong> IES Virgen del Collado<\/strong> su Programa de Intercambios Escolares con <strong>FRANCIA<\/strong> por importe de <strong>4950 \u20ac<\/strong> para el curso 2023\/2024.<\/p>\n<p>Responsables:<\/p>\n<p>Luis Miguel Luna Perea.<\/p>\n<p>Mar\u00eda Adela Sola L\u00f3pez.<\/p>\n<p>Elisa Requena Iglesias.<\/p>\n<p>&nbsp;<\/p>\n<p><a href=\"https:\/\/blogsaverroes.juntadeandalucia.es\/iesvirgendelcollado\/programa-de-intercambios-escolares\/intercambios-escolares-2023-2\/\" rel=\"attachment wp-att-4998\"><img loading=\"lazy\" decoding=\"async\" class=\"alignnone wp-image-4998\" src=\"https:\/\/blogsaverroes.juntadeandalucia.es\/iesvirgendelcollado\/files\/2023\/10\/Intercambios-escolares-2023-1-300x169.jpg\" alt=\"\" width=\"493\" height=\"278\" srcset=\"https:\/\/blogsaverroes.juntadeandalucia.es\/iesvirgendelcollado\/files\/2023\/10\/Intercambios-escolares-2023-1-300x169.jpg 300w, https:\/\/blogsaverroes.juntadeandalucia.es\/iesvirgendelcollado\/files\/2023\/10\/Intercambios-escolares-2023-1-1024x576.jpg 1024w, https:\/\/blogsaverroes.juntadeandalucia.es\/iesvirgendelcollado\/files\/2023\/10\/Intercambios-escolares-2023-1-768x432.jpg 768w, https:\/\/blogsaverroes.juntadeandalucia.es\/iesvirgendelcollado\/files\/2023\/10\/Intercambios-escolares-2023-1.jpg 1280w\" sizes=\"(max-width: 493px) 100vw, 493px\" \/><\/a><\/p>\n","protected":false},"excerpt":{"rendered":"<p>Enlace a im\u00e1genes del intercambio con alumnado de Leg\u00e9 en Francia abril 2024. RESOLUCI\u00d3N DE LA DIRECCI\u00d3N GENERAL DE TECNOLOG\u00cdAS AVANZADAS Y TRANSFORMACI\u00d3N EDUCATIVA DE 4 DE JULIO DE 2023 POR LA QUE SE PUBLICA LA CONCESI\u00d3N DEL PROGRAMA DE INTERCAMBIOS ESCOLARES DE LOS INSTITUTOS DE ENSE\u00d1ANZA SECUNDARIA DEPENDIENTES DE LA JUNTA DE ANDALUC\u00cdA CON &hellip; <a href=\"https:\/\/blogsaverroes.juntadeandalucia.es\/iesvirgendelcollado\/programa-de-intercambios-escolares\/\" class=\"more-link\">Seguir leyendo <span class=\"screen-reader-text\">Programa de Intercambios Escolares<\/span> <span class=\"meta-nav\">&rarr;<\/span><\/a><\/p>\n","protected":false},"author":10578,"featured_media":0,"parent":0,"menu_order":0,"comment_status":"closed","ping_status":"closed","template":"","meta":{"ngg_post_thumbnail":0,"footnotes":"","_mc_calendar":[]},"aioseo_notices":[],"_links":{"self":[{"href":"https:\/\/blogsaverroes.juntadeandalucia.es\/iesvirgendelcollado\/wp-json\/wp\/v2\/pages\/4995"}],"collection":[{"href":"https:\/\/blogsaverroes.juntadeandalucia.es\/iesvirgendelcollado\/wp-json\/wp\/v2\/pages"}],"about":[{"href":"https:\/\/blogsaverroes.juntadeandalucia.es\/iesvirgendelcollado\/wp-json\/wp\/v2\/types\/page"}],"author":[{"embeddable":true,"href":"https:\/\/blogsaverroes.juntadeandalucia.es\/iesvirgendelcollado\/wp-json\/wp\/v2\/users\/10578"}],"replies":[{"embeddable":true,"href":"https:\/\/blogsaverroes.juntadeandalucia.es\/iesvirgendelcollado\/wp-json\/wp\/v2\/comments?post=4995"}],"version-history":[{"count":7,"href":"https:\/\/blogsaverroes.juntadeandalucia.es\/iesvirgendelcollado\/wp-json\/wp\/v2\/pages\/4995\/revisions"}],"predecessor-version":[{"id":5380,"href":"https:\/\/blogsaverroes.juntadeandalucia.es\/iesvirgendelcollado\/wp-json\/wp\/v2\/pages\/4995\/revisions\/5380"}],"wp:attachment":[{"href":"https:\/\/blogsaverroes.juntadeandalucia.es\/iesvirgendelcollado\/wp-json\/wp\/v2\/media?parent=4995"}],"curies":[{"name":"wp","href":"https:\/\/api.w.org\/{rel}","templated":true}]}}