{"id":5022,"date":"2023-10-07T20:36:22","date_gmt":"2023-10-07T18:36:22","guid":{"rendered":"https:\/\/blogsaverroes.juntadeandalucia.es\/iesvirgendelcollado\/?page_id=5022"},"modified":"2023-10-08T17:46:25","modified_gmt":"2023-10-08T15:46:25","slug":"videotutoriales-seneca-fp","status":"publish","type":"page","link":"https:\/\/blogsaverroes.juntadeandalucia.es\/iesvirgendelcollado\/videotutoriales-seneca-fp\/","title":{"rendered":"Videotutoriales S\u00e9neca FP"},"content":{"rendered":"<p><a href=\"https:\/\/view.genial.ly\/618d7cde9fadfd0dd97516f4\/presentation-modulo-curriculo-fp\">Ayuda Genially M\u00f3dulo Curr\u00edculo FP de S\u00e9neca<\/a>.<\/p>\n<p><a href=\"https:\/\/view.genial.ly\/618d886e0607180e0919477b\/presentation-cuaderno-de-clase-en-fp\">Ayuda Genially Cuaderno de Clase de S\u00e9neca en FP.<\/a><\/p>\n<p><strong><span style=\"color: #0000ff\">Video tutoriales cuaderno S\u00e9neca Direcci\u00f3n IES Nuevo Scala<\/span><\/strong><\/p>\n<p><em><a href=\"https:\/\/youtu.be\/M2IW80NwHgQ?si=Q91biJZqp-KExiz-\" target=\"_blank\" rel=\"noopener noreferrer\">Curso 2021-22 &#8211; Cuaderno de clase en FP &#8211; Configuraci\u00f3n de los Par\u00e1metros.<\/a><\/em><\/p>\n<p><a href=\"https:\/\/youtu.be\/FntYIobwZX4?si=yz9h6YuBmXuD7Auc\" target=\"_blank\" rel=\"noopener noreferrer\">Curso 2021-22 &#8211; M\u00f3dulo Curr\u00edculo FP &#8211; Recorrido general por el modulo Curr\u00edculo FP de S\u00e9neca.<\/a><\/p>\n<p><a href=\"https:\/\/youtu.be\/M2IW80NwHgQ?si=q3Su3A9A-0MicoRZ\" target=\"_blank\" rel=\"noopener noreferrer\">Curso 2021-22 &#8211; Cuaderno de clase en FP &#8211; Configuraci\u00f3n de los Par\u00e1metros.<\/a><\/p>\n<p><a href=\"https:\/\/youtu.be\/yp4csLOg7Uc?si=Fwdhvp8c5tjM8C9d\" target=\"_blank\" rel=\"noopener noreferrer\">Curso 22-23 &#8211; M\u00f3dulo Curr\u00edculo FP &#8211; \u00a1Habilitadas ponderaciones de RA y criterios.<\/a><\/p>\n<p><a href=\"https:\/\/youtu.be\/Xr8-d3CkDgU?si=Hv2oAv4PjykI7ChU\" target=\"_blank\" rel=\"noopener noreferrer\">Curso 2021-22 &#8211; M\u00f3dulo Curr\u00edculo FP &#8211; Calificaci\u00f3n de Criterios de Evaluaci\u00f3n.<\/a><\/p>\n<p><a href=\"https:\/\/youtu.be\/hloN1zHGxZ0?si=xSy4xL1wdRPbuWHZ\" target=\"_blank\" rel=\"noopener noreferrer\">Curso 2021-22 &#8211; M\u00f3dulo Curr\u00edculo FP &#8211; Requisitos previos.<\/a><\/p>\n<p><a href=\"https:\/\/youtu.be\/b-gvCjS3lPk?si=axt_kJlSnAP3d4da\" target=\"_blank\" rel=\"noopener noreferrer\">Curso 2021-22 &#8211; Cuaderno de clase en FP &#8211; Evaluar criterialmente en el Cuaderno.<\/a><\/p>\n<p><a href=\"https:\/\/youtu.be\/q6P_aOwOFWk?si=VzexTE90b9DLaUc_\" target=\"_blank\" rel=\"noopener noreferrer\">Curso 2021-22 &#8211; Cuaderno de clase en FP &#8211; Recorrido general.<\/a><\/p>\n<p><a href=\"https:\/\/youtu.be\/hRL2aBIWlr4?si=CyTgQ1P2hTsDZBDK\" target=\"_blank\" rel=\"noopener noreferrer\">Curso 2021-22 &#8211; Cuaderno de clase en FP &#8211; Edici\u00f3n de actividades evaluables.<\/a><\/p>\n<p><a href=\"https:\/\/youtu.be\/Fm9CKWvUFM4?si=mw3P3vaYc3-Y2Xsy\" target=\"_blank\" rel=\"noopener noreferrer\">Curso 2021-22 &#8211; M\u00f3dulo Curr\u00edculo FP &#8211; Pesos de Resultados de Aprendizaje y Criterios de Evaluaci\u00f3n.<\/a><\/p>\n<p><a href=\"https:\/\/youtu.be\/rzDu4lGiBsM?si=2i4NZCYK1_sLBoUf\" target=\"_blank\" rel=\"noopener noreferrer\">Curso 2021-22 &#8211; Cuaderno de clase en FP &#8211; Documentos que se pueden pedir.<\/a><\/p>\n<p>&nbsp;<\/p>\n<p>&nbsp;<\/p>\n<p>&nbsp;<\/p>\n<p>&nbsp;<\/p>\n<p>&nbsp;<\/p>\n<p>&nbsp;<\/p>\n<p>&nbsp;<\/p>\n","protected":false},"excerpt":{"rendered":"<p>Ayuda Genially M\u00f3dulo Curr\u00edculo FP de S\u00e9neca. Ayuda Genially Cuaderno de Clase de S\u00e9neca en FP. Video tutoriales cuaderno S\u00e9neca Direcci\u00f3n IES Nuevo Scala Curso 2021-22 &#8211; Cuaderno de clase en FP &#8211; Configuraci\u00f3n de los Par\u00e1metros. Curso 2021-22 &#8211; M\u00f3dulo Curr\u00edculo FP &#8211; Recorrido general por el modulo Curr\u00edculo FP de S\u00e9neca. Curso 2021-22 &hellip; <a href=\"https:\/\/blogsaverroes.juntadeandalucia.es\/iesvirgendelcollado\/videotutoriales-seneca-fp\/\" class=\"more-link\">Seguir leyendo <span class=\"screen-reader-text\">Videotutoriales S\u00e9neca FP<\/span> <span class=\"meta-nav\">&rarr;<\/span><\/a><\/p>\n","protected":false},"author":10578,"featured_media":0,"parent":0,"menu_order":0,"comment_status":"closed","ping_status":"closed","template":"","meta":{"ngg_post_thumbnail":0,"footnotes":"","_mc_calendar":[]},"aioseo_notices":[],"_links":{"self":[{"href":"https:\/\/blogsaverroes.juntadeandalucia.es\/iesvirgendelcollado\/wp-json\/wp\/v2\/pages\/5022"}],"collection":[{"href":"https:\/\/blogsaverroes.juntadeandalucia.es\/iesvirgendelcollado\/wp-json\/wp\/v2\/pages"}],"about":[{"href":"https:\/\/blogsaverroes.juntadeandalucia.es\/iesvirgendelcollado\/wp-json\/wp\/v2\/types\/page"}],"author":[{"embeddable":true,"href":"https:\/\/blogsaverroes.juntadeandalucia.es\/iesvirgendelcollado\/wp-json\/wp\/v2\/users\/10578"}],"replies":[{"embeddable":true,"href":"https:\/\/blogsaverroes.juntadeandalucia.es\/iesvirgendelcollado\/wp-json\/wp\/v2\/comments?post=5022"}],"version-history":[{"count":5,"href":"https:\/\/blogsaverroes.juntadeandalucia.es\/iesvirgendelcollado\/wp-json\/wp\/v2\/pages\/5022\/revisions"}],"predecessor-version":[{"id":5031,"href":"https:\/\/blogsaverroes.juntadeandalucia.es\/iesvirgendelcollado\/wp-json\/wp\/v2\/pages\/5022\/revisions\/5031"}],"wp:attachment":[{"href":"https:\/\/blogsaverroes.juntadeandalucia.es\/iesvirgendelcollado\/wp-json\/wp\/v2\/media?parent=5022"}],"curies":[{"name":"wp","href":"https:\/\/api.w.org\/{rel}","templated":true}]}}