{"id":5060,"date":"2023-10-12T22:18:31","date_gmt":"2023-10-12T20:18:31","guid":{"rendered":"https:\/\/blogsaverroes.juntadeandalucia.es\/iesvirgendelcollado\/?page_id=5060"},"modified":"2025-03-14T13:25:04","modified_gmt":"2025-03-14T11:25:04","slug":"actividades-bilinguismo","status":"publish","type":"page","link":"https:\/\/blogsaverroes.juntadeandalucia.es\/iesvirgendelcollado\/actividades-bilinguismo\/","title":{"rendered":"Bilingualism activities."},"content":{"rendered":"<p><em><span style=\"text-decoration: underline\"><strong>Ron Caparas: school year 2023 2024<\/strong><\/span><\/em><\/p>\n<p>Check out activities and other tools <a title=\"here\" href=\"https:\/\/drive.google.com\/drive\/folders\/1wMdexsBRDnskqQqCoQxzoQhVYB3X_AT9\" target=\"_blank\" rel=\"noopener\">here<\/a><\/p>\n<p>You can also find this information at <a title=\"Moodle\" href=\"https:\/\/educacionadistancia.juntadeandalucia.es\/centros\/jaen\/course\/view.php?id=1046&amp;section=3#tabs-tree-start\" target=\"_blank\" rel=\"noopener\">Moodle<\/a><\/p>\n<hr \/>\n<p><span style=\"text-decoration: underline\"><em><a href=\"https:\/\/drive.google.com\/file\/d\/1rrJIICmbcWjieAIyjtCZoSOt0epiN1ux\/view?usp=drive_link\"><span style=\"color: #0000ff\"><strong>\u201cCelebrando Halloween\u201d by Ron Caparas. November 2023.<\/strong><\/span><\/a><\/em><\/span><\/p>\n<p>Our assistant, Ron, explained to the little ones how Halloween is celebrated in his country. He gave them <a href=\"https:\/\/drive.google.com\/file\/d\/1rrJIICmbcWjieAIyjtCZoSOt0epiN1ux\/view?usp=drive_link\"><span style=\"text-decoration: underline\"><em><span style=\"color: #008000;text-decoration: underline\">a very fun and dynamic presentation<\/span><\/em><\/span><\/a>, in which everyone participated.<\/p>\n<p><em>Nuestro auxiliar, Ron, les explic\u00f3 a los m\u00e1s peque\u00f1os c\u00f3mo se celebra en su pa\u00eds Halloween. Les hizo una <span style=\"text-decoration: underline;color: #008000\"><a style=\"color: #008000;text-decoration: underline\" href=\"https:\/\/drive.google.com\/file\/d\/1rrJIICmbcWjieAIyjtCZoSOt0epiN1ux\/view?usp=drive_link\">presentaci\u00f3n muy divertida y din\u00e1mica<\/a><\/span>, en la que todos participaron. <\/em><\/p>\n<p><span style=\"text-decoration: underline\"><a href=\"https:\/\/drive.google.com\/drive\/folders\/103MTiOx2LzErMnfWcTy4Nytov0gcDK0Q?usp=sharing\"><em>Halloween\u00a0pictures<\/em>.<\/a><\/span><\/p>\n<hr \/>\n<p><a href=\"https:\/\/blogsaverroes.juntadeandalucia.es\/iesvirgendelcollado\/navidades-nordicas\/\">Navidades N\u00f3rdicas<\/a><\/p>\n<p><a href=\"https:\/\/blogsaverroes.juntadeandalucia.es\/iesvirgendelcollado\/bilinguismo\/photo_10_2022-12-20_20-52-01\/\" rel=\"attachment wp-att-4282\"><img loading=\"lazy\" decoding=\"async\" class=\"alignnone size-medium wp-image-4282\" src=\"https:\/\/blogsaverroes.juntadeandalucia.es\/iesvirgendelcollado\/files\/2022\/12\/photo_10_2022-12-20_20-52-01-300x225.jpg\" alt=\"\" width=\"300\" height=\"225\" srcset=\"https:\/\/blogsaverroes.juntadeandalucia.es\/iesvirgendelcollado\/files\/2022\/12\/photo_10_2022-12-20_20-52-01-300x225.jpg 300w, https:\/\/blogsaverroes.juntadeandalucia.es\/iesvirgendelcollado\/files\/2022\/12\/photo_10_2022-12-20_20-52-01-1024x768.jpg 1024w, https:\/\/blogsaverroes.juntadeandalucia.es\/iesvirgendelcollado\/files\/2022\/12\/photo_10_2022-12-20_20-52-01-768x576.jpg 768w, https:\/\/blogsaverroes.juntadeandalucia.es\/iesvirgendelcollado\/files\/2022\/12\/photo_10_2022-12-20_20-52-01.jpg 1280w\" sizes=\"(max-width: 300px) 100vw, 300px\" \/><\/a><\/p>\n<p><!--more--><\/p>\n<p style=\"text-align: center\">The 2023-2024 academic year begins with the gradual implementation of the Bilingualism Program in English in 1st ESO and 2nd ESO. Coordinated by teacher Ms. Mar\u00eda Adela Sola L\u00f3pez together with the technical assistance of the head of the English department Mr. Luis Miguel Luna Perea and his language department colleagues.<\/p>\n<p><iframe loading=\"lazy\" src=\"https:\/\/drive.google.com\/file\/d\/1vsAV4CbSonLrB1ccHnioIxl7w2hV_LbC\/preview\" width=\"640\" height=\"480\"><\/iframe><\/p>\n<p><a title=\"D\u00cdA DE LAS LENGUAS 22\/23 IES VIRGEN DEL COLLADO\" href=\"https:\/\/youtu.be\/AY1_POZ4DAg\">D\u00cdA DE LAS LENGUAS 22\/23 IES VIRGEN DEL COLLADO<\/a><\/p>\n<div style=\"width: 474px;\" class=\"wp-video\"><!--[if lt IE 9]><script>document.createElement('video');<\/script><![endif]-->\n<video class=\"wp-video-shortcode\" id=\"video-5060-1\" width=\"474\" height=\"267\" preload=\"metadata\" controls=\"controls\"><source type=\"video\/mp4\" src=\"https:\/\/blogsaverroes.juntadeandalucia.es\/iesvirgendelcollado\/files\/2022\/10\/Video-motivaci\u00f3n-Luismi1.mp4?_=1\" \/><a href=\"https:\/\/blogsaverroes.juntadeandalucia.es\/iesvirgendelcollado\/files\/2022\/10\/Video-motivaci\u00f3n-Luismi1.mp4\">https:\/\/blogsaverroes.juntadeandalucia.es\/iesvirgendelcollado\/files\/2022\/10\/Video-motivaci\u00f3n-Luismi1.mp4<\/a><\/video><\/div>\n<p>&nbsp;<\/p>\n<p>&nbsp;<\/p>\n","protected":false},"excerpt":{"rendered":"<p>Ron Caparas: school year 2023 2024 Check out activities and other tools here You can also find this information at Moodle \u201cCelebrando Halloween\u201d by Ron Caparas. November 2023. Our assistant, Ron, explained to the little ones how Halloween is celebrated in his country. He gave them a very fun and dynamic presentation, in which everyone &hellip; <a href=\"https:\/\/blogsaverroes.juntadeandalucia.es\/iesvirgendelcollado\/actividades-bilinguismo\/\" class=\"more-link\">Seguir leyendo <span class=\"screen-reader-text\">Bilingualism activities.<\/span> <span class=\"meta-nav\">&rarr;<\/span><\/a><\/p>\n","protected":false},"author":10578,"featured_media":0,"parent":0,"menu_order":0,"comment_status":"closed","ping_status":"closed","template":"","meta":{"ngg_post_thumbnail":0,"footnotes":"","_mc_calendar":[]},"aioseo_notices":[],"_links":{"self":[{"href":"https:\/\/blogsaverroes.juntadeandalucia.es\/iesvirgendelcollado\/wp-json\/wp\/v2\/pages\/5060"}],"collection":[{"href":"https:\/\/blogsaverroes.juntadeandalucia.es\/iesvirgendelcollado\/wp-json\/wp\/v2\/pages"}],"about":[{"href":"https:\/\/blogsaverroes.juntadeandalucia.es\/iesvirgendelcollado\/wp-json\/wp\/v2\/types\/page"}],"author":[{"embeddable":true,"href":"https:\/\/blogsaverroes.juntadeandalucia.es\/iesvirgendelcollado\/wp-json\/wp\/v2\/users\/10578"}],"replies":[{"embeddable":true,"href":"https:\/\/blogsaverroes.juntadeandalucia.es\/iesvirgendelcollado\/wp-json\/wp\/v2\/comments?post=5060"}],"version-history":[{"count":8,"href":"https:\/\/blogsaverroes.juntadeandalucia.es\/iesvirgendelcollado\/wp-json\/wp\/v2\/pages\/5060\/revisions"}],"predecessor-version":[{"id":5878,"href":"https:\/\/blogsaverroes.juntadeandalucia.es\/iesvirgendelcollado\/wp-json\/wp\/v2\/pages\/5060\/revisions\/5878"}],"wp:attachment":[{"href":"https:\/\/blogsaverroes.juntadeandalucia.es\/iesvirgendelcollado\/wp-json\/wp\/v2\/media?parent=5060"}],"curies":[{"name":"wp","href":"https:\/\/api.w.org\/{rel}","templated":true}]}}