{"id":5072,"date":"2023-10-15T18:10:15","date_gmt":"2023-10-15T16:10:15","guid":{"rendered":"https:\/\/blogsaverroes.juntadeandalucia.es\/iesvirgendelcollado\/?page_id=5072"},"modified":"2024-07-11T11:24:25","modified_gmt":"2024-07-11T09:24:25","slug":"ampa-hierbabuena","status":"publish","type":"page","link":"https:\/\/blogsaverroes.juntadeandalucia.es\/iesvirgendelcollado\/ampa-hierbabuena\/","title":{"rendered":"AMPA Hierbabuena"},"content":{"rendered":"<p><span style=\"color: #008000\"><em><span style=\"text-decoration: underline\"><strong><a style=\"color: #008000;text-decoration: underline\" href=\"https:\/\/docs.google.com\/forms\/d\/e\/1FAIpQLSd6--5J7H5DjoB5WlsGXCViCFBqn_vLCNWw1KuygzdbrcChFw\/viewform\">FORMULARIO de inscripci\u00f3n AMPA Hierbabuena 2024\/2025.<\/a><\/strong><\/span><\/em><\/span><\/p>\n<p style=\"text-align: left\">El <strong>AMPA Hierbabuena<\/strong> es una asociaci\u00f3n sin \u00e1nimo de lucro que formada por las familias, madres y padres de todo el alumnado del IES Virgen del Collado.<\/p>\n<p style=\"text-align: center\"><a href=\"https:\/\/blogsaverroes.juntadeandalucia.es\/iesvirgendelcollado\/ampa-hierbabuena\/escudo-ampa-hierbabuena\/\" rel=\"attachment wp-att-5078\"><img loading=\"lazy\" decoding=\"async\" class=\"alignnone wp-image-5078\" src=\"https:\/\/blogsaverroes.juntadeandalucia.es\/iesvirgendelcollado\/files\/2023\/10\/escudo-AMPA-Hierbabuena.jpg\" alt=\"\" width=\"225\" height=\"291\"><\/a><\/p>\n<p>Es un punto de encuentro y de trabajo independiente, abierto y plural.&nbsp;Desde el AMPA podemos contribuir a la mejora de la calidad de la educaci\u00f3n, la convivencia del centro y de las instalaciones.<\/p>\n<h3><span style=\"text-decoration: underline\"><em><a href=\"https:\/\/blogsaverroes.juntadeandalucia.es\/iesvirgendelcollado\/documento-historico-acta-fundacional-de-la-asociacion-de-padrs-del-ies-virgen-del-collado-en-1976\/\">Documento hist\u00f3rico. Acta fundacional del APA del IES Virgen del Collado en 1976.<\/a><\/em><\/span><\/h3>\n<h3>\u00bfPor qu\u00e9 es importante vuestra participaci\u00f3n?<\/h3>\n<p>En el instituto existen \u00f3rganos y espacios de participaci\u00f3n, siendo el AMPA&nbsp; y asociaciones de antiguos alumnos los \u00fanicos \u00f3rganos de participaci\u00f3n aut\u00f3nomo. El AMPA es importante porque:<\/p>\n<ul>\n<li>Somos corresponsables de la educaci\u00f3n que nuestros hijos\/as reciben en el centro.<\/li>\n<li>Es un espacio para aportar iniciativas y trabajar con el Equipo de Direcci\u00f3n del centro, sin depender de este.<\/li>\n<\/ul>\n<h3>\u00bfC\u00f3mo puedes participar?<\/h3>\n<p>Participar en el AMPA es muy f\u00e1cil y cada uno decide el nivel de implicaci\u00f3n.<\/p>\n<ul>\n<li>Podemos asociarnos en cualquier momento, <span style=\"color: #0000ff\"><strong><a style=\"color: #0000ff\" href=\"https:\/\/docs.google.com\/forms\/d\/e\/1FAIpQLSeW-NF9JsT1Y00IKoP5oDvRMkVzTo3Vp7Baptr7royF4UUNuA\/viewform?pli=1\">ficha de inscripci\u00f3n<\/a><\/strong><\/span> (la cuota es por familia no por ni\u00f1o\/a)<\/li>\n<li>Podemos tambi\u00e9n participar a trav\u00e9s de las asambleas, incorpor\u00e1ndote a las reuniones abiertas que se convoquen.<\/li>\n<li>Podemos colaborar en los diferentes grupos de trabajo o&nbsp;en actividades puntuales que se organizan desde el AMPA a lo largo del curso.<\/li>\n<li>Podemos proponer iniciativas, plantear temas de debate, organizar actividades, etc., &nbsp;dirigi\u00e9ndote a cualquier miembro de la junta directiva o a trav\u00e9s del blog.<\/li>\n<\/ul>\n<p>Como ves, hay muchas formas de participar y es muy importante que m\u00e1s padres y madres pasemos a la participaci\u00f3n&nbsp; de forma activa y colectiva.<\/p>\n<h3>\u00bfPara qu\u00e9 sirve?<\/h3>\n<ul>\n<li>Para defender y velar por el derecho a una educaci\u00f3n de calidad, democr\u00e1tica, atendiendo a las necesidades del alumnado.<\/li>\n<li>Para promover la participaci\u00f3n de las familias en la vida del centro, defendiendo los intereses del alumnado y de toda la comunidad educativa.<\/li>\n<li>Para buscar soluciones de forma colectiva a temas relacionados con la ense\u00f1anza y educaci\u00f3n de nuestros hijos\/as.<\/li>\n<li>Para crear espacios de encuentro y trabajo en el resto de la comunidad educativa y con el entorno.<\/li>\n<li>Para crear espacios de reflexi\u00f3n y participaci\u00f3n compartida sobre la educaci\u00f3n de nuestros hijos\/as.<\/li>\n<li>Para participar en la gesti\u00f3n del centro.<\/li>\n<\/ul>\n<h3>\u00bfC\u00f3mo se financia?<\/h3>\n<p>El AMPA &nbsp;se financia a trav\u00e9s de las cuotas de socios\/as.<br \/>\nLa cuota de socios\/as es el \u00fanico pago que realizan las familias y que gestiona el AMPA para el beneficio exclusivo de la comunidad educativa y en definitiva de la educaci\u00f3n que reciben&nbsp; nuestros hijos\/as en el centro.<\/p>\n","protected":false},"excerpt":{"rendered":"<p>FORMULARIO de inscripci\u00f3n AMPA Hierbabuena 2024\/2025. El AMPA Hierbabuena es una asociaci\u00f3n sin \u00e1nimo de lucro que formada por las familias, madres y padres de todo el alumnado del IES Virgen del Collado. Es un punto de encuentro y de trabajo independiente, abierto y plural.&nbsp;Desde el AMPA podemos contribuir a la mejora de la calidad &hellip; <a href=\"https:\/\/blogsaverroes.juntadeandalucia.es\/iesvirgendelcollado\/ampa-hierbabuena\/\" class=\"more-link\">Seguir leyendo <span class=\"screen-reader-text\">AMPA Hierbabuena<\/span> <span class=\"meta-nav\">&rarr;<\/span><\/a><\/p>\n","protected":false},"author":10578,"featured_media":0,"parent":0,"menu_order":0,"comment_status":"closed","ping_status":"closed","template":"","meta":{"ngg_post_thumbnail":0,"footnotes":"","_mc_calendar":[]},"aioseo_notices":[],"_links":{"self":[{"href":"https:\/\/blogsaverroes.juntadeandalucia.es\/iesvirgendelcollado\/wp-json\/wp\/v2\/pages\/5072"}],"collection":[{"href":"https:\/\/blogsaverroes.juntadeandalucia.es\/iesvirgendelcollado\/wp-json\/wp\/v2\/pages"}],"about":[{"href":"https:\/\/blogsaverroes.juntadeandalucia.es\/iesvirgendelcollado\/wp-json\/wp\/v2\/types\/page"}],"author":[{"embeddable":true,"href":"https:\/\/blogsaverroes.juntadeandalucia.es\/iesvirgendelcollado\/wp-json\/wp\/v2\/users\/10578"}],"replies":[{"embeddable":true,"href":"https:\/\/blogsaverroes.juntadeandalucia.es\/iesvirgendelcollado\/wp-json\/wp\/v2\/comments?post=5072"}],"version-history":[{"count":9,"href":"https:\/\/blogsaverroes.juntadeandalucia.es\/iesvirgendelcollado\/wp-json\/wp\/v2\/pages\/5072\/revisions"}],"predecessor-version":[{"id":5619,"href":"https:\/\/blogsaverroes.juntadeandalucia.es\/iesvirgendelcollado\/wp-json\/wp\/v2\/pages\/5072\/revisions\/5619"}],"wp:attachment":[{"href":"https:\/\/blogsaverroes.juntadeandalucia.es\/iesvirgendelcollado\/wp-json\/wp\/v2\/media?parent=5072"}],"curies":[{"name":"wp","href":"https:\/\/api.w.org\/{rel}","templated":true}]}}