{"id":5085,"date":"2023-10-17T20:33:08","date_gmt":"2023-10-17T18:33:08","guid":{"rendered":"https:\/\/blogsaverroes.juntadeandalucia.es\/iesvirgendelcollado\/?page_id=5085"},"modified":"2023-10-17T20:33:08","modified_gmt":"2023-10-17T18:33:08","slug":"programaciones-atencion-educativa-para-alumnado-que-no-curse-religion","status":"publish","type":"page","link":"https:\/\/blogsaverroes.juntadeandalucia.es\/iesvirgendelcollado\/programaciones-atencion-educativa-para-alumnado-que-no-curse-religion\/","title":{"rendered":"Programaciones Atenci\u00f3n Educativa para alumnado que no curse Religi\u00f3n"},"content":{"rendered":"<p><a href=\"https:\/\/www.juntadeandalucia.es\/educacion\/portals\/delegate\/content\/5e91194a-73e2-4a41-93b5-b37f678385ac\/Circular%20de%2025%20de%20julio%20de%202023%20sobre%20determinados%20aspectos%20para%20la%20organizaci%C3%B3n%20en%20los%20centros%20del%20%C3%A1rea%20y%20materia%20de%20religi%C3%B3n%20y%20atenci%C3%B3n%20educativa%20para%20el%20alumnado%20que%20no%20la%20curse,%20as%C3%AD%20como%20criterios%20homologados%20de%20actuaci%C3%B3n%20para%20los%20centros%20docentes%20en%20relaci%C3%B3n%20al%20horario,%20funciones%20y%20tareas%20del%20profesorado%20que%20imparte%20religi%C3%B3n\"><em><strong>CIRCULAR DE 25 DE JULIO DE 2023 DE LA SECRETAR\u00cdA GENERAL DE DESARROLLO EDUCATIVO, SOBRE DETERMINADOS ASPECTOS PARA LA ORGANIZACI\u00d3N EN LOS CENTROS DEL \u00c1REA Y MATERIA DE RELIGI\u00d3N Y ATENCI\u00d3N EDUCATIVA PARA EL ALUMNADO QUE NO LA CURSE&#8230;<\/strong><\/em><\/a><\/p>\n<p><span style=\"color: #0000ff\"><em><span style=\"text-decoration: underline\"><a style=\"color: #0000ff;text-decoration: underline\" href=\"https:\/\/drive.google.com\/file\/d\/1vU_ZGryjTZoUGrsi6Iw7Fy4z1ZaFNDxF\/view?usp=sharing\">Atenci\u00f3n Educativa 1\u00ba ESO<\/a><\/span><\/em><\/span><\/p>\n<p><a href=\"https:\/\/drive.google.com\/file\/d\/1vUkugEqM0x2FTZnowXtzDdvTv8kHRBJ9\/view?usp=sharing\"><span style=\"text-decoration: underline;color: #0000ff\"><em>Atenci\u00f3n Educativa 2\u00ba ESO<\/em><\/span><\/a><\/p>\n<p><a href=\"https:\/\/drive.google.com\/file\/d\/1vYBfJS8vRLVLo1-Kw7YnPSmWsIqX9ASM\/view?usp=sharing\"><span style=\"text-decoration: underline;color: #0000ff\"><em>Atenci\u00f3n Educativa 3\u00ba ESO<\/em><\/span><\/a><\/p>\n<p><a href=\"https:\/\/drive.google.com\/file\/d\/1vbsoB6i3ogsKZdWGr_ZWFCr92Ejz7QAe\/view?usp=sharing\"><span style=\"text-decoration: underline;color: #0000ff\"><em>Atenci\u00f3n Educativa 4\u00ba ESO<\/em><\/span><\/a><\/p>\n<p><a href=\"https:\/\/drive.google.com\/file\/d\/1vhxDXvUCc8mnRDCCLEt0lMRpQTxCnZAt\/view?usp=sharing\"><span style=\"text-decoration: underline;color: #0000ff\"><em>Proyectos Transversales de Educaci\u00f3n en Valores 1\u00ba Bachillerato<\/em><\/span><\/a><\/p>\n<p><a href=\"https:\/\/drive.google.com\/file\/d\/1vpMrpnjNbWAwuE5wKjQV4zj1WOVogvU5\/view?usp=sharing\"><span style=\"text-decoration: underline;color: #0000ff\"><em>Proyectos Transversales de Educaci\u00f3n en Valores 2\u00ba Bachillerato<\/em><\/span><\/a><\/p>\n<p>&nbsp;<\/p>\n","protected":false},"excerpt":{"rendered":"<p>CIRCULAR DE 25 DE JULIO DE 2023 DE LA SECRETAR\u00cdA GENERAL DE DESARROLLO EDUCATIVO, SOBRE DETERMINADOS ASPECTOS PARA LA ORGANIZACI\u00d3N EN LOS CENTROS DEL \u00c1REA Y MATERIA DE RELIGI\u00d3N Y ATENCI\u00d3N EDUCATIVA PARA EL ALUMNADO QUE NO LA CURSE&#8230; Atenci\u00f3n Educativa 1\u00ba ESO Atenci\u00f3n Educativa 2\u00ba ESO Atenci\u00f3n Educativa 3\u00ba ESO Atenci\u00f3n Educativa 4\u00ba ESO &hellip; <a href=\"https:\/\/blogsaverroes.juntadeandalucia.es\/iesvirgendelcollado\/programaciones-atencion-educativa-para-alumnado-que-no-curse-religion\/\" class=\"more-link\">Seguir leyendo <span class=\"screen-reader-text\">Programaciones Atenci\u00f3n Educativa para alumnado que no curse Religi\u00f3n<\/span> <span class=\"meta-nav\">&rarr;<\/span><\/a><\/p>\n","protected":false},"author":10578,"featured_media":0,"parent":0,"menu_order":0,"comment_status":"closed","ping_status":"closed","template":"","meta":{"ngg_post_thumbnail":0,"footnotes":"","_mc_calendar":[]},"aioseo_notices":[],"_links":{"self":[{"href":"https:\/\/blogsaverroes.juntadeandalucia.es\/iesvirgendelcollado\/wp-json\/wp\/v2\/pages\/5085"}],"collection":[{"href":"https:\/\/blogsaverroes.juntadeandalucia.es\/iesvirgendelcollado\/wp-json\/wp\/v2\/pages"}],"about":[{"href":"https:\/\/blogsaverroes.juntadeandalucia.es\/iesvirgendelcollado\/wp-json\/wp\/v2\/types\/page"}],"author":[{"embeddable":true,"href":"https:\/\/blogsaverroes.juntadeandalucia.es\/iesvirgendelcollado\/wp-json\/wp\/v2\/users\/10578"}],"replies":[{"embeddable":true,"href":"https:\/\/blogsaverroes.juntadeandalucia.es\/iesvirgendelcollado\/wp-json\/wp\/v2\/comments?post=5085"}],"version-history":[{"count":1,"href":"https:\/\/blogsaverroes.juntadeandalucia.es\/iesvirgendelcollado\/wp-json\/wp\/v2\/pages\/5085\/revisions"}],"predecessor-version":[{"id":5087,"href":"https:\/\/blogsaverroes.juntadeandalucia.es\/iesvirgendelcollado\/wp-json\/wp\/v2\/pages\/5085\/revisions\/5087"}],"wp:attachment":[{"href":"https:\/\/blogsaverroes.juntadeandalucia.es\/iesvirgendelcollado\/wp-json\/wp\/v2\/media?parent=5085"}],"curies":[{"name":"wp","href":"https:\/\/api.w.org\/{rel}","templated":true}]}}