{"id":5111,"date":"2023-11-01T14:32:43","date_gmt":"2023-11-01T12:32:43","guid":{"rendered":"https:\/\/blogsaverroes.juntadeandalucia.es\/iesvirgendelcollado\/?page_id=5111"},"modified":"2025-03-12T10:39:29","modified_gmt":"2025-03-12T08:39:29","slug":"conversation-assistant","status":"publish","type":"page","link":"https:\/\/blogsaverroes.juntadeandalucia.es\/iesvirgendelcollado\/bilinguismo\/conversation-assistant\/","title":{"rendered":"Language Assistant"},"content":{"rendered":"<p style=\"text-align: center\">Biling\u00fciismo en el IES Virgen del Collado<\/p>\n<p>&nbsp;<\/p>\n<p style=\"text-align: center\"><a href=\"https:\/\/blogsaverroes.juntadeandalucia.es\/iesvirgendelcollado\/files\/2025\/03\/Captura-de-Pantalla-2025-03-11-a-las-10.05.34.jpg\"><img loading=\"lazy\" decoding=\"async\" class=\"alignnone size-medium wp-image-5873\" src=\"https:\/\/blogsaverroes.juntadeandalucia.es\/iesvirgendelcollado\/files\/2025\/03\/Captura-de-Pantalla-2025-03-11-a-las-10.05.34-300x163.jpg\" alt=\"\" width=\"300\" height=\"163\" srcset=\"https:\/\/blogsaverroes.juntadeandalucia.es\/iesvirgendelcollado\/files\/2025\/03\/Captura-de-Pantalla-2025-03-11-a-las-10.05.34-300x163.jpg 300w, https:\/\/blogsaverroes.juntadeandalucia.es\/iesvirgendelcollado\/files\/2025\/03\/Captura-de-Pantalla-2025-03-11-a-las-10.05.34-1024x556.jpg 1024w, https:\/\/blogsaverroes.juntadeandalucia.es\/iesvirgendelcollado\/files\/2025\/03\/Captura-de-Pantalla-2025-03-11-a-las-10.05.34-768x417.jpg 768w, https:\/\/blogsaverroes.juntadeandalucia.es\/iesvirgendelcollado\/files\/2025\/03\/Captura-de-Pantalla-2025-03-11-a-las-10.05.34.jpg 1391w\" sizes=\"(max-width: 300px) 100vw, 300px\" \/><\/a><\/p>\n<p>l<\/p>\n<p>Para obtener m\u00e1s informaci\u00f3n, pichad el siguiente <a title=\"enlace\" href=\"https:\/\/blogsaverroes.juntadeandalucia.es\/iesvirgendelcollado\/bilinguismo-en-el-ies-virgen-del-collado\/\" target=\"_blank\" rel=\"noopener\">enlace<\/a> (presentaci\u00f3n en espa\u00f1ol)<\/p>\n<p>&nbsp;<\/p>\n<hr \/>\n<p>&nbsp;<\/p>\n<p style=\"text-align: center\">Bilinguism in IES Virgen del Collado<\/p>\n<p>&nbsp;<\/p>\n<p style=\"text-align: center\"><a href=\"https:\/\/blogsaverroes.juntadeandalucia.es\/iesvirgendelcollado\/files\/2025\/03\/Captura-de-Pantalla-2025-03-08-a-las-23.43.221.jpg\"><img loading=\"lazy\" decoding=\"async\" class=\"alignnone size-medium wp-image-5854\" src=\"https:\/\/blogsaverroes.juntadeandalucia.es\/iesvirgendelcollado\/files\/2025\/03\/Captura-de-Pantalla-2025-03-08-a-las-23.43.221-300x162.jpg\" alt=\"\" width=\"300\" height=\"162\" srcset=\"https:\/\/blogsaverroes.juntadeandalucia.es\/iesvirgendelcollado\/files\/2025\/03\/Captura-de-Pantalla-2025-03-08-a-las-23.43.221-300x162.jpg 300w, https:\/\/blogsaverroes.juntadeandalucia.es\/iesvirgendelcollado\/files\/2025\/03\/Captura-de-Pantalla-2025-03-08-a-las-23.43.221-1024x553.jpg 1024w, https:\/\/blogsaverroes.juntadeandalucia.es\/iesvirgendelcollado\/files\/2025\/03\/Captura-de-Pantalla-2025-03-08-a-las-23.43.221-768x414.jpg 768w, https:\/\/blogsaverroes.juntadeandalucia.es\/iesvirgendelcollado\/files\/2025\/03\/Captura-de-Pantalla-2025-03-08-a-las-23.43.221.jpg 1386w\" sizes=\"(max-width: 300px) 100vw, 300px\" \/><\/a><\/p>\n<p>&nbsp;<\/p>\n<p>For more information, please click <a title=\"here\" href=\"https:\/\/view.genially.com\/67cc910e303d47335fa90237\/interactive-content-ies-virgen-del-collado\" target=\"_blank\" rel=\"noopener\">here<\/a> (presentaci\u00f3n en ingl\u00e9s)<\/p>\n<p>&nbsp;<\/p>\n<p>&nbsp;<\/p>\n<hr \/>\n<p>&nbsp;<\/p>\n<p style=\"text-align: center\"><strong>Ron Caparas in Santisteban<\/strong><\/p>\n<p style=\"text-align: center\"><iframe loading=\"lazy\" src=\"https:\/\/drive.google.com\/file\/d\/1_twRWLfGES3ZiLnfVE7QKwpWmT9kZcYi\/preview\" width=\"640\" height=\"480\"><\/iframe><\/p>\n<hr \/>\n<p style=\"text-align: center\"><span style=\"color: #0000ff\"><strong><span style=\"color: #000000\">Damos la bienvenida a nuestro auxiliar de conversaci\u00f3n:<\/span> <\/strong><\/span><\/p>\n<p style=\"text-align: center\"><span style=\"color: #0000ff\"><strong>Ron Milleo<\/strong><\/span><br \/>\nEl 2 de octubre de 2023 se incorpor\u00f3 a la plantilla del centro, nuestro auxiliar de conversaci\u00f3n: Ron. Un joven de Filipinas que ha llegado con gran entusiasmo e ilusi\u00f3n al equipo biling\u00fce del IES \u201cVirgen del Collado\u201d. Su principal objetivo es reforzar el aspecto oral de la lengua inglesa de nuestro alumnado, pero tambi\u00e9n dar a conocer su cultura reforzando as\u00ed valores como el respeto y la tolerancia.<br \/>\n\u00a1Seguro que este curso vamos a aprender mucho con \u00e9l!<br \/>\nBienvenido, Ron. \ud83d\ude42<\/p>\n<p style=\"text-align: center\"><strong>We welcome our conversation assistant: <\/strong><\/p>\n<p style=\"text-align: center\"><strong><span style=\"color: #0000ff\">Ron Milleo<\/span><\/strong><br \/>\nOn October 2, our conversation assistant, Ron, joined the center&#8217;s staff. A young man from the Philippines who has arrived with great enthusiasm to the IES \u201cVirgen del Collado\u201d bilingual team. Its main objective is to reinforce the oral aspect of the English language of our students, but also to make their culture known, thus reinforcing values \u200b\u200bsuch as respect and tolerance.<br \/>\nI&#8217;m sure we&#8217;re going to learn a lot from him this course!<br \/>\nWelcome, Ron. \ud83d\ude42<\/p>\n<hr \/>\n<p style=\"text-align: center\"><span style=\"color: #0000ff\">Ron&#8217;s presentation<\/span><\/p>\n<p style=\"text-align: center\"><span style=\"color: #000000\"><iframe loading=\"lazy\" src=\"https:\/\/drive.google.com\/file\/d\/10t2DaQJ_J_KQYdOBUJ0poi5kv14D3C9T\/preview\" width=\"640\" height=\"480\"><\/iframe><\/span><\/p>\n<hr \/>\n<p><span style=\"text-decoration: underline\"><em><a href=\"https:\/\/drive.google.com\/drive\/folders\/103MTiOx2LzErMnfWcTy4Nytov0gcDK0Q?usp=sharing\">Halloween in the Philippines (link to photographs of Ron in action).<\/a><\/em><\/span><\/p>\n<p>&nbsp;<\/p>\n<p>&nbsp;<\/p>\n","protected":false},"excerpt":{"rendered":"<p>Biling\u00fciismo en el IES Virgen del Collado &nbsp; l Para obtener m\u00e1s informaci\u00f3n, pichad el siguiente enlace (presentaci\u00f3n en espa\u00f1ol) &nbsp; &nbsp; Bilinguism in IES Virgen del Collado &nbsp; &nbsp; For more information, please click here (presentaci\u00f3n en ingl\u00e9s) &nbsp; &nbsp; &nbsp; Ron Caparas in Santisteban Damos la bienvenida a nuestro auxiliar de conversaci\u00f3n: Ron &hellip; <a href=\"https:\/\/blogsaverroes.juntadeandalucia.es\/iesvirgendelcollado\/bilinguismo\/conversation-assistant\/\" class=\"more-link\">Seguir leyendo <span class=\"screen-reader-text\">Language Assistant<\/span> <span class=\"meta-nav\">&rarr;<\/span><\/a><\/p>\n","protected":false},"author":10578,"featured_media":0,"parent":3708,"menu_order":0,"comment_status":"closed","ping_status":"closed","template":"","meta":{"ngg_post_thumbnail":0,"footnotes":"","_mc_calendar":[]},"aioseo_notices":[],"_links":{"self":[{"href":"https:\/\/blogsaverroes.juntadeandalucia.es\/iesvirgendelcollado\/wp-json\/wp\/v2\/pages\/5111"}],"collection":[{"href":"https:\/\/blogsaverroes.juntadeandalucia.es\/iesvirgendelcollado\/wp-json\/wp\/v2\/pages"}],"about":[{"href":"https:\/\/blogsaverroes.juntadeandalucia.es\/iesvirgendelcollado\/wp-json\/wp\/v2\/types\/page"}],"author":[{"embeddable":true,"href":"https:\/\/blogsaverroes.juntadeandalucia.es\/iesvirgendelcollado\/wp-json\/wp\/v2\/users\/10578"}],"replies":[{"embeddable":true,"href":"https:\/\/blogsaverroes.juntadeandalucia.es\/iesvirgendelcollado\/wp-json\/wp\/v2\/comments?post=5111"}],"version-history":[{"count":8,"href":"https:\/\/blogsaverroes.juntadeandalucia.es\/iesvirgendelcollado\/wp-json\/wp\/v2\/pages\/5111\/revisions"}],"predecessor-version":[{"id":5875,"href":"https:\/\/blogsaverroes.juntadeandalucia.es\/iesvirgendelcollado\/wp-json\/wp\/v2\/pages\/5111\/revisions\/5875"}],"up":[{"embeddable":true,"href":"https:\/\/blogsaverroes.juntadeandalucia.es\/iesvirgendelcollado\/wp-json\/wp\/v2\/pages\/3708"}],"wp:attachment":[{"href":"https:\/\/blogsaverroes.juntadeandalucia.es\/iesvirgendelcollado\/wp-json\/wp\/v2\/media?parent=5111"}],"curies":[{"name":"wp","href":"https:\/\/api.w.org\/{rel}","templated":true}]}}