{"id":5175,"date":"2023-11-24T14:10:39","date_gmt":"2023-11-24T12:10:39","guid":{"rendered":"https:\/\/blogsaverroes.juntadeandalucia.es\/iesvirgendelcollado\/?page_id=5175"},"modified":"2023-12-13T13:47:17","modified_gmt":"2023-12-13T11:47:17","slug":"pruebas-de-acceso-a-ciclos-formativos","status":"publish","type":"page","link":"https:\/\/blogsaverroes.juntadeandalucia.es\/iesvirgendelcollado\/pruebas-de-acceso-a-ciclos-formativos\/","title":{"rendered":"Pruebas de Acceso a Ciclos Formativos"},"content":{"rendered":"<p><span style=\"text-decoration: underline\"><em><span style=\"color: #0000ff\"><a style=\"color: #0000ff;text-decoration: underline\" href=\"https:\/\/portals.ced.junta-andalucia.es\/educacion\/portals\/web\/formacion-profesional-andaluza\/quiero-formarme\/pruebas-y-procedimientos\/pruebas-acceso\" target=\"_blank\" rel=\"noopener noreferrer\">\u00bfQuieres conocer todo lo relativo a las Pruebas de acceso a ciclos formativos de Formaci\u00f3n Profesional? pincha aqu\u00ed.<\/a><\/span><\/em><\/span><\/p>\n<p><a href=\"https:\/\/portals.ced.junta-andalucia.es\/educacion\/portals\/delegate\/content\/3c6edb0f-cdbd-47a0-98cd-4412d216be47\/Texto%20de%20la%20Resoluci%C3%B3n%20(BOJA)\" target=\"_blank\" rel=\"noopener noreferrer\"><strong>Resoluci\u00f3n de 17 de noviembre de 2023, de la Direcci\u00f3n General de Formaci\u00f3n Profesional, por la que se convocan las pruebas de acceso a los Ciclos Formativos de Grado Medio y Grado Superior de Formaci\u00f3n Profesional en el curso escolar 2023\/2024.<\/strong><\/a><\/p>\n<p><iframe loading=\"lazy\" src=\"https:\/\/drive.google.com\/file\/d\/1RL5_opJ103uvH5HttvzeaEzDkLBfAmj3\/preview\" width=\"640\" height=\"480\"><\/iframe><\/p>\n<p><strong>Pruebas de acceso a los Ciclos Formativos&nbsp;de Grado Medio y Grado Superior de Formaci\u00f3n Profesional en el curso escolar 2023\/2024<\/strong><\/p>\n<p><strong>Requisitos para la prueba de acceso a ciclos formativos de grado medio.<\/strong><\/p>\n<ul>\n<li>No poseo&nbsp;los&nbsp;requisitos&nbsp;acad\u00e9micos exigidos para&nbsp;acceder al ciclo formativo de grado medio.<\/li>\n<li>Tengo cumplidos&nbsp;17 a\u00f1os de edad&nbsp;o los cumplo en el a\u00f1o natural de celebraci\u00f3n de la prueba.<\/li>\n<\/ul>\n<p><strong>Requisitos para la prueba de acceso a ciclos formativos de grado superior.<\/strong><\/p>\n<ul>\n<li>No poseo&nbsp;los&nbsp;requisitos&nbsp;acad\u00e9micos exigidos para&nbsp;acceder al ciclo formativo de grado superior.&nbsp;<\/li>\n<li>Tengo cumplidos&nbsp;19 a\u00f1os&nbsp;de edad o los cumplo en el a\u00f1o natural de celebraci\u00f3n de la prueba.<\/li>\n<\/ul>\n<p><strong>Los principales plazos son los siguientes:<\/strong><\/p>\n<p>&#8211; Plazo de Inscripci\u00f3n:&nbsp;<strong>del 15 al 26 de enero.<\/strong><\/p>\n<p>&#8211; Publicaci\u00f3n de la relaci\u00f3n provisional de admitidos y excluidos:&nbsp;<strong>12 febrero.<\/strong><\/p>\n<p>&#8211; Reclamaciones a la relaci\u00f3n provisional:&nbsp;<strong>del 13 al 15 febrero.<\/strong><\/p>\n<p>&#8211; Publicaci\u00f3n de la relaci\u00f3n definitiva de admitidos y excluidos:&nbsp;<strong>19 febrero.<\/strong><\/p>\n<p>&#8211; Plazo para la realizaci\u00f3n de las pruebas:&nbsp;<strong>del 1 al 26 de abril.<\/strong><\/p>\n<p>&nbsp;<\/p>\n","protected":false},"excerpt":{"rendered":"<p>\u00bfQuieres conocer todo lo relativo a las Pruebas de acceso a ciclos formativos de Formaci\u00f3n Profesional? pincha aqu\u00ed. Resoluci\u00f3n de 17 de noviembre de 2023, de la Direcci\u00f3n General de Formaci\u00f3n Profesional, por la que se convocan las pruebas de acceso a los Ciclos Formativos de Grado Medio y Grado Superior de Formaci\u00f3n Profesional en &hellip; <a href=\"https:\/\/blogsaverroes.juntadeandalucia.es\/iesvirgendelcollado\/pruebas-de-acceso-a-ciclos-formativos\/\" class=\"more-link\">Seguir leyendo <span class=\"screen-reader-text\">Pruebas de Acceso a Ciclos Formativos<\/span> <span class=\"meta-nav\">&rarr;<\/span><\/a><\/p>\n","protected":false},"author":10578,"featured_media":0,"parent":0,"menu_order":0,"comment_status":"closed","ping_status":"closed","template":"","meta":{"ngg_post_thumbnail":0,"footnotes":"","_mc_calendar":[]},"aioseo_notices":[],"_links":{"self":[{"href":"https:\/\/blogsaverroes.juntadeandalucia.es\/iesvirgendelcollado\/wp-json\/wp\/v2\/pages\/5175"}],"collection":[{"href":"https:\/\/blogsaverroes.juntadeandalucia.es\/iesvirgendelcollado\/wp-json\/wp\/v2\/pages"}],"about":[{"href":"https:\/\/blogsaverroes.juntadeandalucia.es\/iesvirgendelcollado\/wp-json\/wp\/v2\/types\/page"}],"author":[{"embeddable":true,"href":"https:\/\/blogsaverroes.juntadeandalucia.es\/iesvirgendelcollado\/wp-json\/wp\/v2\/users\/10578"}],"replies":[{"embeddable":true,"href":"https:\/\/blogsaverroes.juntadeandalucia.es\/iesvirgendelcollado\/wp-json\/wp\/v2\/comments?post=5175"}],"version-history":[{"count":4,"href":"https:\/\/blogsaverroes.juntadeandalucia.es\/iesvirgendelcollado\/wp-json\/wp\/v2\/pages\/5175\/revisions"}],"predecessor-version":[{"id":5226,"href":"https:\/\/blogsaverroes.juntadeandalucia.es\/iesvirgendelcollado\/wp-json\/wp\/v2\/pages\/5175\/revisions\/5226"}],"wp:attachment":[{"href":"https:\/\/blogsaverroes.juntadeandalucia.es\/iesvirgendelcollado\/wp-json\/wp\/v2\/media?parent=5175"}],"curies":[{"name":"wp","href":"https:\/\/api.w.org\/{rel}","templated":true}]}}