{"id":5211,"date":"2023-11-30T21:54:08","date_gmt":"2023-11-30T19:54:08","guid":{"rendered":"https:\/\/blogsaverroes.juntadeandalucia.es\/iesvirgendelcollado\/?page_id=5211"},"modified":"2024-01-15T00:03:48","modified_gmt":"2024-01-14T22:03:48","slug":"competencia-digital","status":"publish","type":"page","link":"https:\/\/blogsaverroes.juntadeandalucia.es\/iesvirgendelcollado\/competencia-digital\/","title":{"rendered":"Competencia Digital"},"content":{"rendered":"<p><strong><a href=\"https:\/\/www.boe.es\/diario_boe\/txt.php?id=BOE-A-2022-8042\" target=\"_blank\" rel=\"noopener noreferrer\">Marco de Referencia de Competencia Digital Docente.<\/a><\/strong><\/p>\n<p>\u00c1reas, competencias, etapas, niveles e indicadores de logro y ejemplificaci\u00f3n a trav\u00e9s de afirmaciones sobre el desempe\u00f1o correspondiente al nivel de cada competencia.<\/p>\n<p>Se presenta estructurado en seis \u00e1reas:<\/p>\n<p>Compromiso profesional<br \/>\nContenidos digitales<br \/>\nEnse\u00f1anza y aprendizaje<br \/>\nEvaluaci\u00f3n y retroalimentaci\u00f3n<br \/>\nEmpoderamiento del alumnado<br \/>\nDesarrollo de la competencia digital del alumnado<\/p>\n<p><a href=\"https:\/\/docs.google.com\/presentation\/d\/1cGS5EMK48OVUzDHHBPBOpdMiuwp5Ltg7\/edit?usp=drive_link&amp;ouid=100915453278229599439&amp;rtpof=true&amp;sd=true\" target=\"_blank\" rel=\"noopener noreferrer\">Presentaci\u00f3n Formativa Competencia Digital Docente<\/a><\/p>\n<p><a title=\"SYMBALOO con curaci\u00f3n de Recursos Digitales para el Profesorado\" href=\"https:\/\/www.symbaloo.com\/embed\/shared\/AAAACAnhg8UAA42AhB04qA==\" target=\"_blank\" rel=\"noopener noreferrer\">SYMBALOO con curaci\u00f3n de Recursos Digitales para el Profesorado<\/a>.<\/p>\n<p><a title=\"SYMBALOO con curaci\u00f3n de Recursos Digitales para el Alumnado\" href=\"https:\/\/www.symbaloo.com\/embed\/recursosalumnado-2ttv\" target=\"_blank\" rel=\"noopener noreferrer\">SYMBALOO con curaci\u00f3n de Recursos Digitales para el Alumnado.<\/a><\/p>\n<hr>\n<p><strong>eXeLEARNING<\/strong><\/p>\n<p><a href=\"https:\/\/exelearning.net\/en\/downloads\/\">Crea tus propios contenidos digitales en abierto con ExeLearning.<\/a><\/p>\n<p><a class=\"enlace\" title=\"eXeAprendizaje\" href=\"https:\/\/exelearning.net\/en\" target=\"_blank\" rel=\"noopener noreferrer\">eXeLearning<\/a>&nbsp;&nbsp;es una herramienta de software gratuita bajo&nbsp;&nbsp;<a class=\"enlace\" href=\"http:\/\/www.gnu.org\/licenses\/gpl-2.0.html\" target=\"_blank\" rel=\"noopener noreferrer\">GPL-2<\/a>&nbsp;&nbsp;que se puede utilizar para crear contenidos web educativos interactivos.&nbsp;eXeLearning puede generar contenidos interactivos en formato XHTML o HTML5 y le permite crear p\u00e1ginas web f\u00e1cilmente navegables que incluyen texto, im\u00e1genes, actividades interactivas, galer\u00edas de im\u00e1genes o clips multimedia.&nbsp;Todos los materiales educativos generados con eXeLearning se pueden exportar en diferentes formatos digitales, para utilizarlos de forma independiente o integrarlos a un LMS (Learning Management System) como Moodle.<\/p>\n<p style=\"text-align: center\"><iframe loading=\"lazy\" src=\"https:\/\/www.youtube.com\/embed\/yudJeT7j5Hw?si=ygJ6mTG7Vj51zis2\" width=\"560\" height=\"315\" frameborder=\"0\"><\/iframe><\/p>\n<p>&nbsp;<\/p>\n","protected":false},"excerpt":{"rendered":"<p>Marco de Referencia de Competencia Digital Docente. \u00c1reas, competencias, etapas, niveles e indicadores de logro y ejemplificaci\u00f3n a trav\u00e9s de afirmaciones sobre el desempe\u00f1o correspondiente al nivel de cada competencia. Se presenta estructurado en seis \u00e1reas: Compromiso profesional Contenidos digitales Ense\u00f1anza y aprendizaje Evaluaci\u00f3n y retroalimentaci\u00f3n Empoderamiento del alumnado Desarrollo de la competencia digital del &hellip; <a href=\"https:\/\/blogsaverroes.juntadeandalucia.es\/iesvirgendelcollado\/competencia-digital\/\" class=\"more-link\">Seguir leyendo <span class=\"screen-reader-text\">Competencia Digital<\/span> <span class=\"meta-nav\">&rarr;<\/span><\/a><\/p>\n","protected":false},"author":10578,"featured_media":0,"parent":0,"menu_order":0,"comment_status":"closed","ping_status":"closed","template":"","meta":{"ngg_post_thumbnail":0,"footnotes":"","_mc_calendar":[]},"aioseo_notices":[],"_links":{"self":[{"href":"https:\/\/blogsaverroes.juntadeandalucia.es\/iesvirgendelcollado\/wp-json\/wp\/v2\/pages\/5211"}],"collection":[{"href":"https:\/\/blogsaverroes.juntadeandalucia.es\/iesvirgendelcollado\/wp-json\/wp\/v2\/pages"}],"about":[{"href":"https:\/\/blogsaverroes.juntadeandalucia.es\/iesvirgendelcollado\/wp-json\/wp\/v2\/types\/page"}],"author":[{"embeddable":true,"href":"https:\/\/blogsaverroes.juntadeandalucia.es\/iesvirgendelcollado\/wp-json\/wp\/v2\/users\/10578"}],"replies":[{"embeddable":true,"href":"https:\/\/blogsaverroes.juntadeandalucia.es\/iesvirgendelcollado\/wp-json\/wp\/v2\/comments?post=5211"}],"version-history":[{"count":14,"href":"https:\/\/blogsaverroes.juntadeandalucia.es\/iesvirgendelcollado\/wp-json\/wp\/v2\/pages\/5211\/revisions"}],"predecessor-version":[{"id":5269,"href":"https:\/\/blogsaverroes.juntadeandalucia.es\/iesvirgendelcollado\/wp-json\/wp\/v2\/pages\/5211\/revisions\/5269"}],"wp:attachment":[{"href":"https:\/\/blogsaverroes.juntadeandalucia.es\/iesvirgendelcollado\/wp-json\/wp\/v2\/media?parent=5211"}],"curies":[{"name":"wp","href":"https:\/\/api.w.org\/{rel}","templated":true}]}}