{"id":5360,"date":"2024-04-18T14:05:26","date_gmt":"2024-04-18T12:05:26","guid":{"rendered":"https:\/\/blogsaverroes.juntadeandalucia.es\/iesvirgendelcollado\/?page_id=5360"},"modified":"2026-01-21T15:45:26","modified_gmt":"2026-01-21T13:45:26","slug":"pevau","status":"publish","type":"page","link":"https:\/\/blogsaverroes.juntadeandalucia.es\/iesvirgendelcollado\/pevau\/","title":{"rendered":"PAU"},"content":{"rendered":"<div>\n<p><a href=\"https:\/\/www.juntadeandalucia.es\/boja\/2025\/220\/BOJA25-220-00009-15294-01_00328891.pdf\" target=\"_blank\" rel=\"noopener\">Resoluci\u00f3n de 11 de noviembre de 2025, de la Direcci\u00f3n General de Coordinaci\u00f3n Universitaria, por la que se hace p\u00fablico el Acuerdo de 16 de octubre de 2025, de la Comisi\u00f3n Coordinadora Interuniversitaria de Andaluc\u00eda, por el que se establecen los plazos, el calendario y el c\u00e1lculo de notas de las pruebas de evaluaci\u00f3n de Bachillerato para el acceso a la universidad y de las pruebas de admisi\u00f3n que se celebrar\u00e1n en el curso 2025\/2026.<\/a><\/p>\n<p><a title=\"Convocatoria para la realizaci\u00f3n de la PAU curso 2024\/2025\" href=\"https:\/\/drive.google.com\/file\/d\/1ng88xc4FmxN80jWUiiyo9NYbxUMAIxcd\/view?usp=sharing\" target=\"_blank\" rel=\"noopener\">Convocatoria para la realizaci\u00f3n de la PAU curso 2024\/2025<\/a><\/p>\n<p>Fechas de celebraci\u00f3n de los ejercicios.<br \/>\nLa convocatoria ordinaria de las pruebas se realizar\u00e1 los d\u00edas 2, 3 y 4 de junio de 2026 y la convocatoria extraordinaria los d\u00edas 30 de junio y 1 y 2 de julio de 2026.<\/p>\n<p>&nbsp;<\/p>\n<\/div>\n<div>\n<p><a title=\"Matr\u00edcula de la Prueba de Evaluaci\u00f3n de Bachillerato para el Acceso a la Universidad y Pruebas de Admisi\u00f3n (PEvAU)\" href=\"https:\/\/www.ujaen.es\/estudios\/acceso-y-matricula\/acceso-y-admision-la-uja\/pruebas-de-acceso-y-admision-la-universidad-para-estudiantes-de-0\" target=\"_blank\" rel=\"noopener noreferrer\">Matr\u00edcula de la Prueba de Evaluaci\u00f3n de Bachillerato para el Acceso a la Universidad y Pruebas de Admisi\u00f3n (PAU)<\/a><\/p>\n<hr>\n<p>&nbsp;<\/p>\n<p>Publicada informaci\u00f3n actualizada de<b>&nbsp;<\/b>la&nbsp;<b>Presentaci\u00f3n Encuentros UJA 2025<\/b>, la puede consultar a trav\u00e9s del siguiente enlace:<\/p>\n<\/div>\n<div>&nbsp;<\/div>\n<div><a href=\"https:\/\/www.ujaen.es\/estudios\/acceso-y-matricula\/sites\/segundonivel_acceso_y_matricula\/files\/uploads\/acceso\/presentacion_encuentrosuja.pdf\" target=\"_blank\" rel=\"noopener noreferrer\">Presentaci\u00f3n Encuentros UJA<\/a><\/div>\n<div><a href=\"https:\/\/www.ujaen.es\/estudios\/acceso-y-matricula\/de-interes-para-centros-de-educacion-secundaria\/encuentros-uja\" target=\"_blank\" rel=\"noopener noreferrer\">Encuentros UJA | Acceso y Matr\u00edcula<\/a><\/div>\n<div>&nbsp;<\/div>\n<div><iframe loading=\"lazy\" src=\"https:\/\/drive.google.com\/file\/d\/1Odh9uajARhk4R1lqeBohCkmMeBNydNsw\/preview\" width=\"640\" height=\"480\"><\/iframe><\/div>\n<div>&nbsp;<\/div>\n<p style=\"text-align: center\"><span style=\"color: #0000ff\"><strong>M\u00c1S TUTORIALES EXPLICATIVOS ACERCA DEL PROCESO DE PREINSCRIPCI\u00d3N EN GRADOS UNIVERSITARIOS<\/strong><\/span><\/p>\n<p><a href=\"https:\/\/www.youtube.com\/watch?v=XQeIbaPumOE\" target=\"_blank\" rel=\"noopener\">Tutorial<\/a><\/p>\n<p>&nbsp;<\/p>\n<p><video controls=\"controls\" width=\"300\" height=\"150\"><br \/>\n<\/video><\/p>\n<hr>\n<p>&nbsp;<\/p>\n<p style=\"text-align: center\"><strong><span style=\"color: #0000ff\">ENLACE AL TUTORIAL PARA SELECCIONAR GRADOS<\/span><\/strong><\/p>\n<p>Pod\u00e9is ver un tutorial acerca de la preinscripci\u00f3n en el siguiente&nbsp;<a href=\"https:\/\/www.youtube.com\/watch?v=L0V7I0RH5IA\">enlace<\/a><\/p>\n<hr>\n<p style=\"text-align: center\"><span style=\"color: #0000ff\"><strong>ADMISI\u00d3N PARA CURSAR ESTUDIOS DE GRADO UNIVERSITARIO<\/strong><\/span><\/p>\n<p>Para cursar estudios de grado universitario es necesario realizar la preinscripci\u00f3n en el <a title=\"Distrito \u00danico Andaluz\" href=\"https:\/\/www.juntadeandalucia.es\/economiaconocimientoempresasyuniversidad\/sguit\/\" target=\"_blank\" rel=\"noopener\">Distrito \u00danico Andaluz<\/a>, en este enlace:<\/p>\n<p><a href=\"https:\/\/www.juntadeandalucia.es\/economiaconocimientoempresasyuniversidad\/sguit\/\">https:\/\/www.juntadeandalucia.es\/economiaconocimientoempresasyuniversidad\/sguit\/<\/a><\/p>\n<p>Aparecer\u00e1 en eventos destacados dentro de la p\u00e1gina web.<\/p>\n<hr>\n<div dir=\"ltr\"><strong>Sitio web para las ponderaciones de las materias:<\/strong><\/div>\n<div dir=\"ltr\"><span style=\"text-decoration: underline\"><em><a href=\"https:\/\/www.ujaen.es\/estudios\/acceso-y-matricula\/acceso-y-admision-la-uja\/pruebas-de-acceso-y-admision-la-universidad-para-estudiantes-de\" target=\"_blank\" rel=\"noopener noreferrer\">Pruebas de Acceso y Admisi\u00f3n a la Universidad para estudiantes de Bachillerato y Ciclos Formativos de Grado Superior | Acceso y Matr\u00edcula (ujaen.es)<\/a><\/em><\/span><\/div>\n<div dir=\"ltr\"><span style=\"text-decoration: underline\"><em><a href=\"https:\/\/www.ujaen.es\/estudios\/acceso-y-matricula\/parametros-de-ponderacion-de-las-materias-de-bachillerato-en-relacion-con-las-ensenanzas\" target=\"_blank\" rel=\"noopener\">Par\u00e1metros de PONDERACI\u00d3N DE LAS MATERIAS de bachillerato en relaci\u00f3n con las ense\u00f1anzas universitarias | Acceso y Matr\u00edcula (ujaen.es)<\/a><\/em><\/span><\/div>\n<p>&nbsp;<\/p>\n<hr>\n<div id=\"block-ujaen-acceso-y-matricula-page-title\" class=\"block block-core block-page-title-block\">\n<h1 class=\"page-title\"><span class=\"field field--name-title field--type-string field--label-hidden\">Solicitud Clave TIC alumnos bachillerato y ciclos<\/span><\/h1>\n<\/div>\n<div id=\"block-ujaen-acceso-y-matricula-content\" class=\"block block-system block-system-main-block\">\n<article class=\"node node--type-seccion-de-micrositio node--view-mode-full\" role=\"article\">\n<div class=\"node__content\">\n<div class=\"clearfix text-formatted field field--name-body field--type-text-with-summary field--label-hidden field__item\">&nbsp;<\/div>\n<\/div>\n<\/article>\n<\/div>\n<p style=\"font-weight: 400\">Desde hace a\u00f1os, la Universidad de Ja\u00e9n facilita una&nbsp;<strong>cuenta TIC<\/strong>&nbsp;al alumnado de 2\u00ba de Bachillerato y 2\u00ba curso de los Ciclos Formativos de Grado Superior de la provincia de Ja\u00e9n.<\/p>\n<p style=\"font-weight: 400\">Esta cuenta es&nbsp;<strong>necesaria<\/strong>&nbsp;para&nbsp;realizar los tr\u00e1mites relacionados con la&nbsp;<strong>Prueba de Acceso a la Universidad<\/strong>.&nbsp;(Si alg\u00fan estudiante ya la tuviese, por haberla solicitado en a\u00f1os anteriores, no tiene que volver a solicitarla.)<\/p>\n<p style=\"font-weight: 400\">Le ruego que transmita esta informaci\u00f3n al profesorado de su Centro, para que a su vez se lo haga llegar a todos los&nbsp;estudiantes&nbsp;candidatos a presentarse a las Pruebas de Acceso y Admisi\u00f3n a la Universidad.<\/p>\n<p style=\"font-weight: 400\">Los&nbsp;estudiantes&nbsp;de segundo curso de Bachillerato y Ciclos Formativos de Grado Superior&nbsp;que pretendan presentarse a las pruebas de acceso (PEvAU), podr\u00e1n solicitar&nbsp;su&nbsp;Cuenta&nbsp;TIC&nbsp;<strong>hasta el d\u00eda&nbsp;31 de marzo&nbsp;inclusive<\/strong>, a trav\u00e9s del siguiente enlace:<\/p>\n<p style=\"font-weight: 400\"><a href=\"https:\/\/forms.gle\/MoFBks1tQHpgk5GN9\">https:\/\/forms.gle\/MoFBks1tQHpgk5GN9<\/a><\/p>\n<p style=\"font-weight: 400\"><a href=\"https:\/\/www.ujaen.es\/estudios\/acceso-y-matricula\/solicitud-clave-tic-alumnos-bachillerato-y-ciclos\">https:\/\/www.ujaen.es\/estudios\/acceso-y-matricula\/solicitud-clave-tic-alumnos-bachillerato-y-ciclos<\/a><\/p>\n<p style=\"font-weight: 400\">Deber\u00e1n cumplimentar sus datos, adjuntar obligatoriamente el DNI escaneado en formato PDF, junto con su correo electr\u00f3nico personal, ya que a este correo le enviaremos su&nbsp;Cuenta&nbsp;TIC.<br \/>\n<a title=\"Generaci\u00f3n de cuenta TIC UJa\u00e9n\" href=\"https:\/\/www.ujaen.es\/estudios\/acceso-y-matricula\/sites\/segundonivel_acceso_y_matricula\/files\/uploads\/acceso\/selectividad\/GENERACI%C3%93N%20DE%20CUENTA%20TIC%20bachillerato%20y%20ciclos%20formativos.pdf\" target=\"_blank\" rel=\"noopener noreferrer\">Generaci\u00f3n de cuenta TIC UJa\u00e9n<\/a><\/p>\n<p><a title=\"Solicitud de nueva clave de cuenta TIC\" href=\"https:\/\/uvirtual.ujaen.es\/pub\/es\/operaciones\/olvidoClave\" target=\"_blank\" rel=\"noopener noreferrer\">Solicitud de nueva clave de cuenta TIC<\/a><\/p>\n","protected":false},"excerpt":{"rendered":"<p>Resoluci\u00f3n de 11 de noviembre de 2025, de la Direcci\u00f3n General de Coordinaci\u00f3n Universitaria, por la que se hace p\u00fablico el Acuerdo de 16 de octubre de 2025, de la Comisi\u00f3n Coordinadora Interuniversitaria de Andaluc\u00eda, por el que se establecen los plazos, el calendario y el c\u00e1lculo de notas de las pruebas de evaluaci\u00f3n de &hellip; <a href=\"https:\/\/blogsaverroes.juntadeandalucia.es\/iesvirgendelcollado\/pevau\/\" class=\"more-link\">Seguir leyendo <span class=\"screen-reader-text\">PAU<\/span> <span class=\"meta-nav\">&rarr;<\/span><\/a><\/p>\n","protected":false},"author":10578,"featured_media":0,"parent":0,"menu_order":0,"comment_status":"closed","ping_status":"closed","template":"","meta":{"ngg_post_thumbnail":0,"footnotes":"","_mc_calendar":[]},"aioseo_notices":[],"_links":{"self":[{"href":"https:\/\/blogsaverroes.juntadeandalucia.es\/iesvirgendelcollado\/wp-json\/wp\/v2\/pages\/5360"}],"collection":[{"href":"https:\/\/blogsaverroes.juntadeandalucia.es\/iesvirgendelcollado\/wp-json\/wp\/v2\/pages"}],"about":[{"href":"https:\/\/blogsaverroes.juntadeandalucia.es\/iesvirgendelcollado\/wp-json\/wp\/v2\/types\/page"}],"author":[{"embeddable":true,"href":"https:\/\/blogsaverroes.juntadeandalucia.es\/iesvirgendelcollado\/wp-json\/wp\/v2\/users\/10578"}],"replies":[{"embeddable":true,"href":"https:\/\/blogsaverroes.juntadeandalucia.es\/iesvirgendelcollado\/wp-json\/wp\/v2\/comments?post=5360"}],"version-history":[{"count":24,"href":"https:\/\/blogsaverroes.juntadeandalucia.es\/iesvirgendelcollado\/wp-json\/wp\/v2\/pages\/5360\/revisions"}],"predecessor-version":[{"id":6243,"href":"https:\/\/blogsaverroes.juntadeandalucia.es\/iesvirgendelcollado\/wp-json\/wp\/v2\/pages\/5360\/revisions\/6243"}],"wp:attachment":[{"href":"https:\/\/blogsaverroes.juntadeandalucia.es\/iesvirgendelcollado\/wp-json\/wp\/v2\/media?parent=5360"}],"curies":[{"name":"wp","href":"https:\/\/api.w.org\/{rel}","templated":true}]}}