{"id":5373,"date":"2024-05-01T13:39:05","date_gmt":"2024-05-01T11:39:05","guid":{"rendered":"https:\/\/blogsaverroes.juntadeandalucia.es\/iesvirgendelcollado\/?page_id=5373"},"modified":"2024-05-01T13:44:01","modified_gmt":"2024-05-01T11:44:01","slug":"movilidades","status":"publish","type":"page","link":"https:\/\/blogsaverroes.juntadeandalucia.es\/iesvirgendelcollado\/movilidades\/","title":{"rendered":"Movilidades e Intercambios"},"content":{"rendered":"<p>Mediante estos programas que se est\u00e1n desarrollando en el IES Virgen del Collado dentro del Plan de Internacionalizaci\u00f3n se pretende facilitar las oportunidades de movilidad por motivos de aprendizaje de estudiantes, personal docente, etc.<\/p>\n<p>El sistema educativo espa\u00f1ol est\u00e1 comprometido con el desarrollo de pol\u00edticas, estrategias y acciones que promuevan la movilidad del alumnado. La Ley Org\u00e1nica 2\/2006 de Educaci\u00f3n (LOE), modificada por la Ley Org\u00e1nica 3\/2020 (LOMLOE), recoge en su pre\u00e1mbulo la necesidad de aumentar la movilidad y los intercambios, con el fin de contribuir al objetivo de abrir los sistemas educativos al exterior.<\/p>\n<p>Durante el curso 2023\/2024 hemos realizado las siguientes movilidades:<\/p>\n<ul>\n<li><a href=\"https:\/\/blogsaverroes.juntadeandalucia.es\/iesvirgendelcollado\/erasmus\/\"><span style=\"text-decoration: underline\"><span style=\"color: #000080\"><strong>Erasmus+<\/strong><\/span><\/span><\/a> con alumnado de ESO y Bachillerato en Fondi -Italia-.<\/li>\n<li><strong><span style=\"color: #000080\">Jobshadowing<\/span> <\/strong>(con estancia de profesorado en Portimao -Portugal- y Fondi -Italia-).<\/li>\n<li><a href=\"https:\/\/blogsaverroes.juntadeandalucia.es\/iesvirgendelcollado\/programa-de-intercambios-escolares\/\"><span style=\"text-decoration: underline\"><strong><span style=\"color: #000080;text-decoration: underline\">Programa de Intercambio<\/span><\/strong><\/span><\/a> de la Consejer\u00eda de Desarrollo Educativo y FP de la Junta de Andaluc\u00eda en Leg\u00e9 -Francia-.<\/li>\n<\/ul>\n<p>Hemos presentado la solicitud para la participaci\u00f3n en el Programa de Inmersi\u00f3n Ling\u00fc\u00edstica para alumnado de 2\u00ba ESO para el curso 2024\/2025 del Ministerio de Educaci\u00f3n, Cultura y Deporte.<\/p>\n<p>&nbsp;<\/p>\n","protected":false},"excerpt":{"rendered":"<p>Mediante estos programas que se est\u00e1n desarrollando en el IES Virgen del Collado dentro del Plan de Internacionalizaci\u00f3n se pretende facilitar las oportunidades de movilidad por motivos de aprendizaje de estudiantes, personal docente, etc. El sistema educativo espa\u00f1ol est\u00e1 comprometido con el desarrollo de pol\u00edticas, estrategias y acciones que promuevan la movilidad del alumnado. La &hellip; <a href=\"https:\/\/blogsaverroes.juntadeandalucia.es\/iesvirgendelcollado\/movilidades\/\" class=\"more-link\">Seguir leyendo <span class=\"screen-reader-text\">Movilidades e Intercambios<\/span> <span class=\"meta-nav\">&rarr;<\/span><\/a><\/p>\n","protected":false},"author":10578,"featured_media":0,"parent":0,"menu_order":0,"comment_status":"closed","ping_status":"closed","template":"","meta":{"ngg_post_thumbnail":0,"footnotes":"","_mc_calendar":[]},"aioseo_notices":[],"_links":{"self":[{"href":"https:\/\/blogsaverroes.juntadeandalucia.es\/iesvirgendelcollado\/wp-json\/wp\/v2\/pages\/5373"}],"collection":[{"href":"https:\/\/blogsaverroes.juntadeandalucia.es\/iesvirgendelcollado\/wp-json\/wp\/v2\/pages"}],"about":[{"href":"https:\/\/blogsaverroes.juntadeandalucia.es\/iesvirgendelcollado\/wp-json\/wp\/v2\/types\/page"}],"author":[{"embeddable":true,"href":"https:\/\/blogsaverroes.juntadeandalucia.es\/iesvirgendelcollado\/wp-json\/wp\/v2\/users\/10578"}],"replies":[{"embeddable":true,"href":"https:\/\/blogsaverroes.juntadeandalucia.es\/iesvirgendelcollado\/wp-json\/wp\/v2\/comments?post=5373"}],"version-history":[{"count":5,"href":"https:\/\/blogsaverroes.juntadeandalucia.es\/iesvirgendelcollado\/wp-json\/wp\/v2\/pages\/5373\/revisions"}],"predecessor-version":[{"id":5379,"href":"https:\/\/blogsaverroes.juntadeandalucia.es\/iesvirgendelcollado\/wp-json\/wp\/v2\/pages\/5373\/revisions\/5379"}],"wp:attachment":[{"href":"https:\/\/blogsaverroes.juntadeandalucia.es\/iesvirgendelcollado\/wp-json\/wp\/v2\/media?parent=5373"}],"curies":[{"name":"wp","href":"https:\/\/api.w.org\/{rel}","templated":true}]}}