{"id":5462,"date":"2024-05-30T14:39:49","date_gmt":"2024-05-30T12:39:49","guid":{"rendered":"https:\/\/blogsaverroes.juntadeandalucia.es\/iesvirgendelcollado\/?page_id=5462"},"modified":"2024-05-30T14:39:49","modified_gmt":"2024-05-30T12:39:49","slug":"plan-aldea","status":"publish","type":"page","link":"https:\/\/blogsaverroes.juntadeandalucia.es\/iesvirgendelcollado\/plan-aldea\/","title":{"rendered":"Plan ALDEA"},"content":{"rendered":"<header class=\"entry-header\">\n<h1 class=\"entry-title\">Descubre c\u00f3mo crear un huerto ecol\u00f3gico<\/h1>\n<div class=\"entry-meta\">Novedades en el IES Virgen del Collado!!<img decoding=\"async\" class=\"an1\" src=\"https:\/\/fonts.gstatic.com\/s\/e\/notoemoji\/15.0\/1f44f_1f3fb\/32.png\" alt=\"\ud83d\udc4f\ud83c\udffb\" data-emoji=\"\ud83d\udc4f\ud83c\udffb\" aria-label=\"\ud83d\udc4f\ud83c\udffb\"><\/div>\n<\/header>\n<div class=\"entry-content\">\n<div class=\"adn ads\" data-message-id=\"#msg-a:r-5617290787748296217\" data-legacy-message-id=\"18fc5bc2a756567d\">\n<div class=\"gs\">\n<div class=\"\">\n<div id=\":m7\" class=\"ii gt\">\n<div id=\":m6\" class=\"a3s aiL \">\n<div dir=\"auto\">\n<div dir=\"auto\">&nbsp;<\/div>\n<div dir=\"auto\"><img decoding=\"async\" class=\"an1\" src=\"https:\/\/fonts.gstatic.com\/s\/e\/notoemoji\/15.0\/1f393\/32.png\" alt=\"\ud83c\udf93\" data-emoji=\"\ud83c\udf93\" aria-label=\"\ud83c\udf93\">Nos complace anunciar que el alumnado de 4\u00ba de ESO de la asignatura FOPP ha realizado con \u00e9xito la creaci\u00f3n de una p\u00e1gina web dedicada al proyecto Eco Huerto.&nbsp;<img decoding=\"async\" class=\"an1\" src=\"https:\/\/fonts.gstatic.com\/s\/e\/notoemoji\/15.0\/1f331\/32.png\" alt=\"\ud83c\udf31\" data-emoji=\"\ud83c\udf31\" aria-label=\"\ud83c\udf31\">En esta plataforma, se recogen detalladamente todas las actividades, logros y avances del proyecto. Invitamos a toda la comunidad educativa a visitar la p\u00e1gina y conocer m\u00e1s sobre esta iniciativa que promueve la sostenibilidad y el cuidado del medio ambiente.<\/div>\n<div dir=\"auto\">&nbsp;<\/div>\n<div dir=\"auto\">\u00a1Enhorabuena a nuestros&nbsp; alumnos de FOPP por su excelente trabajo e iniciativa !<\/div>\n<\/div>\n<div class=\"yj6qo\">&nbsp;<\/div>\n<div class=\"adL\">&nbsp;<\/div>\n<\/div>\n<\/div>\n<\/div>\n<\/div>\n<div class=\"ajx\"><a href=\"http:\/\/proyectoaldeaecohuertoiesvirgendelcollado.mydurable.com\/\">http:\/\/proyectoaldeaecohuertoiesvirgendelcollado.mydurable.com\/<\/a><\/div>\n<\/div>\n<\/div>\n","protected":false},"excerpt":{"rendered":"<p>Descubre c\u00f3mo crear un huerto ecol\u00f3gico Novedades en el IES Virgen del Collado!! &nbsp; Nos complace anunciar que el alumnado de 4\u00ba de ESO de la asignatura FOPP ha realizado con \u00e9xito la creaci\u00f3n de una p\u00e1gina web dedicada al proyecto Eco Huerto.&nbsp;En esta plataforma, se recogen detalladamente todas las actividades, logros y avances del &hellip; <a href=\"https:\/\/blogsaverroes.juntadeandalucia.es\/iesvirgendelcollado\/plan-aldea\/\" class=\"more-link\">Seguir leyendo <span class=\"screen-reader-text\">Plan ALDEA<\/span> <span class=\"meta-nav\">&rarr;<\/span><\/a><\/p>\n","protected":false},"author":10578,"featured_media":0,"parent":0,"menu_order":0,"comment_status":"closed","ping_status":"closed","template":"","meta":{"ngg_post_thumbnail":0,"footnotes":"","_mc_calendar":[]},"aioseo_notices":[],"_links":{"self":[{"href":"https:\/\/blogsaverroes.juntadeandalucia.es\/iesvirgendelcollado\/wp-json\/wp\/v2\/pages\/5462"}],"collection":[{"href":"https:\/\/blogsaverroes.juntadeandalucia.es\/iesvirgendelcollado\/wp-json\/wp\/v2\/pages"}],"about":[{"href":"https:\/\/blogsaverroes.juntadeandalucia.es\/iesvirgendelcollado\/wp-json\/wp\/v2\/types\/page"}],"author":[{"embeddable":true,"href":"https:\/\/blogsaverroes.juntadeandalucia.es\/iesvirgendelcollado\/wp-json\/wp\/v2\/users\/10578"}],"replies":[{"embeddable":true,"href":"https:\/\/blogsaverroes.juntadeandalucia.es\/iesvirgendelcollado\/wp-json\/wp\/v2\/comments?post=5462"}],"version-history":[{"count":1,"href":"https:\/\/blogsaverroes.juntadeandalucia.es\/iesvirgendelcollado\/wp-json\/wp\/v2\/pages\/5462\/revisions"}],"predecessor-version":[{"id":5464,"href":"https:\/\/blogsaverroes.juntadeandalucia.es\/iesvirgendelcollado\/wp-json\/wp\/v2\/pages\/5462\/revisions\/5464"}],"wp:attachment":[{"href":"https:\/\/blogsaverroes.juntadeandalucia.es\/iesvirgendelcollado\/wp-json\/wp\/v2\/media?parent=5462"}],"curies":[{"name":"wp","href":"https:\/\/api.w.org\/{rel}","templated":true}]}}