{"id":80,"date":"2015-03-16T06:57:36","date_gmt":"2015-03-16T06:57:36","guid":{"rendered":"http:\/\/blogsaverroes.juntadeandalucia.es\/pre\/ceip\/?page_id=80"},"modified":"2024-09-05T22:50:28","modified_gmt":"2024-09-05T20:50:28","slug":"curso-escolar","status":"publish","type":"page","link":"https:\/\/blogsaverroes.juntadeandalucia.es\/iesvirgendelcollado\/curso-escolar\/","title":{"rendered":"TABL\u00d3N Curso escolar"},"content":{"rendered":"<p><strong>P\u00e1gina presentaci\u00f3n del curso escolar actual en la que se puede reflejar las principales novedades o cambios.<\/strong><\/p>\n<p>&nbsp;<\/p>\n<p><span style=\"color: #ff0000\"><strong>IMPORTANTE BECAS<\/strong><\/span><\/p>\n<p><a href=\"https:\/\/drive.google.com\/file\/d\/1Uag63VTdamnXF1U7xI73tqVKeWcenlVg\/view?usp=share_link\" target=\"_blank\" rel=\"noopener noreferrer\">Aviso importante Becas cuenta corriente<\/a><\/p>\n<hr>\n<p><a href=\"https:\/\/blogsaverroes.juntadeandalucia.es\/iesvirgendelcollado\/informacion-sobre-plazo-para-residencias-escolares-y-bachillerato-de-artes\/\">Informaci\u00f3n sobre plazo para Residencias escolares y Bachillerato de Artes.<\/a><\/p>\n<hr>\n<p><a title=\"NORMAS sobre entrada y salida del alumnado en momentos diferentes del inicio y finalizaci\u00f3n de la jornada lectiva\" href=\"https:\/\/drive.google.com\/file\/d\/1lVOREARfuutph1ngB_-bnh3X-BrciFie\/view?usp=sharing\">NORMAS sobre entrada y salida del alumnado en momentos diferentes del inicio y finalizaci\u00f3n de la jornada lectiva<\/a><\/p>\n<p><strong><u>iPasen. Ruta para registrar personas autorizadas a recogida del alumnado menor de edad en horario escolar (que no sean el padre o la madre).<\/u><\/strong><\/p>\n<ol>\n<li>(SEGUNDO ICONO DE LA IZQUIERDA: MU\u00d1EQUITOS).<\/li>\n<li>Seleccionar alumno\/a.<\/li>\n<li>Tr\u00e1mites.<\/li>\n<li>Seleccionar autorizaciones recogida.<\/li>\n<li>Pulse a\u00f1adir.<\/li>\n<li>Rellenar datos.<\/li>\n<li>Finalmente A\u00f1adir.<\/li>\n<\/ol>\n<p><a href=\"https:\/\/youtu.be\/2Ak711NjKrQ\">Video Autorizaci\u00f3n de recogida del alumnado con iPasen<\/a><\/p>\n<hr>\n<p>&nbsp;<\/p>\n<p><span style=\"color: #ff0000\">PRUEBAS PARA OBTENER EL T\u00cdTULO DE BACHILLERATO<\/span><\/p>\n<p><a href=\"https:\/\/blogsaverroes.juntadeandalucia.es\/iesvirgendelcollado\/curso-escolar\/infografia-pot-bachiller\/\" rel=\"attachment wp-att-4390\"><img loading=\"lazy\" decoding=\"async\" class=\"size-medium wp-image-4390 alignleft\" src=\"https:\/\/blogsaverroes.juntadeandalucia.es\/iesvirgendelcollado\/files\/2023\/01\/Infograf\u00eda-POT-Bachiller-120x300.jpeg\" alt=\"\" width=\"120\" height=\"300\" srcset=\"https:\/\/blogsaverroes.juntadeandalucia.es\/iesvirgendelcollado\/files\/2023\/01\/Infograf\u00eda-POT-Bachiller-120x300.jpeg 120w, https:\/\/blogsaverroes.juntadeandalucia.es\/iesvirgendelcollado\/files\/2023\/01\/Infograf\u00eda-POT-Bachiller-410x1024.jpeg 410w, https:\/\/blogsaverroes.juntadeandalucia.es\/iesvirgendelcollado\/files\/2023\/01\/Infograf\u00eda-POT-Bachiller-614x1536.jpeg 614w, https:\/\/blogsaverroes.juntadeandalucia.es\/iesvirgendelcollado\/files\/2023\/01\/Infograf\u00eda-POT-Bachiller.jpeg 640w\" sizes=\"(max-width: 120px) 100vw, 120px\" \/><\/a><\/p>\n<p>Las pruebas para la obtenci\u00f3n del t\u00edtulo de bachiller est\u00e1n destinadas para personas mayores de veinte a\u00f1os,<\/p>\n<p>Estas pruebas para la obtenci\u00f3n del t\u00edtulo de Bachiller se convocan una vez al a\u00f1o. Para poder inscribirte a estas pruebas tienes que ser mayor de 20 a\u00f1os o cumplirlos en el a\u00f1o natural de la convocatoria.<\/p>\n<p>Puedes inscribirte en estas pruebas aunque est\u00e9s cursando otros estudios, incluido Bachillerato. Inscripci\u00f3n: del 31 de enero al 13 de febrero.<\/p>\n<p>Est\u00e1n dise\u00f1adas para que puedas obtener el t\u00edtulo de Bachiller sin estudios previos, o habiendo superado parte de las materias de Bachillerato. Estas pruebas no permiten mejorar calificaciones ya obtenidas, solo completar las de las materias que te falten para que puedas obtener tu t\u00edtulo.<\/p>\n<p>En el caso de que tengas superada previamente alguna materia de Bachillerato, deber\u00e1s aportar un certificado de notas que lo acredite. De esta manera se te pueden reconocer las materias aprobadas de Bachillerato con calificaci\u00f3n positiva cursadas con anterioridad y\/o las aprobadas en pruebas de obtenci\u00f3n del t\u00edtulo de convocatorias pasadas, de acuerdo con la normativa vigente y que se puede consultar a continuaci\u00f3n (Orden de 25 de enero de 2018, por la que se establece la ordenaci\u00f3n y el curr\u00edculo del Bachillerato para personas adultas en la Comunidad Aut\u00f3noma de Andaluc\u00eda).<\/p>\n<p><span style=\"color: #ff0000\">PRUEBAS LIBRES PARA OBTENER EL T\u00cdTULO DE LA ESO<\/span><\/p>\n<p><a href=\"https:\/\/blogsaverroes.juntadeandalucia.es\/iesvirgendelcollado\/curso-escolar\/prueba-titulo-eso-18\/\" rel=\"attachment wp-att-4391\"><img loading=\"lazy\" decoding=\"async\" class=\"size-medium wp-image-4391 alignleft\" src=\"https:\/\/blogsaverroes.juntadeandalucia.es\/iesvirgendelcollado\/files\/2023\/01\/Prueba-T\u00edtulo-ESO-18-120x300.jpeg\" alt=\"\" width=\"120\" height=\"300\" srcset=\"https:\/\/blogsaverroes.juntadeandalucia.es\/iesvirgendelcollado\/files\/2023\/01\/Prueba-T\u00edtulo-ESO-18-120x300.jpeg 120w, https:\/\/blogsaverroes.juntadeandalucia.es\/iesvirgendelcollado\/files\/2023\/01\/Prueba-T\u00edtulo-ESO-18-410x1024.jpeg 410w, https:\/\/blogsaverroes.juntadeandalucia.es\/iesvirgendelcollado\/files\/2023\/01\/Prueba-T\u00edtulo-ESO-18-614x1536.jpeg 614w, https:\/\/blogsaverroes.juntadeandalucia.es\/iesvirgendelcollado\/files\/2023\/01\/Prueba-T\u00edtulo-ESO-18.jpeg 640w\" sizes=\"(max-width: 120px) 100vw, 120px\" \/><\/a><\/p>\n<p>Las pruebas para obtener el t\u00edtulo de graduado en ESO por libre requiere cumplir los siguientes requisitos:<\/p>\n<p>-Tener cumplidos 18 a\u00f1os o cumplirlos en el a\u00f1o natural de la convocatoria<\/p>\n<p>-Presentar la documentaci\u00f3n que exija la convocatoria<\/p>\n<p>Existen dos convocatorias para poder presentarse a dichas pruebas en el a\u00f1o 2023. Los plazos para echar la convocatoria del examen del 15 de abril est\u00e1 comprendido entre el 1 y 15 de febrero.<\/p>\n<p>El plazo para realizar la segunda convocatoria del 17 de junio est\u00e1 comprendido entre el 17 de abril y el 8 de mayo.<\/p>\n<p>Dichas convocatorias ser\u00e1n publicadas en la p\u00e1gina web: Secretar\u00eda Virtual.<\/p>\n<p>Para m\u00e1s informaci\u00f3n, consultar dichas p\u00e1ginas web o consultar en el Departamento de Orientaci\u00f3n.<\/p>\n<hr>\n<p><!--more--><\/p>\n<p>&nbsp;<\/p>\n<p>&nbsp;<\/p>\n","protected":false},"excerpt":{"rendered":"<p>P\u00e1gina presentaci\u00f3n del curso escolar actual en la que se puede reflejar las principales novedades o cambios. &nbsp; IMPORTANTE BECAS Aviso importante Becas cuenta corriente Informaci\u00f3n sobre plazo para Residencias escolares y Bachillerato de Artes. NORMAS sobre entrada y salida del alumnado en momentos diferentes del inicio y finalizaci\u00f3n de la jornada lectiva iPasen. Ruta &hellip; <a href=\"https:\/\/blogsaverroes.juntadeandalucia.es\/iesvirgendelcollado\/curso-escolar\/\" class=\"more-link\">Seguir leyendo <span class=\"screen-reader-text\">TABL\u00d3N Curso escolar<\/span> <span class=\"meta-nav\">&rarr;<\/span><\/a><\/p>\n","protected":false},"author":1,"featured_media":0,"parent":0,"menu_order":0,"comment_status":"closed","ping_status":"closed","template":"","meta":{"ngg_post_thumbnail":0,"footnotes":"","_mc_calendar":[]},"aioseo_notices":[],"_links":{"self":[{"href":"https:\/\/blogsaverroes.juntadeandalucia.es\/iesvirgendelcollado\/wp-json\/wp\/v2\/pages\/80"}],"collection":[{"href":"https:\/\/blogsaverroes.juntadeandalucia.es\/iesvirgendelcollado\/wp-json\/wp\/v2\/pages"}],"about":[{"href":"https:\/\/blogsaverroes.juntadeandalucia.es\/iesvirgendelcollado\/wp-json\/wp\/v2\/types\/page"}],"author":[{"embeddable":true,"href":"https:\/\/blogsaverroes.juntadeandalucia.es\/iesvirgendelcollado\/wp-json\/wp\/v2\/users\/1"}],"replies":[{"embeddable":true,"href":"https:\/\/blogsaverroes.juntadeandalucia.es\/iesvirgendelcollado\/wp-json\/wp\/v2\/comments?post=80"}],"version-history":[{"count":36,"href":"https:\/\/blogsaverroes.juntadeandalucia.es\/iesvirgendelcollado\/wp-json\/wp\/v2\/pages\/80\/revisions"}],"predecessor-version":[{"id":5651,"href":"https:\/\/blogsaverroes.juntadeandalucia.es\/iesvirgendelcollado\/wp-json\/wp\/v2\/pages\/80\/revisions\/5651"}],"wp:attachment":[{"href":"https:\/\/blogsaverroes.juntadeandalucia.es\/iesvirgendelcollado\/wp-json\/wp\/v2\/media?parent=80"}],"curies":[{"name":"wp","href":"https:\/\/api.w.org\/{rel}","templated":true}]}}