{"id":871,"date":"2015-03-16T07:25:46","date_gmt":"2015-03-16T07:25:46","guid":{"rendered":"http:\/\/blogsaverroes.juntadeandalucia.es\/pre\/ceip\/?page_id=106"},"modified":"2025-04-02T20:16:13","modified_gmt":"2025-04-02T18:16:13","slug":"actividades-extraescolares","status":"publish","type":"page","link":"https:\/\/blogsaverroes.juntadeandalucia.es\/iesvirgendelcollado\/actividades-extraescolares\/","title":{"rendered":"Actividades complementarias y extraescolares"},"content":{"rendered":"<h4 style=\"text-align: center\"><a href=\"https:\/\/blogsaverroes.juntadeandalucia.es\/iesvirgendelcollado\/files\/2022\/07\/20220405_064718743_iOS-scaled.jpg\">&nbsp;<img loading=\"lazy\" decoding=\"async\" class=\"alignnone wp-image-3582\" src=\"https:\/\/blogsaverroes.juntadeandalucia.es\/iesvirgendelcollado\/files\/2022\/07\/20220405_064718743_iOS-300x225.jpg\" alt=\"\" width=\"255\" height=\"191\" srcset=\"https:\/\/blogsaverroes.juntadeandalucia.es\/iesvirgendelcollado\/files\/2022\/07\/20220405_064718743_iOS-300x225.jpg 300w, https:\/\/blogsaverroes.juntadeandalucia.es\/iesvirgendelcollado\/files\/2022\/07\/20220405_064718743_iOS-1024x768.jpg 1024w, https:\/\/blogsaverroes.juntadeandalucia.es\/iesvirgendelcollado\/files\/2022\/07\/20220405_064718743_iOS-768x576.jpg 768w, https:\/\/blogsaverroes.juntadeandalucia.es\/iesvirgendelcollado\/files\/2022\/07\/20220405_064718743_iOS-1536x1152.jpg 1536w, https:\/\/blogsaverroes.juntadeandalucia.es\/iesvirgendelcollado\/files\/2022\/07\/20220405_064718743_iOS-2048x1536.jpg 2048w, https:\/\/blogsaverroes.juntadeandalucia.es\/iesvirgendelcollado\/files\/2022\/07\/20220405_064718743_iOS-scaled.jpg 1600w\" sizes=\"(max-width: 255px) 100vw, 255px\" \/><\/a><\/h4>\n<p><a title=\"Procedimiento de Actividades Extraescolares.\" href=\"https:\/\/drive.google.com\/file\/d\/18Cv_m1SM9dr5vq9Sa2v3OeVQSCQReOTH\/view?usp=share_link\">Procedimiento de Actividades Extraescolares.<\/a><\/p>\n<p><a title=\"Documento para la realizaci\u00f3n de actividades extraescolares.\" href=\"https:\/\/drive.google.com\/file\/d\/189Tppm-OGfi2ThA0qLFAFY3SRVcMFTM6\/view?usp=share_link\">Documento para la realizaci\u00f3n de actividades extraescolares.<\/a><\/p>\n<p><a title=\"ORDEN de 14 de julio de 1998, por la que se regulan las actividades complementarias y extraescolares y los servicios prestados por los Centros docentes p\u00fablicos no universitarios.\" href=\"https:\/\/www.adideandalucia.es\/normas\/ordenes\/orden%2014-7-1998%20Actividades%20extraescolares.htm\">ORDEN de 14 de julio de 1998, por la que se regulan las actividades complementarias y extraescolares y los servicios prestados por los Centros docentes p\u00fablicos no universitarios.<\/a><\/p>\n<p><a title=\"Instrucciones de 18 de diciembre de 1998, de la Direcci\u00f3n General de Planificaci\u00f3n sobre la organizaci\u00f3n y desarrollo de las actividades complementarias y extraescolares.\" href=\"https:\/\/www.adideandalucia.es\/normas\/instruc\/Instruc%2018-12-1998%20Actividades%20extraescolares.htm\">Instrucciones de 18 de diciembre de 1998, de la Direcci\u00f3n General de Planificaci\u00f3n sobre la organizaci\u00f3n y desarrollo de las actividades complementarias y extraescolares.<\/a><\/p>\n<p><a title=\"ADIDE Normativa extraescolares en vigor.\" href=\"https:\/\/www.adideandalucia.es\/?view=disposicion&amp;cat=5\">ADIDE Normativa extraescolares en vigor.<\/a><\/p>\n<p>Las actividades complementarias y extraescolares que se realizan en el centro de forma habitual son:<\/p>\n<ul>\n<li>La realizaci\u00f3n de algunas actividades asociadas a la conmemoraci\u00f3n de determinadas <strong>efem\u00e9rides<\/strong> (D\u00eda de Andaluc\u00eda, D\u00eda de la lucha contra la violencia de g\u00e9nero&#8230;).<\/li>\n<li>Viajes de tipo <strong>cultural<\/strong> orientados a complementar el <em>curr\u00edculum<\/em>.<\/li>\n<li><strong>Viaje de fin de curso<\/strong> del alumnado que finaliza los estudios de ESO.<\/li>\n<li>Asistencia a <strong>obras teatrales<\/strong>.<\/li>\n<li>Participaci\u00f3n en<strong> charlas y conferencias<\/strong> organizadas por instituciones externas al centro o encuadradas dentro de programas como el <strong>Plan Director.<\/strong><\/li>\n<li>Los alumnos de 2\u00ba de Bachillerato asisten y participan anualmente en las <strong>jornadas de orientaci\u00f3n y olimpiadas<\/strong> deportivas organizadas por la UJA.<\/li>\n<li>Participaci\u00f3n de las <strong>olimpiadas matem\u00e1ticas<\/strong> en la UJA.<\/li>\n<li>Actividades coordinadas entre el Departamento de Servicios a la Comunidad de los ciclos formativos con el <strong>centro ocupacional y la residencia de ancianos<\/strong>.<\/li>\n<li>Participaci\u00f3n de alumnado y profesorado en las tareas propias del <strong>grupo de teatro<\/strong> con representaciones de distinto tipo a lo largo del curso.<\/li>\n<li>Organizaci\u00f3n de la <strong>Feria del Libro<\/strong>.<\/li>\n<li>Realizaci\u00f3n del <strong>acto de graduaci\u00f3n<\/strong> con el alumnado que titula en 4\u00ba ESO, Ciclos Formativos y 2\u00ba de Bachillerato.<\/li>\n<li>Participaci\u00f3n de alumnado y profesorado en las actividades de los <strong>recreos activos<\/strong> mediante el grupo de teatro, actividades deportivas, b\u00fasqueda del tesoro, juegos interactivos en la Biblioteca, ajedrez&#8230;<\/li>\n<li><strong>Jornadas de las Ciencias<\/strong> en ESO y Bachillerato, organizadas cada a\u00f1o por el Departamento de Biolog\u00eda y Geolog\u00eda.<\/li>\n<li>Participaci\u00f3n en el <strong>concurso de Acrosport<\/strong> celebrado anualmente en Baena y en el que participa de forma sobresaliente el Departamento de Educaci\u00f3n F\u00edsica.<\/li>\n<\/ul>\n<p style=\"text-align: center\"><a href=\"https:\/\/blogsaverroes.juntadeandalucia.es\/iesvirgendelcollado\/files\/2022\/07\/IMG_0141-scaled.jpg\"><img loading=\"lazy\" decoding=\"async\" class=\"alignnone wp-image-3581\" src=\"https:\/\/blogsaverroes.juntadeandalucia.es\/iesvirgendelcollado\/files\/2022\/07\/IMG_0141-300x140.jpg\" alt=\"\" width=\"679\" height=\"317\" srcset=\"https:\/\/blogsaverroes.juntadeandalucia.es\/iesvirgendelcollado\/files\/2022\/07\/IMG_0141-300x140.jpg 300w, https:\/\/blogsaverroes.juntadeandalucia.es\/iesvirgendelcollado\/files\/2022\/07\/IMG_0141-1024x477.jpg 1024w, https:\/\/blogsaverroes.juntadeandalucia.es\/iesvirgendelcollado\/files\/2022\/07\/IMG_0141-768x358.jpg 768w, https:\/\/blogsaverroes.juntadeandalucia.es\/iesvirgendelcollado\/files\/2022\/07\/IMG_0141-1536x716.jpg 1536w, https:\/\/blogsaverroes.juntadeandalucia.es\/iesvirgendelcollado\/files\/2022\/07\/IMG_0141-2048x955.jpg 2048w, https:\/\/blogsaverroes.juntadeandalucia.es\/iesvirgendelcollado\/files\/2022\/07\/IMG_0141-scaled.jpg 1600w\" sizes=\"(max-width: 679px) 100vw, 679px\" \/><\/a><\/p>\n<hr>\n<p style=\"text-align: center\">&nbsp;<\/p>\n<p><strong>USO DE INSTALACIONES<\/strong><\/p>\n<p style=\"text-align: left\"><a title=\"Plantilla SOLICITUD instalaciones del IES Virgen del Collado 2022\" href=\"https:\/\/drive.google.com\/file\/d\/1i7cn6-mQ-qanWB3hNnWHoEcsv6rzmbHb\/view?usp=share_link\" target=\"_blank\" rel=\"noopener noreferrer\">Plantilla SOLICITUD instalaciones del IES Virgen del Collado 2022<\/a><\/p>\n<p><a title=\"ANEXO VI SOLICITUD Uso de Instalaciones Fuera de Horario Escolar SOLICITUD ANEXO VI\" href=\"https:\/\/drive.google.com\/file\/d\/18Gc-jXQnBtHF6xUigHBXXMw7oC8wpSJ4\/view?usp=sharing\" target=\"_blank\" rel=\"noopener\">ANEXO VI SOLICITUD Uso de Instalaciones Fuera de Horario Escolar SOLICITUD ANEXO VI<\/a><\/p>\n<p><a href=\"https:\/\/drive.google.com\/file\/d\/1xitUP-WnBuski1JtioXgN2iYh5lNlgWi\/view?usp=sharing\" target=\"_blank\" rel=\"noopener\">Gu\u00eda informativa IES Virgen del Collado curso acad\u00e9mico 2024\/2025 sep 2025.<\/a><\/p>\n<p><a title=\"Orden de 17 abril de 2017, por la que se regula la organizaci\u00f3n y el funcionamiento de los servicios complementarios de aula matinal, comedor escolar y actividades extraescolares, as\u00ed como el uso de las instalaciones de los centros docentes p\u00fablicos de la Comunidad Aut\u00f3noma de Andaluc\u00eda fuera del horario escolar..\" href=\"https:\/\/portals.ced.junta-andalucia.es\/educacion\/portals\/web\/ced\/normativa\/-\/normativas\/detalle\/orden-de-17-abril-de-2017-por-la-que-se-regula-la-organizacion-y-el-funcionamiento-de-los-servicios-complementarios-de\" target=\"_blank\" rel=\"noopener noreferrer\">Orden de 17 abril de 2017, por la que se regula la organizaci\u00f3n y el funcionamiento de los servicios complementarios de aula matinal, comedor escolar y actividades extraescolares, as\u00ed como el uso de las instalaciones de los centros docentes p\u00fablicos de la Comunidad Aut\u00f3noma de Andaluc\u00eda fuera del horario escolar&#8230;<\/a><\/p>\n<hr>\n<p><a href=\"https:\/\/drive.google.com\/file\/d\/1U3XVUc5KmrUyJwjIehfQ-3QoC16Idrpp\/view?usp=sharing\">Listado definitivo de admitidos Servicios Complementarios de Actividades Complementarias y Extraescolares<\/a><\/p>\n<p><iframe loading=\"lazy\" src=\"https:\/\/drive.google.com\/file\/d\/1U3XVUc5KmrUyJwjIehfQ-3QoC16Idrpp\/preview\" width=\"640\" height=\"480\"><\/iframe><\/p>\n<p>&nbsp;<\/p>\n<p>&nbsp;<\/p>\n","protected":false},"excerpt":{"rendered":"<p>&nbsp; Procedimiento de Actividades Extraescolares. Documento para la realizaci\u00f3n de actividades extraescolares. ORDEN de 14 de julio de 1998, por la que se regulan las actividades complementarias y extraescolares y los servicios prestados por los Centros docentes p\u00fablicos no universitarios. Instrucciones de 18 de diciembre de 1998, de la Direcci\u00f3n General de Planificaci\u00f3n sobre la &hellip; <a href=\"https:\/\/blogsaverroes.juntadeandalucia.es\/iesvirgendelcollado\/actividades-extraescolares\/\" class=\"more-link\">Seguir leyendo <span class=\"screen-reader-text\">Actividades complementarias y extraescolares<\/span> <span class=\"meta-nav\">&rarr;<\/span><\/a><\/p>\n","protected":false},"author":1,"featured_media":0,"parent":0,"menu_order":0,"comment_status":"closed","ping_status":"closed","template":"","meta":{"ngg_post_thumbnail":0,"footnotes":"","_mc_calendar":[]},"aioseo_notices":[],"_links":{"self":[{"href":"https:\/\/blogsaverroes.juntadeandalucia.es\/iesvirgendelcollado\/wp-json\/wp\/v2\/pages\/871"}],"collection":[{"href":"https:\/\/blogsaverroes.juntadeandalucia.es\/iesvirgendelcollado\/wp-json\/wp\/v2\/pages"}],"about":[{"href":"https:\/\/blogsaverroes.juntadeandalucia.es\/iesvirgendelcollado\/wp-json\/wp\/v2\/types\/page"}],"author":[{"embeddable":true,"href":"https:\/\/blogsaverroes.juntadeandalucia.es\/iesvirgendelcollado\/wp-json\/wp\/v2\/users\/1"}],"replies":[{"embeddable":true,"href":"https:\/\/blogsaverroes.juntadeandalucia.es\/iesvirgendelcollado\/wp-json\/wp\/v2\/comments?post=871"}],"version-history":[{"count":25,"href":"https:\/\/blogsaverroes.juntadeandalucia.es\/iesvirgendelcollado\/wp-json\/wp\/v2\/pages\/871\/revisions"}],"predecessor-version":[{"id":5886,"href":"https:\/\/blogsaverroes.juntadeandalucia.es\/iesvirgendelcollado\/wp-json\/wp\/v2\/pages\/871\/revisions\/5886"}],"wp:attachment":[{"href":"https:\/\/blogsaverroes.juntadeandalucia.es\/iesvirgendelcollado\/wp-json\/wp\/v2\/media?parent=871"}],"curies":[{"name":"wp","href":"https:\/\/api.w.org\/{rel}","templated":true}]}}