{"id":6672,"date":"2021-11-19T11:22:57","date_gmt":"2021-11-19T11:22:57","guid":{"rendered":"https:\/\/blogsaverroes.juntadeandalucia.es\/iesvirgendelmar\/?page_id=6672"},"modified":"2021-11-19T11:24:54","modified_gmt":"2021-11-19T11:24:54","slug":"normas-redes","status":"publish","type":"page","link":"https:\/\/blogsaverroes.juntadeandalucia.es\/iesvirgendelmar\/normas-redes\/","title":{"rendered":"Normas Redes Sociales"},"content":{"rendered":"<p>Normas de PUBLICACI\u00d3N en redes sociales I.E.S Virgen del Mar<\/p>\n<p>Los canales oficiales del I.E.S Virgen del Mar en redes sociales est\u00e1n destinados a dar informaci\u00f3n a las personas usuarias de estas redes sociales, as\u00ed como familias y en general toda la comunidad educativa.<\/p>\n<p>Agradecemos los comentarios y las aportaciones que los integrantes de la comunidad educativa nos deseen trasladar y entendemos estos canales como medios de comunicaci\u00f3n bidireccionales en los que favorecer la participaci\u00f3n de todo usuario. Para moderar el debate y la participaci\u00f3n de la comunidad, se establecen unas normas b\u00e1sicas de uso:<\/p>\n<ul>\n<li>Utiliza siempre un lenguaje correcto y educado.<\/li>\n<li>Respeta la privacidad de los dem\u00e1s.<\/li>\n<\/ul>\n<p>El I.E.S Virgen del Mar se reserva el derecho de retirar los comentarios y\/o publicaciones que contengan los siguientes elementos:<\/p>\n<ul>\n<li>Expresiones ofensivas o enlaces a p\u00e1ginas con contenido ofensivo. Tampoco permanecer\u00e1n publicados enlaces o referencias a sitios web, o que contengan contenido violento, sexual, racista o discriminatorio.<\/li>\n<li>Reiteraciones o comentarios repetidos o que no tengan relaci\u00f3n con el tema expuesto<\/li>\n<li>Ante actitudes reiteradas de desprecio, ofensa, falta de respeto o carentes de relaci\u00f3n con la tem\u00e1tica de la publicaci\u00f3n, el I.E.S Virgen del Mar se reserva el derecho a reportar tales acciones abusivas, as\u00ed como bloquear el perfil o perfiles que mantengan tales actitudes.<\/li>\n<li>Spam, mensajes de publicidad o material promocional.<\/li>\n<li>Contenidos sujetos a derechos de autor.<\/li>\n<li>Datos personales ajenos al autor del comentario\/Publicaci\u00f3n.<\/li>\n<\/ul>\n","protected":false},"excerpt":{"rendered":"<p>Normas de PUBLICACI\u00d3N en redes sociales I.E.S Virgen del Mar Los canales oficiales del I.E.S Virgen del Mar en redes sociales est\u00e1n destinados a dar informaci\u00f3n a las personas usuarias de estas redes sociales,&#46;&#46;&#46;<\/p>\n","protected":false},"author":3634,"featured_media":0,"parent":0,"menu_order":0,"comment_status":"closed","ping_status":"closed","template":"","meta":{"ngg_post_thumbnail":0,"footnotes":""},"aioseo_notices":[],"_links":{"self":[{"href":"https:\/\/blogsaverroes.juntadeandalucia.es\/iesvirgendelmar\/wp-json\/wp\/v2\/pages\/6672"}],"collection":[{"href":"https:\/\/blogsaverroes.juntadeandalucia.es\/iesvirgendelmar\/wp-json\/wp\/v2\/pages"}],"about":[{"href":"https:\/\/blogsaverroes.juntadeandalucia.es\/iesvirgendelmar\/wp-json\/wp\/v2\/types\/page"}],"author":[{"embeddable":true,"href":"https:\/\/blogsaverroes.juntadeandalucia.es\/iesvirgendelmar\/wp-json\/wp\/v2\/users\/3634"}],"replies":[{"embeddable":true,"href":"https:\/\/blogsaverroes.juntadeandalucia.es\/iesvirgendelmar\/wp-json\/wp\/v2\/comments?post=6672"}],"version-history":[{"count":3,"href":"https:\/\/blogsaverroes.juntadeandalucia.es\/iesvirgendelmar\/wp-json\/wp\/v2\/pages\/6672\/revisions"}],"predecessor-version":[{"id":6676,"href":"https:\/\/blogsaverroes.juntadeandalucia.es\/iesvirgendelmar\/wp-json\/wp\/v2\/pages\/6672\/revisions\/6676"}],"wp:attachment":[{"href":"https:\/\/blogsaverroes.juntadeandalucia.es\/iesvirgendelmar\/wp-json\/wp\/v2\/media?parent=6672"}],"curies":[{"name":"wp","href":"https:\/\/api.w.org\/{rel}","templated":true}]}}