{"id":7247,"date":"2022-05-04T09:22:23","date_gmt":"2022-05-04T09:22:23","guid":{"rendered":"https:\/\/blogsaverroes.juntadeandalucia.es\/iesvirgendelmar\/?page_id=7247"},"modified":"2023-05-18T10:51:49","modified_gmt":"2023-05-18T10:51:49","slug":"recursos-educativos","status":"publish","type":"page","link":"https:\/\/blogsaverroes.juntadeandalucia.es\/iesvirgendelmar\/recursos-educativos\/","title":{"rendered":"Recursos Educativos"},"content":{"rendered":"<p>Metodolog\u00edas Activas<\/p>\n<ul>\n<li><a href=\"https:\/\/www.youtube.com\/watch?v=_1xxKImBmI8&amp;feature=emb_imp_woyt\">Video<\/a><\/li>\n<li>Proyecto Implantaci\u00f3n <a href=\"https:\/\/blogsaverroes.juntadeandalucia.es\/iesvirgendelmar\/files\/2022\/05\/Metodolog\u00edas-activas-Virgen-del-Mar.ppsx\">Metodolog\u00edas activas Virgen del Mar<\/a><\/li>\n<\/ul>\n<p>Herramientas Educativas<\/p>\n<ul>\n<li><a href=\"https:\/\/www.thatquiz.org\/es\/\">That Quiz<\/a> (Realiza pruebas matem\u00e1ticas)<\/li>\n<li><a href=\"https:\/\/eaprendizaje.ced.junta-andalucia.es\/\">Eaprendizaje<\/a><\/li>\n<li><a href=\"https:\/\/www.canva.com\/\">Canva<\/a><\/li>\n<li><a href=\"https:\/\/genial.ly\/es\/\">Genially<\/a><\/li>\n<li><a href=\"https:\/\/prezi.com\/\">Prezi<\/a><\/li>\n<li><a href=\"https:\/\/wordwall.net\/es\">WordWall<\/a><\/li>\n<li><a href=\"https:\/\/bookcreator.com\/\">BookCreator<\/a><\/li>\n<li><a href=\"https:\/\/quizizz.com\/?fromBrowserLoad=true\">Quizizz<\/a><\/li>\n<li><a href=\"https:\/\/get.plickers.com\/\">Plickers<\/a><\/li>\n<li>Videos\n<ul>\n<li><a href=\"https:\/\/www.loom.com\/\">Loom<\/a><\/li>\n<li><a href=\"https:\/\/edpuzzle.com\/\">Edpuzzle<\/a><\/li>\n<li><a href=\"https:\/\/www.powtoon.com\/?locale=es\">Powtoon<\/a><\/li>\n<li><a href=\"https:\/\/info.flipgrid.com\/getting-started.html\">FlipGrid<\/a><\/li>\n<\/ul>\n<\/li>\n<li>De todo un poco <a href=\"https:\/\/www.educaciontrespuntocero.com\/\">Educacion 3.0<\/a><\/li>\n<\/ul>\n<p>Recursos Educativos Abiertos (R.E.A)<\/p>\n<ul>\n<li><a href=\"http:\/\/agrega.educacion.es\/visualizadorcontenidos2\/Portada\/Portada.do\">Agrega<\/a><\/li>\n<li><a href=\"http:\/\/procomun.educalab.es\/\">Procomun<\/a><\/li>\n<li><a href=\"https:\/\/cedec.intef.es\/recursos\/\">Cedec<\/a><\/li>\n<li><a href=\"http:\/\/www.curriki.org\/\">Curriki<\/a><\/li>\n<li><a href=\"http:\/\/lreforschools.eun.org\/web\/guest\">LRE<\/a><\/li>\n<li><a href=\"http:\/\/cnx.org\/\">Connexions<\/a><\/li>\n<li><a href=\"http:\/\/www.oercommons.org\/oer\">OER<\/a><\/li>\n<li><a href=\"http:\/\/www.ck12.org\/\">CK12<\/a><\/li>\n<li><a href=\"http:\/\/wikieducator.org\/Open_Educational_Content_es\/olcos\/SEARCH_es\">WikiEducator<\/a><\/li>\n<li><a href=\"https:\/\/www.khanacademy.org\/\">Khan Academy<\/a><\/li>\n<\/ul>\n<p>Grupo de trabajo 22-23: Metodolog\u00edas inclusivas (Clase invertida, Aprendizaje basado en Juegos y Pensamiento Visual)<\/p>\n<ul>\n<li>PADLET: <a href=\"https:\/\/padlet.com\/fatimareyesaibar\/metodolog-as-inclusivas-aprendizaje-basado-en-juegos-pensami-2y6n3yv5vlbz2pmh\">https:\/\/padlet.com\/fatimareyesaibar\/metodolog-as-inclusivas-aprendizaje-basado-en-juegos-pensami-2y6n3yv5vlbz2pmh<\/a><\/li>\n<li>GENIALLY: <a href=\"https:\/\/view.genial.ly\/643d7e03353bd200194ce3f2\/presentation-metodologias-inclusivas-abj-clase-invertida-y-pensamiento-visual\">https:\/\/view.genial.ly\/643d7e03353bd200194ce3f2\/presentation-metodologias-inclusivas-abj-clase-invertida-y-pensamiento-visual<\/a><\/li>\n<li>CANVA: <a href=\"https:\/\/www.canva.com\/design\/DAFiWdKYdE8\/dBKpb5gdRQELDXKuK1mqWA\/view?utm_content=DAFiWdKYdE8&amp;utm_campaign=designshare&amp;utm_medium=link&amp;utm_source=homepage_design_menu\">https:\/\/www.canva.com\/design\/DAFiWdKYdE8\/dBKpb5gdRQELDXKuK1mqWA\/view?utm_content=DAFiWdKYdE8&amp;utm_campaign=designshare&amp;utm_medium=link&amp;utm_source=homepage_design_menu<\/a><\/li>\n<li>BLOG DEL GT:\u00a0 <a href=\"https:\/\/orientametodosinclusivos.blogspot.com\/\">https:\/\/orientametodosinclusivos.blogspot.com\/<\/a><\/li>\n<\/ul>\n<p>&nbsp;<\/p>\n","protected":false},"excerpt":{"rendered":"<p>Metodolog\u00edas Activas Video Proyecto Implantaci\u00f3n Metodolog\u00edas activas Virgen del Mar Herramientas Educativas That Quiz (Realiza pruebas matem\u00e1ticas) Eaprendizaje Canva Genially Prezi WordWall BookCreator Quizizz Plickers Videos Loom Edpuzzle Powtoon FlipGrid De todo un poco&#46;&#46;&#46;<\/p>\n","protected":false},"author":3634,"featured_media":0,"parent":0,"menu_order":0,"comment_status":"closed","ping_status":"closed","template":"","meta":{"ngg_post_thumbnail":0,"footnotes":""},"aioseo_notices":[],"_links":{"self":[{"href":"https:\/\/blogsaverroes.juntadeandalucia.es\/iesvirgendelmar\/wp-json\/wp\/v2\/pages\/7247"}],"collection":[{"href":"https:\/\/blogsaverroes.juntadeandalucia.es\/iesvirgendelmar\/wp-json\/wp\/v2\/pages"}],"about":[{"href":"https:\/\/blogsaverroes.juntadeandalucia.es\/iesvirgendelmar\/wp-json\/wp\/v2\/types\/page"}],"author":[{"embeddable":true,"href":"https:\/\/blogsaverroes.juntadeandalucia.es\/iesvirgendelmar\/wp-json\/wp\/v2\/users\/3634"}],"replies":[{"embeddable":true,"href":"https:\/\/blogsaverroes.juntadeandalucia.es\/iesvirgendelmar\/wp-json\/wp\/v2\/comments?post=7247"}],"version-history":[{"count":18,"href":"https:\/\/blogsaverroes.juntadeandalucia.es\/iesvirgendelmar\/wp-json\/wp\/v2\/pages\/7247\/revisions"}],"predecessor-version":[{"id":7490,"href":"https:\/\/blogsaverroes.juntadeandalucia.es\/iesvirgendelmar\/wp-json\/wp\/v2\/pages\/7247\/revisions\/7490"}],"wp:attachment":[{"href":"https:\/\/blogsaverroes.juntadeandalucia.es\/iesvirgendelmar\/wp-json\/wp\/v2\/media?parent=7247"}],"curies":[{"name":"wp","href":"https:\/\/api.w.org\/{rel}","templated":true}]}}