{"id":147,"date":"2015-03-17T07:46:52","date_gmt":"2015-03-17T07:46:52","guid":{"rendered":"http:\/\/blogsaverroes.juntadeandalucia.es\/pre\/ceip\/?page_id=147"},"modified":"2025-03-07T08:52:58","modified_gmt":"2025-03-07T08:52:58","slug":"lengua-2","status":"publish","type":"page","link":"https:\/\/blogsaverroes.juntadeandalucia.es\/iesvirgendelsocorro\/lengua-2\/","title":{"rendered":"Lengua"},"content":{"rendered":"<p>Bienvenidos al <strong>Departamento de Lengua<\/strong> del IES Virgen del Socorro.<\/p>\n<p style=\"text-align: left\"><strong>Sapere aude<\/strong> o como es lo mismo en Castellano, <strong>Atr\u00e9vete a saber<\/strong><\/p>\n<p>Queremos invitar a nuestro alumnado a adentrarse en nuestra lengua porque es el veh\u00edculo id\u00f3neo para <strong>descubrir<\/strong>, <strong>comparar<\/strong> y <strong>compartir<\/strong> todo lo que nos rodea. As\u00ed, los ejes fundamentales ser\u00e1n:<\/p>\n<ul>\n<li style=\"list-style-type: none\">\n<ul>\n<li><strong>La lectura<\/strong>, para comprender el entorno que nos rodea<\/li>\n<li><strong>La expresi\u00f3n oral y escrita<\/strong>, para manifestar los pensamientos e ideas<\/li>\n<li><strong>La capacidad de organizar los aprendizajes<\/strong> para que sean productivos en los contextos reales que rodean al alumnado<\/li>\n<\/ul>\n<\/li>\n<\/ul>\n<p><img loading=\"lazy\" decoding=\"async\" class=\"aligncenter\" src=\"https:\/\/elbarriodelasletras.com\/wp-content\/uploads\/2020\/10\/leer-perjudica-gravemente-la-ignorancia.jpg?w=546\" alt=\"Clases particulares \u2013 El Barrio de Las Letras\" width=\"329\" height=\"347\"><\/p>\n","protected":false},"excerpt":{"rendered":"<p>Bienvenidos al Departamento de Lengua del IES Virgen del Socorro. Sapere aude o como es lo mismo en Castellano, Atr\u00e9vete a saber Queremos invitar a nuestro alumnado a adentrarse en nuestra lengua porque es el veh\u00edculo id\u00f3neo para descubrir, comparar y compartir todo lo que nos rodea. As\u00ed, los ejes fundamentales ser\u00e1n: La lectura, para [&hellip;]<\/p>\n","protected":false},"author":1,"featured_media":0,"parent":0,"menu_order":0,"comment_status":"open","ping_status":"closed","template":"","meta":{"ngg_post_thumbnail":0,"footnotes":"","_mc_calendar":[]},"aioseo_notices":[],"_links":{"self":[{"href":"https:\/\/blogsaverroes.juntadeandalucia.es\/iesvirgendelsocorro\/wp-json\/wp\/v2\/pages\/147"}],"collection":[{"href":"https:\/\/blogsaverroes.juntadeandalucia.es\/iesvirgendelsocorro\/wp-json\/wp\/v2\/pages"}],"about":[{"href":"https:\/\/blogsaverroes.juntadeandalucia.es\/iesvirgendelsocorro\/wp-json\/wp\/v2\/types\/page"}],"author":[{"embeddable":true,"href":"https:\/\/blogsaverroes.juntadeandalucia.es\/iesvirgendelsocorro\/wp-json\/wp\/v2\/users\/1"}],"replies":[{"embeddable":true,"href":"https:\/\/blogsaverroes.juntadeandalucia.es\/iesvirgendelsocorro\/wp-json\/wp\/v2\/comments?post=147"}],"version-history":[{"count":18,"href":"https:\/\/blogsaverroes.juntadeandalucia.es\/iesvirgendelsocorro\/wp-json\/wp\/v2\/pages\/147\/revisions"}],"predecessor-version":[{"id":2969,"href":"https:\/\/blogsaverroes.juntadeandalucia.es\/iesvirgendelsocorro\/wp-json\/wp\/v2\/pages\/147\/revisions\/2969"}],"wp:attachment":[{"href":"https:\/\/blogsaverroes.juntadeandalucia.es\/iesvirgendelsocorro\/wp-json\/wp\/v2\/media?parent=147"}],"curies":[{"name":"wp","href":"https:\/\/api.w.org\/{rel}","templated":true}]}}