{"id":168,"date":"2015-03-17T07:54:01","date_gmt":"2015-03-17T07:54:01","guid":{"rendered":"http:\/\/blogsaverroes.juntadeandalucia.es\/pre\/ceip\/?page_id=168"},"modified":"2026-04-24T10:27:09","modified_gmt":"2026-04-24T10:27:09","slug":"matematicas","status":"publish","type":"page","link":"https:\/\/blogsaverroes.juntadeandalucia.es\/iesvirgendelsocorro\/matematicas\/","title":{"rendered":"Matem\u00e1ticas"},"content":{"rendered":"<p>Bienvenidos al <strong>Departamento de Matem\u00e1ticas<\/strong> del IES Virgen del Socorro:<\/p>\n<p>Las matem\u00e1ticas desempe\u00f1an un papel fundamental en la educaci\u00f3n secundaria, ofreciendo numerosos beneficios tanto acad\u00e9micos como pr\u00e1cticos.<\/p>\n<p>Las matem\u00e1ticas son esenciales por varias razones:<\/p>\n<p><strong>1. Fomentan el pensamiento l\u00f3gico y anal\u00edtico.<\/strong><\/p>\n<p><strong>2. Estimulan el pensamiento cr\u00edtico y la toma de decisiones fundamentadas.<\/strong><\/p>\n<p><strong>3. Son aplicables en la vida cotidiana, desde la gesti\u00f3n de presupuestos hasta la interpretaci\u00f3n de datos estad\u00edsticos.<\/strong><\/p>\n<p><strong>4. Preparan a los estudiantes para carreras especializadas en \u00e1reas STEM y otras oportunidades profesionales.<\/strong><\/p>\n<p><strong>5. Desarrollan habilidades para la resoluci\u00f3n de problemas, promoviendo la perseverancia y la creatividad.<\/strong><\/p>\n<p>En resumen, las matem\u00e1ticas no solo son herramientas de conocimiento, sino que tambi\u00e9n contribuyen al crecimiento integral de los individuos, fortaleciendo su confianza y capacidad para afrontar desaf\u00edos. \u00a1Explorar las matem\u00e1ticas es embarcarse en un viaje de continuo aprendizaje y descubrimientos!<\/p>\n<p><a href=\"https:\/\/blogsaverroes.juntadeandalucia.es\/iesvirgendelsocorro\/matematicas\/ecuaciones\/\" rel=\"attachment wp-att-3264\"><img loading=\"lazy\" decoding=\"async\" class=\"aligncenter size-full wp-image-3264\" src=\"https:\/\/blogsaverroes.juntadeandalucia.es\/iesvirgendelsocorro\/files\/2026\/04\/ecuaciones.jpg\" alt=\"\" width=\"900\" height=\"600\" srcset=\"https:\/\/blogsaverroes.juntadeandalucia.es\/iesvirgendelsocorro\/files\/2026\/04\/ecuaciones.jpg 900w, https:\/\/blogsaverroes.juntadeandalucia.es\/iesvirgendelsocorro\/files\/2026\/04\/ecuaciones-300x200.jpg 300w, https:\/\/blogsaverroes.juntadeandalucia.es\/iesvirgendelsocorro\/files\/2026\/04\/ecuaciones-768x512.jpg 768w\" sizes=\"(max-width: 900px) 100vw, 900px\" \/><\/a><br \/>\n<!--EndFragment --><\/p>\n","protected":false},"excerpt":{"rendered":"<p>Bienvenidos al Departamento de Matem\u00e1ticas del IES Virgen del Socorro: Las matem\u00e1ticas desempe\u00f1an un papel fundamental en la educaci\u00f3n secundaria, ofreciendo numerosos beneficios tanto acad\u00e9micos como pr\u00e1cticos. Las matem\u00e1ticas son esenciales por varias razones: 1. Fomentan el pensamiento l\u00f3gico y anal\u00edtico. 2. Estimulan el pensamiento cr\u00edtico y la toma de decisiones fundamentadas. 3. Son aplicables [&hellip;]<\/p>\n","protected":false},"author":1,"featured_media":0,"parent":0,"menu_order":0,"comment_status":"closed","ping_status":"closed","template":"","meta":{"ngg_post_thumbnail":0,"footnotes":"","_mc_calendar":[]},"aioseo_notices":[],"_links":{"self":[{"href":"https:\/\/blogsaverroes.juntadeandalucia.es\/iesvirgendelsocorro\/wp-json\/wp\/v2\/pages\/168"}],"collection":[{"href":"https:\/\/blogsaverroes.juntadeandalucia.es\/iesvirgendelsocorro\/wp-json\/wp\/v2\/pages"}],"about":[{"href":"https:\/\/blogsaverroes.juntadeandalucia.es\/iesvirgendelsocorro\/wp-json\/wp\/v2\/types\/page"}],"author":[{"embeddable":true,"href":"https:\/\/blogsaverroes.juntadeandalucia.es\/iesvirgendelsocorro\/wp-json\/wp\/v2\/users\/1"}],"replies":[{"embeddable":true,"href":"https:\/\/blogsaverroes.juntadeandalucia.es\/iesvirgendelsocorro\/wp-json\/wp\/v2\/comments?post=168"}],"version-history":[{"count":17,"href":"https:\/\/blogsaverroes.juntadeandalucia.es\/iesvirgendelsocorro\/wp-json\/wp\/v2\/pages\/168\/revisions"}],"predecessor-version":[{"id":3265,"href":"https:\/\/blogsaverroes.juntadeandalucia.es\/iesvirgendelsocorro\/wp-json\/wp\/v2\/pages\/168\/revisions\/3265"}],"wp:attachment":[{"href":"https:\/\/blogsaverroes.juntadeandalucia.es\/iesvirgendelsocorro\/wp-json\/wp\/v2\/media?parent=168"}],"curies":[{"name":"wp","href":"https:\/\/api.w.org\/{rel}","templated":true}]}}