{"id":174,"date":"2015-03-17T07:56:14","date_gmt":"2015-03-17T07:56:14","guid":{"rendered":"http:\/\/blogsaverroes.juntadeandalucia.es\/pre\/ceip\/?page_id=174"},"modified":"2026-04-24T10:20:23","modified_gmt":"2026-04-24T10:20:23","slug":"ingles-3-2","status":"publish","type":"page","link":"https:\/\/blogsaverroes.juntadeandalucia.es\/iesvirgendelsocorro\/ingles-3-2\/","title":{"rendered":"Ingl\u00e9s"},"content":{"rendered":"<p>Bienvenidos a el <strong>Departamento de Ingl\u00e9s<\/strong> del IES Virgen del Socorro.<\/p>\n<p>La asignatura de Ingl\u00e9s est\u00e1 dise\u00f1ada para <strong>desarrollar y mejorar<\/strong> las competencias comunicativas de los estudiantes en el idioma ingl\u00e9s. A lo largo del curso, los alumnos se centran en la comprensi\u00f3n auditiva, la expresi\u00f3n oral, la lectura y la escritura. Adem\u00e1s, se familiarizan con la cultura, literatura y costumbres de los pa\u00edses de habla inglesa, lo que enriquece su aprendizaje y perspectiva global. El estudio del ingl\u00e9s es fundamental para acceder a oportunidades acad\u00e9micas, profesionales y personales en un mundo cada vez m\u00e1s globalizado.<\/p>\n<p>&nbsp;<\/p>\n<p><img loading=\"lazy\" decoding=\"async\" class=\"aligncenter\" src=\"https:\/\/kajabi-storefronts-production.kajabi-cdn.com\/kajabi-storefronts-production\/file-uploads\/blogs\/2147738184\/images\/6537ac4-44b3-a8dc-82de-37a05c0341_7454886.jpg\" alt=\"Aprender Ingl\u00e9s Gratis\" width=\"592\" height=\"333\"><\/p>\n<p>&nbsp;<\/p>\n","protected":false},"excerpt":{"rendered":"<p>Bienvenidos a el Departamento de Ingl\u00e9s del IES Virgen del Socorro. La asignatura de Ingl\u00e9s est\u00e1 dise\u00f1ada para desarrollar y mejorar las competencias comunicativas de los estudiantes en el idioma ingl\u00e9s. A lo largo del curso, los alumnos se centran en la comprensi\u00f3n auditiva, la expresi\u00f3n oral, la lectura y la escritura. Adem\u00e1s, se familiarizan [&hellip;]<\/p>\n","protected":false},"author":1,"featured_media":0,"parent":0,"menu_order":0,"comment_status":"closed","ping_status":"closed","template":"","meta":{"ngg_post_thumbnail":0,"footnotes":"","_mc_calendar":[]},"aioseo_notices":[],"_links":{"self":[{"href":"https:\/\/blogsaverroes.juntadeandalucia.es\/iesvirgendelsocorro\/wp-json\/wp\/v2\/pages\/174"}],"collection":[{"href":"https:\/\/blogsaverroes.juntadeandalucia.es\/iesvirgendelsocorro\/wp-json\/wp\/v2\/pages"}],"about":[{"href":"https:\/\/blogsaverroes.juntadeandalucia.es\/iesvirgendelsocorro\/wp-json\/wp\/v2\/types\/page"}],"author":[{"embeddable":true,"href":"https:\/\/blogsaverroes.juntadeandalucia.es\/iesvirgendelsocorro\/wp-json\/wp\/v2\/users\/1"}],"replies":[{"embeddable":true,"href":"https:\/\/blogsaverroes.juntadeandalucia.es\/iesvirgendelsocorro\/wp-json\/wp\/v2\/comments?post=174"}],"version-history":[{"count":8,"href":"https:\/\/blogsaverroes.juntadeandalucia.es\/iesvirgendelsocorro\/wp-json\/wp\/v2\/pages\/174\/revisions"}],"predecessor-version":[{"id":2968,"href":"https:\/\/blogsaverroes.juntadeandalucia.es\/iesvirgendelsocorro\/wp-json\/wp\/v2\/pages\/174\/revisions\/2968"}],"wp:attachment":[{"href":"https:\/\/blogsaverroes.juntadeandalucia.es\/iesvirgendelsocorro\/wp-json\/wp\/v2\/media?parent=174"}],"curies":[{"name":"wp","href":"https:\/\/api.w.org\/{rel}","templated":true}]}}