{"id":2766,"date":"2024-04-25T07:57:33","date_gmt":"2024-04-25T07:57:33","guid":{"rendered":"https:\/\/blogsaverroes.juntadeandalucia.es\/iesvirgendelsocorro\/?page_id=2766"},"modified":"2024-04-25T07:59:39","modified_gmt":"2024-04-25T07:59:39","slug":"plan-de-centro","status":"publish","type":"page","link":"https:\/\/blogsaverroes.juntadeandalucia.es\/iesvirgendelsocorro\/plan-de-centro\/","title":{"rendered":"Plan de Centro"},"content":{"rendered":"<p><a href=\"https:\/\/drive.google.com\/file\/d\/1AEqLedEBxXa2KNb174NUE8s4AbX9RSrY\/view?usp=sharing\">\u2013&gt;&gt; Puedes ver nuestro PLAN DE CENTRO pinchando aqu\u00ed &lt;&lt;\u2013<\/a><\/p>\n<p>La Ley Org\u00e1nica 3\/2020, de 29 de diciembre, introduce importantes cambios normativos respecto a la anterior Ley Org\u00e1nica, de ese modo, se comprenden entre los principios y fines de la educaci\u00f3n el cumplimiento efectivo de los derechos de la infancia seg\u00fan lo establecido en la Convenci\u00f3n sobre los Derechos del Ni\u00f1o de Naciones Unidas, la inclusi\u00f3n educativa y la aplicaci\u00f3n de los principios del Dise\u00f1o Universal para el Aprendizaje (DUA). Al mismo tiempo, se reformula la definici\u00f3n de curr\u00edculo, enumerando los elementos que lo integran y se\u00f1alando que su configuraci\u00f3n deber\u00e1 estar orientada a facilitar el desarrollo educativo del alumnado, garantizando su formaci\u00f3n integral, contribuyendo al pleno desarrollo de su personalidad y prepar\u00e1ndolo para el ejercicio pleno de los derechos humanos, de una ciudadan\u00eda activa y democr\u00e1tica en la sociedad actual, sin que en ning\u00fan caso esta configuraci\u00f3n pueda suponer una barrera que genere abandono escolar o impida el acceso y disfrute del derecho a la educaci\u00f3n.<\/p>\n<p><a href=\"https:\/\/blogsaverroes.juntadeandalucia.es\/iesvirgendelsocorro\/files\/2014\/12\/talleres.jpg\"><img loading=\"lazy\" decoding=\"async\" class=\"wp-image-556 size-medium alignleft\" src=\"https:\/\/blogsaverroes.juntadeandalucia.es\/iesvirgendelsocorro\/files\/2014\/12\/talleres-300x199.jpg\" alt=\"\" width=\"300\" height=\"199\" srcset=\"https:\/\/blogsaverroes.juntadeandalucia.es\/iesvirgendelsocorro\/files\/2014\/12\/talleres-300x199.jpg 300w, https:\/\/blogsaverroes.juntadeandalucia.es\/iesvirgendelsocorro\/files\/2014\/12\/talleres-1024x682.jpg 1024w, https:\/\/blogsaverroes.juntadeandalucia.es\/iesvirgendelsocorro\/files\/2014\/12\/talleres.jpg 1280w\" sizes=\"(max-width: 300px) 100vw, 300px\" \/><\/a><\/p>\n<p>La etapa secundaria tiene como finalidad lograr que el alumnado adquiera los elementos b\u00e1sicos de la cultura, especialmente en sus aspectos human\u00edstico, art\u00edstico, cient\u00edfico-tecnol\u00f3gico y motriz; desarrollar y consolidar en ellos los h\u00e1bitos de estudio y de trabajo, as\u00ed como h\u00e1bitos de vida saludables, prepar\u00e1ndolos para su incorporaci\u00f3n a estudios posteriores y para su inserci\u00f3n laboral; form\u00e1ndolos para el ejercicio de sus derechos y obligaciones como ciudadanos y ciudadanas. Acogi\u00e9ndonos a la nueva normativa, nos planteamos una serie de objetivos para la mejora que quedan recogidos en nuestro Plan de Centro 2024<\/p>\n<p><a href=\"https:\/\/drive.google.com\/file\/d\/1AEqLedEBxXa2KNb174NUE8s4AbX9RSrY\/view?usp=sharing\">\u2013&gt;&gt; Puedes ver nuestro PLAN DE CENTRO pinchando aqu\u00ed &lt;&lt;\u2013<\/a><\/p>\n<p>&nbsp;<\/p>\n<p>&nbsp;<\/p>\n","protected":false},"excerpt":{"rendered":"<p>\u2013&gt;&gt; Puedes ver nuestro PLAN DE CENTRO pinchando aqu\u00ed &lt;&lt;\u2013 La Ley Org\u00e1nica 3\/2020, de 29 de diciembre, introduce importantes cambios normativos respecto a la anterior Ley Org\u00e1nica, de ese modo, se comprenden entre los principios y fines de la educaci\u00f3n el cumplimiento efectivo de los derechos de la infancia seg\u00fan lo establecido en la [&hellip;]<\/p>\n","protected":false},"author":11949,"featured_media":556,"parent":0,"menu_order":0,"comment_status":"closed","ping_status":"closed","template":"","meta":{"ngg_post_thumbnail":0,"footnotes":"","_mc_calendar":[]},"aioseo_notices":[],"_links":{"self":[{"href":"https:\/\/blogsaverroes.juntadeandalucia.es\/iesvirgendelsocorro\/wp-json\/wp\/v2\/pages\/2766"}],"collection":[{"href":"https:\/\/blogsaverroes.juntadeandalucia.es\/iesvirgendelsocorro\/wp-json\/wp\/v2\/pages"}],"about":[{"href":"https:\/\/blogsaverroes.juntadeandalucia.es\/iesvirgendelsocorro\/wp-json\/wp\/v2\/types\/page"}],"author":[{"embeddable":true,"href":"https:\/\/blogsaverroes.juntadeandalucia.es\/iesvirgendelsocorro\/wp-json\/wp\/v2\/users\/11949"}],"replies":[{"embeddable":true,"href":"https:\/\/blogsaverroes.juntadeandalucia.es\/iesvirgendelsocorro\/wp-json\/wp\/v2\/comments?post=2766"}],"version-history":[{"count":3,"href":"https:\/\/blogsaverroes.juntadeandalucia.es\/iesvirgendelsocorro\/wp-json\/wp\/v2\/pages\/2766\/revisions"}],"predecessor-version":[{"id":2770,"href":"https:\/\/blogsaverroes.juntadeandalucia.es\/iesvirgendelsocorro\/wp-json\/wp\/v2\/pages\/2766\/revisions\/2770"}],"wp:featuredmedia":[{"embeddable":true,"href":"https:\/\/blogsaverroes.juntadeandalucia.es\/iesvirgendelsocorro\/wp-json\/wp\/v2\/media\/556"}],"wp:attachment":[{"href":"https:\/\/blogsaverroes.juntadeandalucia.es\/iesvirgendelsocorro\/wp-json\/wp\/v2\/media?parent=2766"}],"curies":[{"name":"wp","href":"https:\/\/api.w.org\/{rel}","templated":true}]}}