{"id":3038,"date":"2025-02-25T08:00:26","date_gmt":"2025-02-25T08:00:26","guid":{"rendered":"https:\/\/blogsaverroes.juntadeandalucia.es\/iesvirgendelsocorro\/?page_id=3038"},"modified":"2026-04-23T10:31:01","modified_gmt":"2026-04-23T10:31:01","slug":"religion","status":"publish","type":"page","link":"https:\/\/blogsaverroes.juntadeandalucia.es\/iesvirgendelsocorro\/religion\/","title":{"rendered":"Religi\u00f3n"},"content":{"rendered":"<p><strong>Bienvenidos al Departamento de Religi\u00f3n del IES Virgen del Socorro.<\/strong><\/p>\n<p>La asignatura de <strong>Religi\u00f3n<\/strong> en la ESO est\u00e1 orientada a que el alumnado conozca las grandes tradiciones religiosas, especialmente el cristianismo, y comprenda su influencia en la cultura, la historia y los valores de nuestra sociedad.<\/p>\n<p>A lo largo del curso, los estudiantes reflexionan sobre cuestiones \u00e9ticas, el sentido de la vida, la convivencia, la solidaridad y el respeto entre personas de diferentes creencias.<\/p>\n<p>Tambi\u00e9n se trabajan contenidos relacionados con:<\/p>\n<ul>\n<li><strong>Textos b\u00edblicos y su interpretaci\u00f3n.<\/strong><\/li>\n<li><strong>Historia de las religiones.<\/strong><\/li>\n<li><strong>Valores humanos y sociales.<\/strong><\/li>\n<li><strong>Fiestas, s\u00edmbolos y tradiciones religiosas.<\/strong><\/li>\n<li><strong>Patrimonio art\u00edstico y cultural de ra\u00edz religiosa.<\/strong><\/li>\n<\/ul>\n<p>La asignatura fomenta el pensamiento cr\u00edtico, el di\u00e1logo, la empat\u00eda y el conocimiento de la diversidad cultural y espiritual del mundo actual.<\/p>\n<p><a href=\"https:\/\/blogsaverroes.juntadeandalucia.es\/iesvirgendelsocorro\/religion\/las-religiones-mas-populares-del-mundo-1\/\" rel=\"attachment wp-att-3243\"><img loading=\"lazy\" decoding=\"async\" class=\"aligncenter wp-image-3245 size-full\" src=\"https:\/\/blogsaverroes.juntadeandalucia.es\/iesvirgendelsocorro\/files\/2026\/04\/Las-Religiones-Mas-Populares-del-Mundo-1.png\" alt=\"\" width=\"590\" height=\"478\" srcset=\"https:\/\/blogsaverroes.juntadeandalucia.es\/iesvirgendelsocorro\/files\/2026\/04\/Las-Religiones-Mas-Populares-del-Mundo-1.png 590w, https:\/\/blogsaverroes.juntadeandalucia.es\/iesvirgendelsocorro\/files\/2026\/04\/Las-Religiones-Mas-Populares-del-Mundo-1-300x243.png 300w\" sizes=\"(max-width: 590px) 100vw, 590px\" \/><\/a><\/p>\n","protected":false},"excerpt":{"rendered":"<p>Bienvenidos al Departamento de Religi\u00f3n del IES Virgen del Socorro. La asignatura de Religi\u00f3n en la ESO est\u00e1 orientada a que el alumnado conozca las grandes tradiciones religiosas, especialmente el cristianismo, y comprenda su influencia en la cultura, la historia y los valores de nuestra sociedad. A lo largo del curso, los estudiantes reflexionan sobre [&hellip;]<\/p>\n","protected":false},"author":11949,"featured_media":0,"parent":0,"menu_order":0,"comment_status":"closed","ping_status":"closed","template":"","meta":{"ngg_post_thumbnail":0,"footnotes":"","_mc_calendar":[]},"aioseo_notices":[],"_links":{"self":[{"href":"https:\/\/blogsaverroes.juntadeandalucia.es\/iesvirgendelsocorro\/wp-json\/wp\/v2\/pages\/3038"}],"collection":[{"href":"https:\/\/blogsaverroes.juntadeandalucia.es\/iesvirgendelsocorro\/wp-json\/wp\/v2\/pages"}],"about":[{"href":"https:\/\/blogsaverroes.juntadeandalucia.es\/iesvirgendelsocorro\/wp-json\/wp\/v2\/types\/page"}],"author":[{"embeddable":true,"href":"https:\/\/blogsaverroes.juntadeandalucia.es\/iesvirgendelsocorro\/wp-json\/wp\/v2\/users\/11949"}],"replies":[{"embeddable":true,"href":"https:\/\/blogsaverroes.juntadeandalucia.es\/iesvirgendelsocorro\/wp-json\/wp\/v2\/comments?post=3038"}],"version-history":[{"count":4,"href":"https:\/\/blogsaverroes.juntadeandalucia.es\/iesvirgendelsocorro\/wp-json\/wp\/v2\/pages\/3038\/revisions"}],"predecessor-version":[{"id":3246,"href":"https:\/\/blogsaverroes.juntadeandalucia.es\/iesvirgendelsocorro\/wp-json\/wp\/v2\/pages\/3038\/revisions\/3246"}],"wp:attachment":[{"href":"https:\/\/blogsaverroes.juntadeandalucia.es\/iesvirgendelsocorro\/wp-json\/wp\/v2\/media?parent=3038"}],"curies":[{"name":"wp","href":"https:\/\/api.w.org\/{rel}","templated":true}]}}