{"id":3134,"date":"2025-10-24T06:40:30","date_gmt":"2025-10-24T06:40:30","guid":{"rendered":"https:\/\/blogsaverroes.juntadeandalucia.es\/iesvirgendelsocorro\/?page_id=3134"},"modified":"2025-10-24T07:04:17","modified_gmt":"2025-10-24T07:04:17","slug":"pizarra-digital-interactiva","status":"publish","type":"page","link":"https:\/\/blogsaverroes.juntadeandalucia.es\/iesvirgendelsocorro\/pizarra-digital-interactiva\/","title":{"rendered":"Pizarra digital interactiva"},"content":{"rendered":"<p>&nbsp;<\/p>\n<h3 style=\"text-align: center\"><strong>SELECCI\u00d3N DEL SISTEMA OPERATIVO EN EL OPS<\/strong><\/h3>\n<p><iframe loading=\"lazy\" title=\"1 2 SMART Board MX v5  Seleccio\u0301n del sistema operativo en OPS\" width=\"1170\" height=\"658\" src=\"https:\/\/www.youtube.com\/embed\/yu7ocJRsEk0?feature=oembed\" frameborder=\"0\" allow=\"accelerometer; autoplay; clipboard-write; encrypted-media; gyroscope; picture-in-picture; web-share\" referrerpolicy=\"strict-origin-when-cross-origin\" allowfullscreen><\/iframe><\/p>\n<h3 style=\"text-align: center\">PARA QU\u00c9 SIRVEN LOS BOTONES DE LA PANTALLA<\/h3>\n<p><iframe loading=\"lazy\" title=\"1 3 SMART Board MX v5  Caracter\u00edsticas principales mp4\" width=\"1170\" height=\"658\" src=\"https:\/\/www.youtube.com\/embed\/jdcqeBAgmEI?feature=oembed\" frameborder=\"0\" allow=\"accelerometer; autoplay; clipboard-write; encrypted-media; gyroscope; picture-in-picture; web-share\" referrerpolicy=\"strict-origin-when-cross-origin\" allowfullscreen><\/iframe><\/p>\n<h3 style=\"text-align: center\">DIFERENTES FORMAS DE ENCENDIDO Y APAGADO&nbsp;<\/h3>\n<p><iframe loading=\"lazy\" title=\"1 4 SMART Board MX v5  Encendido y apagado\" width=\"1170\" height=\"658\" src=\"https:\/\/www.youtube.com\/embed\/dNTZ9qfvpE8?feature=oembed\" frameborder=\"0\" allow=\"accelerometer; autoplay; clipboard-write; encrypted-media; gyroscope; picture-in-picture; web-share\" referrerpolicy=\"strict-origin-when-cross-origin\" allowfullscreen><\/iframe><\/p>\n<h3 style=\"text-align: center\">DIFERENTES FORMAS DE INICIAR SESI\u00d3N<\/h3>\n<p><iframe loading=\"lazy\" title=\"2 1  Inicio de sesi\u00f3n en el Panel Interactivo\" width=\"1170\" height=\"658\" src=\"https:\/\/www.youtube.com\/embed\/gn8Ea8IXdhk?feature=oembed\" frameborder=\"0\" allow=\"accelerometer; autoplay; clipboard-write; encrypted-media; gyroscope; picture-in-picture; web-share\" referrerpolicy=\"strict-origin-when-cross-origin\" allowfullscreen><\/iframe><\/p>\n<h3 style=\"text-align: center\">FUNCIONAMIENTO B\u00c1SICO DE LA PIZARRA BLANCA<\/h3>\n<p><iframe loading=\"lazy\" title=\"3 1  Pizarra blanca  escribir, mover y borrar\" width=\"1170\" height=\"658\" src=\"https:\/\/www.youtube.com\/embed\/WjmMe8keYQM?feature=oembed\" frameborder=\"0\" allow=\"accelerometer; autoplay; clipboard-write; encrypted-media; gyroscope; picture-in-picture; web-share\" referrerpolicy=\"strict-origin-when-cross-origin\" allowfullscreen><\/iframe><\/p>\n<h3 style=\"text-align: center\">USO AVANZADO DE LA PIZARRA BLANCA<\/h3>\n<p><iframe loading=\"lazy\" title=\"3 2  Pizarra blanca  a\u00f1adir p\u00e1ginas y otras herramientas 003\" width=\"1170\" height=\"658\" src=\"https:\/\/www.youtube.com\/embed\/UlXTc9QkzwQ?feature=oembed\" frameborder=\"0\" allow=\"accelerometer; autoplay; clipboard-write; encrypted-media; gyroscope; picture-in-picture; web-share\" referrerpolicy=\"strict-origin-when-cross-origin\" allowfullscreen><\/iframe><\/p>\n<h3 style=\"text-align: center\">A\u00d1ADIR IM\u00c1GENES Y V\u00cdDEOS<\/h3>\n<p><iframe loading=\"lazy\" title=\"3 3  Pizarra blanca  a\u00f1adir im\u00e1genes y v\u00eddeos 002\" width=\"1170\" height=\"658\" src=\"https:\/\/www.youtube.com\/embed\/qpNPIVsMLEQ?feature=oembed\" frameborder=\"0\" allow=\"accelerometer; autoplay; clipboard-write; encrypted-media; gyroscope; picture-in-picture; web-share\" referrerpolicy=\"strict-origin-when-cross-origin\" allowfullscreen><\/iframe><\/p>\n<h3 style=\"text-align: center\">HERRAMIENTAS MATEM\u00c1TICAS<\/h3>\n<p><iframe loading=\"lazy\" title=\"3 4  Pizarra blanca  herramientas matem\u00e1ticas 001\" width=\"1170\" height=\"658\" src=\"https:\/\/www.youtube.com\/embed\/VO-XyTXxs5g?feature=oembed\" frameborder=\"0\" allow=\"accelerometer; autoplay; clipboard-write; encrypted-media; gyroscope; picture-in-picture; web-share\" referrerpolicy=\"strict-origin-when-cross-origin\" allowfullscreen><\/iframe><\/p>\n<h3 style=\"text-align: center\">COMPARTIR CONTENIDO EN LOS ORDENADORES DEL ALUMNADO<\/h3>\n<p><iframe loading=\"lazy\" title=\"4 1  Compartiendo la pantalla con nuestro alumnado parte 1\" width=\"1170\" height=\"658\" src=\"https:\/\/www.youtube.com\/embed\/WUVzuGGnrkM?feature=oembed\" frameborder=\"0\" allow=\"accelerometer; autoplay; clipboard-write; encrypted-media; gyroscope; picture-in-picture; web-share\" referrerpolicy=\"strict-origin-when-cross-origin\" allowfullscreen><\/iframe><\/p>\n<h3 style=\"text-align: center\">CONVERTIR P\u00c1GINA EN ACTIVIDAD<\/h3>\n<p><iframe loading=\"lazy\" title=\"4 1  Compartiendo la pantalla con nuestro alumnado parte 2\" width=\"1170\" height=\"658\" src=\"https:\/\/www.youtube.com\/embed\/ktNN2PmLaWY?feature=oembed\" frameborder=\"0\" allow=\"accelerometer; autoplay; clipboard-write; encrypted-media; gyroscope; picture-in-picture; web-share\" referrerpolicy=\"strict-origin-when-cross-origin\" allowfullscreen><\/iframe><\/p>\n<h3 style=\"text-align: center\">TRABAJAR CON ARCHIVOS<\/h3>\n<p><iframe loading=\"lazy\" title=\"4 2  Trabajando con archivos en el panel interactivo\" width=\"1170\" height=\"658\" src=\"https:\/\/www.youtube.com\/embed\/VFSl-_xlEyc?feature=oembed\" frameborder=\"0\" allow=\"accelerometer; autoplay; clipboard-write; encrypted-media; gyroscope; picture-in-picture; web-share\" referrerpolicy=\"strict-origin-when-cross-origin\" allowfullscreen><\/iframe><\/p>\n<h3 style=\"text-align: center\">SMART MIRROR -&gt; ENVIAR CONTENIDO DE CUALQUIER DISPOSITIVO DE MANERA INAL\u00c1MBRICA&nbsp;<\/h3>\n<p><iframe loading=\"lazy\" title=\"4 3  Compartiendo pantalla  Smart Mirror\" width=\"1170\" height=\"658\" src=\"https:\/\/www.youtube.com\/embed\/vazS2-xTJn4?feature=oembed\" frameborder=\"0\" allow=\"accelerometer; autoplay; clipboard-write; encrypted-media; gyroscope; picture-in-picture; web-share\" referrerpolicy=\"strict-origin-when-cross-origin\" allowfullscreen><\/iframe><\/p>\n<p>&nbsp;<\/p>\n","protected":false},"excerpt":{"rendered":"<p>&nbsp; SELECCI\u00d3N DEL SISTEMA OPERATIVO EN EL OPS PARA QU\u00c9 SIRVEN LOS BOTONES DE LA PANTALLA DIFERENTES FORMAS DE ENCENDIDO Y APAGADO&nbsp; DIFERENTES FORMAS DE INICIAR SESI\u00d3N FUNCIONAMIENTO B\u00c1SICO DE LA PIZARRA BLANCA USO AVANZADO DE LA PIZARRA BLANCA A\u00d1ADIR IM\u00c1GENES Y V\u00cdDEOS HERRAMIENTAS MATEM\u00c1TICAS COMPARTIR CONTENIDO EN LOS ORDENADORES DEL ALUMNADO CONVERTIR P\u00c1GINA EN [&hellip;]<\/p>\n","protected":false},"author":11949,"featured_media":0,"parent":0,"menu_order":0,"comment_status":"closed","ping_status":"closed","template":"templates\/template-page-full-width.php","meta":{"ngg_post_thumbnail":0,"footnotes":"","_mc_calendar":[]},"aioseo_notices":[],"_links":{"self":[{"href":"https:\/\/blogsaverroes.juntadeandalucia.es\/iesvirgendelsocorro\/wp-json\/wp\/v2\/pages\/3134"}],"collection":[{"href":"https:\/\/blogsaverroes.juntadeandalucia.es\/iesvirgendelsocorro\/wp-json\/wp\/v2\/pages"}],"about":[{"href":"https:\/\/blogsaverroes.juntadeandalucia.es\/iesvirgendelsocorro\/wp-json\/wp\/v2\/types\/page"}],"author":[{"embeddable":true,"href":"https:\/\/blogsaverroes.juntadeandalucia.es\/iesvirgendelsocorro\/wp-json\/wp\/v2\/users\/11949"}],"replies":[{"embeddable":true,"href":"https:\/\/blogsaverroes.juntadeandalucia.es\/iesvirgendelsocorro\/wp-json\/wp\/v2\/comments?post=3134"}],"version-history":[{"count":6,"href":"https:\/\/blogsaverroes.juntadeandalucia.es\/iesvirgendelsocorro\/wp-json\/wp\/v2\/pages\/3134\/revisions"}],"predecessor-version":[{"id":3141,"href":"https:\/\/blogsaverroes.juntadeandalucia.es\/iesvirgendelsocorro\/wp-json\/wp\/v2\/pages\/3134\/revisions\/3141"}],"wp:attachment":[{"href":"https:\/\/blogsaverroes.juntadeandalucia.es\/iesvirgendelsocorro\/wp-json\/wp\/v2\/media?parent=3134"}],"curies":[{"name":"wp","href":"https:\/\/api.w.org\/{rel}","templated":true}]}}