{"id":35,"date":"2015-03-13T08:21:43","date_gmt":"2015-03-13T08:21:43","guid":{"rendered":"http:\/\/blogsaverroes.juntadeandalucia.es\/pre\/ceip\/?page_id=35"},"modified":"2023-11-30T07:59:45","modified_gmt":"2023-11-30T07:59:45","slug":"el-centro","status":"publish","type":"page","link":"https:\/\/blogsaverroes.juntadeandalucia.es\/iesvirgendelsocorro\/el-centro\/","title":{"rendered":"Datos del centro"},"content":{"rendered":"<p><iframe loading=\"lazy\" src=\"https:\/\/www.google.com\/maps\/embed?pb=!1m14!1m8!1m3!1d12692.824793543887!2d-6.5973591!3d37.3139431!3m2!1i1024!2i768!4f13.1!3m3!1m2!1s0xd11efc772b175a9%3A0xfb0901a726a7b08b!2sInstituto%20de%20Educaci%C3%B3n%20Secundaria%20Virgen%20del%20Socorro!5e0!3m2!1ses!2ses!4v1701330820374!5m2!1ses!2ses\" width=\"600\" height=\"450\" frameborder=\"0\"><span data-mce-type=\"bookmark\" style=\"width: 0px;overflow: hidden;line-height: 0\" class=\"mce_SELRES_start\">\ufeff<\/span><\/iframe><\/p>\n<h4>Datos de contacto<\/h4>\n<p>Instituto de Educaci\u00f3n Secundaria \u00abVirgen del Socorro\u00bb<\/p>\n<p><strong>Direcci\u00f3n:<\/strong> &nbsp;Calle Hermanos Pinz\u00f3n, 21. Rociana del Condado (21720) Huelva.<br \/>\n<strong>Tel\u00e9fono \/ FAX: 959 43 99 63<\/strong><br \/>\n<strong>Email:<\/strong> 21700599.edu@juntadeandalucia.es<\/p>\n<h4><strong>Horarios<\/strong><\/h4>\n<p>El horario de apertura es de 8:00 h. a 15:00 h. de Lunes a Viernes. El horario lectivo actual es de 8:15 h. a 14:45 h.<\/p>\n<h4><strong>Oferta educativa<\/strong><\/h4>\n<p>Actualmente el centro ofrece Educaci\u00f3n Secundaria Obligatoria desde primero hasta cuarto.<\/p>\n<p>&nbsp;<\/p>\n","protected":false},"excerpt":{"rendered":"<p>\ufeff Datos de contacto Instituto de Educaci\u00f3n Secundaria \u00abVirgen del Socorro\u00bb Direcci\u00f3n: &nbsp;Calle Hermanos Pinz\u00f3n, 21. Rociana del Condado (21720) Huelva. Tel\u00e9fono \/ FAX: 959 43 99 63 Email: 21700599.edu@juntadeandalucia.es Horarios El horario de apertura es de 8:00 h. a 15:00 h. de Lunes a Viernes. El horario lectivo actual es de 8:15 h. a [&hellip;]<\/p>\n","protected":false},"author":1,"featured_media":0,"parent":0,"menu_order":0,"comment_status":"closed","ping_status":"closed","template":"","meta":{"ngg_post_thumbnail":0,"footnotes":"","_mc_calendar":[]},"aioseo_notices":[],"_links":{"self":[{"href":"https:\/\/blogsaverroes.juntadeandalucia.es\/iesvirgendelsocorro\/wp-json\/wp\/v2\/pages\/35"}],"collection":[{"href":"https:\/\/blogsaverroes.juntadeandalucia.es\/iesvirgendelsocorro\/wp-json\/wp\/v2\/pages"}],"about":[{"href":"https:\/\/blogsaverroes.juntadeandalucia.es\/iesvirgendelsocorro\/wp-json\/wp\/v2\/types\/page"}],"author":[{"embeddable":true,"href":"https:\/\/blogsaverroes.juntadeandalucia.es\/iesvirgendelsocorro\/wp-json\/wp\/v2\/users\/1"}],"replies":[{"embeddable":true,"href":"https:\/\/blogsaverroes.juntadeandalucia.es\/iesvirgendelsocorro\/wp-json\/wp\/v2\/comments?post=35"}],"version-history":[{"count":21,"href":"https:\/\/blogsaverroes.juntadeandalucia.es\/iesvirgendelsocorro\/wp-json\/wp\/v2\/pages\/35\/revisions"}],"predecessor-version":[{"id":2489,"href":"https:\/\/blogsaverroes.juntadeandalucia.es\/iesvirgendelsocorro\/wp-json\/wp\/v2\/pages\/35\/revisions\/2489"}],"wp:attachment":[{"href":"https:\/\/blogsaverroes.juntadeandalucia.es\/iesvirgendelsocorro\/wp-json\/wp\/v2\/media?parent=35"}],"curies":[{"name":"wp","href":"https:\/\/api.w.org\/{rel}","templated":true}]}}