{"id":35,"date":"2015-03-13T08:21:43","date_gmt":"2015-03-13T08:21:43","guid":{"rendered":"http:\/\/blogsaverroes.juntadeandalucia.es\/pre\/ceip\/?page_id=35"},"modified":"2025-11-13T12:53:58","modified_gmt":"2025-11-13T11:53:58","slug":"el-centro-2","status":"publish","type":"page","link":"https:\/\/blogsaverroes.juntadeandalucia.es\/iesvirgendevilladiego\/el-centro-2\/","title":{"rendered":"Datos del centro"},"content":{"rendered":"<p><a href=\"http:\/\/blogsaverroes.juntadeandalucia.es\/iesvirgendevilladiego\/files\/2015\/03\/IESFachada.jpg\"><img loading=\"lazy\" decoding=\"async\" class=\"alignnone size-full wp-image-2356\" src=\"http:\/\/blogsaverroes.juntadeandalucia.es\/iesvirgendevilladiego\/files\/2015\/03\/IESFachada.jpg\" alt=\"IESFachada\" width=\"980\" height=\"400\" srcset=\"https:\/\/blogsaverroes.juntadeandalucia.es\/iesvirgendevilladiego\/files\/2015\/03\/IESFachada.jpg 980w, https:\/\/blogsaverroes.juntadeandalucia.es\/iesvirgendevilladiego\/files\/2015\/03\/IESFachada-300x122.jpg 300w\" sizes=\"(max-width: 980px) 100vw, 980px\" \/><\/a><\/p>\n<p style=\"text-align: center\"><a href=\"http:\/\/blogsaverroes.juntadeandalucia.es\/iesvirgendevilladiego\/files\/2015\/03\/Nombre-del-centro_001.jpg\"><img loading=\"lazy\" decoding=\"async\" class=\"alignnone wp-image-2526\" src=\"http:\/\/blogsaverroes.juntadeandalucia.es\/iesvirgendevilladiego\/files\/2015\/03\/Nombre-del-centro_001.jpg\" alt=\"Nombre del centro_001\" width=\"563\" height=\"297\" srcset=\"https:\/\/blogsaverroes.juntadeandalucia.es\/iesvirgendevilladiego\/files\/2015\/03\/Nombre-del-centro_001.jpg 504w, https:\/\/blogsaverroes.juntadeandalucia.es\/iesvirgendevilladiego\/files\/2015\/03\/Nombre-del-centro_001-300x158.jpg 300w\" sizes=\"(max-width: 563px) 100vw, 563px\" \/><\/a><\/p>\n<p>El <strong>IES \u00abVirgen de Villadiego\u00bb<\/strong> se encuentra ubicado en la localidad de Pe\u00f1aflor, en la provincia de Sevilla. Localidad situada en la vega alta del Guadalquivir y en los estribos de sierra morena, limitando al norte con la provincia de C\u00f3rdoba.<\/p>\n<p>El t\u00e9rmino municipal de Pe\u00f1aflor, cruzado por el r\u00edo Guadalquivir, tiene una superficie de 82\u00b489 Km<sup>2 <\/sup>y est\u00e1 situado a 53 metros de altitud sobre el nivel del mar.<\/p>\n<p>Sus habitantes se denominan <strong><em>Pe\u00f1aflorenses<\/em><\/strong>. Su poblaci\u00f3n total ronda los&nbsp;3.700 habitantes.<\/p>\n<p>El Centro acoge adem\u00e1s del alumnado de la localidad el procedente de los poblados de Las Vegas de Almenara y Veredas, que son pedan\u00edas de Pe\u00f1aflor.<\/p>\n<h3><strong>Oferta educativa:<\/strong><\/h3>\n<h3 class=\"title\" style=\"padding-left: 60px\">Educaci\u00f3n Secundaria Obligatoria (ESO)<\/h3>\n<h3>Situaci\u00f3n:<\/h3>\n<h4><iframe loading=\"lazy\" src=\"https:\/\/www.google.com\/maps\/embed?pb=!1m14!1m8!1m3!1d6312.80718344147!2d-5.3496085!3d37.7102035!3m2!1i1024!2i768!4f13.1!3m3!1m2!1s0xd12dcdd6747c941%3A0xcef05bcbd8ad7cff!2sInstituto+de+Educaci%C3%B3n+Secundaria+Ies+Virgen+de+Villadiego!5e0!3m2!1ses!2ses!4v1457349671609\" width=\"600\" height=\"450\" frameborder=\"0\"><\/iframe><\/h4>\n<h4>&nbsp;<\/h4>\n","protected":false},"excerpt":{"rendered":"<p>El IES \u00abVirgen de Villadiego\u00bb se encuentra ubicado en la localidad de Pe\u00f1aflor, en la provincia de Sevilla. Localidad situada en la vega alta del Guadalquivir y en los estribos de sierra morena, limitando&#46;&#46;&#46;<\/p>\n","protected":false},"author":1,"featured_media":0,"parent":0,"menu_order":0,"comment_status":"open","ping_status":"open","template":"","meta":{"ngg_post_thumbnail":0,"footnotes":"","_mc_calendar":[]},"aioseo_notices":[],"_links":{"self":[{"href":"https:\/\/blogsaverroes.juntadeandalucia.es\/iesvirgendevilladiego\/wp-json\/wp\/v2\/pages\/35"}],"collection":[{"href":"https:\/\/blogsaverroes.juntadeandalucia.es\/iesvirgendevilladiego\/wp-json\/wp\/v2\/pages"}],"about":[{"href":"https:\/\/blogsaverroes.juntadeandalucia.es\/iesvirgendevilladiego\/wp-json\/wp\/v2\/types\/page"}],"author":[{"embeddable":true,"href":"https:\/\/blogsaverroes.juntadeandalucia.es\/iesvirgendevilladiego\/wp-json\/wp\/v2\/users\/1"}],"replies":[{"embeddable":true,"href":"https:\/\/blogsaverroes.juntadeandalucia.es\/iesvirgendevilladiego\/wp-json\/wp\/v2\/comments?post=35"}],"version-history":[{"count":35,"href":"https:\/\/blogsaverroes.juntadeandalucia.es\/iesvirgendevilladiego\/wp-json\/wp\/v2\/pages\/35\/revisions"}],"predecessor-version":[{"id":7115,"href":"https:\/\/blogsaverroes.juntadeandalucia.es\/iesvirgendevilladiego\/wp-json\/wp\/v2\/pages\/35\/revisions\/7115"}],"wp:attachment":[{"href":"https:\/\/blogsaverroes.juntadeandalucia.es\/iesvirgendevilladiego\/wp-json\/wp\/v2\/media?parent=35"}],"curies":[{"name":"wp","href":"https:\/\/api.w.org\/{rel}","templated":true}]}}