{"id":49,"date":"2015-03-13T08:47:05","date_gmt":"2015-03-13T08:47:05","guid":{"rendered":"http:\/\/blogsaverroes.juntadeandalucia.es\/pre\/ceip\/?page_id=49"},"modified":"2025-11-16T16:50:09","modified_gmt":"2025-11-16T15:50:09","slug":"proyecto-educativo","status":"publish","type":"page","link":"https:\/\/blogsaverroes.juntadeandalucia.es\/iesvirgendevilladiego\/proyecto-educativo\/","title":{"rendered":"Plan de Centro"},"content":{"rendered":"<p><img loading=\"lazy\" decoding=\"async\" class=\" wp-image-1662 alignleft\" src=\"http:\/\/blogsaverroes.juntadeandalucia.es\/iesvirgendevilladiego\/files\/2015\/03\/proyecto-300x266.png\" alt=\"proyecto\" width=\"232\" height=\"206\" srcset=\"https:\/\/blogsaverroes.juntadeandalucia.es\/iesvirgendevilladiego\/files\/2015\/03\/proyecto-300x266.png 300w, https:\/\/blogsaverroes.juntadeandalucia.es\/iesvirgendevilladiego\/files\/2015\/03\/proyecto.png 640w\" sizes=\"(max-width: 232px) 100vw, 232px\" \/><\/p>\n<p>Un centro se define en gran medida por su <strong>Plan de Centro<\/strong>. En \u00e9l se plasma el modelo educativo y la concreci\u00f3n de la normativa que un centro realiza respecto a las ense\u00f1anzas que imparte. Aspectos tales como las finales educativas, objetivos, atenci\u00f3n a la diversidad, etc.<\/p>\n<p>Que la web de un centro informe de su Plan de Centro es una apuesta clara por la <strong>transparencia<\/strong>.<\/p>\n<p>&nbsp;<\/p>\n<div>A trav\u00e9s del siguiente enlace, que nos lleva a una presentaci\u00f3n de Genial.ly, pod\u00e9is consultar on-line el Plan de Centro para este curso escolar 2025\/2026. Podr\u00e9is acceder a los distintos apartados del mismo, pinchando en los distintos enlaces que aparecen en dicha presentaci\u00f3n.<\/div>\n<div>&nbsp;<\/div>\n<h1 style=\"padding-left: 40px;text-align: center\"><a href=\"https:\/\/view.genially.com\/6746214396476fa875a1caab\/interactive-content-plan-de-centro-ies-2025-11\">Plan de Centro 2025\/2026<\/a><\/h1>\n<div>\n<p>&nbsp;<\/p>\n<p>&nbsp;<\/p>\n<h4><a href=\"https:\/\/blogsaverroes.juntadeandalucia.es\/iesvirgendevilladiego\/files\/2017\/12\/Apartado-D.-4.Organigrama.jpg\"><img loading=\"lazy\" decoding=\"async\" class=\"alignnone size-full wp-image-3826\" src=\"https:\/\/blogsaverroes.juntadeandalucia.es\/iesvirgendevilladiego\/files\/2017\/12\/Apartado-D.-4.Organigrama.jpg\" alt=\"\" width=\"1149\" height=\"676\" srcset=\"https:\/\/blogsaverroes.juntadeandalucia.es\/iesvirgendevilladiego\/files\/2017\/12\/Apartado-D.-4.Organigrama.jpg 1149w, https:\/\/blogsaverroes.juntadeandalucia.es\/iesvirgendevilladiego\/files\/2017\/12\/Apartado-D.-4.Organigrama-300x177.jpg 300w, https:\/\/blogsaverroes.juntadeandalucia.es\/iesvirgendevilladiego\/files\/2017\/12\/Apartado-D.-4.Organigrama-768x452.jpg 768w, https:\/\/blogsaverroes.juntadeandalucia.es\/iesvirgendevilladiego\/files\/2017\/12\/Apartado-D.-4.Organigrama-1024x602.jpg 1024w, https:\/\/blogsaverroes.juntadeandalucia.es\/iesvirgendevilladiego\/files\/2017\/12\/Apartado-D.-4.Organigrama-24x14.jpg 24w, https:\/\/blogsaverroes.juntadeandalucia.es\/iesvirgendevilladiego\/files\/2017\/12\/Apartado-D.-4.Organigrama-36x21.jpg 36w, https:\/\/blogsaverroes.juntadeandalucia.es\/iesvirgendevilladiego\/files\/2017\/12\/Apartado-D.-4.Organigrama-48x28.jpg 48w\" sizes=\"(max-width: 1149px) 100vw, 1149px\" \/><\/a><\/h4>\n<\/div>\n","protected":false},"excerpt":{"rendered":"<p>Un centro se define en gran medida por su Plan de Centro. En \u00e9l se plasma el modelo educativo y la concreci\u00f3n de la normativa que un centro realiza respecto a las ense\u00f1anzas que&#46;&#46;&#46;<\/p>\n","protected":false},"author":1,"featured_media":0,"parent":0,"menu_order":0,"comment_status":"open","ping_status":"open","template":"page-templates\/child-menu.php","meta":{"ngg_post_thumbnail":0,"footnotes":"","_mc_calendar":[]},"aioseo_notices":[],"_links":{"self":[{"href":"https:\/\/blogsaverroes.juntadeandalucia.es\/iesvirgendevilladiego\/wp-json\/wp\/v2\/pages\/49"}],"collection":[{"href":"https:\/\/blogsaverroes.juntadeandalucia.es\/iesvirgendevilladiego\/wp-json\/wp\/v2\/pages"}],"about":[{"href":"https:\/\/blogsaverroes.juntadeandalucia.es\/iesvirgendevilladiego\/wp-json\/wp\/v2\/types\/page"}],"author":[{"embeddable":true,"href":"https:\/\/blogsaverroes.juntadeandalucia.es\/iesvirgendevilladiego\/wp-json\/wp\/v2\/users\/1"}],"replies":[{"embeddable":true,"href":"https:\/\/blogsaverroes.juntadeandalucia.es\/iesvirgendevilladiego\/wp-json\/wp\/v2\/comments?post=49"}],"version-history":[{"count":64,"href":"https:\/\/blogsaverroes.juntadeandalucia.es\/iesvirgendevilladiego\/wp-json\/wp\/v2\/pages\/49\/revisions"}],"predecessor-version":[{"id":7149,"href":"https:\/\/blogsaverroes.juntadeandalucia.es\/iesvirgendevilladiego\/wp-json\/wp\/v2\/pages\/49\/revisions\/7149"}],"wp:attachment":[{"href":"https:\/\/blogsaverroes.juntadeandalucia.es\/iesvirgendevilladiego\/wp-json\/wp\/v2\/media?parent=49"}],"curies":[{"name":"wp","href":"https:\/\/api.w.org\/{rel}","templated":true}]}}