{"id":1089,"date":"2025-04-06T18:58:53","date_gmt":"2025-04-06T17:58:53","guid":{"rendered":"https:\/\/blogsaverroes.juntadeandalucia.es\/ieszocoes\/?page_id=1089"},"modified":"2026-03-11T08:41:30","modified_gmt":"2026-03-11T07:41:30","slug":"novedadesprueba","status":"publish","type":"page","link":"https:\/\/blogsaverroes.juntadeandalucia.es\/ieszocoes\/","title":{"rendered":"NOVEDADES"},"content":{"rendered":"\t\t<div data-elementor-type=\"wp-page\" data-elementor-id=\"1089\" class=\"elementor elementor-1089\">\n\t\t\t\t<div class=\"elementor-element elementor-element-c735dec e-flex e-con-boxed e-con e-parent\" data-id=\"c735dec\" data-element_type=\"container\">\n\t\t\t\t\t<div class=\"e-con-inner\">\n\t\t\t\t<div class=\"elementor-element elementor-element-a2d0ec4 elementor-widget elementor-widget-contentviews_widget_list1\" data-id=\"a2d0ec4\" data-element_type=\"widget\" data-widget_type=\"contentviews_widget_list1.default\">\n\t\t\t\t<div class=\"elementor-widget-container\">\n\t\t\t\t\t<div class='pt-cv-wrapper'> <div class=\"pt-cv-view pt-cv-blockgrid iscvblock iscvelementor list1 layout1\" id=\"pt-cv-view-a2d0ec4\"><div data-id=\"pt-cv-page-1\" class=\"pt-cv-page\" data-cvc=\"1\"><div class=\" pt-cv-content-item pt-cv-2-col\" ><div class=\"pt-cv-thumb-wrapper pull-left \"><a href=\"https:\/\/blogsaverroes.juntadeandalucia.es\/ieszocoes\/senderismo-en-el-parque-natural-de-la-subbetica\/\" class=\"_self pt-cv-href-thumbnail pt-cv-thumb-left\" target=\"_self\" ><img fetchpriority=\"high\" decoding=\"async\" width=\"1024\" height=\"622\" src=\"https:\/\/blogsaverroes.juntadeandalucia.es\/ieszocoes\/files\/2026\/03\/Captura-1024x622.jpg\" class=\"pt-cv-thumbnail pull-left\" alt=\"\" \/><\/a><\/div>\n<div class=\"pt-cv-colwrap\"><h4 class=\"pt-cv-title\"><a href=\"https:\/\/blogsaverroes.juntadeandalucia.es\/ieszocoes\/senderismo-en-el-parque-natural-de-la-subbetica\/\" class=\"_self\" target=\"_self\" >Senderismo en el Parque Natural de la Subb\u00e9tica.<\/a><\/h4><div class=\"pt-cv-content\">Los alumnos de 1\u00ba de Bachillerato, acompa\u00f1ados por los profesores Eva Mu\u00f1oz, J. A. Gonz\u00e1lez y Pedro Zafra, han recorrido ...<\/div><div class=\"pt-cv-rmwrap\"><a href=\"https:\/\/blogsaverroes.juntadeandalucia.es\/ieszocoes\/senderismo-en-el-parque-natural-de-la-subbetica\/\" class=\"_self pt-cv-readmore btn btn-success\" target=\"_self\" >Leer M\u00e1s<\/a><\/div><div class=\"pt-cv-meta-fields\"><span class=\"entry-date\"> <time datetime=\"2026-03-25T07:51:37+01:00\">25 marzo, 2026<\/time><\/span><span> \/ <\/span><span class=\"author\"> <a href=\"https:\/\/blogsaverroes.juntadeandalucia.es\/ieszocoes\/author\/14004889edu\/\" rel=\"author\">14004889edu<\/a><\/span><\/div><\/div><\/div>\n<div class=\" pt-cv-content-item pt-cv-2-col\" ><div class=\"pt-cv-thumb-wrapper pull-left \"><a href=\"https:\/\/blogsaverroes.juntadeandalucia.es\/ieszocoes\/alvaro-villar-brilla-con-una-plata-historica-en-karate-cordobes\/\" class=\"_self pt-cv-href-thumbnail pt-cv-thumb-left\" target=\"_self\" ><img decoding=\"async\" width=\"397\" height=\"639\" src=\"https:\/\/blogsaverroes.juntadeandalucia.es\/ieszocoes\/files\/2026\/03\/karate1.jpg\" class=\"pt-cv-thumbnail pull-left\" alt=\"\" \/><\/a><\/div>\n<div class=\"pt-cv-colwrap\"><h4 class=\"pt-cv-title\"><a href=\"https:\/\/blogsaverroes.juntadeandalucia.es\/ieszocoes\/alvaro-villar-brilla-con-una-plata-historica-en-karate-cordobes\/\" class=\"_self\" target=\"_self\" >\u00c1lvaro Villar brilla con una plata hist\u00f3rica en k\u00e1rate cordob\u00e9s<\/a><\/h4><div class=\"pt-cv-content\">Nuestro alumno \u00c1lvaro Villar Loaisa, integrante del equipo Atam, se ha consolidado como una de las grandes promesas del deporte ...<\/div><div class=\"pt-cv-rmwrap\"><a href=\"https:\/\/blogsaverroes.juntadeandalucia.es\/ieszocoes\/alvaro-villar-brilla-con-una-plata-historica-en-karate-cordobes\/\" class=\"_self pt-cv-readmore btn btn-success\" target=\"_self\" >Leer M\u00e1s<\/a><\/div><div class=\"pt-cv-meta-fields\"><span class=\"entry-date\"> <time datetime=\"2026-03-22T17:52:48+01:00\">22 marzo, 2026<\/time><\/span><span> \/ <\/span><span class=\"author\"> <a href=\"https:\/\/blogsaverroes.juntadeandalucia.es\/ieszocoes\/author\/14004889edu\/\" rel=\"author\">14004889edu<\/a><\/span><\/div><\/div><\/div>\n<div class=\" pt-cv-content-item pt-cv-2-col\" ><div class=\"pt-cv-thumb-wrapper pull-left \"><a href=\"https:\/\/blogsaverroes.juntadeandalucia.es\/ieszocoes\/torneo-de-debate-uso-del-vaper\/\" class=\"_self pt-cv-href-thumbnail pt-cv-thumb-left\" target=\"_self\" ><img decoding=\"async\" width=\"484\" height=\"336\" src=\"https:\/\/blogsaverroes.juntadeandalucia.es\/ieszocoes\/files\/2026\/03\/Captura-de-pantalla-2026-03-20-103055.jpg\" class=\"pt-cv-thumbnail pull-left\" alt=\"\" \/><\/a><\/div>\n<div class=\"pt-cv-colwrap\"><h4 class=\"pt-cv-title\"><a href=\"https:\/\/blogsaverroes.juntadeandalucia.es\/ieszocoes\/torneo-de-debate-uso-del-vaper\/\" class=\"_self\" target=\"_self\" >TORNEO DE DEBATE: Uso del v\u00e1per<\/a><\/h4><div class=\"pt-cv-content\">El pasado 1 de diciembre tuvo lugar un Torneo de Debate sobre el uso del vaper entre adolescentes en los ...<\/div><div class=\"pt-cv-rmwrap\"><a href=\"https:\/\/blogsaverroes.juntadeandalucia.es\/ieszocoes\/torneo-de-debate-uso-del-vaper\/\" class=\"_self pt-cv-readmore btn btn-success\" target=\"_self\" >Leer M\u00e1s<\/a><\/div><div class=\"pt-cv-meta-fields\"><span class=\"entry-date\"> <time datetime=\"2026-03-20T10:27:42+01:00\">20 marzo, 2026<\/time><\/span><span> \/ <\/span><span class=\"author\"> <a href=\"https:\/\/blogsaverroes.juntadeandalucia.es\/ieszocoes\/author\/14004889edu\/\" rel=\"author\">14004889edu<\/a><\/span><\/div><\/div><\/div>\n<div class=\" pt-cv-content-item pt-cv-2-col\" ><div class=\"pt-cv-thumb-wrapper pull-left \"><a href=\"https:\/\/blogsaverroes.juntadeandalucia.es\/ieszocoes\/charlas-del-colegio-de-abogados-de-cordoba\/\" class=\"_self pt-cv-href-thumbnail pt-cv-thumb-left\" target=\"_self\" ><img loading=\"lazy\" decoding=\"async\" width=\"693\" height=\"384\" src=\"https:\/\/blogsaverroes.juntadeandalucia.es\/ieszocoes\/files\/2026\/03\/Charla-colegio-abogados.jpg\" class=\"pt-cv-thumbnail pull-left\" alt=\"\" \/><\/a><\/div>\n<div class=\"pt-cv-colwrap\"><h4 class=\"pt-cv-title\"><a href=\"https:\/\/blogsaverroes.juntadeandalucia.es\/ieszocoes\/charlas-del-colegio-de-abogados-de-cordoba\/\" class=\"_self\" target=\"_self\" >CHARLAS DEL COLEGIO DE ABOGADOS DE C\u00d3RDOBA<\/a><\/h4><div class=\"pt-cv-content\">Desde el Departamento de Orientaci\u00f3n, en coordinaci\u00f3n con los\/as tutores\/as, hemos organizado de manera conjunta con el Colegio de Abogados ...<\/div><div class=\"pt-cv-rmwrap\"><a href=\"https:\/\/blogsaverroes.juntadeandalucia.es\/ieszocoes\/charlas-del-colegio-de-abogados-de-cordoba\/\" class=\"_self pt-cv-readmore btn btn-success\" target=\"_self\" >Leer M\u00e1s<\/a><\/div><div class=\"pt-cv-meta-fields\"><span class=\"entry-date\"> <time datetime=\"2026-03-19T07:39:17+01:00\">19 marzo, 2026<\/time><\/span><span> \/ <\/span><span class=\"author\"> <a href=\"https:\/\/blogsaverroes.juntadeandalucia.es\/ieszocoes\/author\/14004889edu\/\" rel=\"author\">14004889edu<\/a><\/span><\/div><\/div><\/div>\n<div class=\" pt-cv-content-item pt-cv-2-col\" ><div class=\"pt-cv-thumb-wrapper pull-left \"><a href=\"https:\/\/blogsaverroes.juntadeandalucia.es\/ieszocoes\/escritoras-en-la-exposicion-del-8-m\/\" class=\"_self pt-cv-href-thumbnail pt-cv-thumb-left\" target=\"_self\" ><img loading=\"lazy\" decoding=\"async\" width=\"1024\" height=\"633\" src=\"https:\/\/blogsaverroes.juntadeandalucia.es\/ieszocoes\/files\/2026\/03\/20260306_135549-1024x633.jpg\" class=\"pt-cv-thumbnail pull-left\" alt=\"\" \/><\/a><\/div>\n<div class=\"pt-cv-colwrap\"><h4 class=\"pt-cv-title\"><a href=\"https:\/\/blogsaverroes.juntadeandalucia.es\/ieszocoes\/escritoras-en-la-exposicion-del-8-m\/\" class=\"_self\" target=\"_self\" >ESCRITORAS EN LA EXPOSICI\u00d3N DEL 8 M<\/a><\/h4><div class=\"pt-cv-content\">En la semana del 8 de marzo hemos disfrutado en el hall de nuestro centro los trabajos realizados por nuestro ...<\/div><div class=\"pt-cv-rmwrap\"><a href=\"https:\/\/blogsaverroes.juntadeandalucia.es\/ieszocoes\/escritoras-en-la-exposicion-del-8-m\/\" class=\"_self pt-cv-readmore btn btn-success\" target=\"_self\" >Leer M\u00e1s<\/a><\/div><div class=\"pt-cv-meta-fields\"><span class=\"entry-date\"> <time datetime=\"2026-03-17T19:43:35+01:00\">17 marzo, 2026<\/time><\/span><span> \/ <\/span><span class=\"author\"> <a href=\"https:\/\/blogsaverroes.juntadeandalucia.es\/ieszocoes\/author\/14004889edu\/\" rel=\"author\">14004889edu<\/a><\/span><\/div><\/div><\/div><\/div><\/div> <\/div> \t\t\t\t<\/div>\n\t\t\t\t<\/div>\n\t\t\t\t\t<\/div>\n\t\t\t\t<\/div>\n\t\t<div class=\"elementor-element elementor-element-d9941d2 e-flex e-con-boxed e-con e-parent\" data-id=\"d9941d2\" data-element_type=\"container\">\n\t\t\t\t\t<div class=\"e-con-inner\">\n\t\t\t\t<div class=\"elementor-element elementor-element-a9ed12a elementor-align-justify elementor-widget elementor-widget-button\" data-id=\"a9ed12a\" data-element_type=\"widget\" data-widget_type=\"button.default\">\n\t\t\t\t<div class=\"elementor-widget-container\">\n\t\t\t\t\t\t\t\t\t<div class=\"elementor-button-wrapper\">\n\t\t\t\t\t<a class=\"elementor-button elementor-button-link elementor-size-sm\" href=\"https:\/\/blogsaverroes.juntadeandalucia.es\/ieszocoes\/novedades\/\">\n\t\t\t\t\t\t<span class=\"elementor-button-content-wrapper\">\n\t\t\t\t\t\t<span class=\"elementor-button-icon\">\n\t\t\t\t<svg aria-hidden=\"true\" class=\"e-font-icon-svg e-fas-plus-circle\" viewBox=\"0 0 512 512\" xmlns=\"http:\/\/www.w3.org\/2000\/svg\"><path d=\"M256 8C119 8 8 119 8 256s111 248 248 248 248-111 248-248S393 8 256 8zm144 276c0 6.6-5.4 12-12 12h-92v92c0 6.6-5.4 12-12 12h-56c-6.6 0-12-5.4-12-12v-92h-92c-6.6 0-12-5.4-12-12v-56c0-6.6 5.4-12 12-12h92v-92c0-6.6 5.4-12 12-12h56c6.6 0 12 5.4 12 12v92h92c6.6 0 12 5.4 12 12v56z\"><\/path><\/svg>\t\t\t<\/span>\n\t\t\t\t\t\t\t\t\t<span class=\"elementor-button-text\">M\u00c1S NOVEDADES<\/span>\n\t\t\t\t\t<\/span>\n\t\t\t\t\t<\/a>\n\t\t\t\t<\/div>\n\t\t\t\t\t\t\t\t<\/div>\n\t\t\t\t<\/div>\n\t\t\t\t\t<\/div>\n\t\t\t\t<\/div>\n\t\t\t\t<\/div>\n\t\t","protected":false},"excerpt":{"rendered":"<p>J\u00d3VENES TRADUCTORES EN EL CERTAMEN EUROPEO Hemos participado, pero la competici\u00f3n ha sido re\u00f1ida. Felicidades al alumnado de segundo bachillerato A y B por vuestro trabajo &#8230;Leer M\u00e1s 5 marzo, 2026 \/ 14004889edu MAQUETAS&#46;&#46;&#46;<\/p>\n","protected":false},"author":19052,"featured_media":0,"parent":0,"menu_order":0,"comment_status":"closed","ping_status":"closed","template":"","meta":{"ngg_post_thumbnail":0,"footnotes":""},"aioseo_notices":[],"_links":{"self":[{"href":"https:\/\/blogsaverroes.juntadeandalucia.es\/ieszocoes\/wp-json\/wp\/v2\/pages\/1089"}],"collection":[{"href":"https:\/\/blogsaverroes.juntadeandalucia.es\/ieszocoes\/wp-json\/wp\/v2\/pages"}],"about":[{"href":"https:\/\/blogsaverroes.juntadeandalucia.es\/ieszocoes\/wp-json\/wp\/v2\/types\/page"}],"author":[{"embeddable":true,"href":"https:\/\/blogsaverroes.juntadeandalucia.es\/ieszocoes\/wp-json\/wp\/v2\/users\/19052"}],"replies":[{"embeddable":true,"href":"https:\/\/blogsaverroes.juntadeandalucia.es\/ieszocoes\/wp-json\/wp\/v2\/comments?post=1089"}],"version-history":[{"count":170,"href":"https:\/\/blogsaverroes.juntadeandalucia.es\/ieszocoes\/wp-json\/wp\/v2\/pages\/1089\/revisions"}],"predecessor-version":[{"id":2802,"href":"https:\/\/blogsaverroes.juntadeandalucia.es\/ieszocoes\/wp-json\/wp\/v2\/pages\/1089\/revisions\/2802"}],"wp:attachment":[{"href":"https:\/\/blogsaverroes.juntadeandalucia.es\/ieszocoes\/wp-json\/wp\/v2\/media?parent=1089"}],"curies":[{"name":"wp","href":"https:\/\/api.w.org\/{rel}","templated":true}]}}