{"id":1165,"date":"2025-04-07T14:22:20","date_gmt":"2025-04-07T13:22:20","guid":{"rendered":"https:\/\/blogsaverroes.juntadeandalucia.es\/ieszocoes\/?page_id=1165"},"modified":"2025-05-12T16:02:37","modified_gmt":"2025-05-12T15:02:37","slug":"biblioteca-escolar","status":"publish","type":"page","link":"https:\/\/blogsaverroes.juntadeandalucia.es\/ieszocoes\/biblioteca-escolar\/","title":{"rendered":"Biblioteca Escolar"},"content":{"rendered":"\t\t<div data-elementor-type=\"wp-page\" data-elementor-id=\"1165\" class=\"elementor elementor-1165\">\n\t\t\t\t<div class=\"elementor-element elementor-element-4a1f3eb e-flex e-con-boxed e-con e-parent\" data-id=\"4a1f3eb\" data-element_type=\"container\">\n\t\t\t\t\t<div class=\"e-con-inner\">\n\t\t\t\t<div class=\"elementor-element elementor-element-aae7322 elementor-widget elementor-widget-heading\" data-id=\"aae7322\" data-element_type=\"widget\" data-widget_type=\"heading.default\">\n\t\t\t\t<div class=\"elementor-widget-container\">\n\t\t\t\t\t<h2 class=\"elementor-heading-title elementor-size-default\">Taller de ilustraci\u00f3n con IA<\/h2>\t\t\t\t<\/div>\n\t\t\t\t<\/div>\n\t\t\t\t\t<\/div>\n\t\t\t\t<\/div>\n\t\t<div class=\"elementor-element elementor-element-dd8b1dc e-flex e-con-boxed e-con e-parent\" data-id=\"dd8b1dc\" data-element_type=\"container\">\n\t\t\t\t\t<div class=\"e-con-inner\">\n\t\t\t\t<div class=\"elementor-element elementor-element-34e8f50 elementor-widget elementor-widget-html\" data-id=\"34e8f50\" data-element_type=\"widget\" data-widget_type=\"html.default\">\n\t\t\t\t<div class=\"elementor-widget-container\">\n\t\t\t\t\t<div style=\"width: 100%;margin-bottom: 2em\">\r\n  <iframe frameborder=\"0\" width=\"100%\" height=\"450\" src=\"https:\/\/view.genially.com\/6821cf63f9c9dfa8c598c532\" scrolling=\"yes\">\r\n  <\/iframe>\r\n<\/div>\r\n\t\t\t\t<\/div>\n\t\t\t\t<\/div>\n\t\t\t\t\t<\/div>\n\t\t\t\t<\/div>\n\t\t<div class=\"elementor-element elementor-element-db8655e e-flex e-con-boxed e-con e-parent\" data-id=\"db8655e\" data-element_type=\"container\">\n\t\t\t\t\t<div class=\"e-con-inner\">\n\t\t\t\t<div class=\"elementor-element elementor-element-4a85be6 elementor-widget elementor-widget-html\" data-id=\"4a85be6\" data-element_type=\"widget\" data-widget_type=\"html.default\">\n\t\t\t\t<div class=\"elementor-widget-container\">\n\t\t\t\t\t<div class=\"padlet-embed\" style=\"border-radius:2px;overflow:hidden;position:relative;width:100%;background:#F4F4F4\"><p style=\"padding:0;margin:0\"><iframe src=\"https:\/\/padlet.com\/embed\/m9v7dr1aq4mq6g1p\" frameborder=\"0\" height=\"400px\"><\/iframe><\/p><div style=\"align-items:center;justify-content:end;margin:0;height:28px\"><a href=\"https:\/\/padlet.com?ref=embed\" style=\"flex-grow:0;margin:0;border:none;padding:0;text-decoration:none\" target=\"_blank\"><div style=\"align-items:center\"><img decoding=\"async\" src=\"https:\/\/padlet.net\/embeds\/made_with_padlet_2022.png\" width=\"114\" height=\"28\" style=\"padding:0;margin:0;background:0 0;border:none;box-shadow:none\" alt=\"Hecho con Padlet\"><\/div><\/a><\/div><\/div>\t\t\t\t<\/div>\n\t\t\t\t<\/div>\n\t\t\t\t\t<\/div>\n\t\t\t\t<\/div>\n\t\t<div class=\"elementor-element elementor-element-1743d1f e-flex e-con-boxed e-con e-parent\" data-id=\"1743d1f\" data-element_type=\"container\">\n\t\t\t\t\t<div class=\"e-con-inner\">\n\t\t\t\t<div class=\"elementor-element elementor-element-fb3af82 elementor-widget elementor-widget-heading\" data-id=\"fb3af82\" data-element_type=\"widget\" data-widget_type=\"heading.default\">\n\t\t\t\t<div class=\"elementor-widget-container\">\n\t\t\t\t\t<h2 class=\"elementor-heading-title elementor-size-default\">Gu\u00eda r\u00e1pida para el PLC<\/h2>\t\t\t\t<\/div>\n\t\t\t\t<\/div>\n\t\t\t\t\t<\/div>\n\t\t\t\t<\/div>\n\t\t<div class=\"elementor-element elementor-element-b776072 e-flex e-con-boxed e-con e-parent\" data-id=\"b776072\" data-element_type=\"container\">\n\t\t\t\t\t<div class=\"e-con-inner\">\n\t\t\t\t<div class=\"elementor-element elementor-element-e237283 elementor-widget elementor-widget-html\" data-id=\"e237283\" data-element_type=\"widget\" data-widget_type=\"html.default\">\n\t\t\t\t<div class=\"elementor-widget-container\">\n\t\t\t\t\t<div style=\"width: 100%\"><div><iframe frameborder=\"0\" width=\"1200px\" height=\"675px\" src=\"https:\/\/view.genially.com\/5d7a074555c8ed0f50ff0873\" scrolling=\"yes\"><\/iframe> <\/div> <\/div>\t\t\t\t<\/div>\n\t\t\t\t<\/div>\n\t\t\t\t\t<\/div>\n\t\t\t\t<\/div>\n\t\t\t\t<\/div>\n\t\t","protected":false},"excerpt":{"rendered":"<p>Taller de ilustraci\u00f3n con IA Gu\u00eda r\u00e1pida para el PLC<\/p>\n","protected":false},"author":19052,"featured_media":0,"parent":0,"menu_order":0,"comment_status":"closed","ping_status":"closed","template":"","meta":{"ngg_post_thumbnail":0,"footnotes":""},"aioseo_notices":[],"_links":{"self":[{"href":"https:\/\/blogsaverroes.juntadeandalucia.es\/ieszocoes\/wp-json\/wp\/v2\/pages\/1165"}],"collection":[{"href":"https:\/\/blogsaverroes.juntadeandalucia.es\/ieszocoes\/wp-json\/wp\/v2\/pages"}],"about":[{"href":"https:\/\/blogsaverroes.juntadeandalucia.es\/ieszocoes\/wp-json\/wp\/v2\/types\/page"}],"author":[{"embeddable":true,"href":"https:\/\/blogsaverroes.juntadeandalucia.es\/ieszocoes\/wp-json\/wp\/v2\/users\/19052"}],"replies":[{"embeddable":true,"href":"https:\/\/blogsaverroes.juntadeandalucia.es\/ieszocoes\/wp-json\/wp\/v2\/comments?post=1165"}],"version-history":[{"count":94,"href":"https:\/\/blogsaverroes.juntadeandalucia.es\/ieszocoes\/wp-json\/wp\/v2\/pages\/1165\/revisions"}],"predecessor-version":[{"id":1719,"href":"https:\/\/blogsaverroes.juntadeandalucia.es\/ieszocoes\/wp-json\/wp\/v2\/pages\/1165\/revisions\/1719"}],"wp:attachment":[{"href":"https:\/\/blogsaverroes.juntadeandalucia.es\/ieszocoes\/wp-json\/wp\/v2\/media?parent=1165"}],"curies":[{"name":"wp","href":"https:\/\/api.w.org\/{rel}","templated":true}]}}