{"id":1171,"date":"2025-04-07T14:23:47","date_gmt":"2025-04-07T13:23:47","guid":{"rendered":"https:\/\/blogsaverroes.juntadeandalucia.es\/ieszocoes\/?page_id=1171"},"modified":"2026-03-18T11:07:20","modified_gmt":"2026-03-18T10:07:20","slug":"plan-de-igualdad","status":"publish","type":"page","link":"https:\/\/blogsaverroes.juntadeandalucia.es\/ieszocoes\/plan-de-igualdad\/","title":{"rendered":"Plan de Igualdad"},"content":{"rendered":"\t\t<div data-elementor-type=\"wp-page\" data-elementor-id=\"1171\" class=\"elementor elementor-1171\">\n\t\t\t\t<div class=\"elementor-element elementor-element-d96a278 e-flex e-con-boxed e-con e-parent\" data-id=\"d96a278\" data-element_type=\"container\">\n\t\t\t\t\t<div class=\"e-con-inner\">\n\t\t\t\t<div class=\"elementor-element elementor-element-278574c elementor-widget elementor-widget-contentviews_widget_grid1\" data-id=\"278574c\" data-element_type=\"widget\" data-widget_type=\"contentviews_widget_grid1.default\">\n\t\t\t\t<div class=\"elementor-widget-container\">\n\t\t\t\t\t<div class='pt-cv-wrapper'> <div class=\"pt-cv-view pt-cv-blockgrid iscvblock iscvelementor grid1 layout1\" id=\"pt-cv-view-278574c\"><div data-id=\"pt-cv-page-1\" class=\"pt-cv-page\" data-cvc=\"1\"><div class=\" pt-cv-content-item pt-cv-1-col\" ><div class=\"pt-cv-thumb-wrapper  \"><a href=\"https:\/\/blogsaverroes.juntadeandalucia.es\/ieszocoes\/escritoras-en-la-exposicion-del-8-m\/\" class=\"_self pt-cv-href-thumbnail pt-cv-thumb-default\" target=\"_self\" ><img fetchpriority=\"high\" decoding=\"async\" width=\"1024\" height=\"633\" src=\"https:\/\/blogsaverroes.juntadeandalucia.es\/ieszocoes\/files\/2026\/03\/20260306_135549-1024x633.jpg\" class=\"pt-cv-thumbnail\" alt=\"\" \/><\/a><\/div>\n<h4 class=\"pt-cv-title\"><a href=\"https:\/\/blogsaverroes.juntadeandalucia.es\/ieszocoes\/escritoras-en-la-exposicion-del-8-m\/\" class=\"_self\" target=\"_self\" >ESCRITORAS EN LA EXPOSICI\u00d3N DEL 8 M<\/a><\/h4>\n<div class=\"pt-cv-content\">En la semana del 8 de marzo hemos disfrutado en el hall de nuestro centro los trabajos realizados por nuestro ...<\/div>\n<div class=\"pt-cv-rmwrap\"><a href=\"https:\/\/blogsaverroes.juntadeandalucia.es\/ieszocoes\/escritoras-en-la-exposicion-del-8-m\/\" class=\"_self pt-cv-readmore btn btn-success\" target=\"_self\" >Leer M\u00e1s<\/a><\/div>\n<div class=\"pt-cv-meta-fields\"><span class=\"entry-date\"> <time datetime=\"2026-03-17T19:43:35+01:00\">17 marzo, 2026<\/time><\/span><span> \/ <\/span><span class=\"author\"> <a href=\"https:\/\/blogsaverroes.juntadeandalucia.es\/ieszocoes\/author\/14004889edu\/\" rel=\"author\">14004889edu<\/a><\/span><\/div><\/div>\n<div class=\" pt-cv-content-item pt-cv-1-col\" ><div class=\"pt-cv-thumb-wrapper  \"><a href=\"https:\/\/blogsaverroes.juntadeandalucia.es\/ieszocoes\/8m-de-la-red-de-igualdad\/\" class=\"_self pt-cv-href-thumbnail pt-cv-thumb-default\" target=\"_self\" ><img decoding=\"async\" width=\"768\" height=\"1024\" src=\"https:\/\/blogsaverroes.juntadeandalucia.es\/ieszocoes\/files\/2026\/03\/IMG-20260306-WA0006-768x1024.jpg\" class=\"pt-cv-thumbnail\" alt=\"\" \/><\/a><\/div>\n<h4 class=\"pt-cv-title\"><a href=\"https:\/\/blogsaverroes.juntadeandalucia.es\/ieszocoes\/8m-de-la-red-de-igualdad\/\" class=\"_self\" target=\"_self\" >8M de la Red de Igualdad<\/a><\/h4>\n<div class=\"pt-cv-content\">El viernes 6 de marzo, nuestro centro particip\u00f3 en las actividades del 8M organizadas por la Red de Igualdad de ...<\/div>\n<div class=\"pt-cv-rmwrap\"><a href=\"https:\/\/blogsaverroes.juntadeandalucia.es\/ieszocoes\/8m-de-la-red-de-igualdad\/\" class=\"_self pt-cv-readmore btn btn-success\" target=\"_self\" >Leer M\u00e1s<\/a><\/div>\n<div class=\"pt-cv-meta-fields\"><span class=\"entry-date\"> <time datetime=\"2026-03-17T19:35:41+01:00\">17 marzo, 2026<\/time><\/span><span> \/ <\/span><span class=\"author\"> <a href=\"https:\/\/blogsaverroes.juntadeandalucia.es\/ieszocoes\/author\/14004889edu\/\" rel=\"author\">14004889edu<\/a><\/span><\/div><\/div>\n<div class=\" pt-cv-content-item pt-cv-1-col\" ><div class=\"pt-cv-thumb-wrapper  \"><a href=\"https:\/\/blogsaverroes.juntadeandalucia.es\/ieszocoes\/conferencia-la-revolucion-de-los-cuidados-con-d-octavio-salazar\/\" class=\"_self pt-cv-href-thumbnail pt-cv-thumb-default\" target=\"_self\" ><img decoding=\"async\" width=\"1024\" height=\"768\" src=\"https:\/\/blogsaverroes.juntadeandalucia.es\/ieszocoes\/files\/2026\/03\/IMG-20260309-WA0014-1024x768.jpg\" class=\"pt-cv-thumbnail\" alt=\"\" \/><\/a><\/div>\n<h4 class=\"pt-cv-title\"><a href=\"https:\/\/blogsaverroes.juntadeandalucia.es\/ieszocoes\/conferencia-la-revolucion-de-los-cuidados-con-d-octavio-salazar\/\" class=\"_self\" target=\"_self\" >CONFERENCIA: &#8220;La revoluci\u00f3n de los cuidados&#8221; con D. Octavio Salazar<\/a><\/h4>\n<div class=\"pt-cv-content\">El pasado 4 de marzo, nuestro alumnado asisti\u00f3 a la conferencia \u00abLa revoluci\u00f3n de los cuidados\u00bb, cuyo ponente fue D ...<\/div>\n<div class=\"pt-cv-rmwrap\"><a href=\"https:\/\/blogsaverroes.juntadeandalucia.es\/ieszocoes\/conferencia-la-revolucion-de-los-cuidados-con-d-octavio-salazar\/\" class=\"_self pt-cv-readmore btn btn-success\" target=\"_self\" >Leer M\u00e1s<\/a><\/div>\n<div class=\"pt-cv-meta-fields\"><span class=\"entry-date\"> <time datetime=\"2026-03-17T19:30:43+01:00\">17 marzo, 2026<\/time><\/span><span> \/ <\/span><span class=\"author\"> <a href=\"https:\/\/blogsaverroes.juntadeandalucia.es\/ieszocoes\/author\/14004889edu\/\" rel=\"author\">14004889edu<\/a><\/span><\/div><\/div><\/div><\/div> <\/div> \t\t\t\t<\/div>\n\t\t\t\t<\/div>\n\t\t\t\t\t<\/div>\n\t\t\t\t<\/div>\n\t\t<div class=\"elementor-element elementor-element-9883dcb e-flex e-con-boxed e-con e-parent\" data-id=\"9883dcb\" data-element_type=\"container\">\n\t\t\t\t\t<div class=\"e-con-inner\">\n\t\t\t\t<div class=\"elementor-element elementor-element-f441c11 elementor-align-justify elementor-widget elementor-widget-button\" data-id=\"f441c11\" data-element_type=\"widget\" data-widget_type=\"button.default\">\n\t\t\t\t<div class=\"elementor-widget-container\">\n\t\t\t\t\t\t\t\t\t<div class=\"elementor-button-wrapper\">\n\t\t\t\t\t<a class=\"elementor-button elementor-button-link elementor-size-sm\" href=\"https:\/\/blogsaverroes.juntadeandalucia.es\/ieszocoes\/category\/igualdad\/\">\n\t\t\t\t\t\t<span class=\"elementor-button-content-wrapper\">\n\t\t\t\t\t\t\t\t\t<span class=\"elementor-button-text\">M\u00c1S NOTICIAS SOBRE IGUALDAD AQU\u00cd<\/span>\n\t\t\t\t\t<\/span>\n\t\t\t\t\t<\/a>\n\t\t\t\t<\/div>\n\t\t\t\t\t\t\t\t<\/div>\n\t\t\t\t<\/div>\n\t\t\t\t\t<\/div>\n\t\t\t\t<\/div>\n\t\t<div class=\"elementor-element elementor-element-3870798 e-flex e-con-boxed e-con e-parent\" data-id=\"3870798\" data-element_type=\"container\">\n\t\t\t\t\t<div class=\"e-con-inner\">\n\t\t\t\t<div class=\"elementor-element elementor-element-86841cf elementor-widget elementor-widget-heading\" data-id=\"86841cf\" data-element_type=\"widget\" data-widget_type=\"heading.default\">\n\t\t\t\t<div class=\"elementor-widget-container\">\n\t\t\t\t\t<h2 class=\"elementor-heading-title elementor-size-default\">EL IES ZOCO CONMEMORA EL 25N<\/h2>\t\t\t\t<\/div>\n\t\t\t\t<\/div>\n\t\t\t\t\t<\/div>\n\t\t\t\t<\/div>\n\t\t<div class=\"elementor-element elementor-element-a5ca452 e-flex e-con-boxed e-con e-parent\" data-id=\"a5ca452\" data-element_type=\"container\">\n\t\t\t\t\t<div class=\"e-con-inner\">\n\t\t\t\t<div class=\"elementor-element elementor-element-5d7a7f2 elementor-widget elementor-widget-video\" data-id=\"5d7a7f2\" data-element_type=\"widget\" data-settings=\"{&quot;youtube_url&quot;:&quot;https:\\\/\\\/www.youtube.com\\\/watch?v=HTd9frv-i6I&quot;,&quot;video_type&quot;:&quot;youtube&quot;,&quot;controls&quot;:&quot;yes&quot;}\" data-widget_type=\"video.default\">\n\t\t\t\t<div class=\"elementor-widget-container\">\n\t\t\t\t\t\t\t<div class=\"elementor-wrapper elementor-open-inline\">\n\t\t\t<div class=\"elementor-video\"><\/div>\t\t<\/div>\n\t\t\t\t\t\t<\/div>\n\t\t\t\t<\/div>\n\t\t\t\t\t<\/div>\n\t\t\t\t<\/div>\n\t\t<div class=\"elementor-element elementor-element-df92095 e-flex e-con-boxed e-con e-parent\" data-id=\"df92095\" data-element_type=\"container\">\n\t\t\t\t\t<div class=\"e-con-inner\">\n\t\t\t\t<div class=\"elementor-element elementor-element-d281f5c elementor-align-justify elementor-widget elementor-widget-button\" data-id=\"d281f5c\" data-element_type=\"widget\" data-widget_type=\"button.default\">\n\t\t\t\t<div class=\"elementor-widget-container\">\n\t\t\t\t\t\t\t\t\t<div class=\"elementor-button-wrapper\">\n\t\t\t\t\t<a class=\"elementor-button elementor-button-link elementor-size-sm\" href=\"https:\/\/youtube.com\/playlist?list=PLxydhsSBJDsp7CPP4jQ8hbMrnaCXwullD&#038;si=01ieq8FROkQ120Td\">\n\t\t\t\t\t\t<span class=\"elementor-button-content-wrapper\">\n\t\t\t\t\t\t\t\t\t<span class=\"elementor-button-text\">V\u00cdDEOS DE LA CAMPA\u00d1A DEL INSTITUTO ANDALUZ DE LA MUJER<\/span>\n\t\t\t\t\t<\/span>\n\t\t\t\t\t<\/a>\n\t\t\t\t<\/div>\n\t\t\t\t\t\t\t\t<\/div>\n\t\t\t\t<\/div>\n\t\t\t\t\t<\/div>\n\t\t\t\t<\/div>\n\t\t<div class=\"elementor-element elementor-element-078d608 e-flex e-con-boxed e-con e-parent\" data-id=\"078d608\" data-element_type=\"container\">\n\t\t\t\t\t<div class=\"e-con-inner\">\n\t\t<div class=\"elementor-element elementor-element-1b77bd4 e-con-full e-flex e-con e-child\" data-id=\"1b77bd4\" data-element_type=\"container\">\n\t\t\t\t<div class=\"elementor-element elementor-element-814deea elementor-widget elementor-widget-image\" data-id=\"814deea\" data-element_type=\"widget\" data-widget_type=\"image.default\">\n\t\t\t\t<div class=\"elementor-widget-container\">\n\t\t\t\t\t\t\t\t\t\t\t\t\t\t\t<img loading=\"lazy\" decoding=\"async\" width=\"724\" height=\"1024\" src=\"https:\/\/blogsaverroes.juntadeandalucia.es\/ieszocoes\/files\/2025\/11\/CARTEL-25-N.-PLAZA-ZOCO-RED-DE-IGUALDAD-724x1024.jpg\" class=\"attachment-large size-large wp-image-2389\" alt=\"\" srcset=\"https:\/\/blogsaverroes.juntadeandalucia.es\/ieszocoes\/files\/2025\/11\/CARTEL-25-N.-PLAZA-ZOCO-RED-DE-IGUALDAD-724x1024.jpg 724w, https:\/\/blogsaverroes.juntadeandalucia.es\/ieszocoes\/files\/2025\/11\/CARTEL-25-N.-PLAZA-ZOCO-RED-DE-IGUALDAD-212x300.jpg 212w, https:\/\/blogsaverroes.juntadeandalucia.es\/ieszocoes\/files\/2025\/11\/CARTEL-25-N.-PLAZA-ZOCO-RED-DE-IGUALDAD-768x1086.jpg 768w, https:\/\/blogsaverroes.juntadeandalucia.es\/ieszocoes\/files\/2025\/11\/CARTEL-25-N.-PLAZA-ZOCO-RED-DE-IGUALDAD-1086x1536.jpg 1086w, https:\/\/blogsaverroes.juntadeandalucia.es\/ieszocoes\/files\/2025\/11\/CARTEL-25-N.-PLAZA-ZOCO-RED-DE-IGUALDAD.jpg 1131w\" sizes=\"(max-width: 724px) 100vw, 724px\" \/>\t\t\t\t\t\t\t\t\t\t\t\t\t\t\t<\/div>\n\t\t\t\t<\/div>\n\t\t\t\t<\/div>\n\t\t<div class=\"elementor-element elementor-element-1090801 e-con-full e-flex e-con e-child\" data-id=\"1090801\" data-element_type=\"container\">\n\t\t\t\t<div class=\"elementor-element elementor-element-f335209 elementor-widget elementor-widget-image\" data-id=\"f335209\" data-element_type=\"widget\" data-widget_type=\"image.default\">\n\t\t\t\t<div class=\"elementor-widget-container\">\n\t\t\t\t\t\t\t\t\t\t\t\t\t\t\t<img loading=\"lazy\" decoding=\"async\" width=\"724\" height=\"1024\" src=\"https:\/\/blogsaverroes.juntadeandalucia.es\/ieszocoes\/files\/2025\/11\/WhatsApp-Image-2025-11-24-at-11.30.17-724x1024.jpeg\" class=\"attachment-large size-large wp-image-2390\" alt=\"\" srcset=\"https:\/\/blogsaverroes.juntadeandalucia.es\/ieszocoes\/files\/2025\/11\/WhatsApp-Image-2025-11-24-at-11.30.17-724x1024.jpeg 724w, https:\/\/blogsaverroes.juntadeandalucia.es\/ieszocoes\/files\/2025\/11\/WhatsApp-Image-2025-11-24-at-11.30.17-212x300.jpeg 212w, https:\/\/blogsaverroes.juntadeandalucia.es\/ieszocoes\/files\/2025\/11\/WhatsApp-Image-2025-11-24-at-11.30.17-768x1086.jpeg 768w, https:\/\/blogsaverroes.juntadeandalucia.es\/ieszocoes\/files\/2025\/11\/WhatsApp-Image-2025-11-24-at-11.30.17-1086x1536.jpeg 1086w, https:\/\/blogsaverroes.juntadeandalucia.es\/ieszocoes\/files\/2025\/11\/WhatsApp-Image-2025-11-24-at-11.30.17.jpeg 1131w\" sizes=\"(max-width: 724px) 100vw, 724px\" \/>\t\t\t\t\t\t\t\t\t\t\t\t\t\t\t<\/div>\n\t\t\t\t<\/div>\n\t\t\t\t<\/div>\n\t\t\t\t\t<\/div>\n\t\t\t\t<\/div>\n\t\t<div class=\"elementor-element elementor-element-a9b5bcf e-flex e-con-boxed e-con e-parent\" data-id=\"a9b5bcf\" data-element_type=\"container\">\n\t\t\t\t\t<div class=\"e-con-inner\">\n\t\t<div class=\"elementor-element elementor-element-5024b4b e-con-full e-flex e-con e-child\" data-id=\"5024b4b\" data-element_type=\"container\">\n\t\t\t\t<div class=\"elementor-element elementor-element-c40bdc3 elementor-widget elementor-widget-text-editor\" data-id=\"c40bdc3\" data-element_type=\"widget\" data-widget_type=\"text-editor.default\">\n\t\t\t\t<div class=\"elementor-widget-container\">\n\t\t\t\t\t\t\t\t\t<p style=\"text-align: justify\"><span style=\"font-weight: 400;font-size: 12pt;font-family: helvetica, arial, sans-serif\">ZOCO en IGUALDAD abre sus puertas para trabajar por la IGUALDAD y la COEDUCACI\u00d3N dentro de nuestra comunidad educativa.\u00a0<\/span><\/p><p style=\"text-align: justify\"><span style=\"font-weight: 400;font-size: 12pt;font-family: helvetica, arial, sans-serif\">Ninguna persona deber\u00eda sentirse menos que otra, todxs somos diferentes pero importamos y valemos lo mismo. Cada persona cuenta y todxs merecen el mismo respeto.<\/span><\/p><p style=\"text-align: justify\"><span style=\"font-size: 12pt;font-family: helvetica, arial, sans-serif\"><span style=\"font-weight: 400\">Por eso te animamos a que si tienes alguna queja, denuncia o sugerencia respecto a este tema, o si crees que podemos hacer algo desde nuestro centro, no lo dudes: escribe a <\/span><a href=\"mailto:igualdadieszoco@gmail.com\"><span style=\"font-weight: 400\"><strong>igualdadieszoco@gmail.com<\/strong><\/span><\/a><span style=\"font-weight: 400\"> o <strong><span style=\"color: #cb37f0\">@ieszocoigualdad.<\/span><\/strong>\u00a0<\/span><\/span><\/p><p style=\"text-align: justify\"><span style=\"font-weight: 400;font-size: 12pt;font-family: helvetica, arial, sans-serif\">Estamos deseando ayudar.\u00a0<\/span><\/p>\t\t\t\t\t\t\t\t<\/div>\n\t\t\t\t<\/div>\n\t\t\t\t<\/div>\n\t\t<div class=\"elementor-element elementor-element-fbb80e0 e-con-full e-flex e-con e-child\" data-id=\"fbb80e0\" data-element_type=\"container\">\n\t\t\t\t<div class=\"elementor-element elementor-element-9a91126 elementor-invisible elementor-widget elementor-widget-image\" data-id=\"9a91126\" data-element_type=\"widget\" data-settings=\"{&quot;_animation&quot;:&quot;fadeInDown&quot;}\" data-widget_type=\"image.default\">\n\t\t\t\t<div class=\"elementor-widget-container\">\n\t\t\t\t\t\t\t\t\t\t\t\t\t\t\t<img decoding=\"async\" src=\"https:\/\/blogsaverroes.juntadeandalucia.es\/ieszocoes\/files\/elementor\/thumbs\/Captura-de-pantalla-2025-04-25-134534-e1745581582215-r4vla1u260jc4vw2jf6utywllyhwhiyegyhjvjka0o.png\" title=\"Captura de pantalla 2025-04-25 134534\" alt=\"Captura de pantalla 2025-04-25 134534\" loading=\"lazy\" \/>\t\t\t\t\t\t\t\t\t\t\t\t\t\t\t<\/div>\n\t\t\t\t<\/div>\n\t\t\t\t<\/div>\n\t\t\t\t\t<\/div>\n\t\t\t\t<\/div>\n\t\t<div class=\"elementor-element elementor-element-b346d66 e-flex e-con-boxed e-con e-parent\" data-id=\"b346d66\" data-element_type=\"container\">\n\t\t\t\t\t<div class=\"e-con-inner\">\n\t\t\t\t<div class=\"elementor-element elementor-element-afa2b24 elementor-widget elementor-widget-image\" data-id=\"afa2b24\" data-element_type=\"widget\" data-widget_type=\"image.default\">\n\t\t\t\t<div class=\"elementor-widget-container\">\n\t\t\t\t\t\t\t\t\t\t\t\t<figure class=\"wp-caption\">\n\t\t\t\t\t\t\t\t\t\t<img loading=\"lazy\" decoding=\"async\" width=\"576\" height=\"328\" src=\"https:\/\/blogsaverroes.juntadeandalucia.es\/ieszocoes\/files\/2025\/04\/Captura-de-pantalla-2025-04-25-135444-e1745582148526.png\" class=\"attachment-large size-large wp-image-1462\" alt=\"\" srcset=\"https:\/\/blogsaverroes.juntadeandalucia.es\/ieszocoes\/files\/2025\/04\/Captura-de-pantalla-2025-04-25-135444-e1745582148526.png 576w, https:\/\/blogsaverroes.juntadeandalucia.es\/ieszocoes\/files\/2025\/04\/Captura-de-pantalla-2025-04-25-135444-e1745582148526-300x171.png 300w\" sizes=\"(max-width: 576px) 100vw, 576px\" \/>\t\t\t\t\t\t\t\t\t\t\t<figcaption class=\"widget-image-caption wp-caption-text\">Alumnado del IES Zoco el 25 N (2025)<\/figcaption>\n\t\t\t\t\t\t\t\t\t\t<\/figure>\n\t\t\t\t\t\t\t\t\t<\/div>\n\t\t\t\t<\/div>\n\t\t\t\t\t<\/div>\n\t\t\t\t<\/div>\n\t\t<div class=\"elementor-element elementor-element-cc9a036 e-flex e-con-boxed e-con e-parent\" data-id=\"cc9a036\" data-element_type=\"container\">\n\t\t\t\t\t<div class=\"e-con-inner\">\n\t\t\t\t<div class=\"elementor-element elementor-element-52967a6 elementor-widget elementor-widget-wp-widget-nav_menu\" data-id=\"52967a6\" data-element_type=\"widget\" data-widget_type=\"wp-widget-nav_menu.default\">\n\t\t\t\t<div class=\"elementor-widget-container\">\n\t\t\t\t\t<h5>ENLACES IGUALDAD<\/h5><div class=\"menu-enlaces-igualdad-container\"><ul id=\"menu-enlaces-igualdad\" class=\"menu\"><li id=\"menu-item-1504\" class=\"menu-item menu-item-type-custom menu-item-object-custom menu-item-1504\"><a href=\"https:\/\/11defebrero.org\/\">D\u00eda Internacional de la Mujer y la Ni\u00f1a en la Ciencia<\/a><\/li>\n<li id=\"menu-item-1505\" class=\"menu-item menu-item-type-custom menu-item-object-custom menu-item-1505\"><a href=\"https:\/\/violenciagenero.igualdad.gob.es\/violenciaencifras\/victimasmortales\/fichamujeres\/\">Delegaci\u00f3n del Gobierno contra la Violencia de G\u00e9nero<\/a><\/li>\n<li id=\"menu-item-1506\" class=\"menu-item menu-item-type-custom menu-item-object-custom menu-item-1506\"><a href=\"https:\/\/www.inmujeres.gob.es\/\">Instituto de las Mujeres<\/a><\/li>\n<li id=\"menu-item-1510\" class=\"menu-item menu-item-type-custom menu-item-object-custom menu-item-1510\"><a href=\"https:\/\/efeminista.com\/violencia-machista-en-datos\/\">efeminista<\/a><\/li>\n<li id=\"menu-item-1511\" class=\"menu-item menu-item-type-custom menu-item-object-custom menu-item-1511\"><a href=\"https:\/\/www.un.org\/es\/observances\/womens-day\">Naciones Unidas<\/a><\/li>\n<li id=\"menu-item-1512\" class=\"menu-item menu-item-type-custom menu-item-object-custom menu-item-1512\"><a href=\"https:\/\/www.nomorematildas.com\/\">#NOMOREMATILDAS<\/a><\/li>\n<li id=\"menu-item-1513\" class=\"menu-item menu-item-type-custom menu-item-object-custom menu-item-1513\"><a href=\"https:\/\/psicowoman.com\/\">La psico woman<\/a><\/li>\n<li id=\"menu-item-1514\" class=\"menu-item menu-item-type-custom menu-item-object-custom menu-item-1514\"><a href=\"https:\/\/www.adolescenciasycuerpos.org\/\">Adolescencias y cuerpos<\/a><\/li>\n<\/ul><\/div>\t\t\t\t<\/div>\n\t\t\t\t<\/div>\n\t\t\t\t\t<\/div>\n\t\t\t\t<\/div>\n\t\t<div class=\"elementor-element elementor-element-03e7d04 e-flex e-con-boxed e-con e-parent\" data-id=\"03e7d04\" data-element_type=\"container\">\n\t\t\t\t\t<div class=\"e-con-inner\">\n\t\t\t\t<div class=\"elementor-element elementor-element-2448254 elementor-widget elementor-widget-image\" data-id=\"2448254\" data-element_type=\"widget\" data-widget_type=\"image.default\">\n\t\t\t\t<div class=\"elementor-widget-container\">\n\t\t\t\t\t\t\t\t\t\t\t\t<figure class=\"wp-caption\">\n\t\t\t\t\t\t\t\t\t\t\t<a href=\"https:\/\/sites.google.com\/g.educaand.es\/dia-mujer-nina-ciencia-ieszoco\/d%C3%ADa-de-la-mujer-en-la-ciencia\" target=\"_blank\">\n\t\t\t\t\t\t\t<img loading=\"lazy\" decoding=\"async\" width=\"1024\" height=\"343\" src=\"https:\/\/blogsaverroes.juntadeandalucia.es\/ieszocoes\/files\/2025\/04\/Captura-de-pantalla-2025-04-25-143930-1024x343.png\" class=\"attachment-large size-large wp-image-1515\" alt=\"\" srcset=\"https:\/\/blogsaverroes.juntadeandalucia.es\/ieszocoes\/files\/2025\/04\/Captura-de-pantalla-2025-04-25-143930-1024x343.png 1024w, https:\/\/blogsaverroes.juntadeandalucia.es\/ieszocoes\/files\/2025\/04\/Captura-de-pantalla-2025-04-25-143930-300x101.png 300w, https:\/\/blogsaverroes.juntadeandalucia.es\/ieszocoes\/files\/2025\/04\/Captura-de-pantalla-2025-04-25-143930-768x258.png 768w, https:\/\/blogsaverroes.juntadeandalucia.es\/ieszocoes\/files\/2025\/04\/Captura-de-pantalla-2025-04-25-143930.png 1318w\" sizes=\"(max-width: 1024px) 100vw, 1024px\" \/>\t\t\t\t\t\t\t\t<\/a>\n\t\t\t\t\t\t\t\t\t\t\t<figcaption class=\"widget-image-caption wp-caption-text\">Nuestra recopilaci\u00f3n de biograf\u00edas de mujeres (en construcci\u00f3n)<\/figcaption>\n\t\t\t\t\t\t\t\t\t\t<\/figure>\n\t\t\t\t\t\t\t\t\t<\/div>\n\t\t\t\t<\/div>\n\t\t\t\t\t<\/div>\n\t\t\t\t<\/div>\n\t\t\t\t<\/div>\n\t\t","protected":false},"excerpt":{"rendered":"<p>ESCRITORAS EN LA EXPOSICI\u00d3N DEL 8 M En la semana del 8 de marzo hemos disfrutado en el hall de nuestro centro los trabajos realizados por nuestro &#8230; Leer M\u00e1s 17 marzo, 2026 \/&#46;&#46;&#46;<\/p>\n","protected":false},"author":19052,"featured_media":0,"parent":0,"menu_order":0,"comment_status":"closed","ping_status":"closed","template":"elementor_theme","meta":{"ngg_post_thumbnail":0,"footnotes":""},"aioseo_notices":[],"_links":{"self":[{"href":"https:\/\/blogsaverroes.juntadeandalucia.es\/ieszocoes\/wp-json\/wp\/v2\/pages\/1171"}],"collection":[{"href":"https:\/\/blogsaverroes.juntadeandalucia.es\/ieszocoes\/wp-json\/wp\/v2\/pages"}],"about":[{"href":"https:\/\/blogsaverroes.juntadeandalucia.es\/ieszocoes\/wp-json\/wp\/v2\/types\/page"}],"author":[{"embeddable":true,"href":"https:\/\/blogsaverroes.juntadeandalucia.es\/ieszocoes\/wp-json\/wp\/v2\/users\/19052"}],"replies":[{"embeddable":true,"href":"https:\/\/blogsaverroes.juntadeandalucia.es\/ieszocoes\/wp-json\/wp\/v2\/comments?post=1171"}],"version-history":[{"count":102,"href":"https:\/\/blogsaverroes.juntadeandalucia.es\/ieszocoes\/wp-json\/wp\/v2\/pages\/1171\/revisions"}],"predecessor-version":[{"id":2882,"href":"https:\/\/blogsaverroes.juntadeandalucia.es\/ieszocoes\/wp-json\/wp\/v2\/pages\/1171\/revisions\/2882"}],"wp:attachment":[{"href":"https:\/\/blogsaverroes.juntadeandalucia.es\/ieszocoes\/wp-json\/wp\/v2\/media?parent=1171"}],"curies":[{"name":"wp","href":"https:\/\/api.w.org\/{rel}","templated":true}]}}