{"id":1599,"date":"2025-05-07T14:30:34","date_gmt":"2025-05-07T13:30:34","guid":{"rendered":"https:\/\/blogsaverroes.juntadeandalucia.es\/ieszocoes\/?page_id=1599"},"modified":"2025-05-07T14:31:33","modified_gmt":"2025-05-07T13:31:33","slug":"pau-2025","status":"publish","type":"page","link":"https:\/\/blogsaverroes.juntadeandalucia.es\/ieszocoes\/pau-2025\/","title":{"rendered":"PAU 2025"},"content":{"rendered":"\t\t<div data-elementor-type=\"wp-page\" data-elementor-id=\"1599\" class=\"elementor elementor-1599\">\n\t\t\t\t<div class=\"elementor-element elementor-element-a15511d e-flex e-con-boxed e-con e-parent\" data-id=\"a15511d\" data-element_type=\"container\">\n\t\t\t\t\t<div class=\"e-con-inner\">\n\t\t\t\t<div class=\"elementor-element elementor-element-c99a3d7 elementor-widget elementor-widget-text-editor\" data-id=\"c99a3d7\" data-element_type=\"widget\" data-widget_type=\"text-editor.default\">\n\t\t\t\t<div class=\"elementor-widget-container\">\n\t\t\t\t\t\t\t\t\t<p><strong><span style=\"font-size: 18pt\">INFORMACI\u00d3N IMPORTANTE PAU<\/span><\/strong><\/p><p><span style=\"font-weight: 400\">A partir de este curso 2024\/2025 la matr\u00edcula en las pruebas de acceso a la Universidad se realizar\u00e1 por un autoservicio directamente en los sistemas inform\u00e1ticos de la Universidad de C\u00f3rdoba, raz\u00f3n por la que el alumnado interesado en realizar estas pruebas <\/span><b>no ha de dirigirse a la Secretar\u00eda de su Centro de Educaci\u00f3n Secundaria para inscribirse<\/b><span style=\"font-weight: 400\">. El procedimiento consta de las siguientes fases: <\/span><b>fase de registro y fase de matr\u00edcula<\/b><span style=\"font-weight: 400\">.<\/span><\/p><p><b>FASE DE REGISTRO\u00a0<\/b><\/p><ul><li style=\"font-weight: 400\"><b>Convocatoria ordinaria: del 6 al 23 de mayo de 2025.<\/b><\/li><li style=\"font-weight: 400\"><b>Convocatoria extraordinaria: del 1 al 19 de junio de 2025<\/b><span style=\"font-weight: 400\">.<\/span><\/li><\/ul><p><b>Se recomienda realizar el registro a todo el alumnado independientemente de la convocatoria a la que se vayan a presentar (ordinaria o extraordinaria).<\/b><\/p><p><span style=\"font-weight: 400\">En la convocatoria extraordinaria no habr\u00e1n de realizar registro quienes ya lo hayan hecho en el per\u00edodo de registro de la convocatoria ordinaria.\u00a0<\/span><\/p><p><span style=\"font-weight: 400\">En el registro en las pruebas se ha de indicar una <\/span><b>direcci\u00f3n de correo electr\u00f3nico y un n\u00famero de tel\u00e9fono m\u00f3vil actualizados<\/b><span style=\"font-weight: 400\">, a fin de recibir en ellos las comunicaciones que pudiera realizar la Universidad de C\u00f3rdoba. Adem\u00e1s, se ha de <\/span><b>subir una copia en formato electr\u00f3nico de la documentaci\u00f3n que conceda derecho al estudiante a alg\u00fan descuento a aplicar en su matr\u00edcula de las pruebas, por ejemplo: familia numerosa, ayuda por ingreso m\u00ednimo vital, alg\u00fan\u00a0<\/b><\/p><p><span style=\"font-weight: 400\">Concluido el registro, se proporcionar\u00e1 a la persona una <\/span><b>clave de acceso al sistema de Pruebas de Acceso de la UCO <\/b><b>(EL CENTRO NO ACCEDE A ESAS CLAVES DE ACCESO, ES IMPORTANTE TENER APUNTADA ESA CLAVE EN VARIOS SITIOS)<\/b><span style=\"font-weight: 400\">, que le permitir\u00e1 entrar en \u00e9l para realizar su matr\u00edcula en el per\u00edodo de matriculaci\u00f3n.\u00a0<\/span><\/p><p><span style=\"font-weight: 400\">Para registrase se accede a trav\u00e9s del siguiente enlace <\/span><a href=\"http:\/\/www.uco.es\/pie\/acceso-pau\"><span style=\"font-weight: 400\">http:\/\/www.uco.es\/pie\/acceso-pau<\/span><\/a><\/p><p><b>FASE DE MATR\u00cdCULA<\/b><span style=\"font-weight: 400\">\u00a0<\/span><\/p><p><span style=\"font-weight: 400\">Las personas previamente registradas en el Sistema de Pruebas de Acceso a la Universidad podr\u00e1n realizar su matr\u00edcula en las siguientes fechas:\u00a0<\/span><\/p><p><span style=\"font-weight: 400\">Convocatoria ordinaria: del 19 al 27 de mayo de 2025.\u00a0<\/span><\/p><p><span style=\"font-weight: 400\">Para ello habr\u00e1n de acceder al Sistema de Pruebas de Acceso de la UCO a trav\u00e9s de la siguiente direcci\u00f3n <\/span><a href=\"http:\/\/www.uco.es\/pie\/acceso-pau\"><span style=\"font-weight: 400\">http:\/\/www.uco.es\/pie\/acceso-pau<\/span><\/a> <span style=\"font-weight: 400\">\u00a0identific\u00e1ndose con su n\u00famero de documento de identidad y con la clave de acceso obtenida en el proceso previo de registro.<\/span><\/p>\t\t\t\t\t\t\t\t<\/div>\n\t\t\t\t<\/div>\n\t\t\t\t\t<\/div>\n\t\t\t\t<\/div>\n\t\t<div class=\"elementor-element elementor-element-5cf8ba6 e-flex e-con-boxed e-con e-parent\" data-id=\"5cf8ba6\" data-element_type=\"container\">\n\t\t\t\t\t<div class=\"e-con-inner\">\n\t\t\t\t<div class=\"elementor-element elementor-element-7ae7224 elementor-align-justify elementor-widget elementor-widget-button\" data-id=\"7ae7224\" data-element_type=\"widget\" data-widget_type=\"button.default\">\n\t\t\t\t<div class=\"elementor-widget-container\">\n\t\t\t\t\t\t\t\t\t<div class=\"elementor-button-wrapper\">\n\t\t\t\t\t<a class=\"elementor-button elementor-button-link elementor-size-sm\" href=\"https:\/\/drive.google.com\/file\/d\/1RZEJ0lEBVbQ1jPPke883YOoEAGQaWhkn\/view?usp=sharing\" target=\"_blank\">\n\t\t\t\t\t\t<span class=\"elementor-button-content-wrapper\">\n\t\t\t\t\t\t\t\t\t<span class=\"elementor-button-text\">INSTRUCCIONES DE REGISTRO PAU 2025<\/span>\n\t\t\t\t\t<\/span>\n\t\t\t\t\t<\/a>\n\t\t\t\t<\/div>\n\t\t\t\t\t\t\t\t<\/div>\n\t\t\t\t<\/div>\n\t\t\t\t\t<\/div>\n\t\t\t\t<\/div>\n\t\t\t\t<\/div>\n\t\t","protected":false},"excerpt":{"rendered":"<p>INFORMACI\u00d3N IMPORTANTE PAU A partir de este curso 2024\/2025 la matr\u00edcula en las pruebas de acceso a la Universidad se realizar\u00e1 por un autoservicio directamente en los sistemas inform\u00e1ticos de la Universidad de C\u00f3rdoba,&#46;&#46;&#46;<\/p>\n","protected":false},"author":19052,"featured_media":0,"parent":0,"menu_order":0,"comment_status":"closed","ping_status":"closed","template":"","meta":{"ngg_post_thumbnail":0,"footnotes":""},"aioseo_notices":[],"_links":{"self":[{"href":"https:\/\/blogsaverroes.juntadeandalucia.es\/ieszocoes\/wp-json\/wp\/v2\/pages\/1599"}],"collection":[{"href":"https:\/\/blogsaverroes.juntadeandalucia.es\/ieszocoes\/wp-json\/wp\/v2\/pages"}],"about":[{"href":"https:\/\/blogsaverroes.juntadeandalucia.es\/ieszocoes\/wp-json\/wp\/v2\/types\/page"}],"author":[{"embeddable":true,"href":"https:\/\/blogsaverroes.juntadeandalucia.es\/ieszocoes\/wp-json\/wp\/v2\/users\/19052"}],"replies":[{"embeddable":true,"href":"https:\/\/blogsaverroes.juntadeandalucia.es\/ieszocoes\/wp-json\/wp\/v2\/comments?post=1599"}],"version-history":[{"count":3,"href":"https:\/\/blogsaverroes.juntadeandalucia.es\/ieszocoes\/wp-json\/wp\/v2\/pages\/1599\/revisions"}],"predecessor-version":[{"id":1603,"href":"https:\/\/blogsaverroes.juntadeandalucia.es\/ieszocoes\/wp-json\/wp\/v2\/pages\/1599\/revisions\/1603"}],"wp:attachment":[{"href":"https:\/\/blogsaverroes.juntadeandalucia.es\/ieszocoes\/wp-json\/wp\/v2\/media?parent=1599"}],"curies":[{"name":"wp","href":"https:\/\/api.w.org\/{rel}","templated":true}]}}