{"id":2569,"date":"2025-12-20T17:53:23","date_gmt":"2025-12-20T16:53:23","guid":{"rendered":"https:\/\/blogsaverroes.juntadeandalucia.es\/ieszocoes\/?page_id=2569"},"modified":"2026-01-12T06:19:26","modified_gmt":"2026-01-12T05:19:26","slug":"accion-formativa-imai-0108","status":"publish","type":"page","link":"https:\/\/blogsaverroes.juntadeandalucia.es\/ieszocoes\/accion-formativa-imai-0108\/","title":{"rendered":"ACCI\u00d3N FORMATIVA IMAI 0108"},"content":{"rendered":"<ul>\n<li><a href=\"https:\/\/drive.google.com\/file\/d\/15bfbwnm0oJRcAXd5wPqMqU2IvgCxi2_f\/view?usp=sharing\"><strong>BAREMO PROVISIONAL<\/strong><span style=\"font-size: 10pt\"> ACCI\u00d3N FORMATIVA IMAI 0108: OPERACIONES DE FONTANER\u00cdA, CALEFACCI\u00d3N Y CLIMATIZACI\u00d3N DOM\u00c9STICA.<\/span><\/a><\/li>\n<li><a href=\"https:\/\/drive.google.com\/file\/d\/1VR56JkwsbmiIWkUslTIU0GOeOjhuGuCB\/view?usp=sharing\">LISTADO PROVISIONAL.<\/a><\/li>\n<li><a href=\"https:\/\/drive.google.com\/file\/d\/1KYqAu2CIuqazVzuFXAFrqi0yE5MmMytr\/view?usp=sharing\">LISTADO DEFINITIVO.<\/a><\/li>\n<\/ul>\n","protected":false},"excerpt":{"rendered":"<p>BAREMO PROVISIONAL ACCI\u00d3N FORMATIVA IMAI 0108: OPERACIONES DE FONTANER\u00cdA, CALEFACCI\u00d3N Y CLIMATIZACI\u00d3N DOM\u00c9STICA. LISTADO PROVISIONAL. LISTADO DEFINITIVO.<\/p>\n","protected":false},"author":19052,"featured_media":0,"parent":0,"menu_order":0,"comment_status":"closed","ping_status":"closed","template":"","meta":{"ngg_post_thumbnail":0,"footnotes":""},"aioseo_notices":[],"_links":{"self":[{"href":"https:\/\/blogsaverroes.juntadeandalucia.es\/ieszocoes\/wp-json\/wp\/v2\/pages\/2569"}],"collection":[{"href":"https:\/\/blogsaverroes.juntadeandalucia.es\/ieszocoes\/wp-json\/wp\/v2\/pages"}],"about":[{"href":"https:\/\/blogsaverroes.juntadeandalucia.es\/ieszocoes\/wp-json\/wp\/v2\/types\/page"}],"author":[{"embeddable":true,"href":"https:\/\/blogsaverroes.juntadeandalucia.es\/ieszocoes\/wp-json\/wp\/v2\/users\/19052"}],"replies":[{"embeddable":true,"href":"https:\/\/blogsaverroes.juntadeandalucia.es\/ieszocoes\/wp-json\/wp\/v2\/comments?post=2569"}],"version-history":[{"count":4,"href":"https:\/\/blogsaverroes.juntadeandalucia.es\/ieszocoes\/wp-json\/wp\/v2\/pages\/2569\/revisions"}],"predecessor-version":[{"id":2603,"href":"https:\/\/blogsaverroes.juntadeandalucia.es\/ieszocoes\/wp-json\/wp\/v2\/pages\/2569\/revisions\/2603"}],"wp:attachment":[{"href":"https:\/\/blogsaverroes.juntadeandalucia.es\/ieszocoes\/wp-json\/wp\/v2\/media?parent=2569"}],"curies":[{"name":"wp","href":"https:\/\/api.w.org\/{rel}","templated":true}]}}