{"id":2668,"date":"2026-02-06T08:20:50","date_gmt":"2026-02-06T07:20:50","guid":{"rendered":"https:\/\/blogsaverroes.juntadeandalucia.es\/ieszocoes\/?page_id=2668"},"modified":"2026-02-06T08:22:16","modified_gmt":"2026-02-06T07:22:16","slug":"informacion-acceso-universidad","status":"publish","type":"page","link":"https:\/\/blogsaverroes.juntadeandalucia.es\/ieszocoes\/informacion-acceso-universidad\/","title":{"rendered":"INFORMACI\u00d3N ACCESO UNIVERSIDAD"},"content":{"rendered":"\t\t<div data-elementor-type=\"wp-page\" data-elementor-id=\"2668\" class=\"elementor elementor-2668\">\n\t\t\t\t<div class=\"elementor-element elementor-element-a686726 e-flex e-con-boxed e-con e-parent\" data-id=\"a686726\" data-element_type=\"container\">\n\t\t\t\t\t<div class=\"e-con-inner\">\n\t\t\t\t<div class=\"elementor-element elementor-element-d87fb73 elementor-widget elementor-widget-image\" data-id=\"d87fb73\" data-element_type=\"widget\" data-widget_type=\"image.default\">\n\t\t\t\t<div class=\"elementor-widget-container\">\n\t\t\t\t\t\t\t\t\t\t\t\t\t\t\t<img fetchpriority=\"high\" decoding=\"async\" width=\"680\" height=\"231\" src=\"https:\/\/blogsaverroes.juntadeandalucia.es\/ieszocoes\/files\/2026\/02\/image.png\" class=\"attachment-large size-large wp-image-2669\" alt=\"\" srcset=\"https:\/\/blogsaverroes.juntadeandalucia.es\/ieszocoes\/files\/2026\/02\/image.png 680w, https:\/\/blogsaverroes.juntadeandalucia.es\/ieszocoes\/files\/2026\/02\/image-300x102.png 300w\" sizes=\"(max-width: 680px) 100vw, 680px\" \/>\t\t\t\t\t\t\t\t\t\t\t\t\t\t\t<\/div>\n\t\t\t\t<\/div>\n\t\t\t\t\t<\/div>\n\t\t\t\t<\/div>\n\t\t<div class=\"elementor-element elementor-element-34aa247 e-flex e-con-boxed e-con e-parent\" data-id=\"34aa247\" data-element_type=\"container\">\n\t\t\t\t\t<div class=\"e-con-inner\">\n\t\t\t\t<div class=\"elementor-element elementor-element-d25f219 elementor-widget elementor-widget-text-editor\" data-id=\"d25f219\" data-element_type=\"widget\" data-widget_type=\"text-editor.default\">\n\t\t\t\t<div class=\"elementor-widget-container\">\n\t\t\t\t\t\t\t\t\t<div>El pasado mes de enero nuestro centro organiz\u00f3\u00a0la charla\u00a0informativa al alumnado de 2\u00ba Bachillerato sobre la Prueba de Acceso a la Universidad. De manera complementaria, hacemos llegar al alumnado y sus familias las webs de referencia para realizar directamente posibles consultas. Desde el Servicio de Ordenaci\u00f3n Educativa de la Delegaci\u00f3n de Educaci\u00f3n (ETPOEP) nos facilitan la siguiente informaci\u00f3n en relaci\u00f3n al Acceso a la Universidad:<\/div><div><div><p><span style=\"color: #000000\">1). En el\u00a0<a href=\"https:\/\/juntadeandalucia.es\/temas\/estudiar\/universidad\/acceso.html\" target=\"_blank\" rel=\"noopener\" data-saferedirecturl=\"https:\/\/www.google.com\/url?q=https:\/\/juntadeandalucia.es\/temas\/estudiar\/universidad\/acceso.html&amp;source=gmail&amp;ust=1770447860357000&amp;usg=AOvVaw30mwgJkjpRMoZrKEgIDrGx\">Portal de la Consejer\u00eda de Desarrollo Educativo y FP<\/a>, en\u00a0<a href=\"https:\/\/juntadeandalucia.es\/\" target=\"_blank\" rel=\"noopener\" data-saferedirecturl=\"https:\/\/www.google.com\/url?q=https:\/\/juntadeandalucia.es\/&amp;source=gmail&amp;ust=1770447860357000&amp;usg=AOvVaw0dr2s6Ab6oKvyFfBFY7rex\">Inicio<\/a>\u00a0\u2192\u00a0\u00a0<a href=\"https:\/\/juntadeandalucia.es\/temas.html\" target=\"_blank\" rel=\"noopener\" data-saferedirecturl=\"https:\/\/www.google.com\/url?q=https:\/\/juntadeandalucia.es\/temas.html&amp;source=gmail&amp;ust=1770447860357000&amp;usg=AOvVaw2Nac0SjXfwAu9G7C6QiVsx\">Temas<\/a>\u00a0\u2192\u00a0<a href=\"https:\/\/juntadeandalucia.es\/temas\/estudiar.html\" target=\"_blank\" rel=\"noopener\" data-saferedirecturl=\"https:\/\/www.google.com\/url?q=https:\/\/juntadeandalucia.es\/temas\/estudiar.html&amp;source=gmail&amp;ust=1770447860357000&amp;usg=AOvVaw1Es8Encn31XTQj_cY0rrGy\">Estudiar<\/a>\u00a0\u2192\u00a0<a href=\"https:\/\/juntadeandalucia.es\/temas\/estudiar\/universidad.html\" target=\"_blank\" rel=\"noopener\" data-saferedirecturl=\"https:\/\/www.google.com\/url?q=https:\/\/juntadeandalucia.es\/temas\/estudiar\/universidad.html&amp;source=gmail&amp;ust=1770447860357000&amp;usg=AOvVaw0eJD2kmwQB-zI6d5FCB4Dn\">Universidad<\/a>\u00a0podr\u00e1 encontrar informaci\u00f3n relevante sobre\u00a0<strong><a href=\"https:\/\/juntadeandalucia.es\/temas\/estudiar\/universidad\/acceso.html\" target=\"_blank\" rel=\"noopener\" data-saferedirecturl=\"https:\/\/www.google.com\/url?q=https:\/\/juntadeandalucia.es\/temas\/estudiar\/universidad\/acceso.html&amp;source=gmail&amp;ust=1770447860357000&amp;usg=AOvVaw30mwgJkjpRMoZrKEgIDrGx\">Acceso a la Universidad<\/a>:<\/strong><\/span><\/p><p><a href=\"https:\/\/juntadeandalucia.es\/temas\/estudiar\/universidad\/acceso.html#toc-acceso-a-la-universidad-con-el-t-tulo-de-bachillerato\" target=\"_blank\" rel=\"noopener\" data-saferedirecturl=\"https:\/\/www.google.com\/url?q=https:\/\/juntadeandalucia.es\/temas\/estudiar\/universidad\/acceso.html%23toc-acceso-a-la-universidad-con-el-t-tulo-de-bachillerato&amp;source=gmail&amp;ust=1770447860357000&amp;usg=AOvVaw1dYN5V5Xat13QdvkMaZ3II\"><span style=\"color: #000000\">Acceso a la universidad con el t\u00edtulo de Bachillerato<\/span><\/a><\/p><\/div><div>2.) DISTRITO \u00daNICO ANDALUZ:<\/div><div><a href=\"https:\/\/www.juntadeandalucia.es\/economiaconocimientoempresasyuniversidad\/sguit\/\" target=\"_blank\" rel=\"noopener\" data-saferedirecturl=\"https:\/\/www.google.com\/url?q=https:\/\/www.juntadeandalucia.es\/economiaconocimientoempresasyuniversidad\/sguit\/&amp;source=gmail&amp;ust=1770447860357000&amp;usg=AOvVaw1I60SmM3oVA81OtKpwIaz5\">https:\/\/www.juntadeandalucia.es\/economiaconocimientoempresasyuniversidad\/sguit\/<\/a><\/div><div><span class=\"gmail_signature_prefix\">\u00a0<\/span><\/div><div><span class=\"gmail_signature_prefix\">En dicha web van actualizando informaci\u00f3n sobre:\u00a0<\/span><\/div><div><ul><li><a href=\"https:\/\/www.juntadeandalucia.es\/economiaconocimientoempresasyuniversidad\/sguit\/?q=grados&amp;d=g_calendario.php\" target=\"_blank\" rel=\"noopener\" data-saferedirecturl=\"https:\/\/www.google.com\/url?q=https:\/\/www.juntadeandalucia.es\/economiaconocimientoempresasyuniversidad\/sguit\/?q%3Dgrados%26d%3Dg_calendario.php&amp;source=gmail&amp;ust=1770447860357000&amp;usg=AOvVaw0QzSuLRTi6aRX6WO1jc8fS\">Fechas m\u00e1s relevantes del curso 2025\/26: procedimientos de admisi\u00f3n<\/a><\/li><li><a href=\"https:\/\/www.juntadeandalucia.es\/educacion\/portales\/web\/educacion\/alumnado\/pruebas-de-acceso-a-la-universidad\" target=\"_blank\" rel=\"noopener\" data-saferedirecturl=\"https:\/\/www.google.com\/url?q=https:\/\/www.juntadeandalucia.es\/educacion\/portales\/web\/educacion\/alumnado\/pruebas-de-acceso-a-la-universidad&amp;source=gmail&amp;ust=1770447860357000&amp;usg=AOvVaw2aC9NdXh3LMoZcWfkfIYOu\">Orientaciones y pautas generales para las Pruebas de Acceso a la Universidad (PAU)<\/a><\/li><li><a href=\"https:\/\/www.juntadeandalucia.es\/economiaconocimientoempresasyuniversidad\/sguit\/?q=grados&amp;d=g_b_examenes_anteriores.php\" target=\"_blank\" rel=\"noopener\" data-saferedirecturl=\"https:\/\/www.google.com\/url?q=https:\/\/www.juntadeandalucia.es\/economiaconocimientoempresasyuniversidad\/sguit\/?q%3Dgrados%26d%3Dg_b_examenes_anteriores.php&amp;source=gmail&amp;ust=1770447860357000&amp;usg=AOvVaw0ngFd5Du8FKNOuybv9Pe7a\">Ex\u00e1menes anteriores y orientaciones sobre la prueba de acceso a la Universidad<\/a><\/li><li>\u00a0<a href=\"https:\/\/www.juntadeandalucia.es\/economiaconocimientoempresasyuniversidad\/sguit\/?q=grados&amp;d=g_catalogo_top.php\" target=\"_blank\" rel=\"noopener\" data-saferedirecturl=\"https:\/\/www.google.com\/url?q=https:\/\/www.juntadeandalucia.es\/economiaconocimientoempresasyuniversidad\/sguit\/?q%3Dgrados%26d%3Dg_catalogo_top.php&amp;source=gmail&amp;ust=1770447860357000&amp;usg=AOvVaw1wp2WL7Nph0X9lEbr9wNRe\">Cat\u00e1logo de grados<\/a><\/li><li>\u00a0<a href=\"https:\/\/www.juntadeandalucia.es\/economiaconocimientoempresasyuniversidad\/sguit\/?q=grados&amp;d=g_not_cor_anteriores_top.php\" target=\"_blank\" rel=\"noopener\" data-saferedirecturl=\"https:\/\/www.google.com\/url?q=https:\/\/www.juntadeandalucia.es\/economiaconocimientoempresasyuniversidad\/sguit\/?q%3Dgrados%26d%3Dg_not_cor_anteriores_top.php&amp;source=gmail&amp;ust=1770447860357000&amp;usg=AOvVaw1YK9xYLtcwxtsNt3V9-lE7\">Notas de corte de a\u00f1os anteriores<\/a><\/li><\/ul><\/div><\/div>\t\t\t\t\t\t\t\t<\/div>\n\t\t\t\t<\/div>\n\t\t\t\t\t<\/div>\n\t\t\t\t<\/div>\n\t\t\t\t<\/div>\n\t\t","protected":false},"excerpt":{"rendered":"<p>El pasado mes de enero nuestro centro organiz\u00f3\u00a0la charla\u00a0informativa al alumnado de 2\u00ba Bachillerato sobre la Prueba de Acceso a la Universidad. De manera complementaria, hacemos llegar al alumnado y sus familias las webs&#46;&#46;&#46;<\/p>\n","protected":false},"author":19052,"featured_media":0,"parent":0,"menu_order":0,"comment_status":"closed","ping_status":"closed","template":"","meta":{"ngg_post_thumbnail":0,"footnotes":""},"aioseo_notices":[],"_links":{"self":[{"href":"https:\/\/blogsaverroes.juntadeandalucia.es\/ieszocoes\/wp-json\/wp\/v2\/pages\/2668"}],"collection":[{"href":"https:\/\/blogsaverroes.juntadeandalucia.es\/ieszocoes\/wp-json\/wp\/v2\/pages"}],"about":[{"href":"https:\/\/blogsaverroes.juntadeandalucia.es\/ieszocoes\/wp-json\/wp\/v2\/types\/page"}],"author":[{"embeddable":true,"href":"https:\/\/blogsaverroes.juntadeandalucia.es\/ieszocoes\/wp-json\/wp\/v2\/users\/19052"}],"replies":[{"embeddable":true,"href":"https:\/\/blogsaverroes.juntadeandalucia.es\/ieszocoes\/wp-json\/wp\/v2\/comments?post=2668"}],"version-history":[{"count":3,"href":"https:\/\/blogsaverroes.juntadeandalucia.es\/ieszocoes\/wp-json\/wp\/v2\/pages\/2668\/revisions"}],"predecessor-version":[{"id":2673,"href":"https:\/\/blogsaverroes.juntadeandalucia.es\/ieszocoes\/wp-json\/wp\/v2\/pages\/2668\/revisions\/2673"}],"wp:attachment":[{"href":"https:\/\/blogsaverroes.juntadeandalucia.es\/ieszocoes\/wp-json\/wp\/v2\/media?parent=2668"}],"curies":[{"name":"wp","href":"https:\/\/api.w.org\/{rel}","templated":true}]}}