{"id":850,"date":"2020-12-18T08:41:27","date_gmt":"2020-12-18T07:41:27","guid":{"rendered":"https:\/\/blogsaverroes.juntadeandalucia.es\/pre\/plantilla-pencil\/?page_id=850"},"modified":"2025-10-26T07:40:21","modified_gmt":"2025-10-26T06:40:21","slug":"quienes-somos","status":"publish","type":"page","link":"https:\/\/blogsaverroes.juntadeandalucia.es\/ieszocoes\/quienes-somos\/","title":{"rendered":"Qui\u00e9nes Somos"},"content":{"rendered":"\t\t<div data-elementor-type=\"wp-page\" data-elementor-id=\"850\" class=\"elementor elementor-850\">\n\t\t\t\t<div class=\"elementor-element elementor-element-772335e e-flex e-con-boxed e-con e-parent\" data-id=\"772335e\" data-element_type=\"container\">\n\t\t\t\t\t<div class=\"e-con-inner\">\n\t\t\t\t<div class=\"elementor-element elementor-element-0b80447 elementor-widget elementor-widget-google_maps\" data-id=\"0b80447\" data-element_type=\"widget\" data-widget_type=\"google_maps.default\">\n\t\t\t\t<div class=\"elementor-widget-container\">\n\t\t\t\t\t\t\t<div class=\"elementor-custom-embed\">\n\t\t\t<iframe loading=\"lazy\"\n\t\t\t\t\tsrc=\"https:\/\/maps.google.com\/maps?q=C%2F%20Jos%C3%A9%20Mar%C3%ADa%20Martorell%20S%2FN%20Poniente%20Sur%2C%2014004%20C%C3%B3rdoba&#038;t=m&#038;z=10&#038;output=embed&#038;iwloc=near\"\n\t\t\t\t\ttitle=\"C\/ Jos\u00e9 Mar\u00eda Martorell S\/N Poniente Sur, 14004 C\u00f3rdoba\"\n\t\t\t\t\taria-label=\"C\/ Jos\u00e9 Mar\u00eda Martorell S\/N Poniente Sur, 14004 C\u00f3rdoba\"\n\t\t\t><\/iframe>\n\t\t<\/div>\n\t\t\t\t\t\t<\/div>\n\t\t\t\t<\/div>\n\t\t\t\t\t<\/div>\n\t\t\t\t<\/div>\n\t\t<div class=\"elementor-element elementor-element-9cca506 e-flex e-con-boxed e-con e-parent\" data-id=\"9cca506\" data-element_type=\"container\">\n\t\t\t\t\t<div class=\"e-con-inner\">\n\t\t\t\t<div class=\"elementor-element elementor-element-5140af6 elementor-widget elementor-widget-text-editor\" data-id=\"5140af6\" data-element_type=\"widget\" data-widget_type=\"text-editor.default\">\n\t\t\t\t<div class=\"elementor-widget-container\">\n\t\t\t\t\t\t\t\t\t<table style=\"border-collapse: collapse;width: 100%;height: 93px\"><tbody><tr style=\"height: 93px\"><td style=\"width: 100%;height: 93px;background-color: #f0eae4\"><h6 style=\"text-align: left\"><span style=\"color: #000000;font-size: 12pt\"><strong>\ud83d\udccd <\/strong><strong><span style=\"font-weight: 500\">C\/ Jos\u00e9 Mar\u00eda Martorell S\/N Poniente Sur, 14004 C\u00f3rdoba<\/span><\/strong><\/span><\/h6><h6 style=\"text-align: left\"><span style=\"color: #000000\"><span style=\"font-size: 14pt\"><strong><span style=\"font-size: 12pt\"><span style=\"font-weight: 500\"><span style=\"font-size: 18pt\">\ud83d\udcde <\/span>Tel\u00e9fono: 957 37 97 64<\/span><\/span><\/strong><\/span><\/span><\/h6><h6 style=\"text-align: left\"><span style=\"color: #000000\"><span style=\"font-size: 14pt\"><strong><span style=\"font-size: 12pt\"><span style=\"font-weight: 500\">\u00a0 \ud83d\udce7 Correo: 14004889.edu@juntadeandalucia.es<\/span><\/span><\/strong><\/span><\/span><\/h6><\/td><\/tr><\/tbody><\/table>\t\t\t\t\t\t\t\t<\/div>\n\t\t\t\t<\/div>\n\t\t\t\t<div class=\"elementor-element elementor-element-bfee617 elementor-widget elementor-widget-text-editor\" data-id=\"bfee617\" data-element_type=\"widget\" data-widget_type=\"text-editor.default\">\n\t\t\t\t<div class=\"elementor-widget-container\">\n\t\t\t\t\t\t\t\t\t<p><span style=\"font-size: 12pt\"><span style=\"font-weight: 500\">\ud83c\udfa5<\/span> <b>\u00a1Bienvenidos al IES Zoco! <\/b><span style=\"font-weight: 500\">\ud83c\udf93<\/span><\/span><\/p><p style=\"text-align: justify\"><span style=\"font-size: 12pt\"><span style=\"font-weight: 500\">\ud83d\udccd <\/span><b>Nuestro centro<\/b><span style=\"font-weight: 500\"><br \/><\/span><span style=\"font-weight: 500\">El IES Zoco est\u00e1 en la zona de Poniente de C\u00f3rdoba y es mucho m\u00e1s que un instituto: \u00a1es un lugar donde aprendemos, crecemos y nos preparamos para el futuro! Contamos con m\u00e1s de 100 docentes y 800 estudiantes, formando una gran comunidad educativa.<\/span><\/span><\/p><p><span style=\"font-size: 12pt\"><span style=\"font-weight: 500\">\ud83d\udcda<\/span><b> \u00bfQu\u00e9 puedes estudiar aqu\u00ed?<\/b><span style=\"font-weight: 500\"><br \/><\/span><span style=\"font-weight: 500\">En el IES Zoco ofrecemos diferentes opciones para que cada estudiante encuentre su camino:<\/span><span style=\"font-weight: 500\"><br \/><\/span><span style=\"font-weight: 500\">\u00a0 \u00a0 \u00a0\u2705 ESO y Formaci\u00f3n Profesional B\u00e1sica (FPB).<\/span><span style=\"font-weight: 500\"><br \/><\/span><span style=\"font-weight: 500\">\u00a0 \u00a0 \u00a0\u2705 Bachillerato, con dos modalidades:<\/span><span style=\"font-weight: 500\"><br \/><\/span><span style=\"font-weight: 500\">\u00a0 \u00a0 \u00a0 \u00a0 \u00a0\ud83d\udd2c Cient\u00edfico-Tecnol\u00f3gico.<\/span><span style=\"font-weight: 500\"><br \/><\/span><span style=\"font-weight: 500\">\u00a0 \u00a0 \u00a0 \u00a0 \u00a0\ud83c\udfdb\ufe0f Humanidades y Ciencias Sociales.<\/span><span style=\"font-weight: 500\"><br \/><\/span><span style=\"font-weight: 500\">\u00a0 \u00a0 \u00a0\u2705 Formaci\u00f3n Profesional:<\/span><span style=\"font-weight: 500\"><br \/><\/span><\/span><\/p>\t\t\t\t\t\t\t\t<\/div>\n\t\t\t\t<\/div>\n\t\t\t\t\t<\/div>\n\t\t\t\t<\/div>\n\t\t<div class=\"elementor-element elementor-element-2bac289 e-flex e-con-boxed e-con e-parent\" data-id=\"2bac289\" data-element_type=\"container\">\n\t\t\t\t\t<div class=\"e-con-inner\">\n\t\t\t\t<div class=\"elementor-element elementor-element-5ab1a43 elementor-widget elementor-widget-image\" data-id=\"5ab1a43\" data-element_type=\"widget\" data-widget_type=\"image.default\">\n\t\t\t\t<div class=\"elementor-widget-container\">\n\t\t\t\t\t\t\t\t\t\t\t\t\t\t\t<img fetchpriority=\"high\" decoding=\"async\" width=\"804\" height=\"559\" src=\"https:\/\/blogsaverroes.juntadeandalucia.es\/ieszocoes\/files\/2025\/10\/Captura-de-pantalla-2025-10-26-073850.png\" class=\"attachment-large size-large wp-image-2181\" alt=\"\" srcset=\"https:\/\/blogsaverroes.juntadeandalucia.es\/ieszocoes\/files\/2025\/10\/Captura-de-pantalla-2025-10-26-073850.png 804w, https:\/\/blogsaverroes.juntadeandalucia.es\/ieszocoes\/files\/2025\/10\/Captura-de-pantalla-2025-10-26-073850-300x209.png 300w, https:\/\/blogsaverroes.juntadeandalucia.es\/ieszocoes\/files\/2025\/10\/Captura-de-pantalla-2025-10-26-073850-768x534.png 768w\" sizes=\"(max-width: 804px) 100vw, 804px\" \/>\t\t\t\t\t\t\t\t\t\t\t\t\t\t\t<\/div>\n\t\t\t\t<\/div>\n\t\t\t\t\t<\/div>\n\t\t\t\t<\/div>\n\t\t<div class=\"elementor-element elementor-element-0b30256 e-flex e-con-boxed e-con e-parent\" data-id=\"0b30256\" data-element_type=\"container\">\n\t\t\t\t\t<div class=\"e-con-inner\">\n\t\t\t\t<div class=\"elementor-element elementor-element-22902f8 elementor-widget elementor-widget-text-editor\" data-id=\"22902f8\" data-element_type=\"widget\" data-widget_type=\"text-editor.default\">\n\t\t\t\t<div class=\"elementor-widget-container\">\n\t\t\t\t\t\t\t\t\t<p style=\"text-align: justify\"><span style=\"font-size: 12pt\"><span style=\"font-weight: 500\">\u2728 <\/span><b>Nuestro lema: &#8220;Aprendiendo a ser&#8221;<\/b><span style=\"font-weight: 500\"><br \/><\/span><span style=\"font-weight: 500\">En el IES Zoco creemos que aprender no es solo memorizar datos, sino desarrollar nuestras capacidades, descubrir lo que nos apasiona y prepararnos para el futuro.<\/span><\/span><\/p><p style=\"text-align: justify\"><span style=\"font-size: 12pt\"><span style=\"font-weight: 500\">\ud83d\ude80 <\/span><b>Mucho m\u00e1s que clases<\/b><span style=\"font-weight: 500\"><br \/><\/span><span style=\"font-weight: 500\">Aqu\u00ed no solo estudiamos, \u00a1tambi\u00e9n vivimos experiencias incre\u00edbles! Participamos en:<\/span><span style=\"font-weight: 500\"><br \/><\/span><span style=\"font-weight: 500\">\u00a0 \u00a0 \u00a0\ud83c\udf0d Proyectos europeos para los Ciclos Formativos.<\/span><span style=\"font-weight: 500\"><br \/><\/span><span style=\"font-weight: 500\">\u00a0 \u00a0 \u00a0 \ud83d\udcfd \ufe0f Actividades de educaci\u00f3n audiovisual y medi\u00e1tica.<\/span><span style=\"font-weight: 500\"><br \/><\/span><span style=\"font-weight: 500\">\u00a0 \u00a0 \u00a0\ud83d\udca1 Programas de emprendimiento.<\/span><span style=\"font-weight: 500\"><br \/><\/span><span style=\"font-weight: 500\">\u00a0 \u00a0 \u00a0\ud83d\udc9c Iniciativas de igualdad y convivencia.<\/span><\/span><\/p><p style=\"text-align: justify\"><span style=\"font-size: 12pt\"><span style=\"font-weight: 500\">\ud83d\udcac <\/span><b>T\u00fa eres el\/la protagonista<\/b><span style=\"font-weight: 500\"><br \/><\/span><span style=\"font-weight: 500\">Cada estudiante es \u00fanico, por eso usamos distintas metodolog\u00edas para que todos podamos aprender de la mejor manera posible. \u00a1Aqu\u00ed tu futuro empieza a construirse!<\/span><\/span><\/p><p><span style=\"font-size: 12pt\"><span style=\"font-weight: 500\">\ud83d\udce2<\/span><b> \u00a1Te esperamos en el IES Zoco! <\/b><span style=\"font-weight: 500\">\ud83c\udf1f<\/span><\/span><\/p>\t\t\t\t\t\t\t\t<\/div>\n\t\t\t\t<\/div>\n\t\t\t\t\t<\/div>\n\t\t\t\t<\/div>\n\t\t\t\t<\/div>\n\t\t","protected":false},"excerpt":{"rendered":"<p>\ud83d\udccd C\/ Jos\u00e9 Mar\u00eda Martorell S\/N Poniente Sur, 14004 C\u00f3rdoba \ud83d\udcde Tel\u00e9fono: 957 37 97 64 \u00a0 \ud83d\udce7 Correo: 14004889.edu@juntadeandalucia.es \ud83c\udfa5 \u00a1Bienvenidos al IES Zoco! \ud83c\udf93 \ud83d\udccd Nuestro centroEl IES Zoco est\u00e1 en la&#46;&#46;&#46;<\/p>\n","protected":false},"author":7051,"featured_media":0,"parent":0,"menu_order":0,"comment_status":"closed","ping_status":"closed","template":"","meta":{"ngg_post_thumbnail":0,"footnotes":""},"aioseo_notices":[],"_links":{"self":[{"href":"https:\/\/blogsaverroes.juntadeandalucia.es\/ieszocoes\/wp-json\/wp\/v2\/pages\/850"}],"collection":[{"href":"https:\/\/blogsaverroes.juntadeandalucia.es\/ieszocoes\/wp-json\/wp\/v2\/pages"}],"about":[{"href":"https:\/\/blogsaverroes.juntadeandalucia.es\/ieszocoes\/wp-json\/wp\/v2\/types\/page"}],"author":[{"embeddable":true,"href":"https:\/\/blogsaverroes.juntadeandalucia.es\/ieszocoes\/wp-json\/wp\/v2\/users\/7051"}],"replies":[{"embeddable":true,"href":"https:\/\/blogsaverroes.juntadeandalucia.es\/ieszocoes\/wp-json\/wp\/v2\/comments?post=850"}],"version-history":[{"count":20,"href":"https:\/\/blogsaverroes.juntadeandalucia.es\/ieszocoes\/wp-json\/wp\/v2\/pages\/850\/revisions"}],"predecessor-version":[{"id":2187,"href":"https:\/\/blogsaverroes.juntadeandalucia.es\/ieszocoes\/wp-json\/wp\/v2\/pages\/850\/revisions\/2187"}],"wp:attachment":[{"href":"https:\/\/blogsaverroes.juntadeandalucia.es\/ieszocoes\/wp-json\/wp\/v2\/media?parent=850"}],"curies":[{"name":"wp","href":"https:\/\/api.w.org\/{rel}","templated":true}]}}