{"id":150,"date":"2022-02-03T10:13:25","date_gmt":"2022-02-03T10:13:25","guid":{"rendered":"https:\/\/blogsaverroes.juntadeandalucia.es\/igualdadelenagarciaarmada\/?page_id=150"},"modified":"2022-02-03T10:59:03","modified_gmt":"2022-02-03T10:59:03","slug":"feminismo","status":"publish","type":"page","link":"https:\/\/blogsaverroes.juntadeandalucia.es\/igualdadelenagarciaarmada\/feminismo\/","title":{"rendered":"Feminismo"},"content":{"rendered":"<p><strong>\u00bfFeminismo o feminismos?<img loading=\"lazy\" decoding=\"async\" class=\" wp-image-154 aligncenter\" src=\"https:\/\/blogsaverroes.juntadeandalucia.es\/igualdadelenagarciaarmada\/files\/2022\/02\/recursos-para-ensenar-feminismo-en-secundaria-y-bachillerato-978x652-1.jpg\" alt=\"\" width=\"509\" height=\"339\" srcset=\"https:\/\/blogsaverroes.juntadeandalucia.es\/igualdadelenagarciaarmada\/files\/2022\/02\/recursos-para-ensenar-feminismo-en-secundaria-y-bachillerato-978x652-1.jpg 978w, https:\/\/blogsaverroes.juntadeandalucia.es\/igualdadelenagarciaarmada\/files\/2022\/02\/recursos-para-ensenar-feminismo-en-secundaria-y-bachillerato-978x652-1-300x200.jpg 300w, https:\/\/blogsaverroes.juntadeandalucia.es\/igualdadelenagarciaarmada\/files\/2022\/02\/recursos-para-ensenar-feminismo-en-secundaria-y-bachillerato-978x652-1-768x512.jpg 768w\" sizes=\"(max-width: 509px) 100vw, 509px\" \/><\/strong><\/p>\n<p>En los tiempos actuales del siglo XXI el de las <em>fake news<\/em> a veces es bueno repensar en los conceptos.<\/p>\n<p>\u00bfCrees que todas las personas (independientemente de ser hombre, mujer o justo eso una persona) deber\u00edan tener los mismos derechos?<\/p>\n<p>\u00bfTe gustar\u00eda que se tratase bien y con respeto a todas las personas?<\/p>\n<p>\u00bfTe parece que no todas las personas tienen las mismas oportunidades y que eso no esta bien?<\/p>\n<p>Si has respondido que s\u00ed, quiz\u00e1 eres feminista; podr\u00edas hacer el test sobre si eres feminista o no en el sitio web de <a href=\"https:\/\/www.psicologia-online.com\/test-eres-feminista-4883.html\">Psicolog\u00eda Online<\/a>.<\/p>\n<p>Esta p\u00e1gina dentro del Plan de Igualdad pretende romper con los mitos y estereotipos sobre qu\u00e9 es el feminismo real y qu\u00e9 busca.<\/p>\n<p><strong>\u00bfQu\u00e9 es el feminismo?<\/strong><\/p>\n<p>El <b>feminismo<\/b> es un movimiento pol\u00edtico y social, una teor\u00eda pol\u00edtica y una perspectiva filos\u00f3fica que postula el \u00abprincipio de igualdad de derechos de la mujer y el hombre\u00bb. El feminismo busca en justicia de los derechos de las personas, igualdad no supremac\u00eda. Si alguien defiende que las mujeres deben tener m\u00e1s derechos que los hombres o m\u00e1s poder, ten cuidado porque NO es feminismo.<\/p>\n<p><strong>\u00bfHay un solo feminismo?<\/strong><\/p>\n<p>NO, hay muchos feminismos ya que hay muchos tipos de mujeres y culturas. Por lo tanto, parece m\u00e1s correcto hablar de feminismoS en plural. Y, aunque a veces no est\u00e9n de acuerdo al 100% en lo que dicen, la base de todos estos movimientos es la IGUALDAD y el valor de la DIVERSIDAD.<\/p>\n<p><strong>Soy hombre, \u00bfA m\u00ed qu\u00e9 me cuentas de esta historia eso son \u00abcosas de mujeres\u00bb?<\/strong><\/p>\n<p>Si te consideras hombre, todo te afecta. Si bien el problema del sexismo que es la discriminaci\u00f3n de las mujeres es una cosa que afecta de lleno a las mujeres y a las ni\u00f1as, a ti tambi\u00e9n te afecta. El sexismo te afecta como var\u00f3n si respondes que no a al menos una de las siguientes preguntas: \u00bfPuedes llorar libremente cuando est\u00e1s muy triste? \u00bfEres capaz de pedir ayuda siempre que la necesitas? \u00bfPuedes expresar tus emociones libremente en p\u00fablico? \u00bfPuedes crear v\u00ednculos de amistad profundos con otros hombre y mujeres y tener 100% confianza?\u00bfTienes abiertamente amigas y amigos homosexuales sin miedo a que pueda repercutir en tus relaciones sociales generales? \u00bfEres un incompetente en las tareas del hogar y no podr\u00edas vivir solo si llegase el caso?&#8230;. El sexismo afecta a las mujeres de forma clara y de lleno pero tambi\u00e9n afecta a los varones no permitiendo poder desarrollar una salud psicol\u00f3gica y social saludables.<\/p>\n<p><strong>Soy mujer, \u00bfQu\u00e9 puedo hacer?<\/strong><\/p>\n<p>Ser mujer es tener posibilidad de ser discriminada por el hecho de ser mujer. \u00bfPor qu\u00e9 no puedes jugar al futbol? \u00bfPor qu\u00e9 no puedes demostrarte fuerte y asertiva en tus pensamiento? \u00bfPor qu\u00e9 te tienes que callar?\u00bfPor qu\u00e9 te tienes que ocupar de la casa t\u00fa sola? \u00bfPor qu\u00e9 tienes que pasar miedo cuando vas sola por la calle de noche? \u00bfPor qu\u00e9 hay tan pocas mujeres en las carreras de ciencias que suelen dar tanto dinerito? \u00bfSi no te gustan cuidar de menores, por qu\u00e9 tienes que pensar en tener que ser madre? Hablamos mucho de la violencia directa que es la visible y m\u00e1s contundente como un golpe o un insulto&#8230; \u00bfPero conoces las Teor\u00edas de Galtung sobre los 3 tipos de violencia? Violencia Directa, Violencia Cultural, Violencia Estructural.<\/p>\n<p><strong>Es que eso del feminismo es de los progres y yo creo que es mejor una pol\u00edtica m\u00e1s conservadora<\/strong><\/p>\n<p>El feminismo NO pertenece a un partido pol\u00edtico, aunque algunos partidos se digan abiertamente feministas. Puedes tener pensamientos e ideolog\u00edas m\u00e1s conservadoras y seguir siendo feminista, teniendo en cuenta que el feminismo busca la igualdad y acabar con la discriminaci\u00f3n. Seg\u00fan la ONU los Derechos de las Personas surgen de la dignidad humana y est\u00e1n en la <a href=\"https:\/\/www.un.org\/es\/about-us\/universal-declaration-of-human-rights\">Declaraci\u00f3n Universal de los Derechos de las Personas<\/a>.<\/p>\n<p><strong>Art\u00edculo 2<\/strong><\/p>\n<p>\u00abToda persona tiene todos los derechos y libertades proclamados en esta Declaraci\u00f3n, sin distinci\u00f3n alguna de raza, color, sexo, idioma, religi\u00f3n, opini\u00f3n pol\u00edtica o de cualquier otra \u00edndole, origen nacional o social, posici\u00f3n econ\u00f3mica, nacimiento o cualquier otra condici\u00f3n. Adem\u00e1s, no se har\u00e1 distinci\u00f3n alguna fundada en la condici\u00f3n pol\u00edtica, jur\u00eddica o internacional del pa\u00eds o territorio de cuya jurisdicci\u00f3n dependa una persona, tanto si se trata de un pa\u00eds independiente, como de un territorio bajo administraci\u00f3n fiduciaria, no aut\u00f3nomo o sometido a cualquier otra limitaci\u00f3n de soberan\u00eda.\u00bb<\/p>\n<p>Por lo tanto puedes ser feminista y defender los derechos de las personas as\u00ed como las bases de la ONU en derechos humanos independientemente de que tus pensamientos sean m\u00e1s liberales o conservadores.<\/p>\n<p>&nbsp;<\/p>\n<p><strong>Bibliograf\u00eda<\/strong><\/p>\n<p><span class=\"reference-text\"><span id=\"CITAREFde_Miguel\" class=\"citation web\">de Miguel, Ana. <a class=\"external text\" href=\"http:\/\/www.mujeresenred.net\/spip.php?article1310\" rel=\"nofollow\">\u00abLos feminismos a trav\u00e9s de la historia. Cap\u00edtulo II. Feminismo Moderno\u00bb<\/a><span class=\"reference-accessdate\">. Consultado el 22 de noviembre de 2016<\/span>.<\/span><\/span><\/p>\n<p>Gamba, S. (2008). Feminismo: historia y corrientes. Mujeres en red. El peri\u00f3dico feminista.<br \/>\nGonz\u00e1lez, M. R. L., &amp; Esteban, P. G. (2011). Los feminismos en el siglo XXI: Pluralidad de pensamientos. Brocar. Cuadernos de Investigaci\u00f3n Hist\u00f3rica, (35), 335-351.<\/p>\n<p><span class=\"reference-text\"><span id=\"CITAREFReal_Academia_Espa\u00f1ola_y_Asociaci\u00f3n_de_Academias_de_la_Lengua_Espa\u00f1ola\" class=\"citation enciclopedia\">Real Academia Espa\u00f1ola y Asociaci\u00f3n de Academias de la Lengua Espa\u00f1ola. <a class=\"external text\" href=\"https:\/\/dle.rae.es\/feminismo\" rel=\"nofollow\">\u00abfeminismo\u00bb<\/a>. <i>Diccionario de la lengua espa\u00f1ola<\/i> (23.\u00aa edici\u00f3n)<span class=\"reference-accessdate\">. Consultado el 28 de abril de 2021<\/span>.<\/span><\/span><\/p>\n","protected":false},"excerpt":{"rendered":"<p>\u00bfFeminismo o feminismos? En los tiempos actuales del siglo XXI el de las fake news a veces es bueno repensar en los conceptos. \u00bfCrees que todas las personas (independientemente de ser hombre, mujer o&#46;&#46;&#46;<\/p>\n","protected":false},"author":10521,"featured_media":154,"parent":0,"menu_order":0,"comment_status":"closed","ping_status":"closed","template":"","meta":{"ngg_post_thumbnail":0,"footnotes":""},"aioseo_notices":[],"_links":{"self":[{"href":"https:\/\/blogsaverroes.juntadeandalucia.es\/igualdadelenagarciaarmada\/wp-json\/wp\/v2\/pages\/150"}],"collection":[{"href":"https:\/\/blogsaverroes.juntadeandalucia.es\/igualdadelenagarciaarmada\/wp-json\/wp\/v2\/pages"}],"about":[{"href":"https:\/\/blogsaverroes.juntadeandalucia.es\/igualdadelenagarciaarmada\/wp-json\/wp\/v2\/types\/page"}],"author":[{"embeddable":true,"href":"https:\/\/blogsaverroes.juntadeandalucia.es\/igualdadelenagarciaarmada\/wp-json\/wp\/v2\/users\/10521"}],"replies":[{"embeddable":true,"href":"https:\/\/blogsaverroes.juntadeandalucia.es\/igualdadelenagarciaarmada\/wp-json\/wp\/v2\/comments?post=150"}],"version-history":[{"count":4,"href":"https:\/\/blogsaverroes.juntadeandalucia.es\/igualdadelenagarciaarmada\/wp-json\/wp\/v2\/pages\/150\/revisions"}],"predecessor-version":[{"id":155,"href":"https:\/\/blogsaverroes.juntadeandalucia.es\/igualdadelenagarciaarmada\/wp-json\/wp\/v2\/pages\/150\/revisions\/155"}],"wp:featuredmedia":[{"embeddable":true,"href":"https:\/\/blogsaverroes.juntadeandalucia.es\/igualdadelenagarciaarmada\/wp-json\/wp\/v2\/media\/154"}],"wp:attachment":[{"href":"https:\/\/blogsaverroes.juntadeandalucia.es\/igualdadelenagarciaarmada\/wp-json\/wp\/v2\/media?parent=150"}],"curies":[{"name":"wp","href":"https:\/\/api.w.org\/{rel}","templated":true}]}}