{"id":23,"date":"2016-11-10T17:18:11","date_gmt":"2016-11-10T17:18:11","guid":{"rendered":"http:\/\/blogsaverroes.juntadeandalucia.es\/igualmente\/?page_id=23"},"modified":"2023-01-08T01:52:50","modified_gmt":"2023-01-08T01:52:50","slug":"recursos","status":"publish","type":"page","link":"https:\/\/blogsaverroes.juntadeandalucia.es\/igualmente\/recursos\/","title":{"rendered":"Recursos"},"content":{"rendered":"<div>\n<p style=\"text-align: center\"><a href=\"http:\/\/agrega.juntadeandalucia.es\/repositorio\/15102015\/83\/es-an_2015101512_9135517\/resources\/cariboost_files\/espejo.pdf\" target=\"_blank\" rel=\"noopener noreferrer\">UN ESPEJO EN QUE MIRARTE<\/a><\/p>\n<p><img loading=\"lazy\" decoding=\"async\" class=\"size-full wp-image-258 aligncenter\" src=\"https:\/\/blogsaverroes.juntadeandalucia.es\/igualmente\/files\/2021\/01\/espejo.jpg\" alt=\"\" width=\"638\" height=\"903\" srcset=\"https:\/\/blogsaverroes.juntadeandalucia.es\/igualmente\/files\/2021\/01\/espejo.jpg 638w, https:\/\/blogsaverroes.juntadeandalucia.es\/igualmente\/files\/2021\/01\/espejo-212x300.jpg 212w, https:\/\/blogsaverroes.juntadeandalucia.es\/igualmente\/files\/2021\/01\/espejo-17x24.jpg 17w, https:\/\/blogsaverroes.juntadeandalucia.es\/igualmente\/files\/2021\/01\/espejo-25x36.jpg 25w, https:\/\/blogsaverroes.juntadeandalucia.es\/igualmente\/files\/2021\/01\/espejo-34x48.jpg 34w\" sizes=\"(max-width: 638px) 100vw, 638px\" \/><\/p>\n<p>&nbsp;<\/p>\n<p style=\"text-align: center\">EQUIPO T\u00c9CNICO DE GRANADA<\/p>\n<p style=\"text-align: center\"><a href=\"https:\/\/equipotecnicoorientaciongranada.wordpress.com\/2016\/04\/25\/toc-toc-buenos-tratos\/\">TOC, TOC, Buenos Tratos<\/a><\/p>\n<p><img loading=\"lazy\" decoding=\"async\" class=\"wp-image-161 size-full aligncenter\" src=\"https:\/\/blogsaverroes.juntadeandalucia.es\/igualmente\/files\/2017\/06\/toctocinfografiadefinitiva-01.png\" alt=\"\" width=\"730\" height=\"365\" srcset=\"https:\/\/blogsaverroes.juntadeandalucia.es\/igualmente\/files\/2017\/06\/toctocinfografiadefinitiva-01.png 730w, https:\/\/blogsaverroes.juntadeandalucia.es\/igualmente\/files\/2017\/06\/toctocinfografiadefinitiva-01-300x150.png 300w, https:\/\/blogsaverroes.juntadeandalucia.es\/igualmente\/files\/2017\/06\/toctocinfografiadefinitiva-01-700x350.png 700w, https:\/\/blogsaverroes.juntadeandalucia.es\/igualmente\/files\/2017\/06\/toctocinfografiadefinitiva-01-332x166.png 332w, https:\/\/blogsaverroes.juntadeandalucia.es\/igualmente\/files\/2017\/06\/toctocinfografiadefinitiva-01-24x12.png 24w, https:\/\/blogsaverroes.juntadeandalucia.es\/igualmente\/files\/2017\/06\/toctocinfografiadefinitiva-01-36x18.png 36w, https:\/\/blogsaverroes.juntadeandalucia.es\/igualmente\/files\/2017\/06\/toctocinfografiadefinitiva-01-48x24.png 48w\" sizes=\"(max-width: 730px) 100vw, 730px\" \/><\/p>\n<\/div>\n<div>&nbsp;<\/div>\n<div style=\"text-align: center\"><a href=\"https:\/\/equipotecnicoorientaciongranada.wordpress.com\/gabinete-de-convivencia-e-igualdad\/talleres\/\">TALLERES PREVENTIVOS<\/a><\/div>\n<div>&nbsp;<\/div>\n<div><img loading=\"lazy\" decoding=\"async\" class=\"alignnone wp-image-176 \" src=\"https:\/\/blogsaverroes.juntadeandalucia.es\/igualmente\/files\/2016\/11\/Diapositiva1-e1611181880335.jpg\" alt=\"\" width=\"520\" height=\"304\" srcset=\"https:\/\/blogsaverroes.juntadeandalucia.es\/igualmente\/files\/2016\/11\/Diapositiva1-e1611181880335.jpg 787w, https:\/\/blogsaverroes.juntadeandalucia.es\/igualmente\/files\/2016\/11\/Diapositiva1-e1611181880335-300x175.jpg 300w, https:\/\/blogsaverroes.juntadeandalucia.es\/igualmente\/files\/2016\/11\/Diapositiva1-e1611181880335-768x449.jpg 768w, https:\/\/blogsaverroes.juntadeandalucia.es\/igualmente\/files\/2016\/11\/Diapositiva1-e1611181880335-24x14.jpg 24w, https:\/\/blogsaverroes.juntadeandalucia.es\/igualmente\/files\/2016\/11\/Diapositiva1-e1611181880335-36x21.jpg 36w, https:\/\/blogsaverroes.juntadeandalucia.es\/igualmente\/files\/2016\/11\/Diapositiva1-e1611181880335-48x28.jpg 48w\" sizes=\"(max-width: 520px) 100vw, 520px\" \/><img loading=\"lazy\" decoding=\"async\" class=\"alignnone wp-image-177 \" src=\"https:\/\/blogsaverroes.juntadeandalucia.es\/igualmente\/files\/2016\/11\/Diapositiva2-e1611181914120.jpg\" alt=\"\" width=\"416\" height=\"303\" srcset=\"https:\/\/blogsaverroes.juntadeandalucia.es\/igualmente\/files\/2016\/11\/Diapositiva2-e1611181914120.jpg 811w, https:\/\/blogsaverroes.juntadeandalucia.es\/igualmente\/files\/2016\/11\/Diapositiva2-e1611181914120-300x218.jpg 300w, https:\/\/blogsaverroes.juntadeandalucia.es\/igualmente\/files\/2016\/11\/Diapositiva2-e1611181914120-768x559.jpg 768w, https:\/\/blogsaverroes.juntadeandalucia.es\/igualmente\/files\/2016\/11\/Diapositiva2-e1611181914120-24x17.jpg 24w, https:\/\/blogsaverroes.juntadeandalucia.es\/igualmente\/files\/2016\/11\/Diapositiva2-e1611181914120-36x26.jpg 36w, https:\/\/blogsaverroes.juntadeandalucia.es\/igualmente\/files\/2016\/11\/Diapositiva2-e1611181914120-48x35.jpg 48w\" sizes=\"(max-width: 416px) 100vw, 416px\" \/><\/div>\n<div>&nbsp;<\/div>\n<div>&nbsp;<\/div>\n<div style=\"text-align: center\"><a href=\"https:\/\/equipotecnicoorientaciongranada.wordpress.com\/buenas-practicas-y-recursos\/\">BUENAS PR\u00c1CTICAS Y RECURSOS<\/a><\/div>\n<div>&nbsp;<\/div>\n<div style=\"text-align: center\"><a href=\"https:\/\/equipotecnicoorientaciongranada.wordpress.com\/?s=symbaloo&amp;submit\">P\u00c1GINAS INTERESANTES<\/a><\/div>\n<div>&nbsp;<\/div>\n<div>&nbsp;<\/div>\n<div>&nbsp;<\/div>\n","protected":false},"excerpt":{"rendered":"<p>UN ESPEJO EN QUE MIRARTE &nbsp; EQUIPO T\u00c9CNICO DE GRANADA TOC, TOC, Buenos Tratos &nbsp; TALLERES PREVENTIVOS &nbsp; &nbsp; &nbsp; BUENAS PR\u00c1CTICAS Y RECURSOS &nbsp; P\u00c1GINAS INTERESANTES &nbsp; &nbsp; &nbsp;<\/p>\n","protected":false},"author":5048,"featured_media":0,"parent":0,"menu_order":0,"comment_status":"open","ping_status":"closed","template":"","meta":{"ngg_post_thumbnail":0,"footnotes":""},"aioseo_notices":[],"_links":{"self":[{"href":"https:\/\/blogsaverroes.juntadeandalucia.es\/igualmente\/wp-json\/wp\/v2\/pages\/23"}],"collection":[{"href":"https:\/\/blogsaverroes.juntadeandalucia.es\/igualmente\/wp-json\/wp\/v2\/pages"}],"about":[{"href":"https:\/\/blogsaverroes.juntadeandalucia.es\/igualmente\/wp-json\/wp\/v2\/types\/page"}],"author":[{"embeddable":true,"href":"https:\/\/blogsaverroes.juntadeandalucia.es\/igualmente\/wp-json\/wp\/v2\/users\/5048"}],"replies":[{"embeddable":true,"href":"https:\/\/blogsaverroes.juntadeandalucia.es\/igualmente\/wp-json\/wp\/v2\/comments?post=23"}],"version-history":[{"count":8,"href":"https:\/\/blogsaverroes.juntadeandalucia.es\/igualmente\/wp-json\/wp\/v2\/pages\/23\/revisions"}],"predecessor-version":[{"id":260,"href":"https:\/\/blogsaverroes.juntadeandalucia.es\/igualmente\/wp-json\/wp\/v2\/pages\/23\/revisions\/260"}],"wp:attachment":[{"href":"https:\/\/blogsaverroes.juntadeandalucia.es\/igualmente\/wp-json\/wp\/v2\/media?parent=23"}],"curies":[{"name":"wp","href":"https:\/\/api.w.org\/{rel}","templated":true}]}}