{"id":29,"date":"2022-01-04T20:03:31","date_gmt":"2022-01-04T20:03:31","guid":{"rendered":"https:\/\/blogsaverroes.juntadeandalucia.es\/impresion3d\/?page_id=29"},"modified":"2022-01-04T20:14:09","modified_gmt":"2022-01-04T20:14:09","slug":"bienvenida","status":"publish","type":"page","link":"https:\/\/blogsaverroes.juntadeandalucia.es\/impresion3d\/","title":{"rendered":"Introducci\u00f3n"},"content":{"rendered":"<p>Est\u00e1s en el blog del Grupo de trabajo sobre Impresi\u00f3n 3D que hemos creado en el IES Torre del Rey de Pilas, para el curso 2021-22.<\/p>\n<p>Comenzamos un nuevo curso escolar y con ello la posibilidad de mejorar la formaci\u00f3n de nuestro alumnado. La irrupci\u00f3n de las impresoras 3D en el mercado ha revolucionado la forma de interpretar los objetos, la manera de ver la realidad, y conllevar\u00e1 profundos cambios econ\u00f3micos, sociales y laborales en el futuro. La educaci\u00f3n no puede quedarse al margen de esta evoluci\u00f3n y se hace necesaria formar al alumnado en el uso de estas nuevas tecnolog\u00edas para prepararlos para el futuro.&nbsp;<\/p>\n<p>Los beneficios del uso de esta tecnolog\u00eda son muchos:<\/p>\n<ul>\n<li>Teor\u00edas cient\u00edficas complejas pueden simplificarse por lo que la tecnolog\u00eda 3D puede ayudar a estas materias MINT.&nbsp;<\/li>\n<li>Dar soporte a actividades de ense\u00f1anza-aprendizaje en cualquier \u00e1rea educativa.<\/li>\n<li>Desarrollar capacidades organizativas y creativas junto a la cultura \u201cmaker\u201d.<\/li>\n<li>Incentivar el desarrollo de actividades interdisciplinares, STEM, aprendizaje basado en problemas desarrollando la creatividad y el trabajo colaborativo.<\/li>\n<\/ul>\n<p>Pero el mundo 3D no solo es nuevo para el alumnado sino tambi\u00e9n para el profesorado. La implementaci\u00f3n del uso de esta tecnolog\u00eda se estanca debido a la falta de conocimiento.&nbsp;<\/p>\n<p>Con la intenci\u00f3n de cubrir esta necesidad, surge este grupo de trabajo. Su desarrollo podr\u00eda conllevar un par de fases en periodos distintos, varios cursos:<\/p>\n<p>1- Formaci\u00f3n del profesorado.<\/p>\n<p>2- Aplicaci\u00f3n de la formaci\u00f3n docente del uso de la impresi\u00f3n 3D en el aula.<\/p>\n<p>La formaci\u00f3n se centralizar\u00e1 en este espacio que servir\u00eda de repositorio de todo el contenido formativo: documentaci\u00f3n, videotutoriales, pr\u00e1cticas, enlaces de inter\u00e9s, proyectos ya implementados en otros centros con \u00e9xito. Por tanto, las jornadas formativas podr\u00edan ser virtuales y solo presenciales en caso de necesidad y para realizaci\u00f3n de alguna pr\u00e1ctica.<\/p>\n<p>Desde cada \u00e1mbito o materia se establecer\u00edan unos objetivos concretos a perseguir durante el curso escolar. A continuaci\u00f3n, a modo de ejemplo (solo a t\u00edtulo informativo), se enumeran algunas posibilidades:<\/p>\n<ul>\n<li><b>M\u00fasica:<\/b><\/li>\n<li style=\"list-style-type: none\">\n<ul>\n<li>Impresi\u00f3n de notas musicales para su mejor&nbsp; identificaci\u00f3n:<\/li>\n<\/ul>\n<\/li>\n<\/ul>\n<p style=\"text-align: center\"><img loading=\"lazy\" decoding=\"async\" class=\"alignnone size-medium wp-image-30\" src=\"https:\/\/blogsaverroes.juntadeandalucia.es\/impresion3d\/files\/2022\/01\/notas-musicales-300x243.png\" alt=\"\" width=\"300\" height=\"243\" srcset=\"https:\/\/blogsaverroes.juntadeandalucia.es\/impresion3d\/files\/2022\/01\/notas-musicales-300x243.png 300w, https:\/\/blogsaverroes.juntadeandalucia.es\/impresion3d\/files\/2022\/01\/notas-musicales.png 341w\" sizes=\"(max-width: 300px) 100vw, 300px\" \/><\/p>\n<ul>\n<li>Impresi\u00f3n de instrumentos musicales sencillos:<\/li>\n<\/ul>\n<p style=\"text-align: center\"><img loading=\"lazy\" decoding=\"async\" class=\"alignnone size-full wp-image-37\" src=\"https:\/\/blogsaverroes.juntadeandalucia.es\/impresion3d\/files\/2022\/01\/instrumentos-musicales.png\" alt=\"\" width=\"638\" height=\"219\" srcset=\"https:\/\/blogsaverroes.juntadeandalucia.es\/impresion3d\/files\/2022\/01\/instrumentos-musicales.png 638w, https:\/\/blogsaverroes.juntadeandalucia.es\/impresion3d\/files\/2022\/01\/instrumentos-musicales-300x103.png 300w\" sizes=\"(max-width: 638px) 100vw, 638px\" \/><\/p>\n<ul>\n<li><b>Educaci\u00f3n F\u00edsica<\/b>:\n<ul>\n<li>Crear un evento deportivo donde el alumnado cree las medallas o trofeos:<\/li>\n<\/ul>\n<\/li>\n<\/ul>\n<p style=\"text-align: center\"><img loading=\"lazy\" decoding=\"async\" class=\"alignnone size-full wp-image-36\" src=\"https:\/\/blogsaverroes.juntadeandalucia.es\/impresion3d\/files\/2022\/01\/medallas.png\" alt=\"\" width=\"249\" height=\"169\"><\/p>\n<ul>\n<li><b>\u00c1rea de ciencias<\/b>:\n<ul>\n<li>Estudio de los planetas, la proporci\u00f3n, poliedros:<\/li>\n<\/ul>\n<\/li>\n<\/ul>\n<p style=\"text-align: center\"><img loading=\"lazy\" decoding=\"async\" class=\"alignnone size-full wp-image-35\" src=\"https:\/\/blogsaverroes.juntadeandalucia.es\/impresion3d\/files\/2022\/01\/planetas.png\" alt=\"\" width=\"620\" height=\"107\" srcset=\"https:\/\/blogsaverroes.juntadeandalucia.es\/impresion3d\/files\/2022\/01\/planetas.png 620w, https:\/\/blogsaverroes.juntadeandalucia.es\/impresion3d\/files\/2022\/01\/planetas-300x52.png 300w\" sizes=\"(max-width: 620px) 100vw, 620px\" \/><\/p>\n<p>&nbsp;<\/p>\n<ul>\n<li><b>Dibujo<\/b>:\n<ul>\n<li>Las posibilidades son infinitas:<\/li>\n<\/ul>\n<\/li>\n<\/ul>\n<p style=\"text-align: center\"><img loading=\"lazy\" decoding=\"async\" class=\"alignnone size-full wp-image-34\" src=\"https:\/\/blogsaverroes.juntadeandalucia.es\/impresion3d\/files\/2022\/01\/esculturas.png\" alt=\"\" width=\"436\" height=\"415\" srcset=\"https:\/\/blogsaverroes.juntadeandalucia.es\/impresion3d\/files\/2022\/01\/esculturas.png 436w, https:\/\/blogsaverroes.juntadeandalucia.es\/impresion3d\/files\/2022\/01\/esculturas-300x286.png 300w\" sizes=\"(max-width: 436px) 100vw, 436px\" \/><\/p>\n<p>Qui\u00e9n sabe si de aqu\u00ed podr\u00eda surgir alguna otra colaboraci\u00f3n con fundaciones u organizaciones sin \u00e1nimo de lucro, para desarrollo de proyectos. Algunos ejemplos:<\/p>\n<ul>\n<li><a href=\"https:\/\/bitfab.io\/es\/blog\/protesis-impresion-3d\/\">Pr\u00f3tesis 3D<\/a><\/li>\n<li><a href=\"https:\/\/www.medular.org\/imprimiendo-en-3d\/\">Dispositivos de apoyo que permitan satisfacer las necesidades que encuentran las personas con lesi\u00f3n medular en su vida diaria<\/a>.<\/li>\n<li><a href=\"https:\/\/www.magisnet.com\/2020\/03\/el-proyecto-escolar-de-impresion-3d-que-ayuda-a-crear-un-mundo-mejor\/\">Juguetes, tr\u00e9sdesis, instrumentos musicales<\/a>.<\/li>\n<\/ul>\n","protected":false},"excerpt":{"rendered":"<p>Est\u00e1s en el blog del Grupo de trabajo sobre Impresi\u00f3n 3D que hemos creado en el IES Torre del Rey de Pilas, para el curso 2021-22. Comenzamos un nuevo curso escolar y con ello&#46;&#46;&#46;<\/p>\n","protected":false},"author":9084,"featured_media":0,"parent":0,"menu_order":0,"comment_status":"closed","ping_status":"closed","template":"","meta":{"ngg_post_thumbnail":0,"footnotes":""},"aioseo_notices":[],"_links":{"self":[{"href":"https:\/\/blogsaverroes.juntadeandalucia.es\/impresion3d\/wp-json\/wp\/v2\/pages\/29"}],"collection":[{"href":"https:\/\/blogsaverroes.juntadeandalucia.es\/impresion3d\/wp-json\/wp\/v2\/pages"}],"about":[{"href":"https:\/\/blogsaverroes.juntadeandalucia.es\/impresion3d\/wp-json\/wp\/v2\/types\/page"}],"author":[{"embeddable":true,"href":"https:\/\/blogsaverroes.juntadeandalucia.es\/impresion3d\/wp-json\/wp\/v2\/users\/9084"}],"replies":[{"embeddable":true,"href":"https:\/\/blogsaverroes.juntadeandalucia.es\/impresion3d\/wp-json\/wp\/v2\/comments?post=29"}],"version-history":[{"count":4,"href":"https:\/\/blogsaverroes.juntadeandalucia.es\/impresion3d\/wp-json\/wp\/v2\/pages\/29\/revisions"}],"predecessor-version":[{"id":39,"href":"https:\/\/blogsaverroes.juntadeandalucia.es\/impresion3d\/wp-json\/wp\/v2\/pages\/29\/revisions\/39"}],"wp:attachment":[{"href":"https:\/\/blogsaverroes.juntadeandalucia.es\/impresion3d\/wp-json\/wp\/v2\/media?parent=29"}],"curies":[{"name":"wp","href":"https:\/\/api.w.org\/{rel}","templated":true}]}}