{"id":111,"date":"2015-04-26T21:02:51","date_gmt":"2015-04-26T21:02:51","guid":{"rendered":"http:\/\/blogsaverroes.juntadeandalucia.es\/indalmates\/?page_id=111"},"modified":"2015-04-26T21:13:43","modified_gmt":"2015-04-26T21:13:43","slug":"autor-y-objetivo","status":"publish","type":"page","link":"https:\/\/blogsaverroes.juntadeandalucia.es\/indalmates\/autor-y-objetivo\/","title":{"rendered":"Autor y objetivo"},"content":{"rendered":"<p>Mi nombre es Miguel \u00c1ngel Navarro Fern\u00e1ndez, profesor de Matem\u00e1ticas del IES La Mojonera (Almer\u00eda).<\/p>\n<p><a href=\"http:\/\/blogsaverroes.juntadeandalucia.es\/indalmates\/files\/2015\/04\/IES-La-Mojonera.jpg\"><img loading=\"lazy\" decoding=\"async\" class=\" wp-image-112 aligncenter\" src=\"http:\/\/blogsaverroes.juntadeandalucia.es\/indalmates\/files\/2015\/04\/IES-La-Mojonera-300x145.jpg\" alt=\"IES La Mojonera\" width=\"335\" height=\"162\" srcset=\"https:\/\/blogsaverroes.juntadeandalucia.es\/indalmates\/files\/2015\/04\/IES-La-Mojonera-300x145.jpg 300w, https:\/\/blogsaverroes.juntadeandalucia.es\/indalmates\/files\/2015\/04\/IES-La-Mojonera.jpg 322w\" sizes=\"(max-width: 335px) 100vw, 335px\" \/><\/a><\/p>\n<p>La finalidad de este blog es la de que todos aquellos usuarios que est\u00e9n interesados de una u otra manera con las Matem\u00e1ticas puedan utilizarlo y participar en \u00e9l aunque hay algunos post protegidos con contrase\u00f1a que est\u00e1n dirigidos a mis alumnos en los que disponen de documentos que trabajamos en el aula (relaci\u00f3n de ejercicios, enunciados de ex\u00e1menes,&#8230;).<\/p>\n<p>A pesar de que el blog est\u00e1 enfocado inicialmente a las Matem\u00e1ticas de Secundaria y Bachillerato, se puede tratar cualquier otro asunto aunque no sea propios de estas etapas educativas. Por ello, os animo a que particip\u00e9is con comentarios o present\u00e9is sugerencias de cualquier asunto que quer\u00e1is tratar, para abrir una entrada sobre ello.<\/p>\n","protected":false},"excerpt":{"rendered":"<p>Mi nombre es Miguel \u00c1ngel Navarro Fern\u00e1ndez, profesor de Matem\u00e1ticas del IES La Mojonera (Almer\u00eda). La finalidad de este blog es la de que todos aquellos usuarios que est\u00e9n interesados de una u otra manera con las Matem\u00e1ticas puedan utilizarlo y participar en \u00e9l aunque hay algunos post protegidos con contrase\u00f1a que est\u00e1n dirigidos a &hellip; <\/p>\n<p><a class=\"more-link btn\" href=\"https:\/\/blogsaverroes.juntadeandalucia.es\/indalmates\/autor-y-objetivo\/\">Seguir leyendo<\/a><\/p>\n","protected":false},"author":1599,"featured_media":0,"parent":0,"menu_order":0,"comment_status":"open","ping_status":"open","template":"","meta":{"ngg_post_thumbnail":0,"footnotes":""},"aioseo_notices":[],"_links":{"self":[{"href":"https:\/\/blogsaverroes.juntadeandalucia.es\/indalmates\/wp-json\/wp\/v2\/pages\/111"}],"collection":[{"href":"https:\/\/blogsaverroes.juntadeandalucia.es\/indalmates\/wp-json\/wp\/v2\/pages"}],"about":[{"href":"https:\/\/blogsaverroes.juntadeandalucia.es\/indalmates\/wp-json\/wp\/v2\/types\/page"}],"author":[{"embeddable":true,"href":"https:\/\/blogsaverroes.juntadeandalucia.es\/indalmates\/wp-json\/wp\/v2\/users\/1599"}],"replies":[{"embeddable":true,"href":"https:\/\/blogsaverroes.juntadeandalucia.es\/indalmates\/wp-json\/wp\/v2\/comments?post=111"}],"version-history":[{"count":4,"href":"https:\/\/blogsaverroes.juntadeandalucia.es\/indalmates\/wp-json\/wp\/v2\/pages\/111\/revisions"}],"predecessor-version":[{"id":116,"href":"https:\/\/blogsaverroes.juntadeandalucia.es\/indalmates\/wp-json\/wp\/v2\/pages\/111\/revisions\/116"}],"wp:attachment":[{"href":"https:\/\/blogsaverroes.juntadeandalucia.es\/indalmates\/wp-json\/wp\/v2\/media?parent=111"}],"curies":[{"name":"wp","href":"https:\/\/api.w.org\/{rel}","templated":true}]}}