{"id":54,"date":"2015-03-26T22:38:41","date_gmt":"2015-03-26T22:38:41","guid":{"rendered":"http:\/\/blogsaverroes.juntadeandalucia.es\/indalmates\/?page_id=54"},"modified":"2015-04-25T09:28:42","modified_gmt":"2015-04-25T09:28:42","slug":"bachillerato","status":"publish","type":"page","link":"https:\/\/blogsaverroes.juntadeandalucia.es\/indalmates\/bachillerato\/","title":{"rendered":"Enlaces interesantes"},"content":{"rendered":"<p>En esta p\u00e1gina colocar\u00e9 enlaces interesantes a otros blogs, webs,&#8230; relacionados con la tem\u00e1tica de las Matem\u00e1ticas.<\/p>\n<p>Si conoc\u00e9is otros enlaces interesantes, pod\u00e9is\u00a0incluir un comentario\u00a0indicando su direcci\u00f3n y una breve descripci\u00f3n \u00a0para a\u00f1adirlo:<br \/>\n&#8211;<strong><a title=\"Ejercicios resueltos de selectividad\" href=\"http:\/\/www.emestrada.net\/\" target=\"_blank\"><span style=\"color: #0066cc\"><span style=\"text-decoration: underline\"> Ejercicios resueltos de\u00a0Selectividad (Andaluc\u00eda):<\/span> <\/span><\/a><\/strong>estupenda p\u00e1gina Web de <strong>D.\u00a0Enrique Mu\u00f1oz\u00a0Estrada<\/strong> en la que est\u00e1n resueltos los <strong>ex\u00e1menes de Selectividad de Andaluc\u00eda<\/strong> desde el a\u00f1o 2001 de las materias de Matem\u00e1ticas II, Qu\u00edmica y Matem\u00e1ticas aplicadas a las CCSS II, incluyendo los modelos sobrantes de cada a\u00f1o. Adem\u00e1s, ofrece la posibilidad de descargar los ejercicios resueltos\u00a0organizados por bloques.<\/p>\n<p><strong>&#8211; <a title=\"Ex\u00e1menes resueltos \" href=\"http:\/\/www.iesayala.com\/selectividadmatematicas\/\" target=\"_blank\"><span style=\"text-decoration: underline\"><span style=\"color: #0066cc\">Ex\u00e1menes resueltos de Matem\u00e1ticas aplicadas a las CCSS\u00a0 II (Andaluc\u00eda)<\/span><\/span><\/a>: <\/strong>magn\u00edfica web de<strong> D. Germ\u00e1n Jes\u00fas Rubio Luna, <\/strong>catedr\u00e1tico de Matem\u00e1ticas del IES Francisco Ayala de Granada.<\/p>\n<p><strong>&#8211;<a href=\"http:\/\/www.salesianos-merida.com\/APUNTES\/mates\/2Bach-MatCCSS-Funciones-Problemas_resueltos.pdf\" target=\"_blank\"><span style=\"text-decoration: underline\"><span style=\"color: #0066cc\">Ejercicios resueltos del bloque de an\u00e1lisis<\/span><\/span><\/a><\/strong><strong>. <\/strong>Desde este enlace os pod\u00e9is descargar un archivo en PDF con varios ejercicios resueltos de funciones que han salido en\u00a0varias\u00a0convocatorias de las Pruebas de Acceso a la Universidad en Extremadura. (<strong>Colegio Salesiano Mar\u00eda Auxiliadora de M\u00e9rida<\/strong>).<\/p>\n<p><a title=\"Blog sobre las Matem\u00e1ticas en Bachillerato\" href=\"http:\/\/matematicasrcpbachillerato.blogspot.com.es\/\" target=\"_blank\">http:\/\/matematicasrcpbachillerato.blogspot.com.es\/.<\/a> estupendo blog de D\u00aa Raquel Castellanos con m\u00faltiples recursos, que trata sobre las Matem\u00e1ticas, dirigido principalmente a alumnos de bachillerato<\/p>\n<p>&nbsp;<\/p>\n<p><strong>VIDEOS<\/strong><\/p>\n<p><strong>\u00a0Los siguientes canales de YouTube pueden resultar de ayuda, pues podr\u00e1s encontrar v\u00eddeos explicativos con muchos\u00a0ejercicios\u00a0resueltos, s\u00f3lo tienes que buscar el tema que te interesa:<br \/>\n<\/strong><b>&#8211; <a title=\"lasmatematicas.es\" href=\"https:\/\/www.youtube.com\/profile?gl=ES&amp;hl=es&amp;user=juanmemol#p\/\" target=\"_blank\">Canal lasmatematicas.es<\/a><\/b><br \/>\n<b>&#8211; <a title=\"cibermatex.net\" href=\"https:\/\/www.youtube.com\/user\/danilubrin?ob=5#p\/p\" target=\"_blank\">Canal cibermatex.net<\/a><\/b><\/p>\n","protected":false},"excerpt":{"rendered":"<p>En esta p\u00e1gina colocar\u00e9 enlaces interesantes a otros blogs, webs,&#8230; relacionados con la tem\u00e1tica de las Matem\u00e1ticas. Si conoc\u00e9is otros enlaces interesantes, pod\u00e9is\u00a0incluir un comentario\u00a0indicando su direcci\u00f3n y una breve descripci\u00f3n \u00a0para a\u00f1adirlo: &#8211; Ejercicios resueltos de\u00a0Selectividad (Andaluc\u00eda): estupenda p\u00e1gina Web de D.\u00a0Enrique Mu\u00f1oz\u00a0Estrada en la que est\u00e1n resueltos los ex\u00e1menes de Selectividad de Andaluc\u00eda &hellip; <\/p>\n<p><a class=\"more-link btn\" href=\"https:\/\/blogsaverroes.juntadeandalucia.es\/indalmates\/bachillerato\/\">Seguir leyendo<\/a><\/p>\n","protected":false},"author":1599,"featured_media":0,"parent":0,"menu_order":0,"comment_status":"open","ping_status":"open","template":"","meta":{"ngg_post_thumbnail":0,"footnotes":""},"aioseo_notices":[],"_links":{"self":[{"href":"https:\/\/blogsaverroes.juntadeandalucia.es\/indalmates\/wp-json\/wp\/v2\/pages\/54"}],"collection":[{"href":"https:\/\/blogsaverroes.juntadeandalucia.es\/indalmates\/wp-json\/wp\/v2\/pages"}],"about":[{"href":"https:\/\/blogsaverroes.juntadeandalucia.es\/indalmates\/wp-json\/wp\/v2\/types\/page"}],"author":[{"embeddable":true,"href":"https:\/\/blogsaverroes.juntadeandalucia.es\/indalmates\/wp-json\/wp\/v2\/users\/1599"}],"replies":[{"embeddable":true,"href":"https:\/\/blogsaverroes.juntadeandalucia.es\/indalmates\/wp-json\/wp\/v2\/comments?post=54"}],"version-history":[{"count":8,"href":"https:\/\/blogsaverroes.juntadeandalucia.es\/indalmates\/wp-json\/wp\/v2\/pages\/54\/revisions"}],"predecessor-version":[{"id":106,"href":"https:\/\/blogsaverroes.juntadeandalucia.es\/indalmates\/wp-json\/wp\/v2\/pages\/54\/revisions\/106"}],"wp:attachment":[{"href":"https:\/\/blogsaverroes.juntadeandalucia.es\/indalmates\/wp-json\/wp\/v2\/media?parent=54"}],"curies":[{"name":"wp","href":"https:\/\/api.w.org\/{rel}","templated":true}]}}