{"id":88,"date":"2015-04-15T20:41:30","date_gmt":"2015-04-15T20:41:30","guid":{"rendered":"http:\/\/blogsaverroes.juntadeandalucia.es\/indalmates\/?page_id=88"},"modified":"2015-04-15T21:04:02","modified_gmt":"2015-04-15T21:04:02","slug":"contacto","status":"publish","type":"page","link":"https:\/\/blogsaverroes.juntadeandalucia.es\/indalmates\/contacto\/","title":{"rendered":"Contacto"},"content":{"rendered":"<p>Desde esta p\u00e1gina puedes contactar y dejar tus sugerencias o comentarios. En breve responder\u00e9 a las mismas. Gracias por tu participaci\u00f3n.<\/p>\n<p><a href=\"http:\/\/blogsaverroes.juntadeandalucia.es\/indalmates\/files\/2015\/04\/Buzon.jpg\"><img loading=\"lazy\" decoding=\"async\" class=\"alignnone size-full wp-image-91\" src=\"http:\/\/blogsaverroes.juntadeandalucia.es\/indalmates\/files\/2015\/04\/Buzon.jpg\" alt=\"Buzon\" width=\"180\" height=\"180\" srcset=\"https:\/\/blogsaverroes.juntadeandalucia.es\/indalmates\/files\/2015\/04\/Buzon.jpg 180w, https:\/\/blogsaverroes.juntadeandalucia.es\/indalmates\/files\/2015\/04\/Buzon-150x150.jpg 150w\" sizes=\"(max-width: 180px) 100vw, 180px\" \/><\/a><\/p>\n<p><span class=\"cntctfrm_shortcode\">[contact_form]<\/span><\/p>\n<p>&nbsp;<\/p>\n<p>&nbsp;<\/p>\n","protected":false},"excerpt":{"rendered":"<p>Desde esta p\u00e1gina puedes contactar y dejar tus sugerencias o comentarios. En breve responder\u00e9 a las mismas. Gracias por tu participaci\u00f3n. [contact_form] &nbsp; &nbsp;<\/p>\n","protected":false},"author":1599,"featured_media":0,"parent":0,"menu_order":0,"comment_status":"open","ping_status":"open","template":"","meta":{"ngg_post_thumbnail":0,"footnotes":""},"aioseo_notices":[],"_links":{"self":[{"href":"https:\/\/blogsaverroes.juntadeandalucia.es\/indalmates\/wp-json\/wp\/v2\/pages\/88"}],"collection":[{"href":"https:\/\/blogsaverroes.juntadeandalucia.es\/indalmates\/wp-json\/wp\/v2\/pages"}],"about":[{"href":"https:\/\/blogsaverroes.juntadeandalucia.es\/indalmates\/wp-json\/wp\/v2\/types\/page"}],"author":[{"embeddable":true,"href":"https:\/\/blogsaverroes.juntadeandalucia.es\/indalmates\/wp-json\/wp\/v2\/users\/1599"}],"replies":[{"embeddable":true,"href":"https:\/\/blogsaverroes.juntadeandalucia.es\/indalmates\/wp-json\/wp\/v2\/comments?post=88"}],"version-history":[{"count":5,"href":"https:\/\/blogsaverroes.juntadeandalucia.es\/indalmates\/wp-json\/wp\/v2\/pages\/88\/revisions"}],"predecessor-version":[{"id":90,"href":"https:\/\/blogsaverroes.juntadeandalucia.es\/indalmates\/wp-json\/wp\/v2\/pages\/88\/revisions\/90"}],"wp:attachment":[{"href":"https:\/\/blogsaverroes.juntadeandalucia.es\/indalmates\/wp-json\/wp\/v2\/media?parent=88"}],"curies":[{"name":"wp","href":"https:\/\/api.w.org\/{rel}","templated":true}]}}