{"id":49,"date":"2021-11-10T15:44:41","date_gmt":"2021-11-10T15:44:41","guid":{"rendered":"https:\/\/blogsaverroes.juntadeandalucia.es\/industria4\/?page_id=49"},"modified":"2022-05-04T14:08:49","modified_gmt":"2022-05-04T14:08:49","slug":"datos-en-tiempo-real","status":"publish","type":"page","link":"https:\/\/blogsaverroes.juntadeandalucia.es\/industria4\/datos-en-tiempo-real\/","title":{"rendered":"CO2 en tiempo real"},"content":{"rendered":"<h2>Medidor 001 &#8211; AULA 10 ADMINISTRATIVO (servidor propio Polit\u00e9cnico) &#8211; planta 2<iframe loading=\"lazy\" src=\"https:\/\/thingspeak.politecnicomalaga.com:8443\/channels\/2\/charts\/1?width=450&amp;height=260&amp;results=320&amp;dynamic=true&amp;title=Hist%C3%B3rico%20de%20CO2\" width=\"450\" height=\"260\"><\/iframe><\/h2>\n<h2>Medidor 002 &#8211; TALLER T2 ELECTR\u00d3NICA (servidor propio Polit\u00e9cnico) &#8211; planta -1<\/h2>\n<p><iframe loading=\"lazy\" src=\"https:\/\/thingspeak.politecnicomalaga.com:8443\/channels\/3\/charts\/1?width=450&amp;height=260&amp;results=320&amp;dynamic=true&amp;title=Hist%C3%B3rico%20de%20CO2\" width=\"450\" height=\"260\"><\/iframe><\/p>\n<h2>Medidor 003 &#8211; AULA 5 INFORM\u00c1TICA (servidor propio Polit\u00e9cnico) &#8211; planta -1<\/h2>\n<p><iframe loading=\"lazy\" src=\"https:\/\/thingspeak.politecnicomalaga.com:8443\/channels\/4\/charts\/1?width=450&amp;height=260&amp;results=320&amp;dynamic=true&amp;title=Hist%C3%B3rico%20de%20CO2\" width=\"450\" height=\"260\"><\/iframe><\/p>\n<h2>Medidor 004 &#8211; AULA 25 (servidor propio Polit\u00e9cnico) &#8211; planta 3<br \/>\n<iframe loading=\"lazy\" src=\"https:\/\/thingspeak.politecnicomalaga.com:8443\/channels\/5\/charts\/1?width=450&amp;height=260&amp;results=320&amp;dynamic=true&amp;title=Hist%C3%B3rico%20de%20CO2\" width=\"450\" height=\"260\"><\/iframe><\/h2>\n<h2>Medidor 005 &#8211; AULA TEOR\u00cdA EDIFICACI\u00d3N (servidor propio Polit\u00e9cnico) &#8211; planta 1<\/h2>\n<p><iframe loading=\"lazy\" src=\"https:\/\/thingspeak.politecnicomalaga.com:8443\/channels\/6\/charts\/1?width=450&amp;height=260&amp;results=320&amp;dynamic=true&amp;title=Hist%C3%B3rico%20de%20CO2\" width=\"450\" height=\"260\"><\/iframe><\/p>\n<h2>Medidor 006 &#8211; AULA PR\u00c1CTICA EDIFICACI\u00d3N (servidor propio Polit\u00e9cnico) &#8211; planta 1<\/h2>\n<p><iframe loading=\"lazy\" width=\"450\" height=\"260\" src=\"https:\/\/thingspeak.politecnicomalaga.com:8443\/channels\/7\/charts\/1?width=450&amp;height=260&amp;results=60&amp;dynamic=true&amp;title=Hist%C3%B3rico%20de%20CO2\"><\/iframe><\/p>\n<pre class=\"western\">&nbsp;<\/pre>\n<!--themify_builder_content-->\n<div id=\"themify_builder_content-49\" data-postid=\"49\" class=\"themify_builder_content themify_builder_content-49 themify_builder tf_clear\">\n    <\/div>\n<!--\/themify_builder_content-->\n","protected":false},"excerpt":{"rendered":"<p>Medidor 001 &#8211; AULA 10 ADMINISTRATIVO (servidor propio Polit\u00e9cnico) &#8211; planta 2 Medidor 002 &#8211; TALLER T2 ELECTR\u00d3NICA (servidor propio Polit\u00e9cnico) &#8211; planta -1 Medidor 003 &#8211; AULA 5 INFORM\u00c1TICA (servidor propio Polit\u00e9cnico) &#8211; planta -1 Medidor 004 &#8211; AULA 25 (servidor propio Polit\u00e9cnico) &#8211; planta 3 Medidor 005 &#8211; AULA TEOR\u00cdA EDIFICACI\u00d3N (servidor propio [&hellip;]<\/p>\n","protected":false},"author":13840,"featured_media":0,"parent":0,"menu_order":0,"comment_status":"closed","ping_status":"closed","template":"","meta":{"ngg_post_thumbnail":0,"footnotes":""},"aioseo_notices":[],"_links":{"self":[{"href":"https:\/\/blogsaverroes.juntadeandalucia.es\/industria4\/wp-json\/wp\/v2\/pages\/49"}],"collection":[{"href":"https:\/\/blogsaverroes.juntadeandalucia.es\/industria4\/wp-json\/wp\/v2\/pages"}],"about":[{"href":"https:\/\/blogsaverroes.juntadeandalucia.es\/industria4\/wp-json\/wp\/v2\/types\/page"}],"author":[{"embeddable":true,"href":"https:\/\/blogsaverroes.juntadeandalucia.es\/industria4\/wp-json\/wp\/v2\/users\/13840"}],"replies":[{"embeddable":true,"href":"https:\/\/blogsaverroes.juntadeandalucia.es\/industria4\/wp-json\/wp\/v2\/comments?post=49"}],"version-history":[{"count":32,"href":"https:\/\/blogsaverroes.juntadeandalucia.es\/industria4\/wp-json\/wp\/v2\/pages\/49\/revisions"}],"predecessor-version":[{"id":306,"href":"https:\/\/blogsaverroes.juntadeandalucia.es\/industria4\/wp-json\/wp\/v2\/pages\/49\/revisions\/306"}],"wp:attachment":[{"href":"https:\/\/blogsaverroes.juntadeandalucia.es\/industria4\/wp-json\/wp\/v2\/media?parent=49"}],"curies":[{"name":"wp","href":"https:\/\/api.w.org\/{rel}","templated":true}]}}