{"id":112,"date":"2023-01-25T17:44:12","date_gmt":"2023-01-25T17:44:12","guid":{"rendered":"https:\/\/blogsaverroes.juntadeandalucia.es\/informatica4all\/?page_id=112"},"modified":"2023-04-20T18:51:09","modified_gmt":"2023-04-20T18:51:09","slug":"enlaces-interesantes","status":"publish","type":"page","link":"https:\/\/blogsaverroes.juntadeandalucia.es\/informatica4all\/enlaces-interesantes\/","title":{"rendered":"Enlaces Interesantes"},"content":{"rendered":"<h1>Entidades<\/h1>\n<p dir=\"ltr\" role=\"presentation\"><a href=\"https:\/\/www.incibe.es\/sala-prensa\/notas-prensa\/incibe-publica-los-10-hitos-destacados-ciberseguridad-2022\">INCIBE publica los 10 hitos destacados en ciberseguridad en 2022 | INCIBE<\/a>&nbsp;<\/p>\n<p><a href=\"https:\/\/www.osi.es\/es\">OSI, Oficina de Seguridad del Internauta<\/a><\/p>\n<p><a href=\"https:\/\/www.ccn-cert.cni.es\/seguridad-al-dia.html\">Seguridad al d\u00eda (cni.es)<\/a><\/p>\n<h1>Institutos<\/h1>\n<p><a href=\"https:\/\/blogsaverroes.juntadeandalucia.es\/ieslaalbora\/\" target=\"_blank\" rel=\"noopener noreferrer\">IES La Albor\u00e1. Alosno<\/a><\/p>\n<h1>Colegios Profesionales y Asociaciones<\/h1>\n<p><a href=\"https:\/\/aapri.es\/\">Asociaci\u00f3n Andaluza de Profesores Inform\u00e1tica<\/a><\/p>\n<p><a href=\"https:\/\/www.cpitia.org\/\" target=\"_blank\" rel=\"noopener noreferrer\">Col\u00e9gio Profesional de Ingenieros T\u00e9cnicos en Inform\u00e1tica de Andaluc\u00eda<\/a><\/p>\n<p><a href=\"https:\/\/www.scie.es\/\">Sociedad Cient\u00edfica Inform\u00e1tica de Espa\u00f1a<\/a><\/p>\n<p><a href=\"https:\/\/www.informatics-europe.org\/\">Informatics Europe<\/a><\/p>\n<p><a href=\"https:\/\/coddii.org\/\">Conferencia de Directores y Decanos de Ingenier\u00eda Inform\u00e1tica<\/a><\/p>\n<h1>Universidad<\/h1>\n<p><a href=\"https:\/\/etsiit.ugr.es\/docencia\/grados\" target=\"_blank\" rel=\"noopener noreferrer\">Escuela T\u00e9cnica de Ingenier\u00eda Inform\u00e1tica y Telecomunicaciones. Universidad de Granada<\/a><\/p>\n<p>&nbsp;<\/p>\n<p>&nbsp;<\/p>\n","protected":false},"excerpt":{"rendered":"<p>Entidades INCIBE publica los 10 hitos destacados en ciberseguridad en 2022 | INCIBE&nbsp; OSI, Oficina de Seguridad del Internauta Seguridad al d\u00eda (cni.es) Institutos IES La Albor\u00e1. Alosno Colegios Profesionales y Asociaciones Asociaci\u00f3n Andaluza&#46;&#46;&#46;<\/p>\n","protected":false},"author":10726,"featured_media":0,"parent":0,"menu_order":0,"comment_status":"closed","ping_status":"closed","template":"","meta":{"ngg_post_thumbnail":0,"footnotes":""},"aioseo_notices":[],"_links":{"self":[{"href":"https:\/\/blogsaverroes.juntadeandalucia.es\/informatica4all\/wp-json\/wp\/v2\/pages\/112"}],"collection":[{"href":"https:\/\/blogsaverroes.juntadeandalucia.es\/informatica4all\/wp-json\/wp\/v2\/pages"}],"about":[{"href":"https:\/\/blogsaverroes.juntadeandalucia.es\/informatica4all\/wp-json\/wp\/v2\/types\/page"}],"author":[{"embeddable":true,"href":"https:\/\/blogsaverroes.juntadeandalucia.es\/informatica4all\/wp-json\/wp\/v2\/users\/10726"}],"replies":[{"embeddable":true,"href":"https:\/\/blogsaverroes.juntadeandalucia.es\/informatica4all\/wp-json\/wp\/v2\/comments?post=112"}],"version-history":[{"count":6,"href":"https:\/\/blogsaverroes.juntadeandalucia.es\/informatica4all\/wp-json\/wp\/v2\/pages\/112\/revisions"}],"predecessor-version":[{"id":261,"href":"https:\/\/blogsaverroes.juntadeandalucia.es\/informatica4all\/wp-json\/wp\/v2\/pages\/112\/revisions\/261"}],"wp:attachment":[{"href":"https:\/\/blogsaverroes.juntadeandalucia.es\/informatica4all\/wp-json\/wp\/v2\/media?parent=112"}],"curies":[{"name":"wp","href":"https:\/\/api.w.org\/{rel}","templated":true}]}}