{"id":16,"date":"2023-01-24T18:02:01","date_gmt":"2023-01-24T18:02:01","guid":{"rendered":"https:\/\/blogsaverroes.juntadeandalucia.es\/informatica4all\/?page_id=16"},"modified":"2023-01-24T19:56:47","modified_gmt":"2023-01-24T19:56:47","slug":"sobre-mi","status":"publish","type":"page","link":"https:\/\/blogsaverroes.juntadeandalucia.es\/informatica4all\/sobre-mi\/","title":{"rendered":"Sobre Mi"},"content":{"rendered":"<p>Ingeniero con m\u00e1s de 10 a\u00f1os de experiencia en desarrollo y gesti\u00f3n de proyectos software.&nbsp;<\/p>\n<p>Con formaci\u00f3n en Ingenier\u00eda, en Administraci\u00f3n y Gesti\u00f3n de Empresas MBA-Internacional, Master en Direcci\u00f3n de Seguridad TI y Master en Formaci\u00f3n del Profesorado.<\/p>\n<p>En los \u00faltimos a\u00f1os, y espero que para siempre, me a la Docencia. Comenc\u00e9 con ciclos formativos de grado superior: DAM, DAW y ASIR y desde el curso 2020\/2021 ejerzo en Secundaria y Bachillerato<\/p>\n<p>&nbsp;<\/p>\n<p>&nbsp;<\/p>\n<p>&nbsp;<\/p>\n","protected":false},"excerpt":{"rendered":"<p>Ingeniero con m\u00e1s de 10 a\u00f1os de experiencia en desarrollo y gesti\u00f3n de proyectos software.&nbsp; Con formaci\u00f3n en Ingenier\u00eda, en Administraci\u00f3n y Gesti\u00f3n de Empresas MBA-Internacional, Master en Direcci\u00f3n de Seguridad TI y Master&#46;&#46;&#46;<\/p>\n","protected":false},"author":10726,"featured_media":0,"parent":0,"menu_order":0,"comment_status":"closed","ping_status":"closed","template":"","meta":{"ngg_post_thumbnail":0,"footnotes":""},"aioseo_notices":[],"_links":{"self":[{"href":"https:\/\/blogsaverroes.juntadeandalucia.es\/informatica4all\/wp-json\/wp\/v2\/pages\/16"}],"collection":[{"href":"https:\/\/blogsaverroes.juntadeandalucia.es\/informatica4all\/wp-json\/wp\/v2\/pages"}],"about":[{"href":"https:\/\/blogsaverroes.juntadeandalucia.es\/informatica4all\/wp-json\/wp\/v2\/types\/page"}],"author":[{"embeddable":true,"href":"https:\/\/blogsaverroes.juntadeandalucia.es\/informatica4all\/wp-json\/wp\/v2\/users\/10726"}],"replies":[{"embeddable":true,"href":"https:\/\/blogsaverroes.juntadeandalucia.es\/informatica4all\/wp-json\/wp\/v2\/comments?post=16"}],"version-history":[{"count":3,"href":"https:\/\/blogsaverroes.juntadeandalucia.es\/informatica4all\/wp-json\/wp\/v2\/pages\/16\/revisions"}],"predecessor-version":[{"id":71,"href":"https:\/\/blogsaverroes.juntadeandalucia.es\/informatica4all\/wp-json\/wp\/v2\/pages\/16\/revisions\/71"}],"wp:attachment":[{"href":"https:\/\/blogsaverroes.juntadeandalucia.es\/informatica4all\/wp-json\/wp\/v2\/media?parent=16"}],"curies":[{"name":"wp","href":"https:\/\/api.w.org\/{rel}","templated":true}]}}